{"id":8271,"date":"2022-03-10T06:02:35","date_gmt":"2022-03-10T02:02:35","guid":{"rendered":"http:\/\/college-adam-de-villiers.ac-reunion.fr\/?page_id=8271"},"modified":"2022-10-05T19:08:34","modified_gmt":"2022-10-05T15:08:34","slug":"education-au-developpement-durable","status":"publish","type":"page","link":"https:\/\/etab.ac-reunion.fr\/clg-adam-de-villiers\/education-au-developpement-durable\/","title":{"rendered":"L&rsquo;Education au D\u00e9veloppement Durable"},"content":{"rendered":"<h4><a href=\"http:\/\/college-adam-de-villiers.ac-reunion.fr\/education-au-developpement-durable\/le-label-e3d\/\">Le label E3D<\/a><\/h4>\n<h4><a href=\"https:\/\/etab.ac-reunion.fr\/clg-adam-de-villiers\/education-au-developpement-durable\/les-eco-delegues\/\">Les \u00e9co-d\u00e9l\u00e9gu\u00e9s<\/a><\/h4>\n<h4><a href=\"http:\/\/college-adam-de-villiers.ac-reunion.fr\/education-au-developpement-durable\/la-section-edd\/\">La section EDD<\/a><\/h4>\n<h4><a href=\"http:\/\/college-adam-de-villiers.ac-reunion.fr\/category\/vie-du-college\/edd\/\">Les articles parus sur le site<\/a><\/h4>\n","protected":false},"excerpt":{"rendered":"<p>Le label E3D Les \u00e9co-d\u00e9l\u00e9gu\u00e9s La section EDD Les articles parus sur le site<\/p>\n<p> <a class=\"continue-reading-link\" href=\"https:\/\/etab.ac-reunion.fr\/clg-adam-de-villiers\/education-au-developpement-durable\/\"><span>Lire l&rsquo;article<\/span><i class=\"crycon-right-dir\"><\/i><\/a> <\/p>\n","protected":false},"author":9172,"featured_media":0,"parent":0,"menu_order":5,"comment_status":"closed","ping_status":"closed","template":"","meta":{"_EventAllDay":false,"_EventTimezone":"","_EventStartDate":"","_EventEndDate":"","_EventStartDateUTC":"","_EventEndDateUTC":"","_EventShowMap":false,"_EventShowMapLink":false,"_EventURL":"","_EventCost":"","_EventCostDescription":"","_EventCurrencySymbol":"","_EventCurrencyCode":"","_EventCurrencyPosition":"","_EventDateTimeSeparator":"","_EventTimeRangeSeparator":"","_EventOrganizerID":[],"_EventVenueID":[],"_OrganizerEmail":"","_OrganizerPhone":"","_OrganizerWebsite":"","_VenueAddress":"","_VenueCity":"","_VenueCountry":"","_VenueProvince":"","_VenueState":"","_VenueZip":"","_VenuePhone":"","_VenueURL":"","_VenueStateProvince":"","_VenueLat":"","_VenueLng":"","_VenueShowMap":false,"_VenueShowMapLink":false,"footnotes":""},"class_list":["post-8271","page","type-page","status-publish","hentry"],"_links":{"self":[{"href":"https:\/\/etab.ac-reunion.fr\/clg-adam-de-villiers\/wp-json\/wp\/v2\/pages\/8271","targetHints":{"allow":["GET"]}}],"collection":[{"href":"https:\/\/etab.ac-reunion.fr\/clg-adam-de-villiers\/wp-json\/wp\/v2\/pages"}],"about":[{"href":"https:\/\/etab.ac-reunion.fr\/clg-adam-de-villiers\/wp-json\/wp\/v2\/types\/page"}],"author":[{"embeddable":true,"href":"https:\/\/etab.ac-reunion.fr\/clg-adam-de-villiers\/wp-json\/wp\/v2\/users\/9172"}],"replies":[{"embeddable":true,"href":"https:\/\/etab.ac-reunion.fr\/clg-adam-de-villiers\/wp-json\/wp\/v2\/comments?post=8271"}],"version-history":[{"count":9,"href":"https:\/\/etab.ac-reunion.fr\/clg-adam-de-villiers\/wp-json\/wp\/v2\/pages\/8271\/revisions"}],"predecessor-version":[{"id":9334,"href":"https:\/\/etab.ac-reunion.fr\/clg-adam-de-villiers\/wp-json\/wp\/v2\/pages\/8271\/revisions\/9334"}],"wp:attachment":[{"href":"https:\/\/etab.ac-reunion.fr\/clg-adam-de-villiers\/wp-json\/wp\/v2\/media?parent=8271"}],"curies":[{"name":"wp","href":"https:\/\/api.w.org\/{rel}","templated":true}]}}