{"id":8280,"date":"2022-03-11T16:50:31","date_gmt":"2022-03-11T12:50:31","guid":{"rendered":"http:\/\/college-adam-de-villiers.ac-reunion.fr\/?page_id=8280"},"modified":"2023-09-20T12:35:47","modified_gmt":"2023-09-20T08:35:47","slug":"les-eco-delegues","status":"publish","type":"page","link":"https:\/\/etab.ac-reunion.fr\/clg-adam-de-villiers\/education-au-developpement-durable\/les-eco-delegues\/","title":{"rendered":"Les \u00e9co-d\u00e9l\u00e9gu\u00e9s"},"content":{"rendered":"\n<p>La lutte contre le changement climatique et en faveur de la biodiversit\u00e9 sont deux sujets majeurs pour l\u2019avenir. Elles impliquent une mobilisation de l\u2019ensemble de notre soci\u00e9t\u00e9 et des \u00e9volutions profondes des comportements individuels et collectifs. Les \u00e9l\u00e8ves sont les premiers acteurs de la question \u00e9cologique au sein des \u00e9coles et \u00e9tablissements. En septembre-octobre, les coll\u00e9giens et les lyc\u00e9ens \u00e9lisent un \u00e9co-d\u00e9l\u00e9gu\u00e9 par classe.<br>Pour que les \u00e9coles et \u00e9tablissements deviennent un terrain d&rsquo;engagement en faveur du d\u00e9veloppement durable et de la lutte contre le changement climatique, huit mesures concr\u00e8tes sont mises en application et amplifi\u00e9es. Parmi celles-ci, les \u00e9lections des \u00e9co-d\u00e9l\u00e9gu\u00e9s.<\/p>\n\n\n\n<p>Pourquoi des \u00e9co-d\u00e9l\u00e9gu\u00e9s ?<br>Les \u00e9co-d\u00e9l\u00e9gu\u00e9s sont \u00e0 la fois des co-pilotes et des ambassadeurs des projets p\u00e9dagogiques men\u00e9s au sein des \u00e9tablissements scolaires. Ils participent au comit\u00e9 de pilotage des projets, informent leurs camarades sur les avancements et les poussent \u00e0 s&rsquo;y engager. Les comp\u00e9tences acquises par les \u00e9co-d\u00e9l\u00e9gu\u00e9s peuvent \u00eatre valoris\u00e9es dans le livret scolaire.<\/p>\n\n\n\n<p>Quelles sont les missions des \u00e9co-d\u00e9l\u00e9gu\u00e9s de classe ?<br>Les \u00e9co-d\u00e9l\u00e9gu\u00e9s jouent un r\u00f4le essentiel pour mettre en oeuvre la transition \u00e9cologique et le d\u00e9veloppement durable dans l&rsquo;ensemble des \u00e9coles et des \u00e9tablissements scolaires, qui sont autant de lieux et de vecteurs de cette d\u00e9marche. La mission des \u00e9co-d\u00e9l\u00e9gu\u00e9s est d&rsquo;apporter leur engagement et leurs connaissances \u00e0 leurs classes en faveur du d\u00e9veloppement durable. Les \u00e9co-d\u00e9l\u00e9gu\u00e9s sont les ambassadeurs de cette vision qui unit le respect de la plan\u00e8te, le respect du Vivant et le respect de l&rsquo;autre.<br>Leurs missions s&rsquo;articulent autour des grands enjeux du d\u00e9veloppement durable :<br>\u2022 Limiter la consommation d&rsquo;\u00e9nergie<br>\u2022 Prot\u00e9ger la biodiversit\u00e9<br>\u2022 \u00c9viter le gaspillage alimentaire<br>\u2022 R\u00e9duire et trier les d\u00e9chets<br>\u2022 S&rsquo;unir pour engager son \u00e9tablissement dans la lutte contre le r\u00e9chauffement climatique<\/p>\n\n\n\n<p>De mani\u00e8re g\u00e9n\u00e9rale, ils sensibilisent leurs camarades aux gestes quotidiens qui permettent d&rsquo;\u00e9conomiser l&rsquo;\u00e9nergie et de lutter contre le r\u00e9chauffement climatique (\u00e9teindre les lumi\u00e8res, contribuer \u00e0 l&rsquo;installation de poubelles de tri des d\u00e9chets de la classe, proposer des initiatives et actions comme les \u00ab\u00a0marches vertes\u00a0\u00bb, etc.).<br>En bref, \u00eatre \u00e9co-d\u00e9l\u00e9gu\u00e9, \u00e7a veut dire quoi ?<\/p>\n\n\n\n<p>\u00catre \u00e9co-d\u00e9l\u00e9gu\u00e9 d&rsquo;\u00e9tablissement, c&rsquo;est :<br>\u2022 Sensibiliser ses camarades aux gestes quotidiens qui permettent d&rsquo;\u00e9conomiser l&rsquo;\u00e9nergie et de lutter contre le r\u00e9chauffement climatique (\u00e9teindre les lumi\u00e8res, v\u00e9rifier que les ventilateurs sont bien \u00e9teints, installation de poubelles de tri des d\u00e9chets de la classe, proposition d&rsquo;initiatives et d&rsquo;actions, comme les \u00ab marches vertes \u00bb).<br>\u2022 Identifier les actions et les projets contribuant \u00e0 am\u00e9liorer la biodiversit\u00e9, diminuer l&rsquo;impact \u00e9nerg\u00e9tique<br>de l&rsquo;\u00e9tablissement, promouvoir des gestes \u00e9co-responsables de l&rsquo;ensemble de la communaut\u00e9 \u00e9ducative,<br>sensibiliser \u00e0 la lutte contre le gaspillage alimentaire, promouvoir une action sur le territoire environnant de l&rsquo;\u00e9tablissement.<\/p>\n\n\n\n<p>\u00catre \u00e9co-d\u00e9l\u00e9gu\u00e9 de classe, c&rsquo;est :<br>\u2022 \u00catre un \u00e9l\u00e8ve respectueux de l&rsquo;environnement et montrer l&rsquo;exemple.<br>\u2022 Sensibiliser ses camarades aux gestes quotidiens qui permettent d&rsquo;\u00e9conomiser l&rsquo;\u00e9nergie et de lutter contre le r\u00e9chauffement climatique (\u00e9teindre les lumi\u00e8res, installation de poubelles de tri des d\u00e9chets de la classe, etc.).<br>\u2022 \u00catre force de proposition (proposition d&rsquo;initiatives et d&rsquo;actions, comme les \u00ab marches vertes \u00bb, etc.).<\/p>\n\n\n<div class=\"wp-block-image\">\n<figure class=\"aligncenter\"><a href=\"https:\/\/etab.ac-reunion.fr\/clg-adam-de-villiers\/wp-content\/uploads\/sites\/134\/2022\/08\/210409-Guide-Ecode\u0301le\u0301gue\u0301-Colle\u0300ge-EN.pdf\" target=\"_blank\" rel=\"noopener\"><img loading=\"lazy\" decoding=\"async\" width=\"238\" height=\"500\" src=\"https:\/\/etab.ac-reunion.fr\/clg-adam-de-villiers\/wp-content\/uploads\/sites\/134\/2022\/08\/210409-Guide-Ecode\u0301le\u0301gue\u0301-Colle\u0300ge-EN-1-238x500.jpg\" alt=\"\" class=\"wp-image-9121\" title=\"Cliquer pour t\u00e9l\u00e9charger au format PDF\" srcset=\"https:\/\/etab.ac-reunion.fr\/clg-adam-de-villiers\/wp-content\/uploads\/sites\/134\/2022\/08\/210409-Guide-Ecode\u0301le\u0301gue\u0301-Colle\u0300ge-EN-1-238x500.jpg 238w, https:\/\/etab.ac-reunion.fr\/clg-adam-de-villiers\/wp-content\/uploads\/sites\/134\/2022\/08\/210409-Guide-Ecode\u0301le\u0301gue\u0301-Colle\u0300ge-EN-1-488x1024.jpg 488w, https:\/\/etab.ac-reunion.fr\/clg-adam-de-villiers\/wp-content\/uploads\/sites\/134\/2022\/08\/210409-Guide-Ecode\u0301le\u0301gue\u0301-Colle\u0300ge-EN-1-768x1612.jpg 768w, https:\/\/etab.ac-reunion.fr\/clg-adam-de-villiers\/wp-content\/uploads\/sites\/134\/2022\/08\/210409-Guide-Ecode\u0301le\u0301gue\u0301-Colle\u0300ge-EN-1-732x1536.jpg 732w, https:\/\/etab.ac-reunion.fr\/clg-adam-de-villiers\/wp-content\/uploads\/sites\/134\/2022\/08\/210409-Guide-Ecode\u0301le\u0301gue\u0301-Colle\u0300ge-EN-1-71x150.jpg 71w, https:\/\/etab.ac-reunion.fr\/clg-adam-de-villiers\/wp-content\/uploads\/sites\/134\/2022\/08\/210409-Guide-Ecode\u0301le\u0301gue\u0301-Colle\u0300ge-EN-1.jpg 788w\" sizes=\"auto, (max-width: 238px) 100vw, 238px\" \/><\/a><\/figure>\n<\/div>\n\n<div class=\"wp-block-image\">\n<figure class=\"aligncenter size-full\"><a href=\"https:\/\/etab.ac-reunion.fr\/clg-adam-de-villiers\/wp-content\/uploads\/sites\/134\/2023\/09\/230920-Guide-de-l-eco-delegue-au-college.pdf\" target=\"_blank\" rel=\"noreferrer noopener\"><img loading=\"lazy\" decoding=\"async\" width=\"300\" height=\"426\" src=\"https:\/\/etab.ac-reunion.fr\/clg-adam-de-villiers\/wp-content\/uploads\/sites\/134\/2023\/09\/Logo-guide-ED.jpg\" alt=\"\" class=\"wp-image-10560\" srcset=\"https:\/\/etab.ac-reunion.fr\/clg-adam-de-villiers\/wp-content\/uploads\/sites\/134\/2023\/09\/Logo-guide-ED.jpg 300w, https:\/\/etab.ac-reunion.fr\/clg-adam-de-villiers\/wp-content\/uploads\/sites\/134\/2023\/09\/Logo-guide-ED-106x150.jpg 106w\" sizes=\"auto, (max-width: 300px) 100vw, 300px\" \/><\/a><\/figure>\n<\/div>","protected":false},"excerpt":{"rendered":"<p>La lutte contre le changement climatique et en faveur de la biodiversit\u00e9 sont deux sujets majeurs pour l\u2019avenir. Elles impliquent une mobilisation de l\u2019ensemble de notre soci\u00e9t\u00e9 et des \u00e9volutions profondes des comportements individuels et collectifs. Les \u00e9l\u00e8ves sont les premiers acteurs de la question \u00e9cologique au sein des \u00e9coles\u2026<\/p>\n<p> <a class=\"continue-reading-link\" href=\"https:\/\/etab.ac-reunion.fr\/clg-adam-de-villiers\/education-au-developpement-durable\/les-eco-delegues\/\"><span>Lire l&rsquo;article<\/span><i class=\"crycon-right-dir\"><\/i><\/a> <\/p>\n","protected":false},"author":9172,"featured_media":0,"parent":8271,"menu_order":1,"comment_status":"closed","ping_status":"closed","template":"","meta":{"_EventAllDay":false,"_EventTimezone":"","_EventStartDate":"","_EventEndDate":"","_EventStartDateUTC":"","_EventEndDateUTC":"","_EventShowMap":false,"_EventShowMapLink":false,"_EventURL":"","_EventCost":"","_EventCostDescription":"","_EventCurrencySymbol":"","_EventCurrencyCode":"","_EventCurrencyPosition":"","_EventDateTimeSeparator":"","_EventTimeRangeSeparator":"","_EventOrganizerID":[],"_EventVenueID":[],"_OrganizerEmail":"","_OrganizerPhone":"","_OrganizerWebsite":"","_VenueAddress":"","_VenueCity":"","_VenueCountry":"","_VenueProvince":"","_VenueState":"","_VenueZip":"","_VenuePhone":"","_VenueURL":"","_VenueStateProvince":"","_VenueLat":"","_VenueLng":"","_VenueShowMap":false,"_VenueShowMapLink":false,"footnotes":""},"class_list":["post-8280","page","type-page","status-publish","hentry"],"_links":{"self":[{"href":"https:\/\/etab.ac-reunion.fr\/clg-adam-de-villiers\/wp-json\/wp\/v2\/pages\/8280","targetHints":{"allow":["GET"]}}],"collection":[{"href":"https:\/\/etab.ac-reunion.fr\/clg-adam-de-villiers\/wp-json\/wp\/v2\/pages"}],"about":[{"href":"https:\/\/etab.ac-reunion.fr\/clg-adam-de-villiers\/wp-json\/wp\/v2\/types\/page"}],"author":[{"embeddable":true,"href":"https:\/\/etab.ac-reunion.fr\/clg-adam-de-villiers\/wp-json\/wp\/v2\/users\/9172"}],"replies":[{"embeddable":true,"href":"https:\/\/etab.ac-reunion.fr\/clg-adam-de-villiers\/wp-json\/wp\/v2\/comments?post=8280"}],"version-history":[{"count":5,"href":"https:\/\/etab.ac-reunion.fr\/clg-adam-de-villiers\/wp-json\/wp\/v2\/pages\/8280\/revisions"}],"predecessor-version":[{"id":10585,"href":"https:\/\/etab.ac-reunion.fr\/clg-adam-de-villiers\/wp-json\/wp\/v2\/pages\/8280\/revisions\/10585"}],"up":[{"embeddable":true,"href":"https:\/\/etab.ac-reunion.fr\/clg-adam-de-villiers\/wp-json\/wp\/v2\/pages\/8271"}],"wp:attachment":[{"href":"https:\/\/etab.ac-reunion.fr\/clg-adam-de-villiers\/wp-json\/wp\/v2\/media?parent=8280"}],"curies":[{"name":"wp","href":"https:\/\/api.w.org\/{rel}","templated":true}]}}