{"id":8290,"date":"2022-03-12T10:19:25","date_gmt":"2022-03-12T06:19:25","guid":{"rendered":"http:\/\/college-adam-de-villiers.ac-reunion.fr\/?page_id=8290"},"modified":"2022-03-12T12:32:50","modified_gmt":"2022-03-12T08:32:50","slug":"le-projet","status":"publish","type":"page","link":"https:\/\/etab.ac-reunion.fr\/clg-adam-de-villiers\/education-au-developpement-durable\/le-projet\/","title":{"rendered":"Le Projet"},"content":{"rendered":"<p>Le Coll\u00e8ge Emilien Adam de Villiers a mis en place un projet p\u00e9dagogique d\u2019envergure sur trois ann\u00e9es scolaires, entre 2019 et 2022.\u00a0Ce projet a d\u00e9but\u00e9 par la cr\u00e9ation d&rsquo;une section EDD qui impliquant une vingtaine d\u2019\u00e9l\u00e8ves \u201cambassadeurs\u201d sur le cycle 4. Cette option a d\u00e9but\u00e9 en 2019-20 sur le niveau 5\u00b0, puis 4\u00b0 en 2020-21 et 3\u00b0 en 2021-22.<\/p>\n<p>Cette action p\u00e9dagogique transdisciplinaire a pour base les SVT et les Arts Plastiques, enrichie par l\u2019intervention des autres disciplines enseign\u00e9es au Coll\u00e8ge tout au long des 3 ann\u00e9es scolaires.<\/p>\n<p>L&rsquo;axe principal est l\u2019am\u00e9nagement des espaces verts de l\u2019\u00e9tablissement, en particulier l\u2019enrichissement de l\u2019arboretum (cr\u00e9\u00e9 il y a plus de 15 ans ; 75 individus de 22 esp\u00e8ces indig\u00e8nes et end\u00e9miques \u00e0 l&rsquo;origine). Il s\u2019agit aussi de mener une r\u00e9flexion sur les moyens de r\u00e9duire l&rsquo;impact environnemental des activit\u00e9s au coll\u00e8ge et en dehors du coll\u00e8ge, puis de mettre en oeuvre des actions concr\u00e8tes en coh\u00e9rence.<\/p>\n<p><img loading=\"lazy\" decoding=\"async\" class=\"aligncenter size-full wp-image-8311\" src=\"https:\/\/etab.ac-reunion.fr\/clg-adam-de-villiers\/wp-content\/uploads\/sites\/134\/2022\/03\/220312-Zones-espaces-verts-College.jpg\" alt=\"\" width=\"1200\" height=\"1025\" srcset=\"https:\/\/etab.ac-reunion.fr\/clg-adam-de-villiers\/wp-content\/uploads\/sites\/134\/2022\/03\/220312-Zones-espaces-verts-College.jpg 1200w, https:\/\/etab.ac-reunion.fr\/clg-adam-de-villiers\/wp-content\/uploads\/sites\/134\/2022\/03\/220312-Zones-espaces-verts-College-500x427.jpg 500w, https:\/\/etab.ac-reunion.fr\/clg-adam-de-villiers\/wp-content\/uploads\/sites\/134\/2022\/03\/220312-Zones-espaces-verts-College-1024x875.jpg 1024w, https:\/\/etab.ac-reunion.fr\/clg-adam-de-villiers\/wp-content\/uploads\/sites\/134\/2022\/03\/220312-Zones-espaces-verts-College-768x656.jpg 768w, https:\/\/etab.ac-reunion.fr\/clg-adam-de-villiers\/wp-content\/uploads\/sites\/134\/2022\/03\/220312-Zones-espaces-verts-College-150x128.jpg 150w\" sizes=\"auto, (max-width: 1200px) 100vw, 1200px\" \/><\/p>\n<p>Les principaux objectifs vis\u00e9s sont en lien avec l\u2019EDD : d\u00e9veloppement raisonn\u00e9 des activit\u00e9s humaines \u00e0 l&rsquo;int\u00e9rieur et autour du coll\u00e8ge, sensibilisation \u00e0 la protection des esp\u00e8ces indig\u00e8nes et end\u00e9miques de La R\u00e9union (d\u00e9couverte, am\u00e9nagement, plantation, entretien, lutte contre les Esp\u00e8ces Exotiques Envahissantes).<\/p>\n<p>Ce projet est men\u00e9\u00a0 en partenariat privil\u00e9gi\u00e9 avec le Parc national (PEAC P\u00e9i-Run et le programme ESPECE de multiplication d\u2019esp\u00e8ces en danger critique d\u2019extinction), l\u2019OMDAR (association de gestion de l\u2019Espace Naturel Sensible du Piton Monvert, proche de l\u2019\u00e9tablissement),\u00a0 et EDF (m\u00e9c\u00e9nat financier). Il a n\u00e9cessit\u00e9 une forte implication des personnels de l&rsquo;\u00e9tablissement (administration, gestion, vie scolaire, enseignants, agents techniques).<\/p>\n<p>&nbsp;<\/p>\n","protected":false},"excerpt":{"rendered":"<p>Le Coll\u00e8ge Emilien Adam de Villiers a mis en place un projet p\u00e9dagogique d\u2019envergure sur trois ann\u00e9es scolaires, entre 2019 et 2022.\u00a0Ce projet a d\u00e9but\u00e9 par la cr\u00e9ation d&rsquo;une section EDD qui impliquant une vingtaine d\u2019\u00e9l\u00e8ves \u201cambassadeurs\u201d sur le cycle 4. Cette option a d\u00e9but\u00e9 en 2019-20 sur le niveau\u2026<\/p>\n<p> <a class=\"continue-reading-link\" href=\"https:\/\/etab.ac-reunion.fr\/clg-adam-de-villiers\/education-au-developpement-durable\/le-projet\/\"><span>Lire l&rsquo;article<\/span><i class=\"crycon-right-dir\"><\/i><\/a> <\/p>\n","protected":false},"author":9172,"featured_media":0,"parent":8271,"menu_order":0,"comment_status":"closed","ping_status":"closed","template":"","meta":{"_EventAllDay":false,"_EventTimezone":"","_EventStartDate":"","_EventEndDate":"","_EventStartDateUTC":"","_EventEndDateUTC":"","_EventShowMap":false,"_EventShowMapLink":false,"_EventURL":"","_EventCost":"","_EventCostDescription":"","_EventCurrencySymbol":"","_EventCurrencyCode":"","_EventCurrencyPosition":"","_EventDateTimeSeparator":"","_EventTimeRangeSeparator":"","_EventOrganizerID":[],"_EventVenueID":[],"_OrganizerEmail":"","_OrganizerPhone":"","_OrganizerWebsite":"","_VenueAddress":"","_VenueCity":"","_VenueCountry":"","_VenueProvince":"","_VenueState":"","_VenueZip":"","_VenuePhone":"","_VenueURL":"","_VenueStateProvince":"","_VenueLat":"","_VenueLng":"","_VenueShowMap":false,"_VenueShowMapLink":false,"footnotes":""},"class_list":["post-8290","page","type-page","status-publish","hentry"],"_links":{"self":[{"href":"https:\/\/etab.ac-reunion.fr\/clg-adam-de-villiers\/wp-json\/wp\/v2\/pages\/8290","targetHints":{"allow":["GET"]}}],"collection":[{"href":"https:\/\/etab.ac-reunion.fr\/clg-adam-de-villiers\/wp-json\/wp\/v2\/pages"}],"about":[{"href":"https:\/\/etab.ac-reunion.fr\/clg-adam-de-villiers\/wp-json\/wp\/v2\/types\/page"}],"author":[{"embeddable":true,"href":"https:\/\/etab.ac-reunion.fr\/clg-adam-de-villiers\/wp-json\/wp\/v2\/users\/9172"}],"replies":[{"embeddable":true,"href":"https:\/\/etab.ac-reunion.fr\/clg-adam-de-villiers\/wp-json\/wp\/v2\/comments?post=8290"}],"version-history":[{"count":4,"href":"https:\/\/etab.ac-reunion.fr\/clg-adam-de-villiers\/wp-json\/wp\/v2\/pages\/8290\/revisions"}],"predecessor-version":[{"id":8312,"href":"https:\/\/etab.ac-reunion.fr\/clg-adam-de-villiers\/wp-json\/wp\/v2\/pages\/8290\/revisions\/8312"}],"up":[{"embeddable":true,"href":"https:\/\/etab.ac-reunion.fr\/clg-adam-de-villiers\/wp-json\/wp\/v2\/pages\/8271"}],"wp:attachment":[{"href":"https:\/\/etab.ac-reunion.fr\/clg-adam-de-villiers\/wp-json\/wp\/v2\/media?parent=8290"}],"curies":[{"name":"wp","href":"https:\/\/api.w.org\/{rel}","templated":true}]}}