{"id":9394,"date":"2022-10-30T21:41:17","date_gmt":"2022-10-30T17:41:17","guid":{"rendered":"https:\/\/etab.ac-reunion.fr\/clg-adam-de-villiers\/?page_id=9394"},"modified":"2023-06-10T15:14:28","modified_gmt":"2023-06-10T11:14:28","slug":"fiche-dodonea-viscosa","status":"publish","type":"page","link":"https:\/\/etab.ac-reunion.fr\/clg-adam-de-villiers\/education-au-developpement-durable\/les-fiches-botaniques\/fiche-dodonea-viscosa\/","title":{"rendered":"Fiche Dodonea viscosa var salicifolia"},"content":{"rendered":"\n<p>Nom scientifique\u00a0: Dodonea viscosa vari\u00e9t\u00e9 salicifolia<\/p>\n\n\n\n<p>Nom \u00e0 La R\u00e9union\u00a0: Bois d&rsquo;arnette \u00e0 petites feuilles<\/p>\n\n\n\n<p>Famille\u00a0: Sapindac\u00e9es<\/p>\n\n\n\n<p>Origine\u00a0: indig\u00e8ne Mascareignes et Seychelles<\/p>\n\n\n\n<p>Statut\u00a0: LC (pr\u00e9occupation mineure)<\/p>\n\n\n<div class=\"wp-block-image\">\n<figure class=\"aligncenter size-large\"><img loading=\"lazy\" decoding=\"async\" width=\"683\" height=\"1024\" src=\"https:\/\/etab.ac-reunion.fr\/clg-adam-de-villiers\/wp-content\/uploads\/sites\/134\/2023\/06\/Dodonea-viscosa-salicifolia-683x1024.jpg\" alt=\"\" class=\"wp-image-10203\" srcset=\"https:\/\/etab.ac-reunion.fr\/clg-adam-de-villiers\/wp-content\/uploads\/sites\/134\/2023\/06\/Dodonea-viscosa-salicifolia-683x1024.jpg 683w, https:\/\/etab.ac-reunion.fr\/clg-adam-de-villiers\/wp-content\/uploads\/sites\/134\/2023\/06\/Dodonea-viscosa-salicifolia-333x500.jpg 333w, https:\/\/etab.ac-reunion.fr\/clg-adam-de-villiers\/wp-content\/uploads\/sites\/134\/2023\/06\/Dodonea-viscosa-salicifolia-768x1152.jpg 768w, https:\/\/etab.ac-reunion.fr\/clg-adam-de-villiers\/wp-content\/uploads\/sites\/134\/2023\/06\/Dodonea-viscosa-salicifolia-100x150.jpg 100w, https:\/\/etab.ac-reunion.fr\/clg-adam-de-villiers\/wp-content\/uploads\/sites\/134\/2023\/06\/Dodonea-viscosa-salicifolia.jpg 800w\" sizes=\"auto, (max-width: 683px) 100vw, 683px\" \/><\/figure>\n<\/div>","protected":false},"excerpt":{"rendered":"<p>Nom scientifique\u00a0: Dodonea viscosa vari\u00e9t\u00e9 salicifolia Nom \u00e0 La R\u00e9union\u00a0: Bois d&rsquo;arnette \u00e0 petites feuilles Famille\u00a0: Sapindac\u00e9es Origine\u00a0: indig\u00e8ne Mascareignes et Seychelles Statut\u00a0: LC (pr\u00e9occupation mineure)<\/p>\n<p> <a class=\"continue-reading-link\" href=\"https:\/\/etab.ac-reunion.fr\/clg-adam-de-villiers\/education-au-developpement-durable\/les-fiches-botaniques\/fiche-dodonea-viscosa\/\"><span>Lire l&rsquo;article<\/span><i class=\"crycon-right-dir\"><\/i><\/a> <\/p>\n","protected":false},"author":9172,"featured_media":0,"parent":8296,"menu_order":0,"comment_status":"closed","ping_status":"closed","template":"","meta":{"_EventAllDay":false,"_EventTimezone":"","_EventStartDate":"","_EventEndDate":"","_EventStartDateUTC":"","_EventEndDateUTC":"","_EventShowMap":false,"_EventShowMapLink":false,"_EventURL":"","_EventCost":"","_EventCostDescription":"","_EventCurrencySymbol":"","_EventCurrencyCode":"","_EventCurrencyPosition":"","_EventDateTimeSeparator":"","_EventTimeRangeSeparator":"","_EventOrganizerID":[],"_EventVenueID":[],"_OrganizerEmail":"","_OrganizerPhone":"","_OrganizerWebsite":"","_VenueAddress":"","_VenueCity":"","_VenueCountry":"","_VenueProvince":"","_VenueState":"","_VenueZip":"","_VenuePhone":"","_VenueURL":"","_VenueStateProvince":"","_VenueLat":"","_VenueLng":"","_VenueShowMap":false,"_VenueShowMapLink":false,"footnotes":""},"class_list":["post-9394","page","type-page","status-publish","hentry"],"_links":{"self":[{"href":"https:\/\/etab.ac-reunion.fr\/clg-adam-de-villiers\/wp-json\/wp\/v2\/pages\/9394","targetHints":{"allow":["GET"]}}],"collection":[{"href":"https:\/\/etab.ac-reunion.fr\/clg-adam-de-villiers\/wp-json\/wp\/v2\/pages"}],"about":[{"href":"https:\/\/etab.ac-reunion.fr\/clg-adam-de-villiers\/wp-json\/wp\/v2\/types\/page"}],"author":[{"embeddable":true,"href":"https:\/\/etab.ac-reunion.fr\/clg-adam-de-villiers\/wp-json\/wp\/v2\/users\/9172"}],"replies":[{"embeddable":true,"href":"https:\/\/etab.ac-reunion.fr\/clg-adam-de-villiers\/wp-json\/wp\/v2\/comments?post=9394"}],"version-history":[{"count":8,"href":"https:\/\/etab.ac-reunion.fr\/clg-adam-de-villiers\/wp-json\/wp\/v2\/pages\/9394\/revisions"}],"predecessor-version":[{"id":10234,"href":"https:\/\/etab.ac-reunion.fr\/clg-adam-de-villiers\/wp-json\/wp\/v2\/pages\/9394\/revisions\/10234"}],"up":[{"embeddable":true,"href":"https:\/\/etab.ac-reunion.fr\/clg-adam-de-villiers\/wp-json\/wp\/v2\/pages\/8296"}],"wp:attachment":[{"href":"https:\/\/etab.ac-reunion.fr\/clg-adam-de-villiers\/wp-json\/wp\/v2\/media?parent=9394"}],"curies":[{"name":"wp","href":"https:\/\/api.w.org\/{rel}","templated":true}]}}