{"id":9505,"date":"2022-11-03T17:00:40","date_gmt":"2022-11-03T13:00:40","guid":{"rendered":"https:\/\/etab.ac-reunion.fr\/clg-adam-de-villiers\/?page_id=9505"},"modified":"2023-06-10T15:05:21","modified_gmt":"2023-06-10T11:05:21","slug":"fiche-aloe-macra","status":"publish","type":"page","link":"https:\/\/etab.ac-reunion.fr\/clg-adam-de-villiers\/education-au-developpement-durable\/les-fiches-botaniques\/fiche-aloe-macra\/","title":{"rendered":"Fiche Aloe macra"},"content":{"rendered":"<p><img loading=\"lazy\" decoding=\"async\" class=\"aligncenter wp-image-8493 size-medium\" src=\"https:\/\/etab.ac-reunion.fr\/clg-adam-de-villiers\/wp-content\/uploads\/sites\/134\/2022\/04\/logo-page-en-construction-500x188.png\" alt=\"\" width=\"500\" height=\"188\" srcset=\"https:\/\/etab.ac-reunion.fr\/clg-adam-de-villiers\/wp-content\/uploads\/sites\/134\/2022\/04\/logo-page-en-construction-500x188.png 500w, https:\/\/etab.ac-reunion.fr\/clg-adam-de-villiers\/wp-content\/uploads\/sites\/134\/2022\/04\/logo-page-en-construction-768x288.png 768w, https:\/\/etab.ac-reunion.fr\/clg-adam-de-villiers\/wp-content\/uploads\/sites\/134\/2022\/04\/logo-page-en-construction-150x56.png 150w, https:\/\/etab.ac-reunion.fr\/clg-adam-de-villiers\/wp-content\/uploads\/sites\/134\/2022\/04\/logo-page-en-construction.png 800w\" sizes=\"auto, (max-width: 500px) 100vw, 500px\" \/><\/p>\n<p>Nom scientifique : Aloe macra<\/p>\n<p>Nom \u00e0 La R\u00e9union : Mazambron marron<\/p>\n<p>Famille : Asphodelac\u00e9es<\/p>\n<p>Origine\u00a0: end\u00e9mique de La R\u00e9union<\/p>\n<p>Statut\u00a0: VU (vuln\u00e9rable)<\/p>\n<p>\u00a0<\/p>\n\n<div class=\"wp-block-image\">\n<figure class=\"aligncenter size-large\"><img loading=\"lazy\" decoding=\"async\" width=\"683\" height=\"1024\" src=\"https:\/\/etab.ac-reunion.fr\/clg-adam-de-villiers\/wp-content\/uploads\/sites\/134\/2023\/06\/Aloe-macra-683x1024.jpg\" alt=\"\" class=\"wp-image-10198\" srcset=\"https:\/\/etab.ac-reunion.fr\/clg-adam-de-villiers\/wp-content\/uploads\/sites\/134\/2023\/06\/Aloe-macra-683x1024.jpg 683w, https:\/\/etab.ac-reunion.fr\/clg-adam-de-villiers\/wp-content\/uploads\/sites\/134\/2023\/06\/Aloe-macra-333x500.jpg 333w, https:\/\/etab.ac-reunion.fr\/clg-adam-de-villiers\/wp-content\/uploads\/sites\/134\/2023\/06\/Aloe-macra-768x1152.jpg 768w, https:\/\/etab.ac-reunion.fr\/clg-adam-de-villiers\/wp-content\/uploads\/sites\/134\/2023\/06\/Aloe-macra-100x150.jpg 100w, https:\/\/etab.ac-reunion.fr\/clg-adam-de-villiers\/wp-content\/uploads\/sites\/134\/2023\/06\/Aloe-macra.jpg 800w\" sizes=\"auto, (max-width: 683px) 100vw, 683px\" \/><\/figure>\n<\/div>","protected":false},"excerpt":{"rendered":"<p>Nom scientifique : Aloe macra Nom \u00e0 La R\u00e9union : Mazambron marron Famille : Asphodelac\u00e9es Origine\u00a0: end\u00e9mique de La R\u00e9union Statut\u00a0: VU (vuln\u00e9rable) \u00a0<\/p>\n<p> <a class=\"continue-reading-link\" href=\"https:\/\/etab.ac-reunion.fr\/clg-adam-de-villiers\/education-au-developpement-durable\/les-fiches-botaniques\/fiche-aloe-macra\/\"><span>Lire l&rsquo;article<\/span><i class=\"crycon-right-dir\"><\/i><\/a> <\/p>\n","protected":false},"author":9172,"featured_media":0,"parent":8296,"menu_order":0,"comment_status":"closed","ping_status":"closed","template":"","meta":{"_EventAllDay":false,"_EventTimezone":"","_EventStartDate":"","_EventEndDate":"","_EventStartDateUTC":"","_EventEndDateUTC":"","_EventShowMap":false,"_EventShowMapLink":false,"_EventURL":"","_EventCost":"","_EventCostDescription":"","_EventCurrencySymbol":"","_EventCurrencyCode":"","_EventCurrencyPosition":"","_EventDateTimeSeparator":"","_EventTimeRangeSeparator":"","_EventOrganizerID":[],"_EventVenueID":[],"_OrganizerEmail":"","_OrganizerPhone":"","_OrganizerWebsite":"","_VenueAddress":"","_VenueCity":"","_VenueCountry":"","_VenueProvince":"","_VenueState":"","_VenueZip":"","_VenuePhone":"","_VenueURL":"","_VenueStateProvince":"","_VenueLat":"","_VenueLng":"","_VenueShowMap":false,"_VenueShowMapLink":false,"footnotes":""},"class_list":["post-9505","page","type-page","status-publish","hentry"],"_links":{"self":[{"href":"https:\/\/etab.ac-reunion.fr\/clg-adam-de-villiers\/wp-json\/wp\/v2\/pages\/9505","targetHints":{"allow":["GET"]}}],"collection":[{"href":"https:\/\/etab.ac-reunion.fr\/clg-adam-de-villiers\/wp-json\/wp\/v2\/pages"}],"about":[{"href":"https:\/\/etab.ac-reunion.fr\/clg-adam-de-villiers\/wp-json\/wp\/v2\/types\/page"}],"author":[{"embeddable":true,"href":"https:\/\/etab.ac-reunion.fr\/clg-adam-de-villiers\/wp-json\/wp\/v2\/users\/9172"}],"replies":[{"embeddable":true,"href":"https:\/\/etab.ac-reunion.fr\/clg-adam-de-villiers\/wp-json\/wp\/v2\/comments?post=9505"}],"version-history":[{"count":5,"href":"https:\/\/etab.ac-reunion.fr\/clg-adam-de-villiers\/wp-json\/wp\/v2\/pages\/9505\/revisions"}],"predecessor-version":[{"id":10227,"href":"https:\/\/etab.ac-reunion.fr\/clg-adam-de-villiers\/wp-json\/wp\/v2\/pages\/9505\/revisions\/10227"}],"up":[{"embeddable":true,"href":"https:\/\/etab.ac-reunion.fr\/clg-adam-de-villiers\/wp-json\/wp\/v2\/pages\/8296"}],"wp:attachment":[{"href":"https:\/\/etab.ac-reunion.fr\/clg-adam-de-villiers\/wp-json\/wp\/v2\/media?parent=9505"}],"curies":[{"name":"wp","href":"https:\/\/api.w.org\/{rel}","templated":true}]}}