{"id":107,"date":"2014-12-16T07:10:27","date_gmt":"2014-12-16T06:10:27","guid":{"rendered":"http:\/\/college-adrien-cadet-tmp.ac-reunion.fr\/?page_id=107"},"modified":"2024-02-22T14:05:05","modified_gmt":"2024-02-22T10:05:05","slug":"mentions-legales","status":"publish","type":"page","link":"https:\/\/etab.ac-reunion.fr\/clg-adrien-cadet\/mentions-legales\/","title":{"rendered":"Mentions l\u00e9gales"},"content":{"rendered":"<div class=\"entry post clearfix\">\n<h1 class=\"title\"><span style=\"text-decoration: underline\">Mentions l\u00e9gales<\/span><\/h1>\n<p><strong>Editeur:<\/strong><br \/>\nColl\u00e8ge Adrien Cadet<br \/>\n85, Rue du Stade<br \/>\nT\u00e9l: 0262 38 03 95<br \/>\nFax: 0262 38 14 56<\/p>\n<p><strong>Directeur de la publication et responsable de la r\u00e9daction:<\/strong><br \/>\nMme. BREYSSE Sahira, Principale de l\u2019\u00e9tablissement et Mme. PADRE Nathalie, principale adjointe.<\/p>\n<p><strong>Conception et r\u00e9alisation:<\/strong><br \/>\nR\u00e9alisation interne \u00e0 l\u2019\u00e9tablissement par M. LEBON Yann<\/p>\n<p><strong>Fournisseur de l\u2019h\u00e9bergement:<\/strong><br \/>\nRectorat de l\u2019Acad\u00e9mie de La R\u00e9union<br \/>\nSecr\u00e9tariat g\u00e9n\u00e9ral \u2013 Service Communication<br \/>\n24, Avenue Georges Brassens \u2013 97702 \u2013 St-Denis \u2013 Message Cedex 9<\/p>\n<p><strong>Propri\u00e9t\u00e9 intellectuelle:<\/strong><br \/>\nLes photographies, textes, slogans, dessins, images, ainsi que toutes les \u0153uvres int\u00e9gr\u00e9es dans le site sont la propri\u00e9t\u00e9<br \/>\nde l\u2019\u00e9diteur du site ou de tiers ayant autoris\u00e9 l\u2019\u00e9diteur du site \u00e0 les utiliser.<br \/>\nToute reproduction totale ou partielle de ces \u00e9l\u00e9ments sans l\u2019autorisation expresse de<br \/>\nl\u2019exploitant du site Internet ou de ses ayant-droit est prohib\u00e9e, au sens de l\u2019article L713-2 du CPI.<\/p>\n<\/div>\n","protected":false},"excerpt":{"rendered":"<p>Mentions l\u00e9gales Editeur: Coll\u00e8ge Adrien Cadet 85, Rue du Stade T\u00e9l: 0262 38 03 95 Fax: 0262 38 14 56 Directeur de la publication et responsable de la r\u00e9daction: Mme. BREYSSE Sahira, Principale de l\u2019\u00e9tablissement et Mme. PADRE Nathalie, principale adjointe. Conception et r\u00e9alisation: R\u00e9alisation interne \u00e0 l\u2019\u00e9tablissement par M. &hellip;<\/p>\n","protected":false},"author":5210,"featured_media":0,"parent":0,"menu_order":0,"comment_status":"closed","ping_status":"closed","template":"","meta":{"footnotes":""},"class_list":["post-107","page","type-page","status-publish","hentry"],"_links":{"self":[{"href":"https:\/\/etab.ac-reunion.fr\/clg-adrien-cadet\/wp-json\/wp\/v2\/pages\/107","targetHints":{"allow":["GET"]}}],"collection":[{"href":"https:\/\/etab.ac-reunion.fr\/clg-adrien-cadet\/wp-json\/wp\/v2\/pages"}],"about":[{"href":"https:\/\/etab.ac-reunion.fr\/clg-adrien-cadet\/wp-json\/wp\/v2\/types\/page"}],"author":[{"embeddable":true,"href":"https:\/\/etab.ac-reunion.fr\/clg-adrien-cadet\/wp-json\/wp\/v2\/users\/5210"}],"replies":[{"embeddable":true,"href":"https:\/\/etab.ac-reunion.fr\/clg-adrien-cadet\/wp-json\/wp\/v2\/comments?post=107"}],"version-history":[{"count":6,"href":"https:\/\/etab.ac-reunion.fr\/clg-adrien-cadet\/wp-json\/wp\/v2\/pages\/107\/revisions"}],"predecessor-version":[{"id":3718,"href":"https:\/\/etab.ac-reunion.fr\/clg-adrien-cadet\/wp-json\/wp\/v2\/pages\/107\/revisions\/3718"}],"wp:attachment":[{"href":"https:\/\/etab.ac-reunion.fr\/clg-adrien-cadet\/wp-json\/wp\/v2\/media?parent=107"}],"curies":[{"name":"wp","href":"https:\/\/api.w.org\/{rel}","templated":true}]}}