{"id":11,"date":"2014-12-09T07:42:44","date_gmt":"2014-12-09T06:42:44","guid":{"rendered":"http:\/\/college-adrien-cadet-tmp.ac-reunion.fr\/?page_id=11"},"modified":"2019-04-29T11:53:09","modified_gmt":"2019-04-29T07:53:09","slug":"college-adrien-cadet","status":"publish","type":"page","link":"https:\/\/etab.ac-reunion.fr\/clg-adrien-cadet\/college-adrien-cadet\/","title":{"rendered":"Coll\u00e8ge Adrien Cadet"},"content":{"rendered":"<h3 style=\"text-align: left\"><span style=\"color: #ff9900\"><a href=\"http:\/\/wpetab.ac-reunion.fr\/adrien-cadet\/wp-content\/uploads\/sites\/115\/2014\/12\/IMG_0993.jpg\"><img loading=\"lazy\" decoding=\"async\" class=\"wp-image-17 alignleft\" src=\"http:\/\/wpetab.ac-reunion.fr\/adrien-cadet\/wp-content\/uploads\/sites\/115\/2014\/12\/IMG_0993-300x225.jpg\" alt=\"IMG_0993\" width=\"357\" height=\"268\" srcset=\"https:\/\/etab.ac-reunion.fr\/clg-adrien-cadet\/wp-content\/uploads\/sites\/115\/2014\/12\/IMG_0993-300x225.jpg 300w, https:\/\/etab.ac-reunion.fr\/clg-adrien-cadet\/wp-content\/uploads\/sites\/115\/2014\/12\/IMG_0993.jpg 640w\" sizes=\"auto, (max-width: 357px) 100vw, 357px\" \/><\/a><\/span><\/h3>\n<h3 style=\"text-align: left\"><\/h3>\n<h3 style=\"text-align: center\"><span style=\"color: #ff9900\">Pr\u00e9sentation<\/span><\/h3>\n<blockquote><p>Le <a href=\"https:\/\/etab.ac-reunion.fr\/clg-adrien-cadet\/2016\/04\/23\/quelques-photos-de-notre-etablissement\/\">coll\u00e8ge Adrien Cadet <\/a>est situ\u00e9 au centre ville <a href=\"https:\/\/www.google.com\/url?sa=t&amp;rct=j&amp;q=&amp;esrc=s&amp;source=web&amp;cd=1&amp;cad=rja&amp;uact=8&amp;ved=0ahUKEwj04Zv1jqTMAhVMWhoKHSm9CtkQFggdMAA&amp;url=https%3A%2F%2Ffr.wikipedia.org%2Fwiki%2FLes_Avirons&amp;usg=AFQjCNHoJCI84tj0BcwrEa58pZlqdErqpA\">des Avirons,<\/a> en zone semi-rurale.\u00a0Son nom vient d\u2019un ancien homme politique de la ville Adrien Cadet qui fut maire entre 1945 et 1961.<br \/>\nLes \u00e9l\u00e8ves proviennent principalement de l<em>\u2018<\/em>\u00e9cole Paul Hermann du centre-ville et de celles du T\u00e9velave et de Ravine S\u00e8che.<br \/>\n<!--more-->Son b\u00e2timent a accompagn\u00e9 l\u2019\u00e9volution de la ville car il a servi comme \u00e9cole primaire jusqu\u2019en 1976. C\u2019est \u00e0 cette date que le coll\u00e8ge est n\u00e9.\u00a0D\u2019ann\u00e9e en ann\u00e9e, plusieurs b\u00e2timents ont \u00e9t\u00e9 construits tout au tour de l\u2019\u00e9difice principal o\u00f9 se trouve l\u2019administration et quelques salles de cours.<br \/>\nLe coll\u00e8ge compte actuellement 637 \u00e9l\u00e8ves et plus de 40 professeurs. L\u2019\u00e9quipe de direction et la structure administrative sont compos\u00e9es de 36 personnes.<\/p><\/blockquote>\n<p style=\"text-align: center\"><strong>Horaires des cours :<br \/>\n<\/strong>\u2013 matin : 7h30 \u00e0 11h35<br \/>\n\u2013 apr\u00e8s-midi : 13h00 \u00e0 16h05<\/p>\n","protected":false},"excerpt":{"rendered":"<p>Pr\u00e9sentation Le coll\u00e8ge Adrien Cadet est situ\u00e9 au centre ville des Avirons, en zone semi-rurale.\u00a0Son nom vient d\u2019un ancien homme politique de la ville Adrien Cadet qui fut maire entre 1945 et 1961. Les \u00e9l\u00e8ves proviennent principalement de l\u2018\u00e9cole Paul Hermann du centre-ville et de celles du T\u00e9velave et de &hellip;<\/p>\n","protected":false},"author":5210,"featured_media":0,"parent":0,"menu_order":0,"comment_status":"closed","ping_status":"closed","template":"","meta":{"footnotes":""},"class_list":["post-11","page","type-page","status-publish","hentry"],"_links":{"self":[{"href":"https:\/\/etab.ac-reunion.fr\/clg-adrien-cadet\/wp-json\/wp\/v2\/pages\/11","targetHints":{"allow":["GET"]}}],"collection":[{"href":"https:\/\/etab.ac-reunion.fr\/clg-adrien-cadet\/wp-json\/wp\/v2\/pages"}],"about":[{"href":"https:\/\/etab.ac-reunion.fr\/clg-adrien-cadet\/wp-json\/wp\/v2\/types\/page"}],"author":[{"embeddable":true,"href":"https:\/\/etab.ac-reunion.fr\/clg-adrien-cadet\/wp-json\/wp\/v2\/users\/5210"}],"replies":[{"embeddable":true,"href":"https:\/\/etab.ac-reunion.fr\/clg-adrien-cadet\/wp-json\/wp\/v2\/comments?post=11"}],"version-history":[{"count":18,"href":"https:\/\/etab.ac-reunion.fr\/clg-adrien-cadet\/wp-json\/wp\/v2\/pages\/11\/revisions"}],"predecessor-version":[{"id":2560,"href":"https:\/\/etab.ac-reunion.fr\/clg-adrien-cadet\/wp-json\/wp\/v2\/pages\/11\/revisions\/2560"}],"wp:attachment":[{"href":"https:\/\/etab.ac-reunion.fr\/clg-adrien-cadet\/wp-json\/wp\/v2\/media?parent=11"}],"curies":[{"name":"wp","href":"https:\/\/api.w.org\/{rel}","templated":true}]}}