{"id":123,"date":"2014-12-16T11:30:58","date_gmt":"2014-12-16T10:30:58","guid":{"rendered":"http:\/\/college-adrien-cadet-tmp.ac-reunion.fr\/?page_id=123"},"modified":"2023-02-10T13:32:53","modified_gmt":"2023-02-10T09:32:53","slug":"notre-c-d-i","status":"publish","type":"page","link":"https:\/\/etab.ac-reunion.fr\/clg-adrien-cadet\/notre-c-d-i\/","title":{"rendered":"Notre CDI"},"content":{"rendered":"<h2 style=\"text-align: left\"><a href=\"http:\/\/wpetab.ac-reunion.fr\/adrien-cadet\/wp-content\/uploads\/sites\/115\/2014\/12\/fairy.png\"><img loading=\"lazy\" decoding=\"async\" class=\"wp-image-418 alignleft\" src=\"http:\/\/wpetab.ac-reunion.fr\/adrien-cadet\/wp-content\/uploads\/sites\/115\/2014\/12\/fairy-218x300.png\" alt=\"fairy\" width=\"128\" height=\"177\" srcset=\"https:\/\/etab.ac-reunion.fr\/clg-adrien-cadet\/wp-content\/uploads\/sites\/115\/2014\/12\/fairy-218x300.png 218w, https:\/\/etab.ac-reunion.fr\/clg-adrien-cadet\/wp-content\/uploads\/sites\/115\/2014\/12\/fairy-745x1024.png 745w\" sizes=\"auto, (max-width: 128px) 100vw, 128px\" \/><\/a>Le <a href=\"http:\/\/fr.wikipedia.org\/wiki\/Centre_de_documentation_et_d%27information\">Centre de Documentation et d&rsquo;information<\/a><\/h2>\n<p style=\"text-align: left\">est le centre de ressources documentaires de l&rsquo;\u00e9tablissement.\u00a0C&rsquo;est un lieu p\u00e9dagogique ouvert aux \u00e9l\u00e8ves et au personnel du coll\u00e8ge afin de leur permettre de trouver les informations dont ils ont besoin dans le cadre de leurs projets scolaires ou de recherches personnelles.<!--more--><\/p>\n<p style=\"text-align: left\">En compl\u00e9ments aux ouvrages physiquement disponibles, neuf ordinateurs permettent d&rsquo;acc\u00e9der \u00e0 Internet et d&rsquo;utiliser des logiciels comme ceux de la suite bureautique Libre Office.<br \/>\nC&rsquo;est aussi un lieu de lecture et de pr\u00eat de livres et de p\u00e9riodiques.<br \/>\nLecture plaisir, recherche d&rsquo;information, orientation : l&rsquo;\u00e9quipe du CDI est l\u00e0 pour vous accompagner.<\/p>\n<p>&nbsp;<\/p>\n<h3>Retrouvez nous sur Internet :<\/h3>\n<ul>\n<li>notre <a href=\"http:\/\/9740005m.esidoc.fr\/\">portail<\/a><\/li>\n<li>notre <a href=\"https:\/\/www.instagram.com\/cdi_clg_acadet\/\">compte Insta<\/a><\/li>\n<li>notre <a href=\"https:\/\/tube-institutionnel.apps.education.fr\/a\/clg_a_cadet\/video-channels\">cha\u00eene des Jeunes Reporters<\/a><\/li>\n<\/ul>\n<h3><\/h3>\n<h3>Visite virtuelle :<\/h3>\n<div class=\"su-youtube su-u-responsive-media-yes\"><iframe loading=\"lazy\" width=\"600\" height=\"400\" src=\"https:\/\/www.youtube-nocookie.com\/embed\/MWOYeOqeZ5Y?autohide=2&amp;autoplay=0&amp;mute=0&amp;controls=1&amp;fs=1&amp;loop=0&amp;modestbranding=0&amp;rel=1&amp;showinfo=1&amp;theme=dark&amp;wmode=&amp;playsinline=0\" frameborder=\"0\" allowfullscreen allow=\"autoplay; encrypted-media; picture-in-picture\" title=\"\"><\/iframe><\/div>\n<p>&nbsp;<\/p>\n<h3>Les horaires d&rsquo;ouverture du CDI :<\/h3>\n<ul>\n<li>lundi :\u00a07h30 \u2013 16h05<\/li>\n<li>mardi : 7h30 \u2013 16h0<\/li>\n<li>mercredi : 7h30 \u2013 11h35<\/li>\n<li>\u00a0jeudi : 7h30 \u2013 16h05<\/li>\n<li>vendredi :\u00a07h30\/11h30 \u2013 12h\/16h05 (ferm\u00e9 pendant les r\u00e9cr\u00e9ations)<\/li>\n<\/ul>\n<p>&nbsp;<\/p>\n<h3>Le personnel du CDI :<\/h3>\n<ul>\n<li>Mme Claire Filleul, professeure documentaliste<\/li>\n<li>Mlle Val\u00e9rie Grondin, assistante<\/li>\n<\/ul>\n<p>&nbsp;<\/p>\n<h3>Pour nous contacter :<\/h3>\n<ul>\n<li style=\"text-align: left\">courriel :\u00a0 cdi.col-a.cadet@ac-reunion.fr<\/li>\n<li style=\"text-align: left\">t\u00e9l\u00e9phone : 0262 38 26 85<\/li>\n<\/ul>\n","protected":false},"excerpt":{"rendered":"<p>Le Centre de Documentation et d&rsquo;information est le centre de ressources documentaires de l&rsquo;\u00e9tablissement.\u00a0C&rsquo;est un lieu p\u00e9dagogique ouvert aux \u00e9l\u00e8ves et au personnel du coll\u00e8ge afin de leur permettre de trouver les informations dont ils ont besoin dans le cadre de leurs projets scolaires ou de recherches personnelles.<\/p>\n","protected":false},"author":5210,"featured_media":0,"parent":0,"menu_order":0,"comment_status":"closed","ping_status":"closed","template":"","meta":{"footnotes":""},"class_list":["post-123","page","type-page","status-publish","hentry"],"_links":{"self":[{"href":"https:\/\/etab.ac-reunion.fr\/clg-adrien-cadet\/wp-json\/wp\/v2\/pages\/123","targetHints":{"allow":["GET"]}}],"collection":[{"href":"https:\/\/etab.ac-reunion.fr\/clg-adrien-cadet\/wp-json\/wp\/v2\/pages"}],"about":[{"href":"https:\/\/etab.ac-reunion.fr\/clg-adrien-cadet\/wp-json\/wp\/v2\/types\/page"}],"author":[{"embeddable":true,"href":"https:\/\/etab.ac-reunion.fr\/clg-adrien-cadet\/wp-json\/wp\/v2\/users\/5210"}],"replies":[{"embeddable":true,"href":"https:\/\/etab.ac-reunion.fr\/clg-adrien-cadet\/wp-json\/wp\/v2\/comments?post=123"}],"version-history":[{"count":37,"href":"https:\/\/etab.ac-reunion.fr\/clg-adrien-cadet\/wp-json\/wp\/v2\/pages\/123\/revisions"}],"predecessor-version":[{"id":3392,"href":"https:\/\/etab.ac-reunion.fr\/clg-adrien-cadet\/wp-json\/wp\/v2\/pages\/123\/revisions\/3392"}],"wp:attachment":[{"href":"https:\/\/etab.ac-reunion.fr\/clg-adrien-cadet\/wp-json\/wp\/v2\/media?parent=123"}],"curies":[{"name":"wp","href":"https:\/\/api.w.org\/{rel}","templated":true}]}}