{"id":1856,"date":"2019-03-25T09:10:22","date_gmt":"2019-03-25T05:10:22","guid":{"rendered":"http:\/\/college-adrien-cadet.ac-reunion.fr\/?page_id=1856"},"modified":"2021-09-02T16:05:24","modified_gmt":"2021-09-02T12:05:24","slug":"gestion","status":"publish","type":"page","link":"https:\/\/etab.ac-reunion.fr\/clg-adrien-cadet\/gestion\/","title":{"rendered":"Gestion"},"content":{"rendered":"<h2 style=\"padding-left: 30px\">Horaire de r\u00e9ception de la gestion :<\/h2>\n<p><span style=\"font-size: 1.2em\">De 8h30 \u00e0 12h30 sauf le mercredi de 8h30 \u00e0 11h.<\/span><\/p>\n<p style=\"text-align: center\"><a href=\"http:\/\/wpetab.ac-reunion.fr\/adrien-cadet\/wp-content\/uploads\/sites\/115\/2019\/02\/gestion_horaire.jpg\"><img loading=\"lazy\" decoding=\"async\" class=\"aligncenter size-medium wp-image-1861\" src=\"http:\/\/wpetab.ac-reunion.fr\/adrien-cadet\/wp-content\/uploads\/sites\/115\/2019\/02\/gestion_horaire-300x172.jpg\" alt=\"\" width=\"300\" height=\"172\" srcset=\"https:\/\/etab.ac-reunion.fr\/clg-adrien-cadet\/wp-content\/uploads\/sites\/115\/2019\/02\/gestion_horaire-300x172.jpg 300w, https:\/\/etab.ac-reunion.fr\/clg-adrien-cadet\/wp-content\/uploads\/sites\/115\/2019\/02\/gestion_horaire-1024x589.jpg 1024w, https:\/\/etab.ac-reunion.fr\/clg-adrien-cadet\/wp-content\/uploads\/sites\/115\/2019\/02\/gestion_horaire.jpg 1251w\" sizes=\"auto, (max-width: 300px) 100vw, 300px\" \/><\/a><br \/>\nCliquez sur l&rsquo;image pour l&rsquo;agrandir!<\/p>\n<h2 style=\"padding-left: 30px\">Bourse pour le coll\u00e8ge rentr\u00e9e 2021<\/h2>\n\n\n<div class=\"su-posts su-posts-single-post \">\n\n\t\t\t\t\t\t\n\t\t\t\n\t\t\t<div id=\"su-post-4569\" class=\"su-post \">\n\t\t\t\t<h1 class=\"su-post-title\">Dipl\u00f4me National du Brevet Nouvelles modalit\u00e9s 2026<\/h1>\n\t\t\t\t<div class=\"su-post-meta\">\n\t\t\t\t\tPubli\u00e9:\n\t\t\t\t\t30 octobre 2025\t\t\t\t\t\t\t\t\t<\/div>\n\t\t\t\t<div class=\"su-post-content\">\n\t\t\t\t\t<a href=\"https:\/\/etab.ac-reunion.fr\/clg-adrien-cadet\/wp-content\/uploads\/sites\/115\/2025\/10\/Upload-teaser-1.pdf\" class=\"pdfemb-viewer\" style=\"\" data-width=\"max\" data-height=\"max\" data-toolbar=\"bottom\" data-toolbar-fixed=\"off\">Upload teaser (1)<\/a>\n\t\t\t\t<\/div>\n\t\t\t<\/div>\n\n\t\t\t\t\n<\/div>\n\n<h2 style=\"padding-left: 30px\">Bourse pour le lyc\u00e9e<\/h2>\n<p><a href=\"https:\/\/etab.ac-reunion.fr\/clg-adrien-cadet\/bourses-de-lycee\/\">Comment saisir sa demande de bourse en ligne<\/a><\/p>\n<p>&nbsp;<\/p>\n","protected":false},"excerpt":{"rendered":"<p>Horaire de r\u00e9ception de la gestion : De 8h30 \u00e0 12h30 sauf le mercredi de 8h30 \u00e0 11h. Cliquez sur l&rsquo;image pour l&rsquo;agrandir! Bourse pour le coll\u00e8ge rentr\u00e9e 2021 Bourse pour le lyc\u00e9e Comment saisir sa demande de bourse en ligne &nbsp;<\/p>\n","protected":false},"author":17220,"featured_media":0,"parent":0,"menu_order":0,"comment_status":"closed","ping_status":"closed","template":"","meta":{"footnotes":""},"class_list":["post-1856","page","type-page","status-publish","hentry"],"_links":{"self":[{"href":"https:\/\/etab.ac-reunion.fr\/clg-adrien-cadet\/wp-json\/wp\/v2\/pages\/1856","targetHints":{"allow":["GET"]}}],"collection":[{"href":"https:\/\/etab.ac-reunion.fr\/clg-adrien-cadet\/wp-json\/wp\/v2\/pages"}],"about":[{"href":"https:\/\/etab.ac-reunion.fr\/clg-adrien-cadet\/wp-json\/wp\/v2\/types\/page"}],"author":[{"embeddable":true,"href":"https:\/\/etab.ac-reunion.fr\/clg-adrien-cadet\/wp-json\/wp\/v2\/users\/17220"}],"replies":[{"embeddable":true,"href":"https:\/\/etab.ac-reunion.fr\/clg-adrien-cadet\/wp-json\/wp\/v2\/comments?post=1856"}],"version-history":[{"count":22,"href":"https:\/\/etab.ac-reunion.fr\/clg-adrien-cadet\/wp-json\/wp\/v2\/pages\/1856\/revisions"}],"predecessor-version":[{"id":3007,"href":"https:\/\/etab.ac-reunion.fr\/clg-adrien-cadet\/wp-json\/wp\/v2\/pages\/1856\/revisions\/3007"}],"wp:attachment":[{"href":"https:\/\/etab.ac-reunion.fr\/clg-adrien-cadet\/wp-json\/wp\/v2\/media?parent=1856"}],"curies":[{"name":"wp","href":"https:\/\/api.w.org\/{rel}","templated":true}]}}