{"id":1904,"date":"2019-03-25T09:40:38","date_gmt":"2019-03-25T05:40:38","guid":{"rendered":"http:\/\/college-adrien-cadet.ac-reunion.fr\/?page_id=1904"},"modified":"2023-06-15T09:42:39","modified_gmt":"2023-06-15T05:42:39","slug":"bourses-de-lycee","status":"publish","type":"page","link":"https:\/\/etab.ac-reunion.fr\/clg-adrien-cadet\/bourses-de-lycee\/","title":{"rendered":"Bourses de lyc\u00e9e"},"content":{"rendered":"<h3 class=\"western\">Les bourses de lyc\u00e9e<\/h3>\n<a href=\"https:\/\/etab.ac-reunion.fr\/clg-adrien-cadet\/wp-content\/uploads\/sites\/115\/2023\/06\/Annexe-6_-2023_bourses_lycee_flyer_campagne_printemps_Compresser.pdf\" class=\"pdfemb-viewer\" style=\"\" data-width=\"max\" data-height=\"max\" data-toolbar=\"bottom\" data-toolbar-fixed=\"off\">Annexe 6_ 2023_bourses_lycee_flyer_campagne_printemps_Compresser<\/a>\n<p><img loading=\"lazy\" decoding=\"async\" src=\"https:\/\/cache.media.education.gouv.fr\/image\/Racine\/86\/8\/2018_Bourse_lycee_visuel_web_700x283px_924868.189.jpg\" width=\"667\" height=\"273\" align=\"bottom\" border=\"0\" \/><\/p>\n<p><b>Les bourses de lyc\u00e9e sont attribu\u00e9es aux \u00e9l\u00e8ves scolaris\u00e9s en lyc\u00e9e et en \u00e9tablissements r\u00e9gionaux d&rsquo;enseignement adapt\u00e9 (EREA)<\/b>.<\/p>\n<p>Elles se d\u00e9clinent en 6 \u00e9chelons, en fonction des ressources de la ou des personnes assumant la charge de l\u2019\u00e9l\u00e8ve et du nombre d\u2019enfants \u00e0 charge. Pour l&rsquo;ann\u00e9e 2018-2019, le montant annuel de la bourse varie entre <b>435<\/b> euros pour le premier \u00e9chelon et <b>921\u00a0<\/b>euros pour le sixi\u00e8me \u00e9chelon. Ce montant de bourse est vers\u00e9 en trois fois (\u00e0 chaque trimestre).<\/p>\n<h4 class=\"western\">Simulateur de bourse au lyc\u00e9e pour l&rsquo;ann\u00e9e scolaire 2018-2019<\/h4>\n<p><a href=\"http:\/\/bourses-calculateur.education.gouv.fr\/Lycee.php\" target=\"_blank\" rel=\"noopener noreferrer\"> <span style=\"color: #000080\"> <img loading=\"lazy\" decoding=\"async\" src=\"https:\/\/cache.media.education.gouv.fr\/image\/Services_en_ligne_EN\/41\/1\/bandeau_bandeau_740px-lycee_394411.jpg\" width=\"670\" height=\"102\" align=\"bottom\" border=\"1\" \/> <\/span> <\/a><\/p>\n<p><a href=\"http:\/\/bourses-calculateur.education.gouv.fr\/Lycee.php\" target=\"_blank\" rel=\"noopener noreferrer\">Acc\u00e9der au simulateur de bourse au lyc\u00e9e<\/a><\/p>\n<p>Le simulateur de bourse au lyc\u00e9e permet de <b>savoir si votre foyer peut b\u00e9n\u00e9ficier d&rsquo;une bourse scolaire \u00e0 la rentr\u00e9e 2018<\/b>. Il vous permet d&rsquo;obtenir <b>une estimation personnalis\u00e9e de son montant pour chaque enfant scolaris\u00e9 au lyc\u00e9e<\/b>.<\/p>\n<p>Les montants et bar\u00e8mes utilis\u00e9s sont ceux pr\u00e9vus pour la rentr\u00e9e 2018. En cas de concubinage, vous devez saisir la somme des revenus des deux concubins.<\/p>\n<p><a href=\"http:\/\/wpetab.ac-reunion.fr\/adrien-cadet\/wp-content\/uploads\/sites\/115\/2019\/03\/Bareme_et_montant_de_bourse_lycee_pour_l_annee_scolaire_2018-2019_924816.pdf\">Bar\u00e8me et montant de bourse pour l&rsquo;ann\u00e9e scolaire 2018-2019<\/a><\/p>\n<p>La campagne annuelle des demandes de bourse de lyc\u00e9e pour l&rsquo;ann\u00e9e scolaire 2018-2019 est termin\u00e9e depuis le 13 juillet 2018.<\/p>\n<h4 class=\"western\">Calendrier et formulaires pour l&rsquo;ann\u00e9e scolaire 2019-2020<\/h4>\n<p>La campagne des demandes de bourse de lyc\u00e9e pour l\u2019ann\u00e9e scolaire 2019-2020 d\u00e9butera \u00e0 la mi-mars 2019.<\/p>\n<p>Des informations relatives \u00e0 cette campagne (demandes en lignes, formulaires- papier) seront communiqu\u00e9es en temps utile.<\/p>\n<p>&nbsp;<\/p>\n<h4 class=\"western\">Des primes compl\u00e9mentaires \u00e0 la bourse sont allou\u00e9es selon la scolarit\u00e9 du boursier<\/h4>\n<p>&nbsp;<\/p>\n<h5 class=\"western\" style=\"padding-left: 40px\">Prime d&rsquo;\u00e9quipement<\/h5>\n<p>D&rsquo;un montant de <b>341,71 euros<\/b>, elle est vers\u00e9e en une seule fois avec le premier trimestre de la bourse aux \u00e9l\u00e8ves de premi\u00e8re ann\u00e9e de certaines sp\u00e9cialit\u00e9s de CAP, de bac professionnel, de bac technologique ou de brevet de technicien. Cette prime est attribu\u00e9e automatiquement en fonction de la sp\u00e9cialit\u00e9 de formation.<\/p>\n<h5 class=\"western\" style=\"padding-left: 40px\">Prime \u00e0 l&rsquo;internat<\/h5>\n<p>Cette prime est accord\u00e9e \u00e0 tous les \u00e9l\u00e8ves boursiers nationaux scolaris\u00e9s en internat.<br \/>\nLa prime \u00e0 l&rsquo;internat d&rsquo;un montant forfaitaire annuel de <b>258 euros<\/b> est strictement li\u00e9e au statut d&rsquo;\u00e9l\u00e8ve boursier.<br \/>\nLes familles n&rsquo;ont pas de demande \u00e0 remplir, cette prime est attribu\u00e9e automatiquement aux \u00e9l\u00e8ves boursiers internes. Elle est soumise aux m\u00eames r\u00e8gles de gestion que les bourses. La prime est vers\u00e9e en trois fois par d\u00e9duction sur la facture des frais de pension.<\/p>\n","protected":false},"excerpt":{"rendered":"<p>Les bourses de lyc\u00e9e Les bourses de lyc\u00e9e sont attribu\u00e9es aux \u00e9l\u00e8ves scolaris\u00e9s en lyc\u00e9e et en \u00e9tablissements r\u00e9gionaux d&rsquo;enseignement adapt\u00e9 (EREA). Elles se d\u00e9clinent en 6 \u00e9chelons, en fonction des ressources de la ou des personnes assumant la charge de l\u2019\u00e9l\u00e8ve et du nombre d\u2019enfants \u00e0 charge. Pour l&rsquo;ann\u00e9e &hellip;<\/p>\n","protected":false},"author":17220,"featured_media":0,"parent":0,"menu_order":0,"comment_status":"closed","ping_status":"closed","template":"","meta":{"footnotes":""},"class_list":["post-1904","page","type-page","status-publish","hentry"],"_links":{"self":[{"href":"https:\/\/etab.ac-reunion.fr\/clg-adrien-cadet\/wp-json\/wp\/v2\/pages\/1904","targetHints":{"allow":["GET"]}}],"collection":[{"href":"https:\/\/etab.ac-reunion.fr\/clg-adrien-cadet\/wp-json\/wp\/v2\/pages"}],"about":[{"href":"https:\/\/etab.ac-reunion.fr\/clg-adrien-cadet\/wp-json\/wp\/v2\/types\/page"}],"author":[{"embeddable":true,"href":"https:\/\/etab.ac-reunion.fr\/clg-adrien-cadet\/wp-json\/wp\/v2\/users\/17220"}],"replies":[{"embeddable":true,"href":"https:\/\/etab.ac-reunion.fr\/clg-adrien-cadet\/wp-json\/wp\/v2\/comments?post=1904"}],"version-history":[{"count":6,"href":"https:\/\/etab.ac-reunion.fr\/clg-adrien-cadet\/wp-json\/wp\/v2\/pages\/1904\/revisions"}],"predecessor-version":[{"id":3441,"href":"https:\/\/etab.ac-reunion.fr\/clg-adrien-cadet\/wp-json\/wp\/v2\/pages\/1904\/revisions\/3441"}],"wp:attachment":[{"href":"https:\/\/etab.ac-reunion.fr\/clg-adrien-cadet\/wp-json\/wp\/v2\/media?parent=1904"}],"curies":[{"name":"wp","href":"https:\/\/api.w.org\/{rel}","templated":true}]}}