{"id":406,"date":"2016-04-25T10:42:51","date_gmt":"2016-04-25T06:42:51","guid":{"rendered":"http:\/\/college-adrien-cadet.ac-reunion.fr\/?page_id=406"},"modified":"2023-02-10T13:53:29","modified_gmt":"2023-02-10T09:53:29","slug":"le-site-du-cdi","status":"publish","type":"page","link":"https:\/\/etab.ac-reunion.fr\/clg-adrien-cadet\/notre-c-d-i\/le-site-du-cdi\/","title":{"rendered":"Le site du CDI"},"content":{"rendered":"<h3 class=\"title\"><span style=\"color: #ff9900\">Pour vous rendre sur le portail du CDI, cliquez <a href=\"http:\/\/9740005m.esidoc.fr\" target=\"_blank\" rel=\"noopener\">ici<\/a><br \/>\n<\/span><\/h3>\n<p>&nbsp;<\/p>\n<div class=\"description\">Si vous \u00eates \u00e9l\u00e8ves ou enseignants du coll\u00e8ge, vous pouvez acc\u00e9der au site via M\u00e9tice. Vous serez ainsi imm\u00e9diatement reconnu.e,\u00a0 et aurez un acc\u00e8s privil\u00e9gi\u00e9 au site.<\/div>\n<div><\/div>\n<div class=\"description\">Vous pourrez :<br \/>\n&#8211; vous tenir informer de l&rsquo;actualit\u00e9 du CDI,<br \/>\n&#8211; trouver des outils m\u00e9thodologiques pour vous aider dans vos recherches documentaires,<br \/>\n&#8211; effectuer des recherches sur les documents disponibles au CDI et sur des sites internet s\u00e9lectionn\u00e9s par l&rsquo;\u00e9quipe p\u00e9dagogique du coll\u00e8ge,<br \/>\n&#8211; r\u00e9server des ouvrages,<br \/>\n&#8211; donner votre avis sur des livres et des magazines.N&rsquo;h\u00e9sitez pas \u00e0 faire appel \u00e0 votre professeure-documentaliste et \u00e0 son assistante si vous avez des questions.<\/div>\n<div><\/div>\n<div class=\"description\">Vous pouvez aussi nous retrouvez sur <a title=\"chaine du cdi\" href=\"https:\/\/www.instagram.com\/cdi_clg_acadet\/\" target=\"_blank\" rel=\"noopener\">Insta<\/a> et et d\u00e9couvrir les vid\u00e9os de nos Jeunes reporters sur notre cha\u00eene <a href=\"https:\/\/tube-institutionnel.apps.education.fr\/a\/clg_a_cadet\/video-channels\" target=\"_blank\" rel=\"noopener\">Peertube<\/a>.<\/div>\n","protected":false},"excerpt":{"rendered":"<p>Pour vous rendre sur le portail du CDI, cliquez ici &nbsp; Si vous \u00eates \u00e9l\u00e8ves ou enseignants du coll\u00e8ge, vous pouvez acc\u00e9der au site via M\u00e9tice. Vous serez ainsi imm\u00e9diatement reconnu.e,\u00a0 et aurez un acc\u00e8s privil\u00e9gi\u00e9 au site. Vous pourrez : &#8211; vous tenir informer de l&rsquo;actualit\u00e9 du CDI, &#8211; &hellip;<\/p>\n","protected":false},"author":11434,"featured_media":0,"parent":123,"menu_order":0,"comment_status":"closed","ping_status":"closed","template":"","meta":{"footnotes":""},"class_list":["post-406","page","type-page","status-publish","hentry"],"_links":{"self":[{"href":"https:\/\/etab.ac-reunion.fr\/clg-adrien-cadet\/wp-json\/wp\/v2\/pages\/406","targetHints":{"allow":["GET"]}}],"collection":[{"href":"https:\/\/etab.ac-reunion.fr\/clg-adrien-cadet\/wp-json\/wp\/v2\/pages"}],"about":[{"href":"https:\/\/etab.ac-reunion.fr\/clg-adrien-cadet\/wp-json\/wp\/v2\/types\/page"}],"author":[{"embeddable":true,"href":"https:\/\/etab.ac-reunion.fr\/clg-adrien-cadet\/wp-json\/wp\/v2\/users\/11434"}],"replies":[{"embeddable":true,"href":"https:\/\/etab.ac-reunion.fr\/clg-adrien-cadet\/wp-json\/wp\/v2\/comments?post=406"}],"version-history":[{"count":9,"href":"https:\/\/etab.ac-reunion.fr\/clg-adrien-cadet\/wp-json\/wp\/v2\/pages\/406\/revisions"}],"predecessor-version":[{"id":3395,"href":"https:\/\/etab.ac-reunion.fr\/clg-adrien-cadet\/wp-json\/wp\/v2\/pages\/406\/revisions\/3395"}],"up":[{"embeddable":true,"href":"https:\/\/etab.ac-reunion.fr\/clg-adrien-cadet\/wp-json\/wp\/v2\/pages\/123"}],"wp:attachment":[{"href":"https:\/\/etab.ac-reunion.fr\/clg-adrien-cadet\/wp-json\/wp\/v2\/media?parent=406"}],"curies":[{"name":"wp","href":"https:\/\/api.w.org\/{rel}","templated":true}]}}