{"id":4186,"date":"2024-10-10T09:11:54","date_gmt":"2024-10-10T05:11:54","guid":{"rendered":"https:\/\/etab.ac-reunion.fr\/clg-adrien-cadet\/?page_id=4186"},"modified":"2024-10-10T09:27:45","modified_gmt":"2024-10-10T05:27:45","slug":"pronote-parent","status":"publish","type":"page","link":"https:\/\/etab.ac-reunion.fr\/clg-adrien-cadet\/pronote-parent\/","title":{"rendered":"Pronote Parent"},"content":{"rendered":"<p><strong>Proc\u00e9dure de connexion \u00e0 mon compte Pronote Parent \u00e9tape par \u00e9tape :\u00a0<\/strong><\/p>\n<a href=\"https:\/\/etab.ac-reunion.fr\/clg-adrien-cadet\/wp-content\/uploads\/sites\/115\/2024\/10\/Parent-2024-2025.pdf\" class=\"pdfemb-viewer\" style=\"\" data-width=\"max\" data-height=\"max\" data-toolbar=\"bottom\" data-toolbar-fixed=\"off\">Parent 2024-2025<\/a>\n<p>&nbsp;<\/p>\n<p style=\"text-align: center\"><a href='https:\/\/educonnect.education.gouv.fr\/idp\/profile\/SAML2\/POST\/SSO?execution=e1s1' class='big-button biglightblue' target=\"_blank\">Cliquez ici pour aller sur la page internet de l&rsquo;\u00e9tape 2<\/a><\/p>\n","protected":false},"excerpt":{"rendered":"<p>Proc\u00e9dure de connexion \u00e0 mon compte Pronote Parent \u00e9tape par \u00e9tape :\u00a0 &nbsp;<\/p>\n","protected":false},"author":30086,"featured_media":0,"parent":0,"menu_order":0,"comment_status":"closed","ping_status":"closed","template":"","meta":{"footnotes":""},"class_list":["post-4186","page","type-page","status-publish","hentry"],"_links":{"self":[{"href":"https:\/\/etab.ac-reunion.fr\/clg-adrien-cadet\/wp-json\/wp\/v2\/pages\/4186","targetHints":{"allow":["GET"]}}],"collection":[{"href":"https:\/\/etab.ac-reunion.fr\/clg-adrien-cadet\/wp-json\/wp\/v2\/pages"}],"about":[{"href":"https:\/\/etab.ac-reunion.fr\/clg-adrien-cadet\/wp-json\/wp\/v2\/types\/page"}],"author":[{"embeddable":true,"href":"https:\/\/etab.ac-reunion.fr\/clg-adrien-cadet\/wp-json\/wp\/v2\/users\/30086"}],"replies":[{"embeddable":true,"href":"https:\/\/etab.ac-reunion.fr\/clg-adrien-cadet\/wp-json\/wp\/v2\/comments?post=4186"}],"version-history":[{"count":5,"href":"https:\/\/etab.ac-reunion.fr\/clg-adrien-cadet\/wp-json\/wp\/v2\/pages\/4186\/revisions"}],"predecessor-version":[{"id":4199,"href":"https:\/\/etab.ac-reunion.fr\/clg-adrien-cadet\/wp-json\/wp\/v2\/pages\/4186\/revisions\/4199"}],"wp:attachment":[{"href":"https:\/\/etab.ac-reunion.fr\/clg-adrien-cadet\/wp-json\/wp\/v2\/media?parent=4186"}],"curies":[{"name":"wp","href":"https:\/\/api.w.org\/{rel}","templated":true}]}}