{"id":4395,"date":"2025-07-01T07:51:32","date_gmt":"2025-07-01T03:51:32","guid":{"rendered":"https:\/\/etab.ac-reunion.fr\/clg-adrien-cadet\/?page_id=4395"},"modified":"2025-07-01T08:12:47","modified_gmt":"2025-07-01T04:12:47","slug":"fournitures-scolaires","status":"publish","type":"page","link":"https:\/\/etab.ac-reunion.fr\/clg-adrien-cadet\/fournitures-scolaires\/","title":{"rendered":"Fournitures Scolaires"},"content":{"rendered":"<p data-start=\"189\" data-end=\"502\">Afin de pr\u00e9parer la rentr\u00e9e dans les meilleures conditions, vous trouverez ci-dessous des boutons correspondant \u00e0 chaque niveau de classe.<br data-start=\"282\" data-end=\"285\" \/>En cliquant sur le niveau souhait\u00e9, vous acc\u00e9derez directement \u00e0 la liste des fournitures scolaires demand\u00e9es pour l\u2019ann\u00e9e.<\/p>\n<p data-start=\"189\" data-end=\"502\">\n<p data-start=\"504\" data-end=\"566\"><strong><em data-start=\"504\" data-end=\"566\">La liste compl\u00e8te des effets scolaires se trouve ci-dessous cliquez sur le niveau souhait\u00e9.<\/em><\/strong><\/p>\n<p style=\"text-align: center\"><a href='https:\/\/etab.ac-reunion.fr\/clg-adrien-cadet\/fournitures-scolaires\/6eme-fournitures\/' class='big-button biglightblue'>6\u00e8me<\/a>\u00a0 <a href='https:\/\/etab.ac-reunion.fr\/clg-adrien-cadet\/fournitures-scolaires\/5eme-fournitures\/' class='big-button biglightblue'>5\u00e8me<\/a> <a href='https:\/\/etab.ac-reunion.fr\/clg-adrien-cadet\/fournitures-scolaires\/4eme-fournitures\/' class='big-button biglightblue'>4\u00e8me<\/a> <a href='https:\/\/etab.ac-reunion.fr\/clg-adrien-cadet\/fournitures-scolaires\/3eme-fournitures\/' class='big-button biglightblue'>3\u00e8me<\/a> <a href='https:\/\/etab.ac-reunion.fr\/clg-adrien-cadet\/fournitures-scolaires\/5eme-et-4eme-ulis-fournitures\/' class='big-button biglightblue'>ULIS<\/a><\/p>\n","protected":false},"excerpt":{"rendered":"<p>Afin de pr\u00e9parer la rentr\u00e9e dans les meilleures conditions, vous trouverez ci-dessous des boutons correspondant \u00e0 chaque niveau de classe.En cliquant sur le niveau souhait\u00e9, vous acc\u00e9derez directement \u00e0 la liste des fournitures scolaires demand\u00e9es pour l\u2019ann\u00e9e. La liste compl\u00e8te des effets scolaires se trouve ci-dessous cliquez sur le niveau &hellip;<\/p>\n","protected":false},"author":30086,"featured_media":0,"parent":0,"menu_order":0,"comment_status":"closed","ping_status":"closed","template":"","meta":{"footnotes":""},"class_list":["post-4395","page","type-page","status-publish","hentry"],"_links":{"self":[{"href":"https:\/\/etab.ac-reunion.fr\/clg-adrien-cadet\/wp-json\/wp\/v2\/pages\/4395","targetHints":{"allow":["GET"]}}],"collection":[{"href":"https:\/\/etab.ac-reunion.fr\/clg-adrien-cadet\/wp-json\/wp\/v2\/pages"}],"about":[{"href":"https:\/\/etab.ac-reunion.fr\/clg-adrien-cadet\/wp-json\/wp\/v2\/types\/page"}],"author":[{"embeddable":true,"href":"https:\/\/etab.ac-reunion.fr\/clg-adrien-cadet\/wp-json\/wp\/v2\/users\/30086"}],"replies":[{"embeddable":true,"href":"https:\/\/etab.ac-reunion.fr\/clg-adrien-cadet\/wp-json\/wp\/v2\/comments?post=4395"}],"version-history":[{"count":3,"href":"https:\/\/etab.ac-reunion.fr\/clg-adrien-cadet\/wp-json\/wp\/v2\/pages\/4395\/revisions"}],"predecessor-version":[{"id":4399,"href":"https:\/\/etab.ac-reunion.fr\/clg-adrien-cadet\/wp-json\/wp\/v2\/pages\/4395\/revisions\/4399"}],"wp:attachment":[{"href":"https:\/\/etab.ac-reunion.fr\/clg-adrien-cadet\/wp-json\/wp\/v2\/media?parent=4395"}],"curies":[{"name":"wp","href":"https:\/\/api.w.org\/{rel}","templated":true}]}}