{"id":3922,"date":"2018-10-16T16:02:34","date_gmt":"2018-10-16T12:02:34","guid":{"rendered":"http:\/\/college-adrien-cerneau.ac-reunion.fr\/?page_id=3922"},"modified":"2020-05-12T10:17:04","modified_gmt":"2020-05-12T06:17:04","slug":"mot-equipe-direction","status":"publish","type":"page","link":"https:\/\/etab.ac-reunion.fr\/clg-adrien-cerneau\/mot-equipe-direction\/","title":{"rendered":"Mots de bienvenue"},"content":{"rendered":"[et_pb_section fb_built=\u00a0\u00bb1&Prime; _builder_version=\u00a0\u00bb4.4.3&Prime; custom_padding=\u00a0\u00bb2px||0px|||\u00a0\u00bb][et_pb_row _builder_version=\u00a0\u00bb4.4.3&Prime; custom_margin=\u00a0\u00bb|||55px|false|false\u00a0\u00bb custom_padding=\u00a0\u00bb5px||0px||false|false\u00a0\u00bb][et_pb_column type=\u00a0\u00bb4_4&Prime; _builder_version=\u00a0\u00bb4.4.3&Prime;][et_pb_text _builder_version=\u00a0\u00bb4.4.5&Prime; text_font=\u00a0\u00bbAlegreya SC|||on|||||\u00a0\u00bb text_font_size=\u00a0\u00bb30px\u00a0\u00bb text_letter_spacing=\u00a0\u00bb18px\u00a0\u00bb custom_margin=\u00a0\u00bb||2px|||\u00a0\u00bb text_font_size_tablet=\u00a0\u00bb\u00a0\u00bb text_font_size_phone=\u00a0\u00bb20px\u00a0\u00bb text_font_size_last_edited=\u00a0\u00bbon|phone\u00a0\u00bb text_letter_spacing_tablet=\u00a0\u00bb\u00a0\u00bb text_letter_spacing_phone=\u00a0\u00bb0px\u00a0\u00bb text_letter_spacing_last_edited=\u00a0\u00bbon|phone\u00a0\u00bb]\n<p>mot de l&rsquo;\u00e9quipe de direction\u00a0<\/p>\n[\/et_pb_text][et_pb_divider divider_style=\u00a0\u00bbdotted\u00a0\u00bb _builder_version=\u00a0\u00bb4.4.5&Prime; custom_margin=\u00a0\u00bb||-22px|||\u00a0\u00bb][\/et_pb_divider][et_pb_post_nav _builder_version=\u00a0\u00bb4.4.6&Prime;][\/et_pb_post_nav][\/et_pb_column][\/et_pb_row][\/et_pb_section][et_pb_section fb_built=\u00a0\u00bb1&Prime; _builder_version=\u00a0\u00bb3.26.8&Prime; custom_padding=\u00a0\u00bb0px|||||\u00a0\u00bb][et_pb_row _builder_version=\u00a0\u00bb3.26.8&Prime; custom_padding=\u00a0\u00bb0px|||||\u00a0\u00bb][et_pb_column type=\u00a0\u00bb4_4&Prime; _builder_version=\u00a0\u00bb3.26.8&Prime;][et_pb_testimonial author=\u00a0\u00bbL&rsquo;\u00e9quipe de direction\u00a0\u00bb company_name=\u00a0\u00bbColl\u00e8ge Adrien Cerneau, Sainte-Marie\u00a0\u00bb portrait_url=\u00a0\u00bbhttps:\/\/etab.ac-reunion.fr\/clg-adrien-cerneau\/wp-content\/uploads\/sites\/68\/2019\/08\/logo-AC2.0.1.png\u00a0\u00bb quote_icon_color=\u00a0\u00bbrgba(0,0,0,0)\u00a0\u00bb quote_icon_background_color=\u00a0\u00bbrgba(0,0,0,0)\u00a0\u00bb use_icon_font_size=\u00a0\u00bbon\u00a0\u00bb icon_font_size=\u00a0\u00bb1px\u00a0\u00bb _builder_version=\u00a0\u00bb4.4.5&Prime; author_text_color=\u00a0\u00bb#000000&Prime; company_text_color=\u00a0\u00bb#0c71c3&Prime; background_color=\u00a0\u00bb#ffffff\u00a0\u00bb text_orientation=\u00a0\u00bbjustified\u00a0\u00bb text_orientation_tablet=\u00a0\u00bb\u00a0\u00bb text_orientation_phone=\u00a0\u00bbleft\u00a0\u00bb text_orientation_last_edited=\u00a0\u00bbon|phone\u00a0\u00bb border_radii=\u00a0\u00bbon|7px|7px|7px|7px\u00a0\u00bb position_text_color__hover_enabled=\u00a0\u00bbon|desktop\u00a0\u00bb]\n<p>Bienvenus \u00e0 toutes et \u00e0 tous sur le nouveau site du coll\u00e8ge Adrien Cerneau.<\/p>\n<p>Ce site est construit par les personnels de l&rsquo;\u00e9tablissement pour tenir les familles inform\u00e9es.<\/p>\n<p>Vous y trouvez \u00e9galement des informations pratiques ainsi que l&rsquo;actualit\u00e9 de l&rsquo;\u00e9tablissement.<\/p>\n<p>Certaines pages restent \u00e0 venir, nous y travaillons.<\/p>\n<p>Nous vous invitons \u00e0 d\u00e9couvrir le coll\u00e8ge, son organisation ainsi que les projets en parcourant le site.<\/p>\n<p>Bonne visite !<\/p>\n[\/et_pb_testimonial][\/et_pb_column][\/et_pb_row][\/et_pb_section]\n","protected":false},"excerpt":{"rendered":"<p>mot de l&rsquo;\u00e9quipe de direction\u00a0Bienvenus \u00e0 toutes et \u00e0 tous sur le nouveau site du coll\u00e8ge Adrien Cerneau. Ce site est construit par les personnels de l&rsquo;\u00e9tablissement pour tenir les familles inform\u00e9es. Vous y trouvez \u00e9galement des informations pratiques ainsi que l&rsquo;actualit\u00e9 de l&rsquo;\u00e9tablissement. Certaines pages restent \u00e0 venir, nous y travaillons. Nous vous invitons [&hellip;]<\/p>\n","protected":false},"author":19616,"featured_media":0,"parent":0,"menu_order":0,"comment_status":"closed","ping_status":"closed","template":"","meta":{"_et_pb_use_builder":"on","_et_pb_old_content":"","_et_gb_content_width":"","footnotes":""},"class_list":["post-3922","page","type-page","status-publish","hentry"],"_links":{"self":[{"href":"https:\/\/etab.ac-reunion.fr\/clg-adrien-cerneau\/wp-json\/wp\/v2\/pages\/3922","targetHints":{"allow":["GET"]}}],"collection":[{"href":"https:\/\/etab.ac-reunion.fr\/clg-adrien-cerneau\/wp-json\/wp\/v2\/pages"}],"about":[{"href":"https:\/\/etab.ac-reunion.fr\/clg-adrien-cerneau\/wp-json\/wp\/v2\/types\/page"}],"author":[{"embeddable":true,"href":"https:\/\/etab.ac-reunion.fr\/clg-adrien-cerneau\/wp-json\/wp\/v2\/users\/19616"}],"replies":[{"embeddable":true,"href":"https:\/\/etab.ac-reunion.fr\/clg-adrien-cerneau\/wp-json\/wp\/v2\/comments?post=3922"}],"version-history":[{"count":44,"href":"https:\/\/etab.ac-reunion.fr\/clg-adrien-cerneau\/wp-json\/wp\/v2\/pages\/3922\/revisions"}],"predecessor-version":[{"id":9671,"href":"https:\/\/etab.ac-reunion.fr\/clg-adrien-cerneau\/wp-json\/wp\/v2\/pages\/3922\/revisions\/9671"}],"wp:attachment":[{"href":"https:\/\/etab.ac-reunion.fr\/clg-adrien-cerneau\/wp-json\/wp\/v2\/media?parent=3922"}],"curies":[{"name":"wp","href":"https:\/\/api.w.org\/{rel}","templated":true}]}}