{"id":3945,"date":"2018-10-16T16:03:24","date_gmt":"2018-10-16T12:03:24","guid":{"rendered":"http:\/\/college-adrien-cerneau.ac-reunion.fr\/?page_id=3945"},"modified":"2020-05-21T13:18:33","modified_gmt":"2020-05-21T09:18:33","slug":"presentation-du-college","status":"publish","type":"page","link":"https:\/\/etab.ac-reunion.fr\/clg-adrien-cerneau\/presentation-du-college\/","title":{"rendered":"Pr\u00e9sentation"},"content":{"rendered":"[et_pb_section fb_built=\u00a0\u00bb1&Prime; _builder_version=\u00a0\u00bb4.4.3&Prime; custom_padding=\u00a0\u00bb2px||0px|||\u00a0\u00bb][et_pb_row _builder_version=\u00a0\u00bb4.4.3&Prime; custom_margin=\u00a0\u00bb|||55px|false|false\u00a0\u00bb custom_padding=\u00a0\u00bb5px||0px||false|false\u00a0\u00bb][et_pb_column type=\u00a0\u00bb4_4&Prime; _builder_version=\u00a0\u00bb4.4.3&Prime;][et_pb_text _builder_version=\u00a0\u00bb4.4.5&Prime; text_font=\u00a0\u00bbAlegreya SC|||on|||||\u00a0\u00bb text_font_size=\u00a0\u00bb30px\u00a0\u00bb text_letter_spacing=\u00a0\u00bb18px\u00a0\u00bb custom_margin=\u00a0\u00bb||2px|||\u00a0\u00bb text_font_size_tablet=\u00a0\u00bb\u00a0\u00bb text_font_size_phone=\u00a0\u00bb20px\u00a0\u00bb text_font_size_last_edited=\u00a0\u00bbon|phone\u00a0\u00bb text_letter_spacing_tablet=\u00a0\u00bb\u00a0\u00bb text_letter_spacing_phone=\u00a0\u00bb0px\u00a0\u00bb text_letter_spacing_last_edited=\u00a0\u00bbon|phone\u00a0\u00bb]\n<p>Pr\u00e9sentation<\/p>\n[\/et_pb_text][et_pb_divider divider_style=\u00a0\u00bbdotted\u00a0\u00bb _builder_version=\u00a0\u00bb4.4.5&Prime; custom_margin=\u00a0\u00bb||-22px|||\u00a0\u00bb][\/et_pb_divider][et_pb_post_nav _builder_version=\u00a0\u00bb4.4.6&Prime;][\/et_pb_post_nav][\/et_pb_column][\/et_pb_row][\/et_pb_section][et_pb_section fb_built=\u00a0\u00bb1&Prime; _builder_version=\u00a0\u00bb4.4.5&Prime; custom_padding=\u00a0\u00bb3px||1px|||\u00a0\u00bb][et_pb_row _builder_version=\u00a0\u00bb4.4.5&Prime;][et_pb_column type=\u00a0\u00bb4_4&Prime; _builder_version=\u00a0\u00bb4.4.5&Prime;][et_pb_team_member name=\u00a0\u00bbQui e\u0301tait Adrien Cerneau ?\u00a0\u00bb position=\u00a0\u00bbColl\u00e8ge Adrien Cerneau\u00a0\u00bb image_url=\u00a0\u00bbhttps:\/\/etab.ac-reunion.fr\/clg-adrien-cerneau\/wp-content\/uploads\/sites\/68\/2020\/05\/marcel_cerneau.jpeg\u00a0\u00bb _builder_version=\u00a0\u00bb4.4.7&Prime; header_level=\u00a0\u00bbh1&Prime; position_text_color=\u00a0\u00bb#0c71c3&Prime; hover_enabled=\u00a0\u00bb0&Prime; border_radii_image=\u00a0\u00bbon|7px|7px|7px|7px\u00a0\u00bb title_text=\u00a0\u00bbmarcel_cerneau\u00a0\u00bb]\n<p><span>Adrien Cerneau est l\u2019ancien directeur de l\u2019e\u0301cole des garc\u0327ons situe\u0301e dans les locaux d\u2019origine de notre colle\u0300ge. Ne\u0301 <\/span><span>en 1871 et nomme\u0301 instituteur en 1891, Adrien Cerneau officia a\u0300 Sainte-Rose puis a\u0300 Saint-<\/span><span>Denis avant d\u2019e\u0302tre affecte\u0301 a\u0300 l\u2019e\u0301cole des garc\u0327ons de Sainte<\/span><span>&#8211;<\/span><span>Marie de 1898 jusqu\u2019a\u0300 son de\u0301ce\u0300s le <\/span><span>19\/08\/1927. <\/span><\/p>\n<p><span>Son fils Marcel Gabriel Adrien Cerneau (photo), ne\u0301 en 1905, mena une brillante carrie\u0300re politique de se\u0301nateur de la Re\u0301union (de 1955 a\u0300 1957), de de\u0301pute\u0301 (de 1957 a\u0300 1978), de pre\u0301sident du conseil ge\u0301ne\u0301ral (1966-1967) puis du conseil re\u0301gional (de 1973 a\u0300 1978).<\/span><\/p>\n<p><span>C\u2019est en hommage a\u0300 Adrien Cerneau ainsi qu\u2019a\u0300 Vincent Boyer la Girauday, ancien maire de la commune (1908<\/span><span>&#8211; 1942), que le Maire Louis Lagourgue de\u0301cida en 1966 de nommer <\/span><span>en accord avec l\u2019Inspection d\u2019acade\u0301mie <\/span><span>: <\/span><\/p>\n<p><span>\u00ab Colle\u0300ge Adrien Cerneau \u00bb <\/span><span>l\u2019ensemble constitue\u0301 du C.E.G. du centre ainsi que de l\u2019ancienne e\u0301cole des garc\u0327ons, <\/span><span>Ecole Primaire \u00ab Vincent Boyer de la Girauday \u00bb<\/span><span>, l\u2019ancien groupe s<\/span><span>colaire des filles.<\/span><\/p>\n[\/et_pb_team_member][\/et_pb_column][\/et_pb_row][et_pb_row _builder_version=\u00a0\u00bb4.4.5&Prime;][et_pb_column type=\u00a0\u00bb4_4&Prime; _builder_version=\u00a0\u00bb4.4.5&Prime;][et_pb_divider color=\u00a0\u00bb#000000&Prime; _builder_version=\u00a0\u00bb4.4.5&Prime;][\/et_pb_divider][\/et_pb_column][\/et_pb_row][\/et_pb_section][et_pb_section fb_built=\u00a0\u00bb1&Prime; _builder_version=\u00a0\u00bb4.4.5&Prime; custom_padding=\u00a0\u00bb0px||0px|||\u00a0\u00bb top_divider_color=\u00a0\u00bb#bfbfbf\u00a0\u00bb top_divider_height=\u00a0\u00bb90px\u00a0\u00bb][et_pb_row column_structure=\u00a0\u00bb3_5,2_5&Prime; _builder_version=\u00a0\u00bb3.27.2&Prime; width=\u00a0\u00bb100%\u00a0\u00bb module_alignment=\u00a0\u00bbcenter\u00a0\u00bb custom_padding=\u00a0\u00bb0px|||||\u00a0\u00bb][et_pb_column type=\u00a0\u00bb3_5&Prime; _builder_version=\u00a0\u00bb3.27.2&Prime;][et_pb_text _builder_version=\u00a0\u00bb4.4.5&Prime; text_orientation=\u00a0\u00bbcenter\u00a0\u00bb custom_margin=\u00a0\u00bb||3px|||\u00a0\u00bb custom_padding=\u00a0\u00bb0px||0px|||\u00a0\u00bb text_text_align=\u00a0\u00bbcenter\u00a0\u00bb]\n<h1>le coll\u00e8ge en photo<\/h1>\n[\/et_pb_text][et_pb_gallery gallery_ids=\u00a0\u00bb6566,6568,6569,6570,6571,6572,6573,6574,6575,6576,6577,6578,6579,6580,6581,6582,6583,6584,6585,6586,6587,6588&Prime; gallery_orderby=\u00a0\u00bbrand\u00a0\u00bb fullwidth=\u00a0\u00bbon\u00a0\u00bb _builder_version=\u00a0\u00bb3.27.2&Prime; pagination_font=\u00a0\u00bbTimes New Roman|||on|||||\u00a0\u00bb pagination_text_color=\u00a0\u00bb#0c71c3&Prime; min_height=\u00a0\u00bb30px\u00a0\u00bb][\/et_pb_gallery][\/et_pb_column][et_pb_column type=\u00a0\u00bb2_5&Prime; _builder_version=\u00a0\u00bb3.27.2&Prime;][et_pb_blurb title=\u00a0\u00bb\u00c0 savoir\u00a0\u00bb _builder_version=\u00a0\u00bb4.4.5&Prime; header_level=\u00a0\u00bbh1&Prime; text_orientation=\u00a0\u00bbcenter\u00a0\u00bb]\n<div class=\"page\" title=\"Page 7\">\n<div class=\"layoutArea\">\n<div class=\"column\">\n<p><span>Le colle\u0300ge Adrien Cerneau a ouvert en septembre 1967. Il a accueilli jusqu\u2019a\u0300 plus de 1000 e\u0301le\u0300ves au de\u0301but <\/span><span>des anne\u0301es 90.<br \/> <\/span><\/p>\n<\/div>\n<\/div>\n<\/div>\n<p>Notre coll\u00e8ge est un \u00e9tablissement de proximit\u00e9 de taille moyenne, fortement ins\u00e9r\u00e9 dans le centre-ville historique de Sainte-Marie .<\/p>\n<p>Le coll\u00e8ge fait partie du r\u00e9seau d&rsquo;\u00e9ducation prioritaire (REP) avec 3 \u00e9coles \u00e9l\u00e9mentaires. Il est \u00e9galement situ\u00e9 en zone urbaine sensible.<\/p>\n<p>Le coll\u00e8ge dispose d&rsquo;un dispositif ULIS : Unit\u00e9 Localis\u00e9e pour l\u2019Inclusion Scolaire permettant l\u2019accueil dans le coll\u00e8ge d\u2019\u00e9l\u00e8ves pr\u00e9sentant des troubles des fonctions cognitives (TFC) apr\u00e8s orientation de la MDPH.<\/p>\n<p>Gr\u00e2ce \u00e0 un projet sp\u00e9cifique de classe , la 3\u00e8me Pr\u00e9pa m\u00e9tier accompagne chaque ann\u00e9e 24 jeunes dans leur projet d&rsquo;orientation vers le lyc\u00e9e professionnel.<\/p>\n[\/et_pb_blurb][\/et_pb_column][\/et_pb_row][\/et_pb_section][et_pb_section fb_built=\u00a0\u00bb1&Prime; admin_label=\u00a0\u00bbWorkshops and Events Section\u00a0\u00bb _builder_version=\u00a0\u00bb4.4.5&Prime; custom_padding=\u00a0\u00bb1px||0px|||\u00a0\u00bb][et_pb_row column_structure=\u00a0\u00bb1_3,2_3&Prime; use_custom_gutter=\u00a0\u00bbon\u00a0\u00bb gutter_width=\u00a0\u00bb0&Prime; make_equal=\u00a0\u00bbon\u00a0\u00bb admin_label=\u00a0\u00bbWorkshops and Events Area\u00a0\u00bb module_class=\u00a0\u00bb et_pb_row_fullwidth\u00a0\u00bb _builder_version=\u00a0\u00bb4.4.5&Prime; background_color=\u00a0\u00bb#ffffff\u00a0\u00bb width=\u00a0\u00bb100%\u00a0\u00bb width_tablet=\u00a0\u00bb100%\u00a0\u00bb width_phone=\u00a0\u00bb\u00a0\u00bb width_last_edited=\u00a0\u00bbon|desktop\u00a0\u00bb max_width=\u00a0\u00bb100%\u00a0\u00bb max_width_tablet=\u00a0\u00bb100%\u00a0\u00bb max_width_phone=\u00a0\u00bb\u00a0\u00bb max_width_last_edited=\u00a0\u00bbon|desktop\u00a0\u00bb custom_margin=\u00a0\u00bb|||\u00a0\u00bb make_fullwidth=\u00a0\u00bbon\u00a0\u00bb][et_pb_column type=\u00a0\u00bb1_3&Prime; _builder_version=\u00a0\u00bb3.25&Prime; background_color=\u00a0\u00bb#efe9e4&Prime; custom_padding=\u00a0\u00bb10%|5%|10%|5%\u00a0\u00bb custom_padding__hover=\u00a0\u00bb|||\u00a0\u00bb][et_pb_divider color=\u00a0\u00bb#fdb467&Prime; divider_position=\u00a0\u00bbcenter\u00a0\u00bb divider_weight=\u00a0\u00bb3px\u00a0\u00bb _builder_version=\u00a0\u00bb3.2&Prime; max_width=\u00a0\u00bb50px\u00a0\u00bb module_alignment=\u00a0\u00bbleft\u00a0\u00bb animation_style=\u00a0\u00bbslide\u00a0\u00bb animation_direction=\u00a0\u00bbtop\u00a0\u00bb animation_intensity_slide=\u00a0\u00bb10%\u00a0\u00bb animation_starting_opacity=\u00a0\u00bb100%\u00a0\u00bb locked=\u00a0\u00bboff\u00a0\u00bb][\/et_pb_divider][et_pb_blurb title=\u00a0\u00bbUn artiste au coll\u00e8ge\u00a0\u00bb _builder_version=\u00a0\u00bb4.4.5&Prime; header_level=\u00a0\u00bbh1&Prime;]\n<pre>f\u00e9vrier 2018<\/pre>\n<p>Le coll\u00e8ge accueille un artiste en r\u00e9sidence,<strong> Gorg One<\/strong> artiste graffeur qui intervient aupr\u00e8s des \u00e9l\u00e8ves de la 6\u00e8me Bal\u00e8ares depuis le 15 f\u00e9vrier 2018. Ensemble ils cr\u00e9eront une fresque sur la th\u00e9matique de la pr\u00e9servation du lagon.<\/p>\n[\/et_pb_blurb][\/et_pb_column][et_pb_column type=\u00a0\u00bb2_3&Prime; _builder_version=\u00a0\u00bb3.25&Prime; background_image=\u00a0\u00bbhttps:\/\/etab.ac-reunion.fr\/clg-adrien-cerneau\/wp-content\/uploads\/sites\/68\/2018\/10\/02_img.jpg\u00a0\u00bb background_repeat=\u00a0\u00bbrepeat\u00a0\u00bb custom_padding=\u00a0\u00bb|||\u00a0\u00bb custom_padding__hover=\u00a0\u00bb|||\u00a0\u00bb][et_pb_divider show_divider=\u00a0\u00bboff\u00a0\u00bb _builder_version=\u00a0\u00bb4.4.5&Prime; background_color=\u00a0\u00bb#ffffff\u00a0\u00bb background_image=\u00a0\u00bbhttps:\/\/etab.ac-reunion.fr\/clg-adrien-cerneau\/wp-content\/uploads\/sites\/68\/2018\/06\/fresque.jpg\u00a0\u00bb parallax=\u00a0\u00bbon\u00a0\u00bb width=\u00a0\u00bb58%\u00a0\u00bb module_alignment=\u00a0\u00bbcenter\u00a0\u00bb height=\u00a0\u00bb189px\u00a0\u00bb custom_padding=\u00a0\u00bb|||0px||\u00a0\u00bb locked=\u00a0\u00bboff\u00a0\u00bb][\/et_pb_divider][et_pb_divider show_divider=\u00a0\u00bboff\u00a0\u00bb _builder_version=\u00a0\u00bb4.4.5&Prime; background_color=\u00a0\u00bb#ffffff\u00a0\u00bb background_image=\u00a0\u00bbhttps:\/\/etab.ac-reunion.fr\/clg-adrien-cerneau\/wp-content\/uploads\/sites\/68\/2018\/04\/debut-fresque.jpeg\u00a0\u00bb width=\u00a0\u00bb86.5%\u00a0\u00bb height=\u00a0\u00bb400px\u00a0\u00bb custom_margin=\u00a0\u00bb|-1px||||\u00a0\u00bb custom_padding=\u00a0\u00bb|0px||0px||\u00a0\u00bb locked=\u00a0\u00bboff\u00a0\u00bb][\/et_pb_divider][\/et_pb_column][\/et_pb_row][\/et_pb_section][et_pb_section fb_built=\u00a0\u00bb1&Prime; _builder_version=\u00a0\u00bb4.4.5&Prime; custom_padding=\u00a0\u00bb0px||0px|||\u00a0\u00bb][et_pb_row column_structure=\u00a0\u00bb3_5,2_5&Prime; _builder_version=\u00a0\u00bb3.25&Prime;][et_pb_column type=\u00a0\u00bb3_5&Prime; _builder_version=\u00a0\u00bb3.25&Prime; custom_padding=\u00a0\u00bb|||\u00a0\u00bb custom_padding__hover=\u00a0\u00bb|||\u00a0\u00bb][et_pb_image src=\u00a0\u00bbhttps:\/\/etab.ac-reunion.fr\/clg-adrien-cerneau\/wp-content\/uploads\/sites\/68\/2018\/10\/plan.png\u00a0\u00bb align_tablet=\u00a0\u00bbcenter\u00a0\u00bb align_phone=\u00a0\u00bb\u00a0\u00bb align_last_edited=\u00a0\u00bbon|desktop\u00a0\u00bb _builder_version=\u00a0\u00bb3.23&Prime;][\/et_pb_image][\/et_pb_column][et_pb_column type=\u00a0\u00bb2_5&Prime; _builder_version=\u00a0\u00bb3.25&Prime; custom_padding=\u00a0\u00bb|||\u00a0\u00bb custom_padding__hover=\u00a0\u00bb|||\u00a0\u00bb][et_pb_blurb title=\u00a0\u00bbPlan du coll\u00e8ge \u00a0\u00bb _builder_version=\u00a0\u00bb4.4.5&Prime; header_level=\u00a0\u00bbh1&Prime; header_text_align=\u00a0\u00bbcenter\u00a0\u00bb]\n<p>&nbsp;<\/p>\n<p>&nbsp;<\/p>\n<ul>\n<li>Un b\u00e2timent administratif<\/li>\n<li>Une infirmerie<\/li>\n<li>Un r\u00e9fectoire<\/li>\n<li>Un Bureau CPE<\/li>\n<li>Un b\u00e2timent A<\/li>\n<li>Un b\u00e2timent B<\/li>\n<li>Un\u00a0b\u00e2timent C<\/li>\n<li>Un\u00a0b\u00e2timent D<\/li>\n<li>Un b\u00e2timent E<\/li>\n<li>Un\u00a0b\u00e2timent F<\/li>\n<li>Un atelier<\/li>\n<li>Un bloc WC gar\u00e7on<\/li>\n<li>Un bloc WC fille<\/li>\n<\/ul>\n[\/et_pb_blurb][\/et_pb_column][\/et_pb_row][\/et_pb_section]\n","protected":false},"excerpt":{"rendered":"<p>Pr\u00e9sentationAdrien Cerneau est l\u2019ancien directeur de l\u2019e\u0301cole des garc\u0327ons situe\u0301e dans les locaux d\u2019origine de notre colle\u0300ge. Ne\u0301 en 1871 et nomme\u0301 instituteur en 1891, Adrien Cerneau officia a\u0300 Sainte-Rose puis a\u0300 Saint-Denis avant d\u2019e\u0302tre affecte\u0301 a\u0300 l\u2019e\u0301cole des garc\u0327ons de Sainte-Marie de 1898 jusqu\u2019a\u0300 son de\u0301ce\u0300s le 19\/08\/1927. Son fils Marcel Gabriel Adrien Cerneau [&hellip;]<\/p>\n","protected":false},"author":19616,"featured_media":0,"parent":0,"menu_order":0,"comment_status":"closed","ping_status":"closed","template":"","meta":{"_et_pb_use_builder":"on","_et_pb_old_content":"","_et_gb_content_width":"","footnotes":""},"class_list":["post-3945","page","type-page","status-publish","hentry"],"_links":{"self":[{"href":"https:\/\/etab.ac-reunion.fr\/clg-adrien-cerneau\/wp-json\/wp\/v2\/pages\/3945","targetHints":{"allow":["GET"]}}],"collection":[{"href":"https:\/\/etab.ac-reunion.fr\/clg-adrien-cerneau\/wp-json\/wp\/v2\/pages"}],"about":[{"href":"https:\/\/etab.ac-reunion.fr\/clg-adrien-cerneau\/wp-json\/wp\/v2\/types\/page"}],"author":[{"embeddable":true,"href":"https:\/\/etab.ac-reunion.fr\/clg-adrien-cerneau\/wp-json\/wp\/v2\/users\/19616"}],"replies":[{"embeddable":true,"href":"https:\/\/etab.ac-reunion.fr\/clg-adrien-cerneau\/wp-json\/wp\/v2\/comments?post=3945"}],"version-history":[{"count":89,"href":"https:\/\/etab.ac-reunion.fr\/clg-adrien-cerneau\/wp-json\/wp\/v2\/pages\/3945\/revisions"}],"predecessor-version":[{"id":9775,"href":"https:\/\/etab.ac-reunion.fr\/clg-adrien-cerneau\/wp-json\/wp\/v2\/pages\/3945\/revisions\/9775"}],"wp:attachment":[{"href":"https:\/\/etab.ac-reunion.fr\/clg-adrien-cerneau\/wp-json\/wp\/v2\/media?parent=3945"}],"curies":[{"name":"wp","href":"https:\/\/api.w.org\/{rel}","templated":true}]}}