{"id":3949,"date":"2018-10-16T16:05:03","date_gmt":"2018-10-16T12:05:03","guid":{"rendered":"http:\/\/college-adrien-cerneau.ac-reunion.fr\/?page_id=3949"},"modified":"2020-05-10T21:08:19","modified_gmt":"2020-05-10T17:08:19","slug":"horaire-du-college","status":"publish","type":"page","link":"https:\/\/etab.ac-reunion.fr\/clg-adrien-cerneau\/horaire-du-college\/","title":{"rendered":"Horaire du Coll\u00e8ge"},"content":{"rendered":"[et_pb_section fb_built=\u00a0\u00bb1&Prime; _builder_version=\u00a0\u00bb4.4.3&Prime; custom_padding=\u00a0\u00bb2px||0px|||\u00a0\u00bb][et_pb_row _builder_version=\u00a0\u00bb4.4.3&Prime; custom_margin=\u00a0\u00bb|||55px|false|false\u00a0\u00bb custom_padding=\u00a0\u00bb5px||0px||false|false\u00a0\u00bb][et_pb_column type=\u00a0\u00bb4_4&Prime; _builder_version=\u00a0\u00bb4.4.3&Prime;][et_pb_text _builder_version=\u00a0\u00bb4.4.5&Prime; text_font=\u00a0\u00bbAlegreya SC|||on|||||\u00a0\u00bb text_font_size=\u00a0\u00bb30px\u00a0\u00bb text_letter_spacing=\u00a0\u00bb18px\u00a0\u00bb custom_margin=\u00a0\u00bb||2px|||\u00a0\u00bb text_font_size_tablet=\u00a0\u00bb\u00a0\u00bb text_font_size_phone=\u00a0\u00bb20px\u00a0\u00bb text_font_size_last_edited=\u00a0\u00bbon|phone\u00a0\u00bb text_letter_spacing_tablet=\u00a0\u00bb\u00a0\u00bb text_letter_spacing_phone=\u00a0\u00bb0px\u00a0\u00bb text_letter_spacing_last_edited=\u00a0\u00bbon|phone\u00a0\u00bb]\n<p>Horaires du coll\u00e8ge<\/p>\n[\/et_pb_text][et_pb_divider divider_style=\u00a0\u00bbdotted\u00a0\u00bb _builder_version=\u00a0\u00bb4.4.5&Prime; custom_margin=\u00a0\u00bb||-22px|||\u00a0\u00bb][\/et_pb_divider][et_pb_post_nav _builder_version=\u00a0\u00bb4.4.6&Prime; hover_enabled=\u00a0\u00bb0&Prime;][\/et_pb_post_nav][\/et_pb_column][\/et_pb_row][\/et_pb_section][et_pb_section fb_built=\u00a0\u00bb1&Prime; _builder_version=\u00a0\u00bb4.4.5&Prime; custom_padding=\u00a0\u00bb0px||0px|||\u00a0\u00bb][et_pb_row _builder_version=\u00a0\u00bb4.4.5&Prime;][et_pb_column type=\u00a0\u00bb4_4&Prime; _builder_version=\u00a0\u00bb4.4.5&Prime;][et_pb_team_member name=\u00a0\u00bbLE RESPECT DE LA NOTION TEMPS\u00a0\u00bb position=\u00a0\u00bbColl\u00e8ge Adrien Cerneau\u00a0\u00bb image_url=\u00a0\u00bbhttps:\/\/etab.ac-reunion.fr\/clg-adrien-cerneau\/wp-content\/uploads\/sites\/68\/2020\/05\/heure.png\u00a0\u00bb _builder_version=\u00a0\u00bb4.4.5&Prime; header_level=\u00a0\u00bbh1&Prime; position_text_color=\u00a0\u00bb#0c71c3&Prime; border_radii_image=\u00a0\u00bbon|7px|7px|7px|7px\u00a0\u00bb]\n<p>La ponctualit\u00e9 constitue un r\u00e8gle de politesse et une obligation. Les retardataires ne seront admis en classe qu\u2019avec le carnet de liaison sign\u00e9 par le Conseiller Principal d\u2019Education. En cas de retard de plus de 5 minutes et si le motif est consid\u00e9r\u00e9 comme non valable, l\u2019autorisation d\u2019entrer en cours pourra \u00eatre refus\u00e9e, et l\u2019\u00e9l\u00e8ve sera alors accueilli en permanence. Les retards apr\u00e8s les interclassew et les r\u00e9cr\u00e9ations ne seront pas tol\u00e9r\u00e9s et entra\u00eeneront l\u2019application d\u2019une punition ou d\u2019une sanction. L\u2019\u00e9l\u00e8ve qui se pr\u00e9sente au portail apr\u00e8s l\u2019heure de fermeture, ne sera pas accept\u00e9 dans l\u2019\u00e9tablissement et devra attendre l\u2019ouverture pr\u00e9vue \u00e0 l\u2019heure suivante, sauf exceptions : probl\u00e8me de transports scolaires, \u00e9l\u00e8ve accompagn\u00e9 du responsable l\u00e9gal.<\/p>\n[\/et_pb_team_member][\/et_pb_column][\/et_pb_row][\/et_pb_section][et_pb_section fb_built=\u00a0\u00bb1&Prime; _builder_version=\u00a0\u00bb4.4.5&Prime; custom_padding=\u00a0\u00bb0px||0px|||\u00a0\u00bb][et_pb_row _builder_version=\u00a0\u00bb4.4.5&Prime; custom_padding=\u00a0\u00bb||0px|||\u00a0\u00bb][et_pb_column type=\u00a0\u00bb4_4&Prime; _builder_version=\u00a0\u00bb4.4.5&Prime;][et_pb_divider color=\u00a0\u00bb#000000&Prime; _builder_version=\u00a0\u00bb4.4.5&Prime;][\/et_pb_divider][et_pb_image src=\u00a0\u00bbhttps:\/\/etab.ac-reunion.fr\/clg-adrien-cerneau\/wp-content\/uploads\/sites\/68\/2019\/08\/Capture-d\u2019e\u0301cran-2019-08-18-a\u0300-23.14.10.png\u00a0\u00bb title_text=\u00a0\u00bbhoraire\u00a0\u00bb align=\u00a0\u00bbcenter\u00a0\u00bb _builder_version=\u00a0\u00bb4.4.5&Prime;][\/et_pb_image][\/et_pb_column][\/et_pb_row][\/et_pb_section]\n","protected":false},"excerpt":{"rendered":"<p>Horaires du coll\u00e8geLa ponctualit\u00e9 constitue un r\u00e8gle de politesse et une obligation. Les retardataires ne seront admis en classe qu\u2019avec le carnet de liaison sign\u00e9 par le Conseiller Principal d\u2019Education. En cas de retard de plus de 5 minutes et si le motif est consid\u00e9r\u00e9 comme non valable, l\u2019autorisation d\u2019entrer en cours pourra \u00eatre refus\u00e9e, [&hellip;]<\/p>\n","protected":false},"author":19616,"featured_media":0,"parent":0,"menu_order":0,"comment_status":"closed","ping_status":"closed","template":"","meta":{"_et_pb_use_builder":"on","_et_pb_old_content":"","_et_gb_content_width":"","footnotes":""},"class_list":["post-3949","page","type-page","status-publish","hentry"],"_links":{"self":[{"href":"https:\/\/etab.ac-reunion.fr\/clg-adrien-cerneau\/wp-json\/wp\/v2\/pages\/3949","targetHints":{"allow":["GET"]}}],"collection":[{"href":"https:\/\/etab.ac-reunion.fr\/clg-adrien-cerneau\/wp-json\/wp\/v2\/pages"}],"about":[{"href":"https:\/\/etab.ac-reunion.fr\/clg-adrien-cerneau\/wp-json\/wp\/v2\/types\/page"}],"author":[{"embeddable":true,"href":"https:\/\/etab.ac-reunion.fr\/clg-adrien-cerneau\/wp-json\/wp\/v2\/users\/19616"}],"replies":[{"embeddable":true,"href":"https:\/\/etab.ac-reunion.fr\/clg-adrien-cerneau\/wp-json\/wp\/v2\/comments?post=3949"}],"version-history":[{"count":32,"href":"https:\/\/etab.ac-reunion.fr\/clg-adrien-cerneau\/wp-json\/wp\/v2\/pages\/3949\/revisions"}],"predecessor-version":[{"id":9575,"href":"https:\/\/etab.ac-reunion.fr\/clg-adrien-cerneau\/wp-json\/wp\/v2\/pages\/3949\/revisions\/9575"}],"wp:attachment":[{"href":"https:\/\/etab.ac-reunion.fr\/clg-adrien-cerneau\/wp-json\/wp\/v2\/media?parent=3949"}],"curies":[{"name":"wp","href":"https:\/\/api.w.org\/{rel}","templated":true}]}}