{"id":3961,"date":"2018-10-16T16:10:51","date_gmt":"2018-10-16T12:10:51","guid":{"rendered":"http:\/\/college-adrien-cerneau.ac-reunion.fr\/?page_id=3961"},"modified":"2024-07-09T14:21:05","modified_gmt":"2024-07-09T10:21:05","slug":"nous-contacter","status":"publish","type":"page","link":"https:\/\/etab.ac-reunion.fr\/clg-adrien-cerneau\/nous-contacter\/","title":{"rendered":"Nous Contacter"},"content":{"rendered":"[et_pb_section fb_built=\u00a0\u00bb1&Prime; _builder_version=\u00a0\u00bb4.16&Prime; custom_padding=\u00a0\u00bb2px||0px|||\u00a0\u00bb global_colors_info=\u00a0\u00bb{}\u00a0\u00bb][et_pb_row _builder_version=\u00a0\u00bb4.16&Prime; custom_margin=\u00a0\u00bb|||55px|false|false\u00a0\u00bb custom_padding=\u00a0\u00bb5px||0px||false|false\u00a0\u00bb global_colors_info=\u00a0\u00bb{}\u00a0\u00bb][et_pb_column type=\u00a0\u00bb4_4&Prime; _builder_version=\u00a0\u00bb4.16&Prime; global_colors_info=\u00a0\u00bb{}\u00a0\u00bb][et_pb_text _builder_version=\u00a0\u00bb4.16&Prime; text_font=\u00a0\u00bbAlegreya SC|||on|||||\u00a0\u00bb text_font_size=\u00a0\u00bb30px\u00a0\u00bb text_letter_spacing=\u00a0\u00bb18px\u00a0\u00bb custom_margin=\u00a0\u00bb||2px|||\u00a0\u00bb text_font_size_tablet=\u00a0\u00bb\u00a0\u00bb text_font_size_phone=\u00a0\u00bb20px\u00a0\u00bb text_font_size_last_edited=\u00a0\u00bbon|phone\u00a0\u00bb text_letter_spacing_tablet=\u00a0\u00bb\u00a0\u00bb text_letter_spacing_phone=\u00a0\u00bb0px\u00a0\u00bb text_letter_spacing_last_edited=\u00a0\u00bbon|phone\u00a0\u00bb global_colors_info=\u00a0\u00bb{}\u00a0\u00bb]\n<p>Nous contacter<\/p>\n[\/et_pb_text][et_pb_divider divider_style=\u00a0\u00bbdotted\u00a0\u00bb _builder_version=\u00a0\u00bb4.16&Prime; custom_margin=\u00a0\u00bb||-22px|||\u00a0\u00bb global_colors_info=\u00a0\u00bb{}\u00a0\u00bb][\/et_pb_divider][et_pb_post_nav show_next=\u00a0\u00bboff\u00a0\u00bb _builder_version=\u00a0\u00bb4.16&Prime; global_colors_info=\u00a0\u00bb{}\u00a0\u00bb][\/et_pb_post_nav][\/et_pb_column][\/et_pb_row][\/et_pb_section][et_pb_section fb_built=\u00a0\u00bb1&Prime; _builder_version=\u00a0\u00bb4.16&Prime; custom_padding=\u00a0\u00bb0px||0px|||\u00a0\u00bb global_colors_info=\u00a0\u00bb{}\u00a0\u00bb][et_pb_row _builder_version=\u00a0\u00bb4.16&Prime; global_colors_info=\u00a0\u00bb{}\u00a0\u00bb][et_pb_column type=\u00a0\u00bb4_4&Prime; _builder_version=\u00a0\u00bb4.16&Prime; global_colors_info=\u00a0\u00bb{}\u00a0\u00bb][et_pb_text _builder_version=\u00a0\u00bb4.16&Prime; text_orientation=\u00a0\u00bbcenter\u00a0\u00bb custom_margin=\u00a0\u00bb||1px|||\u00a0\u00bb text_orientation_tablet=\u00a0\u00bb\u00a0\u00bb text_orientation_phone=\u00a0\u00bbcenter\u00a0\u00bb text_orientation_last_edited=\u00a0\u00bbon|desktop\u00a0\u00bb global_colors_info=\u00a0\u00bb{}\u00a0\u00bb]\n<h1>coll\u00e8ge adrien cerneau<\/h1>\n<p>1, rue No\u00ebl Tessier, 97438 Sainte-Marie<\/p>\n[\/et_pb_text][et_pb_divider color=\u00a0\u00bb#e09900&Prime; divider_position=\u00a0\u00bbcenter\u00a0\u00bb _builder_version=\u00a0\u00bb4.16&Prime; max_width=\u00a0\u00bb25%\u00a0\u00bb module_alignment=\u00a0\u00bbcenter\u00a0\u00bb custom_margin=\u00a0\u00bb||1px|||\u00a0\u00bb global_colors_info=\u00a0\u00bb{}\u00a0\u00bb][\/et_pb_divider][\/et_pb_column][\/et_pb_row][et_pb_row column_structure=\u00a0\u00bb1_2,1_2&Prime; _builder_version=\u00a0\u00bb4.16&Prime; custom_padding=\u00a0\u00bb4px||3px|||\u00a0\u00bb global_colors_info=\u00a0\u00bb{}\u00a0\u00bb][et_pb_column type=\u00a0\u00bb1_2&Prime; _builder_version=\u00a0\u00bb4.16&Prime; global_colors_info=\u00a0\u00bb{}\u00a0\u00bb][et_pb_text disabled_on=\u00a0\u00bboff|off|off\u00a0\u00bb _builder_version=\u00a0\u00bb4.16&Prime; text_font_size=\u00a0\u00bb12px\u00a0\u00bb header_text_color=\u00a0\u00bb#0c71c3&Prime; header_2_font=\u00a0\u00bb||||||||\u00a0\u00bb header_3_font=\u00a0\u00bbPlayfair Display|700||on|||||\u00a0\u00bb header_3_text_color=\u00a0\u00bb#ff9f3f\u00a0\u00bb header_3_letter_spacing=\u00a0\u00bb3px\u00a0\u00bb header_3_line_height=\u00a0\u00bb1.5em\u00a0\u00bb header_4_font=\u00a0\u00bb||||||||\u00a0\u00bb background_color=\u00a0\u00bb#ffffff\u00a0\u00bb text_orientation=\u00a0\u00bbcenter\u00a0\u00bb module_alignment=\u00a0\u00bbcenter\u00a0\u00bb custom_margin=\u00a0\u00bb||-1px|||\u00a0\u00bb custom_padding=\u00a0\u00bb0px|30px|0px|30px|false|false\u00a0\u00bb animation_direction=\u00a0\u00bbbottom\u00a0\u00bb global_colors_info=\u00a0\u00bb{}\u00a0\u00bb]\n<h1>\u00a0t\u00e9l\u00e9phone<\/h1>\n<h2><b>0262 53 40 54<\/b><\/h2>\n[\/et_pb_text][et_pb_text disabled_on=\u00a0\u00bboff|on|on\u00a0\u00bb _builder_version=\u00a0\u00bb4.16&Prime; text_font_size=\u00a0\u00bb12px\u00a0\u00bb text_orientation=\u00a0\u00bbcenter\u00a0\u00bb global_colors_info=\u00a0\u00bb{}\u00a0\u00bb]\n<p><em>cliquez sur le num\u00e9ro pour appeler\u00a0<\/em><\/p>\n[\/et_pb_text][\/et_pb_column][et_pb_column type=\u00a0\u00bb1_2&Prime; _builder_version=\u00a0\u00bb4.16&Prime; global_colors_info=\u00a0\u00bb{}\u00a0\u00bb][et_pb_text disabled_on=\u00a0\u00bboff|off|off\u00a0\u00bb _builder_version=\u00a0\u00bb4.16&Prime; text_font_size=\u00a0\u00bb12px\u00a0\u00bb header_text_color=\u00a0\u00bb#0c71c3&Prime; header_2_font=\u00a0\u00bb||||||||\u00a0\u00bb header_3_font=\u00a0\u00bbPlayfair Display|700||on|||||\u00a0\u00bb header_3_text_color=\u00a0\u00bb#ff9f3f\u00a0\u00bb header_3_letter_spacing=\u00a0\u00bb3px\u00a0\u00bb header_3_line_height=\u00a0\u00bb1.5em\u00a0\u00bb header_4_font=\u00a0\u00bb||||||||\u00a0\u00bb background_color=\u00a0\u00bb#ffffff\u00a0\u00bb text_orientation=\u00a0\u00bbcenter\u00a0\u00bb module_alignment=\u00a0\u00bbcenter\u00a0\u00bb custom_margin=\u00a0\u00bb||-1px|||\u00a0\u00bb custom_padding=\u00a0\u00bb0px|30px|0px|30px|false|false\u00a0\u00bb animation_direction=\u00a0\u00bbbottom\u00a0\u00bb global_colors_info=\u00a0\u00bb{}\u00a0\u00bb]\n<h1>\u00a0 \u00a0fax<\/h1>\n<h2><b>0262 53 45 31<\/b><\/h2>\n[\/et_pb_text][\/et_pb_column][\/et_pb_row][\/et_pb_section][et_pb_section fb_built=\u00a0\u00bb1&Prime; _builder_version=\u00a0\u00bb4.16&Prime; custom_padding=\u00a0\u00bb0px||0px|||\u00a0\u00bb global_colors_info=\u00a0\u00bb{}\u00a0\u00bb][et_pb_row _builder_version=\u00a0\u00bb4.16&Prime; custom_padding=\u00a0\u00bb3px|||||\u00a0\u00bb global_colors_info=\u00a0\u00bb{}\u00a0\u00bb][et_pb_column type=\u00a0\u00bb4_4&Prime; _builder_version=\u00a0\u00bb4.16&Prime; global_colors_info=\u00a0\u00bb{}\u00a0\u00bb][et_pb_text _builder_version=\u00a0\u00bb4.16&Prime; header_text_color=\u00a0\u00bb#0c71c3&Prime; header_2_font=\u00a0\u00bb||||||||\u00a0\u00bb header_3_font=\u00a0\u00bbPlayfair Display|700||on|||||\u00a0\u00bb header_3_text_color=\u00a0\u00bb#ff9f3f\u00a0\u00bb header_3_letter_spacing=\u00a0\u00bb3px\u00a0\u00bb header_3_line_height=\u00a0\u00bb1.5em\u00a0\u00bb header_4_font=\u00a0\u00bb||||||||\u00a0\u00bb background_color=\u00a0\u00bb#ffffff\u00a0\u00bb text_orientation=\u00a0\u00bbcenter\u00a0\u00bb module_alignment=\u00a0\u00bbleft\u00a0\u00bb custom_margin=\u00a0\u00bb||0px||false|false\u00a0\u00bb custom_padding=\u00a0\u00bb0px|30px|0px|30px||\u00a0\u00bb animation_direction=\u00a0\u00bbbottom\u00a0\u00bb global_colors_info=\u00a0\u00bb{}\u00a0\u00bb]\n<h1>Courriel<\/h1>\n[\/et_pb_text][et_pb_text _builder_version=\u00a0\u00bb4.16&Prime; text_font=\u00a0\u00bb||on||||||\u00a0\u00bb text_font_size=\u00a0\u00bb15px\u00a0\u00bb global_colors_info=\u00a0\u00bb{}\u00a0\u00bb]\n<p style=\"text-align: center\"><span style=\"font-size: x-large\"><strong>ce.9740022f@ac-reunion.fr<\/strong><\/span><\/p>\n<p class=\"\" style=\"text-align: justify\">[\/et_pb_text][\/et_pb_column][\/et_pb_row][\/et_pb_section]\n","protected":false},"excerpt":{"rendered":"<p>Nous contactercoll\u00e8ge adrien cerneau 1, rue No\u00ebl Tessier, 97438 Sainte-Marie\u00a0t\u00e9l\u00e9phone 0262 53 40 54cliquez sur le num\u00e9ro pour appeler\u00a0\u00a0 \u00a0fax 0262 53 45 31Courrielce.9740022f@ac-reunion.fr<\/p>\n","protected":false},"author":19616,"featured_media":0,"parent":0,"menu_order":0,"comment_status":"closed","ping_status":"closed","template":"","meta":{"_et_pb_use_builder":"on","_et_pb_old_content":"","_et_gb_content_width":"","footnotes":""},"class_list":["post-3961","page","type-page","status-publish","hentry"],"_links":{"self":[{"href":"https:\/\/etab.ac-reunion.fr\/clg-adrien-cerneau\/wp-json\/wp\/v2\/pages\/3961","targetHints":{"allow":["GET"]}}],"collection":[{"href":"https:\/\/etab.ac-reunion.fr\/clg-adrien-cerneau\/wp-json\/wp\/v2\/pages"}],"about":[{"href":"https:\/\/etab.ac-reunion.fr\/clg-adrien-cerneau\/wp-json\/wp\/v2\/types\/page"}],"author":[{"embeddable":true,"href":"https:\/\/etab.ac-reunion.fr\/clg-adrien-cerneau\/wp-json\/wp\/v2\/users\/19616"}],"replies":[{"embeddable":true,"href":"https:\/\/etab.ac-reunion.fr\/clg-adrien-cerneau\/wp-json\/wp\/v2\/comments?post=3961"}],"version-history":[{"count":87,"href":"https:\/\/etab.ac-reunion.fr\/clg-adrien-cerneau\/wp-json\/wp\/v2\/pages\/3961\/revisions"}],"predecessor-version":[{"id":11679,"href":"https:\/\/etab.ac-reunion.fr\/clg-adrien-cerneau\/wp-json\/wp\/v2\/pages\/3961\/revisions\/11679"}],"wp:attachment":[{"href":"https:\/\/etab.ac-reunion.fr\/clg-adrien-cerneau\/wp-json\/wp\/v2\/media?parent=3961"}],"curies":[{"name":"wp","href":"https:\/\/api.w.org\/{rel}","templated":true}]}}