{"id":4184,"date":"2018-10-16T16:11:45","date_gmt":"2018-10-16T12:11:45","guid":{"rendered":"http:\/\/college-adrien-cerneau.ac-reunion.fr\/?page_id=4184"},"modified":"2020-05-11T13:59:33","modified_gmt":"2020-05-11T09:59:33","slug":"affaires-financiere","status":"publish","type":"page","link":"https:\/\/etab.ac-reunion.fr\/clg-adrien-cerneau\/affaires-financiere\/","title":{"rendered":"Affaires Financi\u00e8re"},"content":{"rendered":"[et_pb_section fb_built=\u00a0\u00bb1&Prime; _builder_version=\u00a0\u00bb4.4.3&Prime; custom_padding=\u00a0\u00bb2px||0px|||\u00a0\u00bb][et_pb_row _builder_version=\u00a0\u00bb4.4.3&Prime; custom_margin=\u00a0\u00bb|||55px|false|false\u00a0\u00bb custom_padding=\u00a0\u00bb5px||0px||false|false\u00a0\u00bb][et_pb_column type=\u00a0\u00bb4_4&Prime; _builder_version=\u00a0\u00bb4.4.3&Prime;][et_pb_text _builder_version=\u00a0\u00bb4.4.5&Prime; text_font=\u00a0\u00bbAlegreya SC|||on|||||\u00a0\u00bb text_font_size=\u00a0\u00bb30px\u00a0\u00bb text_letter_spacing=\u00a0\u00bb18px\u00a0\u00bb custom_margin=\u00a0\u00bb||2px|||\u00a0\u00bb text_font_size_tablet=\u00a0\u00bb\u00a0\u00bb text_font_size_phone=\u00a0\u00bb20px\u00a0\u00bb text_font_size_last_edited=\u00a0\u00bbon|phone\u00a0\u00bb text_letter_spacing_tablet=\u00a0\u00bb\u00a0\u00bb text_letter_spacing_phone=\u00a0\u00bb0px\u00a0\u00bb text_letter_spacing_last_edited=\u00a0\u00bbon|phone\u00a0\u00bb]\n<p>Affaires financi\u00e8res<\/p>\n[\/et_pb_text][et_pb_divider divider_style=\u00a0\u00bbdotted\u00a0\u00bb _builder_version=\u00a0\u00bb4.4.5&Prime; custom_margin=\u00a0\u00bb||-22px|||\u00a0\u00bb][\/et_pb_divider][et_pb_post_nav show_prev=\u00a0\u00bboff\u00a0\u00bb _builder_version=\u00a0\u00bb4.4.6&Prime;][\/et_pb_post_nav][\/et_pb_column][\/et_pb_row][\/et_pb_section][et_pb_section fb_built=\u00a0\u00bb1&Prime; _builder_version=\u00a0\u00bb4.4.5&Prime; custom_padding=\u00a0\u00bb0px||0px|||\u00a0\u00bb][et_pb_row disabled_on=\u00a0\u00bboff|off|off\u00a0\u00bb _builder_version=\u00a0\u00bb4.4.5&Prime;][et_pb_column type=\u00a0\u00bb4_4&Prime; _builder_version=\u00a0\u00bb4.4.5&Prime;][et_pb_team_member name=\u00a0\u00bbQu&rsquo;est-ce que la daf ?\u00a0\u00bb position=\u00a0\u00bbColl\u00e8ge Adrien Cerneau\u00a0\u00bb image_url=\u00a0\u00bbhttps:\/\/etab.ac-reunion.fr\/clg-adrien-cerneau\/wp-content\/uploads\/sites\/68\/2020\/05\/finance-scaled.jpg\u00a0\u00bb _builder_version=\u00a0\u00bb4.4.5&Prime; header_level=\u00a0\u00bbh1&Prime; position_text_color=\u00a0\u00bb#0c71c3&Prime; body_link_font=\u00a0\u00bb||on||on||||\u00a0\u00bb border_radii_image=\u00a0\u00bbon|7px|7px|7px|7px\u00a0\u00bb]\n<p><span>La<span style=\"color: #ff0000\"> direction des affaires financi\u00e8res<\/span> coordonne la pr\u00e9paration du budget de la mission interminist\u00e9rielle \u00ab\u00a0enseignement scolaire\u00a0\u00bb et de la mission interminist\u00e9rielle \u00ab\u00a0recherche et enseignement sup\u00e9rieur\u00a0\u00bb.<\/span><\/p>\n<ul>\n<li>Elle assure le suivi budg\u00e9taire, financier et comptable des \u00e9tablissements publics relevant du minist\u00e8re de l&rsquo;\u00e9ducation nationale, de l&rsquo;enseignement sup\u00e9rieur et de la recherche.<\/li>\n<li>Elle coordonne l&rsquo;\u00e9laboration des textes relatifs \u00e0 l&rsquo;organisation budg\u00e9taire, financi\u00e8re et comptable de ces \u00e9tablissements.<\/li>\n<li>Elle conduit l&rsquo;expertise technique et financi\u00e8re des projets statutaires et indemnitaires pour l&rsquo;ensemble des personnels.<\/li>\n<li>Elle analyse le co\u00fbt des actions men\u00e9es par le minist\u00e8re et r\u00e9alise des \u00e9tudes financi\u00e8res.<a href=\"https:\/\/primabord.eduscol.education.fr\/une-charte-des-usages-numeriques-a-l-ecole\">source<\/a><\/li>\n<\/ul>\n[\/et_pb_team_member][\/et_pb_column][\/et_pb_row][\/et_pb_section][et_pb_section fb_built=\u00a0\u00bb1&Prime; _builder_version=\u00a0\u00bb4.4.5&Prime; custom_padding=\u00a0\u00bb0px||0px|||\u00a0\u00bb][et_pb_row _builder_version=\u00a0\u00bb4.4.5&Prime;][et_pb_column type=\u00a0\u00bb4_4&Prime; _builder_version=\u00a0\u00bb4.4.5&Prime;][et_pb_divider color=\u00a0\u00bb#000000&Prime; _builder_version=\u00a0\u00bb4.4.5&Prime;][\/et_pb_divider][\/et_pb_column][\/et_pb_row][\/et_pb_section]\n","protected":false},"excerpt":{"rendered":"<p>Affaires financi\u00e8resLa direction des affaires financi\u00e8res coordonne la pr\u00e9paration du budget de la mission interminist\u00e9rielle \u00ab\u00a0enseignement scolaire\u00a0\u00bb et de la mission interminist\u00e9rielle \u00ab\u00a0recherche et enseignement sup\u00e9rieur\u00a0\u00bb. Elle assure le suivi budg\u00e9taire, financier et comptable des \u00e9tablissements publics relevant du minist\u00e8re de l&rsquo;\u00e9ducation nationale, de l&rsquo;enseignement sup\u00e9rieur et de la recherche. Elle coordonne l&rsquo;\u00e9laboration des textes [&hellip;]<\/p>\n","protected":false},"author":19616,"featured_media":0,"parent":0,"menu_order":0,"comment_status":"closed","ping_status":"closed","template":"","meta":{"_et_pb_use_builder":"on","_et_pb_old_content":"","_et_gb_content_width":"","footnotes":""},"class_list":["post-4184","page","type-page","status-publish","hentry"],"_links":{"self":[{"href":"https:\/\/etab.ac-reunion.fr\/clg-adrien-cerneau\/wp-json\/wp\/v2\/pages\/4184","targetHints":{"allow":["GET"]}}],"collection":[{"href":"https:\/\/etab.ac-reunion.fr\/clg-adrien-cerneau\/wp-json\/wp\/v2\/pages"}],"about":[{"href":"https:\/\/etab.ac-reunion.fr\/clg-adrien-cerneau\/wp-json\/wp\/v2\/types\/page"}],"author":[{"embeddable":true,"href":"https:\/\/etab.ac-reunion.fr\/clg-adrien-cerneau\/wp-json\/wp\/v2\/users\/19616"}],"replies":[{"embeddable":true,"href":"https:\/\/etab.ac-reunion.fr\/clg-adrien-cerneau\/wp-json\/wp\/v2\/comments?post=4184"}],"version-history":[{"count":22,"href":"https:\/\/etab.ac-reunion.fr\/clg-adrien-cerneau\/wp-json\/wp\/v2\/pages\/4184\/revisions"}],"predecessor-version":[{"id":9629,"href":"https:\/\/etab.ac-reunion.fr\/clg-adrien-cerneau\/wp-json\/wp\/v2\/pages\/4184\/revisions\/9629"}],"wp:attachment":[{"href":"https:\/\/etab.ac-reunion.fr\/clg-adrien-cerneau\/wp-json\/wp\/v2\/media?parent=4184"}],"curies":[{"name":"wp","href":"https:\/\/api.w.org\/{rel}","templated":true}]}}