{"id":4625,"date":"2018-10-16T16:12:26","date_gmt":"2018-10-16T12:12:26","guid":{"rendered":"http:\/\/college-adrien-cerneau.ac-reunion.fr\/?page_id=4625"},"modified":"2020-07-02T20:08:00","modified_gmt":"2020-07-02T16:08:00","slug":"inscription","status":"publish","type":"page","link":"https:\/\/etab.ac-reunion.fr\/clg-adrien-cerneau\/inscription\/","title":{"rendered":"Inscription"},"content":{"rendered":"[et_pb_section fb_built=\u00a0\u00bb1&Prime; _builder_version=\u00a0\u00bb4.4.3&Prime; custom_padding=\u00a0\u00bb2px||0px|||\u00a0\u00bb][et_pb_row _builder_version=\u00a0\u00bb4.4.3&Prime; custom_margin=\u00a0\u00bb|||55px|false|false\u00a0\u00bb custom_padding=\u00a0\u00bb5px||0px||false|false\u00a0\u00bb][et_pb_column type=\u00a0\u00bb4_4&Prime; _builder_version=\u00a0\u00bb4.4.3&Prime;][et_pb_text _builder_version=\u00a0\u00bb4.4.5&Prime; text_font=\u00a0\u00bbAlegreya SC|||on|||||\u00a0\u00bb text_font_size=\u00a0\u00bb30px\u00a0\u00bb text_letter_spacing=\u00a0\u00bb18px\u00a0\u00bb custom_margin=\u00a0\u00bb||2px|||\u00a0\u00bb text_font_size_tablet=\u00a0\u00bb\u00a0\u00bb text_font_size_phone=\u00a0\u00bb20px\u00a0\u00bb text_font_size_last_edited=\u00a0\u00bbon|phone\u00a0\u00bb text_letter_spacing_tablet=\u00a0\u00bb\u00a0\u00bb text_letter_spacing_phone=\u00a0\u00bb0px\u00a0\u00bb text_letter_spacing_last_edited=\u00a0\u00bbon|phone\u00a0\u00bb]\n<p>Inscription<\/p>\n[\/et_pb_text][et_pb_divider divider_style=\u00a0\u00bbdotted\u00a0\u00bb _builder_version=\u00a0\u00bb4.4.5&Prime; custom_margin=\u00a0\u00bb||-22px|||\u00a0\u00bb][\/et_pb_divider][et_pb_post_nav _builder_version=\u00a0\u00bb4.4.6&Prime;][\/et_pb_post_nav][\/et_pb_column][\/et_pb_row][\/et_pb_section][et_pb_section fb_built=\u00a0\u00bb1&Prime; _builder_version=\u00a0\u00bb4.4.5&Prime; custom_padding=\u00a0\u00bb0px||0px|||\u00a0\u00bb][et_pb_row _builder_version=\u00a0\u00bb4.4.5&Prime;][et_pb_column type=\u00a0\u00bb4_4&Prime; _builder_version=\u00a0\u00bb4.4.5&Prime;][et_pb_team_member name=\u00a0\u00bbInscription en sixi\u00e8me\u00a0\u00bb position=\u00a0\u00bbColl\u00e8ge Adrien Cerneau\u00a0\u00bb image_url=\u00a0\u00bbhttps:\/\/etab.ac-reunion.fr\/clg-adrien-cerneau\/wp-content\/uploads\/sites\/68\/2020\/05\/inscription-scaled.jpg\u00a0\u00bb _builder_version=\u00a0\u00bb4.4.5&Prime; header_level=\u00a0\u00bbh1&Prime; header_font_size=\u00a0\u00bb30px\u00a0\u00bb position_text_color=\u00a0\u00bb#0c71c3&Prime; body_link_font=\u00a0\u00bb||on||on||||\u00a0\u00bb text_orientation=\u00a0\u00bbjustified\u00a0\u00bb text_orientation_tablet=\u00a0\u00bb\u00a0\u00bb text_orientation_phone=\u00a0\u00bbleft\u00a0\u00bb text_orientation_last_edited=\u00a0\u00bbon|phone\u00a0\u00bb border_radii_image=\u00a0\u00bbon|7px|7px|7px|7px\u00a0\u00bb]\n<p style=\"text-align: justify\"><strong><\/strong><\/p>\n<p><strong>Un dossier d&rsquo;inscription est donn\u00e9 \u00e0 votre enfant par le coll\u00e8ge d&rsquo;affectation<\/strong>. Remplissez-le au besoin avec l&rsquo;aide de l&rsquo;enseignant, voire du directeur d&rsquo;\u00e9cole.<\/p>\n<p>Des r\u00e9unions d&rsquo;information peuvent \u00eatre organis\u00e9es par les enseignants de l&rsquo;\u00e9cole et par les \u00e9quipes \u00e9ducatives et p\u00e9dagogiques du coll\u00e8ge pour vous pr\u00e9ciser les choix qui sont offerts \u00e0 votre enfant.<\/p>\n<p><strong>On vous demandera de choisir<\/strong>\u00a0:<\/p>\n<ul>\n<li>le r\u00e9gime de votre enfant (demi-pension, externe)<\/li>\n<li>la premi\u00e8re langue \u00e9trang\u00e8re<\/li>\n<li>si vous d\u00e9sirez lui faire suivre un enseignement facultatif de langue et culture r\u00e9gionales<\/li>\n<\/ul>\n<p>Le coll\u00e8ge vous pr\u00e9cisera les modalit\u00e9s de d\u00e9p\u00f4t du dossier. Il est important de confirmer son inscription aupr\u00e8s de l&rsquo;\u00e9tablissement, sous peine de perdre la place r\u00e9serv\u00e9e dans le coll\u00e8ge o\u00f9 votre enfant est admis.<a href=\"https:\/\/www.education.gouv.fr\/l-inscription-au-college-11987\">source<\/a><\/p>\n[\/et_pb_team_member][\/et_pb_column][\/et_pb_row][\/et_pb_section][et_pb_section fb_built=\u00a0\u00bb1&Prime; _builder_version=\u00a0\u00bb4.4.5&Prime; custom_padding=\u00a0\u00bb0px||0px|||\u00a0\u00bb][et_pb_row _builder_version=\u00a0\u00bb4.4.5&Prime; custom_padding=\u00a0\u00bb||1px|||\u00a0\u00bb][et_pb_column type=\u00a0\u00bb4_4&Prime; _builder_version=\u00a0\u00bb4.4.5&Prime;][et_pb_divider color=\u00a0\u00bb#000000&Prime; _builder_version=\u00a0\u00bb4.4.5&Prime;][\/et_pb_divider][\/et_pb_column][\/et_pb_row][et_pb_row column_structure=\u00a0\u00bb2_3,1_3&Prime; use_custom_gutter=\u00a0\u00bbon\u00a0\u00bb gutter_width=\u00a0\u00bb3&Prime; _builder_version=\u00a0\u00bb4.4.5&Prime; module_alignment=\u00a0\u00bbcenter\u00a0\u00bb custom_padding=\u00a0\u00bb|||15px|false|false\u00a0\u00bb][et_pb_column type=\u00a0\u00bb2_3&Prime; _builder_version=\u00a0\u00bb4.4.5&Prime;][et_pb_team_member name=\u00a0\u00bbInscription apr\u00e8s un changement de domicile\u00a0\u00bb position=\u00a0\u00bbColl\u00e8ge Adrien Cerneau\u00a0\u00bb _builder_version=\u00a0\u00bb4.4.5&Prime; header_level=\u00a0\u00bbh1&Prime; position_text_color=\u00a0\u00bb#0c71c3&Prime; body_link_font=\u00a0\u00bb||on||on||||\u00a0\u00bb text_orientation=\u00a0\u00bbjustified\u00a0\u00bb text_orientation_tablet=\u00a0\u00bb\u00a0\u00bb text_orientation_phone=\u00a0\u00bbleft\u00a0\u00bb text_orientation_last_edited=\u00a0\u00bbon|desktop\u00a0\u00bb border_radii_image=\u00a0\u00bbon|7px|7px|7px|7px\u00a0\u00bb]\n<p>Assurez-vous que votre enfant sois administrativement radi\u00e9 de l&rsquo;ancien \u00e9tablissement et que\u00a0 le coll\u00e8ge de choix soit <strong>le coll\u00e8ge du secteur g\u00e9ographique de votre nouveau\u00a0 domicile<\/strong>.<a href=\"https:\/\/www.education.gouv.fr\/l-inscription-au-college-11987\">source<\/a><\/p>\n<p>Vous devez faire une demande d&rsquo;inscription \u00e9crite au Chef d&rsquo;\u00e9tablissement. La demande sera examin\u00e9e et une r\u00e9ponse vous sera donn\u00e9 dans les jours \u00e0 venir.<\/p>\n<p><strong>Apr\u00e8s la validation on vous demandera<\/strong>\u00a0:<\/p>\n<ul>\n<li>un justificatif d&rsquo;adresse du nouveau domicile<\/li>\n<li>4 photos r\u00e9centes de l&rsquo;enfant<\/li>\n<li>photocopie de tous les vaccins<\/li>\n<li>bulletins scolaire<\/li>\n<li>radiation\u00a0<\/li>\n<li>attestation de garde d&rsquo;enfant (si parents s\u00e9par\u00e9s)<\/li>\n<\/ul>\n[\/et_pb_team_member][\/et_pb_column][et_pb_column type=\u00a0\u00bb1_3&Prime; _builder_version=\u00a0\u00bb4.4.5&Prime;][et_pb_blurb title=\u00a0\u00bbDocuments \u00e0 t\u00e9l\u00e9charger\u00a0\u00bb _builder_version=\u00a0\u00bb4.4.8&Prime; header_level=\u00a0\u00bbh1&Prime; header_font=\u00a0\u00bb||||on||||\u00a0\u00bb header_text_align=\u00a0\u00bbcenter\u00a0\u00bb custom_padding=\u00a0\u00bb|||8px||\u00a0\u00bb hover_enabled=\u00a0\u00bb0&Prime; border_width_left=\u00a0\u00bb1px\u00a0\u00bb border_width_left_image=\u00a0\u00bb1px\u00a0\u00bb]\n<ul>\n<li><a href=\"https:\/\/etab.ac-reunion.fr\/clg-adrien-cerneau\/wp-content\/uploads\/sites\/68\/2020\/07\/COLLEGE-ADRIEN-CERNEAU.pdf\">T\u00e9l\u00e9charger Liste des effets 6\/5\u00e8me<\/a><\/li>\n<li><a href=\"https:\/\/etab.ac-reunion.fr\/clg-adrien-cerneau\/wp-content\/uploads\/sites\/68\/2020\/07\/COLLEGE-ADRIEN-CERNEAU-2.pdf\">T\u00e9l\u00e9charger Liste des effets 4\/3\u00e8me<\/a><\/li>\n<li><\/li>\n<li><\/li>\n<li><\/li>\n<li><\/li>\n<li><\/li>\n<\/ul>\n[\/et_pb_blurb][\/et_pb_column][\/et_pb_row][\/et_pb_section]\n","protected":false},"excerpt":{"rendered":"<p>Inscription Un dossier d&rsquo;inscription est donn\u00e9 \u00e0 votre enfant par le coll\u00e8ge d&rsquo;affectation. Remplissez-le au besoin avec l&rsquo;aide de l&rsquo;enseignant, voire du directeur d&rsquo;\u00e9cole. Des r\u00e9unions d&rsquo;information peuvent \u00eatre organis\u00e9es par les enseignants de l&rsquo;\u00e9cole et par les \u00e9quipes \u00e9ducatives et p\u00e9dagogiques du coll\u00e8ge pour vous pr\u00e9ciser les choix qui sont offerts \u00e0 votre enfant. [&hellip;]<\/p>\n","protected":false},"author":19616,"featured_media":0,"parent":0,"menu_order":0,"comment_status":"closed","ping_status":"closed","template":"","meta":{"_et_pb_use_builder":"on","_et_pb_old_content":"","_et_gb_content_width":"","footnotes":""},"class_list":["post-4625","page","type-page","status-publish","hentry"],"_links":{"self":[{"href":"https:\/\/etab.ac-reunion.fr\/clg-adrien-cerneau\/wp-json\/wp\/v2\/pages\/4625","targetHints":{"allow":["GET"]}}],"collection":[{"href":"https:\/\/etab.ac-reunion.fr\/clg-adrien-cerneau\/wp-json\/wp\/v2\/pages"}],"about":[{"href":"https:\/\/etab.ac-reunion.fr\/clg-adrien-cerneau\/wp-json\/wp\/v2\/types\/page"}],"author":[{"embeddable":true,"href":"https:\/\/etab.ac-reunion.fr\/clg-adrien-cerneau\/wp-json\/wp\/v2\/users\/19616"}],"replies":[{"embeddable":true,"href":"https:\/\/etab.ac-reunion.fr\/clg-adrien-cerneau\/wp-json\/wp\/v2\/comments?post=4625"}],"version-history":[{"count":23,"href":"https:\/\/etab.ac-reunion.fr\/clg-adrien-cerneau\/wp-json\/wp\/v2\/pages\/4625\/revisions"}],"predecessor-version":[{"id":10182,"href":"https:\/\/etab.ac-reunion.fr\/clg-adrien-cerneau\/wp-json\/wp\/v2\/pages\/4625\/revisions\/10182"}],"wp:attachment":[{"href":"https:\/\/etab.ac-reunion.fr\/clg-adrien-cerneau\/wp-json\/wp\/v2\/media?parent=4625"}],"curies":[{"name":"wp","href":"https:\/\/api.w.org\/{rel}","templated":true}]}}