{"id":4768,"date":"2018-10-16T16:08:35","date_gmt":"2018-10-16T12:08:35","guid":{"rendered":"http:\/\/college-adrien-cerneau.ac-reunion.fr\/?page_id=4768"},"modified":"2020-05-10T21:15:04","modified_gmt":"2020-05-10T17:15:04","slug":"charte-internet","status":"publish","type":"page","link":"https:\/\/etab.ac-reunion.fr\/clg-adrien-cerneau\/charte-internet\/","title":{"rendered":"Charte Internet"},"content":{"rendered":"[et_pb_section fb_built=\u00a0\u00bb1&Prime; _builder_version=\u00a0\u00bb4.4.3&Prime; custom_padding=\u00a0\u00bb2px||0px|||\u00a0\u00bb][et_pb_row _builder_version=\u00a0\u00bb4.4.3&Prime; custom_margin=\u00a0\u00bb|||55px|false|false\u00a0\u00bb custom_padding=\u00a0\u00bb5px||0px||false|false\u00a0\u00bb][et_pb_column type=\u00a0\u00bb4_4&Prime; _builder_version=\u00a0\u00bb4.4.3&Prime;][et_pb_text _builder_version=\u00a0\u00bb4.4.5&Prime; text_font=\u00a0\u00bbAlegreya SC|||on|||||\u00a0\u00bb text_font_size=\u00a0\u00bb30px\u00a0\u00bb text_letter_spacing=\u00a0\u00bb18px\u00a0\u00bb custom_margin=\u00a0\u00bb||2px|||\u00a0\u00bb text_font_size_tablet=\u00a0\u00bb\u00a0\u00bb text_font_size_phone=\u00a0\u00bb20px\u00a0\u00bb text_font_size_last_edited=\u00a0\u00bbon|phone\u00a0\u00bb text_letter_spacing_tablet=\u00a0\u00bb\u00a0\u00bb text_letter_spacing_phone=\u00a0\u00bb0px\u00a0\u00bb text_letter_spacing_last_edited=\u00a0\u00bbon|phone\u00a0\u00bb]\n<p>Charte internet<\/p>\n[\/et_pb_text][et_pb_divider divider_style=\u00a0\u00bbdotted\u00a0\u00bb _builder_version=\u00a0\u00bb4.4.5&Prime; custom_margin=\u00a0\u00bb||-22px|||\u00a0\u00bb][\/et_pb_divider][et_pb_post_nav _builder_version=\u00a0\u00bb4.4.6&Prime; hover_enabled=\u00a0\u00bb0&Prime;][\/et_pb_post_nav][\/et_pb_column][\/et_pb_row][\/et_pb_section][et_pb_section fb_built=\u00a0\u00bb1&Prime; _builder_version=\u00a0\u00bb4.4.5&Prime; custom_padding=\u00a0\u00bb0px||0px|||\u00a0\u00bb][et_pb_row _builder_version=\u00a0\u00bb4.4.5&Prime; custom_padding=\u00a0\u00bb||0px|||\u00a0\u00bb][et_pb_column type=\u00a0\u00bb4_4&Prime; _builder_version=\u00a0\u00bb4.4.5&Prime;][et_pb_team_member name=\u00a0\u00bbQu&rsquo;est-ce que la charte internet ?\u00a0\u00bb position=\u00a0\u00bbColl\u00e8ge Adrien Cerneau\u00a0\u00bb image_url=\u00a0\u00bbhttps:\/\/etab.ac-reunion.fr\/clg-adrien-cerneau\/wp-content\/uploads\/sites\/68\/2020\/03\/macro-shot-of-water-drops-on-leaf-326461-scaled.jpg\u00a0\u00bb _builder_version=\u00a0\u00bb4.4.5&Prime; header_level=\u00a0\u00bbh1&Prime; position_text_color=\u00a0\u00bb#0c71c3&Prime; body_link_font=\u00a0\u00bb||on||on||||\u00a0\u00bb border_radii_image=\u00a0\u00bbon|7px|7px|7px|7px\u00a0\u00bb]\n<p><span>A l\u2019\u00e9cole l\u2019arriv\u00e9e des outils technologiques ou de services conduit \u00e0 mettre en place syst\u00e9matiquement une charte \u00e0 l\u2019intention des utilisateurs.<\/span><br class=\"autobr\" \/>La pr\u00e9sente charte\u00a0<span>a pour objectif de fixer les r\u00e8gles d\u2019organisation li\u00e9es \u00e0 l\u2019usage des outils et services num\u00e9riques, d\u2019effectuer les rappels \u00e0 la r\u00e9glementation jug\u00e9s utiles, de responsabiliser les utilisateurs afin qu\u2019ils fassent le meilleur usage des ressources num\u00e9riques mises \u00e0 leur disposition dans les \u00e9tablissements dans le respect des valeurs du service public d\u2019\u00e9ducation.<a href=\"https:\/\/primabord.eduscol.education.fr\/une-charte-des-usages-numeriques-a-l-ecole\">source<\/a><\/span><\/p>\n<p>&nbsp;<\/p>\n[\/et_pb_team_member][\/et_pb_column][\/et_pb_row][\/et_pb_section][et_pb_section fb_built=\u00a0\u00bb1&Prime; _builder_version=\u00a0\u00bb3.22&Prime; custom_padding=\u00a0\u00bb0px||0px|||\u00a0\u00bb][et_pb_row _builder_version=\u00a0\u00bb4.4.5&Prime;][et_pb_column type=\u00a0\u00bb4_4&Prime; _builder_version=\u00a0\u00bb4.4.5&Prime;][et_pb_divider color=\u00a0\u00bb#000000&Prime; _builder_version=\u00a0\u00bb4.4.5&Prime;][\/et_pb_divider][\/et_pb_column][\/et_pb_row][et_pb_row column_structure=\u00a0\u00bb1_2,1_2&Prime; module_class=\u00a0\u00bb et_pb_row_fullwidth\u00a0\u00bb _builder_version=\u00a0\u00bb3.25&Prime; width=\u00a0\u00bb94%\u00a0\u00bb width_tablet=\u00a0\u00bb80%\u00a0\u00bb width_phone=\u00a0\u00bb\u00a0\u00bb width_last_edited=\u00a0\u00bbon|desktop\u00a0\u00bb max_width=\u00a0\u00bb94%\u00a0\u00bb max_width_tablet=\u00a0\u00bb80%\u00a0\u00bb max_width_phone=\u00a0\u00bb\u00a0\u00bb max_width_last_edited=\u00a0\u00bbon|desktop\u00a0\u00bb custom_padding=\u00a0\u00bb0px||2px|||\u00a0\u00bb make_fullwidth=\u00a0\u00bbon\u00a0\u00bb][et_pb_column type=\u00a0\u00bb1_2&Prime; _builder_version=\u00a0\u00bb3.25&Prime; custom_padding=\u00a0\u00bb|||\u00a0\u00bb custom_padding__hover=\u00a0\u00bb|||\u00a0\u00bb][et_pb_blurb title=\u00a0\u00bbArticle 1 \u2022 Conditions d&rsquo;acc\u00e8s aux \u00e9quipement et services de l&rsquo;ENT\u00a0\u00bb _builder_version=\u00a0\u00bb4.4.5&Prime; header_level=\u00a0\u00bbh2&Prime; header_font=\u00a0\u00bb||||on||||\u00a0\u00bb body_text_align=\u00a0\u00bbjustify\u00a0\u00bb]L&rsquo;acc\u00e8s aux postes de travail, aux \u00e9quipement informatiques, au r\u00e9seaux du coll\u00e8ge, \u00e0 Internet, aux logiciels et aux services de l&rsquo;ENT est plac\u00e9 sous le contr\u00f4le du coll\u00e8ge. Pour \u00eatre autoris\u00e9 \u00e0 utiliser les \u00e9quipements et les services de l&rsquo;ENT, un utilisateur doit au pr\u00e9alable accepter la pr\u00e9sente charte. La connexion \u00e0 un \u00e9quipement informatique, l&rsquo;acc\u00e8s \u00e0 Internet et l&rsquo;acc\u00e8s aux services de l&rsquo;ENT, sont contr\u00f4l\u00e9 au moyen d&rsquo;un identifiant et d&rsquo;un mot de passe, personnels \u00e0 chaque utilisateur. Cet acc\u00e8s s\u00e9curis\u00e9 a pour but d&rsquo;\u00e9viter abus et malveillances. Cet identifiant personnel et ce mot de passe sont communiqu\u00e9 \u00e0 l&rsquo;utilisateur par le coll\u00e8ge. L&rsquo;utilisateur est responsable de leur conversation, de leur usage et de leur\u00a0 s\u00e9curit\u00e9. L&rsquo;utilisateur ne dois pas les d\u00e9voiler \u00e0 un tiers; il ne doit pas quitter un poste de travail sans s&rsquo;\u00eatre d\u00e9connect\u00e9. L&rsquo;utilisateur s&rsquo;engage \u00e0 ne pas utiliser l&rsquo;identifiant\u00a0 personnel et le mot de passe d&rsquo;un autre utilisateur. L&rsquo;utilisateur s&rsquo;engage \u00e0 signaler au coll\u00e8ge toute perte, toute anomalie et toute tentative d&rsquo;usurpation de son identifiant personnel et de son mot de passe.<\/p>\n<p>Le droit d&rsquo;acc\u00e8s aux \u00e9quipement et aux services du programmes ENT est personnel, incessible et temporaire. Il dispara\u00eet apr\u00e8s le d\u00e9part de l&rsquo;utilisateur du coll\u00e8ge, ou par d\u00e9cision du coll\u00e8ge, d\u00e8s lors que l&rsquo;utilisateur ne respecte pas la pr\u00e9sente charte.<br \/>\n[\/et_pb_blurb][\/et_pb_column][et_pb_column type=\u00a0\u00bb1_2&Prime; _builder_version=\u00a0\u00bb3.25&Prime; custom_padding=\u00a0\u00bb|||\u00a0\u00bb custom_padding__hover=\u00a0\u00bb|||\u00a0\u00bb][et_pb_blurb title=\u00a0\u00bbArticle 2 \u2022 Respect de la l\u00e9gislation\u00a0\u00bb _builder_version=\u00a0\u00bb4.4.5&Prime; header_level=\u00a0\u00bbh2&Prime; header_font=\u00a0\u00bb||||on||||\u00a0\u00bb body_font=\u00a0\u00bb||||||||\u00a0\u00bb body_text_align=\u00a0\u00bbjustify\u00a0\u00bb]L&rsquo;utilisateur s&rsquo;engage \u00e0 respecter les valeurs fondamentales de l&rsquo;\u00c9ducation Nationale que la neutralit\u00e9 religieuse, politique et commerciale. L&rsquo;\u00e9volution technologique facilite la communication entre les personnes. Elle doit s&rsquo;accompagner du respect des limites impos\u00e9es par la loi. Sont interdit par la loi et, le cas \u00e9ch\u00e9ant, peuvent \u00eatre sanctionn\u00e9es par voie p\u00e9nale: l&rsquo;apologie et la n\u00e9gation de tout crime, l&rsquo;incitation \u00e0 la haine ou \u00e0 la violence, la corruption et la provocation de mineurs \u00e0 commettre des actes illicites ou dangereux, la diffusion d&rsquo;image pornographique \u00e0 des mineurs, la provocation au suicide, l&rsquo;incitation \u00e0 la consommation de produits illicites, la diffamation et l&rsquo;injure, l&rsquo;atteinte \u00e0 la vie priv\u00e9e et au droit d&rsquo;image d&rsquo;autrui.<\/p>\n<p>Les textes, les images, les sons, les vid\u00e9os, doivent \u00eatre diffus\u00e9s avec l&rsquo;autorisation de leurs auteurs, et avec indication de leur source, ou \u00eatre libres de droits, conform\u00e9ment aux lois en vigueur. L&rsquo;utilisateur s&rsquo;engage \u00e0 respecter la loi 78-17 relative \u00e0 l&rsquo;informatique, aux fichiers et aux libert\u00e9s et le Code de la propri\u00e9t\u00e9 intellectuelle. Les enseignants et le personnel du Minist\u00e8re de l&rsquo;\u00e9ducation nationale sont \u00e9galement tenus par les r\u00e8gles de la charte acad\u00e9mique r\u00e9gissant l&rsquo;usage des technologies de l&rsquo;information et de communication par les personnels du Minist\u00e8re de l&rsquo;\u00e9ducation nationale.<br \/>\n[\/et_pb_blurb][\/et_pb_column][\/et_pb_row][\/et_pb_section][et_pb_section fb_built=\u00a0\u00bb1&Prime; _builder_version=\u00a0\u00bb3.22&Prime; custom_padding=\u00a0\u00bb0px||0px|||\u00a0\u00bb][et_pb_row column_structure=\u00a0\u00bb1_2,1_2&Prime; module_class=\u00a0\u00bb et_pb_row_fullwidth\u00a0\u00bb _builder_version=\u00a0\u00bb3.25&Prime; width=\u00a0\u00bb94%\u00a0\u00bb width_tablet=\u00a0\u00bb80%\u00a0\u00bb width_phone=\u00a0\u00bb\u00a0\u00bb width_last_edited=\u00a0\u00bbon|desktop\u00a0\u00bb max_width=\u00a0\u00bb94%\u00a0\u00bb max_width_tablet=\u00a0\u00bb80%\u00a0\u00bb max_width_phone=\u00a0\u00bb\u00a0\u00bb max_width_last_edited=\u00a0\u00bbon|desktop\u00a0\u00bb custom_padding=\u00a0\u00bb||5px|||\u00a0\u00bb make_fullwidth=\u00a0\u00bbon\u00a0\u00bb][et_pb_column type=\u00a0\u00bb1_2&Prime; _builder_version=\u00a0\u00bb3.25&Prime; custom_padding=\u00a0\u00bb|||\u00a0\u00bb custom_padding__hover=\u00a0\u00bb|||\u00a0\u00bb][et_pb_blurb title=\u00a0\u00bbArticle 3 \u2022 Utilisation des services de l&rsquo;ENT &#8211; engagement de l&rsquo;utilisateur\u00a0\u00bb _builder_version=\u00a0\u00bb4.4.5&Prime; header_level=\u00a0\u00bbh2&Prime; header_font=\u00a0\u00bb||||on||||\u00a0\u00bb body_font=\u00a0\u00bb||||||||\u00a0\u00bb body_text_align=\u00a0\u00bbjustify\u00a0\u00bb]\n<ul>\n<li>L&rsquo;utilisateur s&rsquo;engage \u00e0 ne pas d\u00e9t\u00e9riorer les postes de travail et \u00e9quipement mis \u00e0 sa disposition ( chocs, manipulation violents, d\u00e9connexion des c\u00e2bles, d\u00e9montage des souris, etc ).<\/li>\n<li>L&rsquo;utilisateur s&rsquo;engage \u00e0 ne pas effectuer d&rsquo;op\u00e9rations nuisibles au bon fonctionnement des \u00e9quipements et des services d&rsquo;ENT ( introduction de programmes non autoris\u00e9s ou nuisibles, piratage, t\u00e9l\u00e9chargement ) ni \u00e0 copier, d\u00e9truire des fichier autres que ceux qui lui appartient.<\/li>\n<li>L&rsquo;utilisateur s&rsquo;engage \u00e0 ne pas d\u00e9tourner les services d&rsquo;ENT \u00e0 des fins commerciales ou publicitaires.<\/li>\n<\/ul>\n<p>Pour des raisons de s\u00e9curit\u00e9, afin d&rsquo;\u00e9viter que les \u00e9l\u00e8ves n&rsquo;aient acc\u00e8s \u00e0 des informations de nature douteuse, la consultation des sites internet par les \u00e9l\u00e8ves se fait sous la responsabilit\u00e9 d&rsquo;un adulte.<br \/>\n[\/et_pb_blurb][\/et_pb_column][et_pb_column type=\u00a0\u00bb1_2&Prime; _builder_version=\u00a0\u00bb3.25&Prime; custom_padding=\u00a0\u00bb|||\u00a0\u00bb custom_padding__hover=\u00a0\u00bb|||\u00a0\u00bb][et_pb_blurb title=\u00a0\u00bbArticle 4 \u2022 Tra\u00e7abilit\u00e9 et filtrage\u00a0\u00bb _builder_version=\u00a0\u00bb4.4.5&Prime; header_level=\u00a0\u00bbh2&Prime; header_font=\u00a0\u00bb||||on||||\u00a0\u00bb body_text_align=\u00a0\u00bbjustify\u00a0\u00bb]Le coll\u00e8ge a l&rsquo;obligation l\u00e9gale de prot\u00e9ger notamment les mineurs concernant les usages informatiques.<\/p>\n<p><span style=\"text-decoration: underline\"><strong>Usage \u00e0 l&rsquo;int\u00e9rieur de l&rsquo;\u00e9tablissement:\u00a0<\/strong><\/span><\/p>\n<p>A cet effet, l&rsquo;utilisateur est inform\u00e9 qu&rsquo;est mis en place un dispositif de filtrage des acc\u00e8s \u00e0 internet et de conservation des journaux des usages de l&rsquo;ENT et des sites visit\u00e9s sur Internet \u00e0 partir de tout \u00e9quipement situ\u00e9 \u00e0 l&rsquo;int\u00e9rieur du coll\u00e8ge( Tablette, ordinateur &#8230; ). Les r\u00e8gles de filtrage sont mise \u00e0 jour r\u00e9guli\u00e8rement, conform\u00e9ment aux directives de l&rsquo;\u00c9ducation Nationale par l&rsquo;Acad\u00e9mie. Des r\u00e8gles de filtrage suppl\u00e9mentaires peuvent \u00eatre instaur\u00e9es par le coll\u00e8ge.\u00a0 \u00a0 \u00a0 \u00a0 \u00a0 \u00a0 \u00a0 \u00a0 \u00a0 \u00a0 \u00a0 \u00a0 \u00a0 \u00a0 \u00a0 \u00a0 \u00a0 \u00a0 \u00a0 \u00a0 \u00a0 \u00a0 \u00a0 \u00a0 \u00a0 \u00a0 \u00a0 \u00a0 \u00a0 \u00a0Par ailleurs, le coll\u00e8ge se r\u00e9serve le droit de contr\u00f4ler tout contenu h\u00e9berger sur ses serveurs pour s&rsquo;assurer du respect de la charte et d&rsquo;en suspendre l&rsquo;h\u00e9bergement en cas d&rsquo;infraction de l&rsquo;utilisateur.<\/p>\n<p><span style=\"text-decoration: underline\"><strong>Usages \u00e0 l&rsquo;int\u00e9rieur du coll\u00e8ge &#8211; domicile de l&rsquo;\u00e9l\u00e8ve (&#8230; )<\/strong><\/span><\/p>\n<p>Les usages en dehors de l&rsquo;\u00e9tablissement, en particulier pour les EIM Tablette, ne b\u00e9n\u00e9ficient pas d&rsquo;un dispositif de filtrage internet propos\u00e9 par l&rsquo;Acad\u00e9mie. L&rsquo;acc\u00e8s aux contenus sur les EIM reste sous l&rsquo;enti\u00e8re responsabilit\u00e9 de la famille de l&rsquo;\u00e9l\u00e8ve.<br \/>\n[\/et_pb_blurb][\/et_pb_column][\/et_pb_row][\/et_pb_section][et_pb_section fb_built=\u00a0\u00bb1&Prime; _builder_version=\u00a0\u00bb3.22&Prime; custom_padding=\u00a0\u00bb0px||0px|||\u00a0\u00bb][et_pb_row column_structure=\u00a0\u00bb1_2,1_2&Prime; module_class=\u00a0\u00bb et_pb_row_fullwidth\u00a0\u00bb _builder_version=\u00a0\u00bb3.25&Prime; width=\u00a0\u00bb94%\u00a0\u00bb width_tablet=\u00a0\u00bb80%\u00a0\u00bb width_phone=\u00a0\u00bb\u00a0\u00bb width_last_edited=\u00a0\u00bbon|desktop\u00a0\u00bb max_width=\u00a0\u00bb94%\u00a0\u00bb max_width_tablet=\u00a0\u00bb80%\u00a0\u00bb max_width_phone=\u00a0\u00bb\u00a0\u00bb max_width_last_edited=\u00a0\u00bbon|desktop\u00a0\u00bb custom_padding=\u00a0\u00bb||0px|||\u00a0\u00bb make_fullwidth=\u00a0\u00bbon\u00a0\u00bb][et_pb_column type=\u00a0\u00bb1_2&Prime; _builder_version=\u00a0\u00bb3.25&Prime; custom_padding=\u00a0\u00bb|||\u00a0\u00bb custom_padding__hover=\u00a0\u00bb|||\u00a0\u00bb][et_pb_blurb title=\u00a0\u00bbArticle 5 \u2022 Protection des donn\u00e9es \u00e0 caract\u00e8re personnel\u00a0\u00bb _builder_version=\u00a0\u00bb4.4.5&Prime; header_level=\u00a0\u00bbh2&Prime; header_font=\u00a0\u00bb||||on||||\u00a0\u00bb body_text_align=\u00a0\u00bbjustify\u00a0\u00bb]Le responsable des traitements des donn\u00e9es \u00e0 caract\u00e8re personnel est le principal du coll\u00e8ge. Le coll\u00e8ge a d\u00e9clar\u00e9 l&rsquo;ENT aupr\u00e8s de la CNIL (Commission Nationale Informatique et Libert\u00e9s ). Un outil de marquage permet d&rsquo;\u00e9tablir des statistiques de fr\u00e9quentation des diff\u00e9rents services de l&rsquo;ENT et de les croiser avec les profils utilisateurs.<\/p>\n<p>L&rsquo;utilisateur peut exercer aupr\u00e8s du principal du coll\u00e8ge son droit d&rsquo;acc\u00e8s, de rectification et d&rsquo;opposition aux donn\u00e9es \u00e0 caract\u00e8re personnel le concernant ( loi 78-17 relative \u00e0 l&rsquo;informatique, aux fichiers et aux libert\u00e9s ).<br \/>\n[\/et_pb_blurb][\/et_pb_column][et_pb_column type=\u00a0\u00bb1_2&Prime; _builder_version=\u00a0\u00bb3.25&Prime; custom_padding=\u00a0\u00bb|||\u00a0\u00bb custom_padding__hover=\u00a0\u00bb|||\u00a0\u00bb][et_pb_blurb title=\u00a0\u00bbArticle 4 \u2022 Tra\u00e7abilit\u00e9 et filtrage\u00a0\u00bb _builder_version=\u00a0\u00bb4.4.5&Prime; header_level=\u00a0\u00bbh2&Prime; header_font=\u00a0\u00bb||||on||||\u00a0\u00bb body_text_align=\u00a0\u00bbjustify\u00a0\u00bb]Les documents\u00a0 diffus\u00e9s sur internet doivent respecter la l\u00e9gislation en vigueur ( cf. article2 ) en particulier :<\/p>\n<ul>\n<li>Respect de la loi sur les informations nominatives,<\/li>\n<li>Le nom de famille et l&rsquo;image des \u00e9l\u00e8ves ne doivent pas figurer sur les pages web sans accord parental,<\/li>\n<\/ul>\n<p>En cas de production de documents sur internet, les textes, les images, les sons doivent \u00eatre libres de droits ou diffus\u00e9s avec l&rsquo;autorisation des auteurs, et avec indication de leur source, conform\u00e9ment aux usages en vigueur. Pour des documents sans mention de copyright et provenant d&rsquo;autres serveurs internet, il faut apporter une mention sp\u00e9ciale : \u00ab ce document est issu de l&rsquo;internet sans mention de source. S&rsquo;il est soumis \u00e0 copyright, merci de nous informer \u00bb. Le chef d&rsquo;\u00e9tablissement est responsable de l&rsquo;information mise en ligne par son \u00e9tablissement. Il doit donc assurer avec les membres de l&rsquo;\u00e9quipe \u00e9ducative la validation du contenu de cette information. Les documents produits doivent \u00eatre sign\u00e9s de leur auteurs.<br \/>\n[\/et_pb_blurb][\/et_pb_column][\/et_pb_row][\/et_pb_section][et_pb_section fb_built=\u00a0\u00bb1&Prime; _builder_version=\u00a0\u00bb4.4.4&Prime; custom_padding=\u00a0\u00bb0px||0px|||\u00a0\u00bb top_divider_height=\u00a0\u00bb0px\u00a0\u00bb top_divider_flip=\u00a0\u00bbvertical\u00a0\u00bb bottom_divider_color=\u00a0\u00bb#23d35e\u00a0\u00bb bottom_divider_height=\u00a0\u00bb79px\u00a0\u00bb bottom_divider_flip=\u00a0\u00bbvertical|horizontal\u00a0\u00bb][et_pb_row column_structure=\u00a0\u00bb1_2,1_2&Prime; module_class=\u00a0\u00bb et_pb_row_fullwidth\u00a0\u00bb _builder_version=\u00a0\u00bb3.25&Prime; width=\u00a0\u00bb94%\u00a0\u00bb width_tablet=\u00a0\u00bb80%\u00a0\u00bb width_phone=\u00a0\u00bb\u00a0\u00bb width_last_edited=\u00a0\u00bbon|desktop\u00a0\u00bb max_width=\u00a0\u00bb94%\u00a0\u00bb max_width_tablet=\u00a0\u00bb80%\u00a0\u00bb max_width_phone=\u00a0\u00bb\u00a0\u00bb max_width_last_edited=\u00a0\u00bbon|desktop\u00a0\u00bb module_alignment=\u00a0\u00bbcenter\u00a0\u00bb custom_padding=\u00a0\u00bb27px|0px|4px|0px|false|false\u00a0\u00bb make_fullwidth=\u00a0\u00bbon\u00a0\u00bb][et_pb_column type=\u00a0\u00bb1_2&Prime; _builder_version=\u00a0\u00bb3.25&Prime; custom_padding=\u00a0\u00bb|||\u00a0\u00bb custom_padding__hover=\u00a0\u00bb|||\u00a0\u00bb][et_pb_blurb title=\u00a0\u00bbArticle 7 \u2022 Mauvaise utilisation et non-respect des r\u00e8gles\u00a0\u00bb _builder_version=\u00a0\u00bb4.4.5&Prime; header_level=\u00a0\u00bbh2&Prime; header_font=\u00a0\u00bb||||on||||\u00a0\u00bb body_text_align=\u00a0\u00bbjustify\u00a0\u00bb]La charte ne se substituant pas au r\u00e8glement int\u00e9rieur de l&rsquo;\u00e9tablissement, le non-respect des principes \u00e9tablis ou rappel\u00e9s par la charte pourra donner lieu \u00e0 une limitation ou \u00e0 une suppression des acc\u00e8s aux services.<\/p>\n<p>En cas de manquement \u00e0 la pr\u00e9sente Charte, l&rsquo;utilisateur est au courant qu&rsquo;il s&rsquo;expose \u00e0:<\/p>\n<ul>\n<li>des sanctions disciplinaires;<\/li>\n<li>des poursuites judiciaires.<\/li>\n<\/ul>\n[\/et_pb_blurb][\/et_pb_column][et_pb_column type=\u00a0\u00bb1_2&Prime; _builder_version=\u00a0\u00bb3.25&Prime; custom_padding=\u00a0\u00bb|||\u00a0\u00bb custom_padding__hover=\u00a0\u00bb|||\u00a0\u00bb][et_pb_blurb title=\u00a0\u00bbL&rsquo;environnement Num\u00e9rique de Travail du coll\u00e8ge Adrien Cerneau est constitu\u00e9:\u00a0\u00bb _builder_version=\u00a0\u00bb4.4.5&Prime; header_level=\u00a0\u00bbh1&Prime; header_text_align=\u00a0\u00bbcenter\u00a0\u00bb body_text_align=\u00a0\u00bbjustify\u00a0\u00bb]\n<ul>\n<li>d&rsquo;un r\u00e9seau local s\u00e9curis\u00e9,<\/li>\n<li>d&rsquo;un acc\u00e8s Internet haut d\u00e9bit s\u00e9curis\u00e9,<\/li>\n<li>de postes de travail et, plus g\u00e9n\u00e9ralement, d&rsquo;\u00e9quipements informatiques tels que des EIM (Equipement Mobiles Individuels) tels que des tablettes,<\/li>\n<li>de logiciels sur les postes de travail,<\/li>\n<li>d&rsquo;acc\u00e8s \u00e0 des services Web: Espace Num\u00e9rique de Travail (ENT), cahier de textes, relev\u00e9s de notes, emploi du temps, outils de vie scolaire et ressources p\u00e9dagogiques.<\/li>\n<\/ul>\n[\/et_pb_blurb][\/et_pb_column][\/et_pb_row][\/et_pb_section]\n","protected":false},"excerpt":{"rendered":"<p>Charte internetA l\u2019\u00e9cole l\u2019arriv\u00e9e des outils technologiques ou de services conduit \u00e0 mettre en place syst\u00e9matiquement une charte \u00e0 l\u2019intention des utilisateurs.La pr\u00e9sente charte\u00a0a pour objectif de fixer les r\u00e8gles d\u2019organisation li\u00e9es \u00e0 l\u2019usage des outils et services num\u00e9riques, d\u2019effectuer les rappels \u00e0 la r\u00e9glementation jug\u00e9s utiles, de responsabiliser les utilisateurs afin qu\u2019ils fassent le [&hellip;]<\/p>\n","protected":false},"author":19616,"featured_media":0,"parent":0,"menu_order":0,"comment_status":"closed","ping_status":"closed","template":"","meta":{"_et_pb_use_builder":"on","_et_pb_old_content":"","_et_gb_content_width":"","footnotes":""},"class_list":["post-4768","page","type-page","status-publish","hentry"],"_links":{"self":[{"href":"https:\/\/etab.ac-reunion.fr\/clg-adrien-cerneau\/wp-json\/wp\/v2\/pages\/4768","targetHints":{"allow":["GET"]}}],"collection":[{"href":"https:\/\/etab.ac-reunion.fr\/clg-adrien-cerneau\/wp-json\/wp\/v2\/pages"}],"about":[{"href":"https:\/\/etab.ac-reunion.fr\/clg-adrien-cerneau\/wp-json\/wp\/v2\/types\/page"}],"author":[{"embeddable":true,"href":"https:\/\/etab.ac-reunion.fr\/clg-adrien-cerneau\/wp-json\/wp\/v2\/users\/19616"}],"replies":[{"embeddable":true,"href":"https:\/\/etab.ac-reunion.fr\/clg-adrien-cerneau\/wp-json\/wp\/v2\/comments?post=4768"}],"version-history":[{"count":39,"href":"https:\/\/etab.ac-reunion.fr\/clg-adrien-cerneau\/wp-json\/wp\/v2\/pages\/4768\/revisions"}],"predecessor-version":[{"id":9579,"href":"https:\/\/etab.ac-reunion.fr\/clg-adrien-cerneau\/wp-json\/wp\/v2\/pages\/4768\/revisions\/9579"}],"wp:attachment":[{"href":"https:\/\/etab.ac-reunion.fr\/clg-adrien-cerneau\/wp-json\/wp\/v2\/media?parent=4768"}],"curies":[{"name":"wp","href":"https:\/\/api.w.org\/{rel}","templated":true}]}}