{"id":6781,"date":"2018-10-16T16:18:12","date_gmt":"2018-10-16T12:18:12","guid":{"rendered":"http:\/\/college-adrien-cerneau.ac-reunion.fr\/?page_id=6781"},"modified":"2022-10-26T15:39:51","modified_gmt":"2022-10-26T11:39:51","slug":"prepa-metiers","status":"publish","type":"page","link":"https:\/\/etab.ac-reunion.fr\/clg-adrien-cerneau\/prepa-metiers\/","title":{"rendered":"Pr\u00e9pa-M\u00e9tiers"},"content":{"rendered":"[et_pb_section fb_built=\u00a0\u00bb1&Prime; _builder_version=\u00a0\u00bb4.16&Prime; custom_padding=\u00a0\u00bb2px||0px|||\u00a0\u00bb global_colors_info=\u00a0\u00bb{}\u00a0\u00bb][et_pb_row _builder_version=\u00a0\u00bb4.16&Prime; custom_margin=\u00a0\u00bb|||55px|false|false\u00a0\u00bb custom_padding=\u00a0\u00bb5px||0px||false|false\u00a0\u00bb global_colors_info=\u00a0\u00bb{}\u00a0\u00bb][et_pb_column type=\u00a0\u00bb4_4&Prime; _builder_version=\u00a0\u00bb4.16&Prime; global_colors_info=\u00a0\u00bb{}\u00a0\u00bb][et_pb_text _builder_version=\u00a0\u00bb4.16&Prime; text_font=\u00a0\u00bbAlegreya SC|||on|||||\u00a0\u00bb text_font_size=\u00a0\u00bb30px\u00a0\u00bb text_letter_spacing=\u00a0\u00bb18px\u00a0\u00bb custom_margin=\u00a0\u00bb||2px|||\u00a0\u00bb custom_padding=\u00a0\u00bb||0px|||\u00a0\u00bb text_font_size_tablet=\u00a0\u00bb\u00a0\u00bb text_font_size_phone=\u00a0\u00bb20px\u00a0\u00bb text_font_size_last_edited=\u00a0\u00bbon|phone\u00a0\u00bb text_letter_spacing_tablet=\u00a0\u00bb\u00a0\u00bb text_letter_spacing_phone=\u00a0\u00bb0px\u00a0\u00bb text_letter_spacing_last_edited=\u00a0\u00bbon|phone\u00a0\u00bb global_colors_info=\u00a0\u00bb{}\u00a0\u00bb]\n<p>Pr\u00e9pa-m\u00e9tiers<\/p>\n[\/et_pb_text][et_pb_divider divider_style=\u00a0\u00bbdotted\u00a0\u00bb _builder_version=\u00a0\u00bb4.16&Prime; custom_margin=\u00a0\u00bb||-22px|||\u00a0\u00bb global_colors_info=\u00a0\u00bb{}\u00a0\u00bb][\/et_pb_divider][et_pb_post_nav _builder_version=\u00a0\u00bb4.16&Prime; global_colors_info=\u00a0\u00bb{}\u00a0\u00bb][\/et_pb_post_nav][\/et_pb_column][\/et_pb_row][\/et_pb_section][et_pb_section fb_built=\u00a0\u00bb1&Prime; _builder_version=\u00a0\u00bb4.16&Prime; custom_padding=\u00a0\u00bb0px||0px|||\u00a0\u00bb global_colors_info=\u00a0\u00bb{}\u00a0\u00bb][et_pb_row _builder_version=\u00a0\u00bb4.16&Prime; global_colors_info=\u00a0\u00bb{}\u00a0\u00bb][et_pb_column type=\u00a0\u00bb4_4&Prime; _builder_version=\u00a0\u00bb4.16&Prime; global_colors_info=\u00a0\u00bb{}\u00a0\u00bb][et_pb_team_member name=\u00a0\u00bbQu&rsquo;est-ce que la pr\u00e9pa-m\u00e9tiers?\u00a0\u00bb position=\u00a0\u00bbColl\u00e8ge Adrien Cerneau\u00a0\u00bb image_url=\u00a0\u00bbhttps:\/\/etab.ac-reunion.fr\/clg-adrien-cerneau\/wp-content\/uploads\/sites\/68\/2019\/11\/metiers.png\u00a0\u00bb _builder_version=\u00a0\u00bb4.16&Prime; header_level=\u00a0\u00bbh1&Prime; position_text_color=\u00a0\u00bb#0c71c3&Prime; body_link_font=\u00a0\u00bb||on||on||||\u00a0\u00bb border_radii_image=\u00a0\u00bbon|7px|7px|7px|7px\u00a0\u00bb global_colors_info=\u00a0\u00bb{}\u00a0\u00bb]\n<div class=\"padding-left-10\">\n<div class=\"chapo margin-bottom-20 padding-top-10 font-georgia font-12 font-grey bold\">\n<p>La Troisi\u00e8me Pr\u00e9pa-M\u00e9tiers a pour objectif d\u2019accompagner les \u00e9l\u00e8ves volontaires dans la construction de leur projet de poursuite d\u2019\u00e9tudes en particulier vers la voie professionnelle sous statut scolaire et par apprentissage. Cette formation comporte des enseignements communs et compl\u00e9mentaires, des s\u00e9quences d\u2019observation, des stages en milieu professionnel et des p\u00e9riodes d\u2019immersion dans les lyc\u00e9es, dans des centres de formation d\u2019apprentis ou dans des unit\u00e9s de formation par apprentissage.<a href=\"https:\/\/eduscol.education.fr\/cid57362\/la-3eme-prepa-metiers.html\">source<\/a><\/p>\n<\/div>\n<\/div>\n[\/et_pb_team_member][\/et_pb_column][\/et_pb_row][\/et_pb_section]\n","protected":false},"excerpt":{"rendered":"<p>Pr\u00e9pa-m\u00e9tiers La Troisi\u00e8me Pr\u00e9pa-M\u00e9tiers a pour objectif d\u2019accompagner les \u00e9l\u00e8ves volontaires dans la construction de leur projet de poursuite d\u2019\u00e9tudes en particulier vers la voie professionnelle sous statut scolaire et par apprentissage. Cette formation comporte des enseignements communs et compl\u00e9mentaires, des s\u00e9quences d\u2019observation, des stages en milieu professionnel et des p\u00e9riodes d\u2019immersion dans les lyc\u00e9es, [&hellip;]<\/p>\n","protected":false},"author":19616,"featured_media":0,"parent":0,"menu_order":0,"comment_status":"closed","ping_status":"closed","template":"","meta":{"_et_pb_use_builder":"on","_et_pb_old_content":"","_et_gb_content_width":"","footnotes":""},"class_list":["post-6781","page","type-page","status-publish","hentry"],"_links":{"self":[{"href":"https:\/\/etab.ac-reunion.fr\/clg-adrien-cerneau\/wp-json\/wp\/v2\/pages\/6781","targetHints":{"allow":["GET"]}}],"collection":[{"href":"https:\/\/etab.ac-reunion.fr\/clg-adrien-cerneau\/wp-json\/wp\/v2\/pages"}],"about":[{"href":"https:\/\/etab.ac-reunion.fr\/clg-adrien-cerneau\/wp-json\/wp\/v2\/types\/page"}],"author":[{"embeddable":true,"href":"https:\/\/etab.ac-reunion.fr\/clg-adrien-cerneau\/wp-json\/wp\/v2\/users\/19616"}],"replies":[{"embeddable":true,"href":"https:\/\/etab.ac-reunion.fr\/clg-adrien-cerneau\/wp-json\/wp\/v2\/comments?post=6781"}],"version-history":[{"count":13,"href":"https:\/\/etab.ac-reunion.fr\/clg-adrien-cerneau\/wp-json\/wp\/v2\/pages\/6781\/revisions"}],"predecessor-version":[{"id":11348,"href":"https:\/\/etab.ac-reunion.fr\/clg-adrien-cerneau\/wp-json\/wp\/v2\/pages\/6781\/revisions\/11348"}],"wp:attachment":[{"href":"https:\/\/etab.ac-reunion.fr\/clg-adrien-cerneau\/wp-json\/wp\/v2\/media?parent=6781"}],"curies":[{"name":"wp","href":"https:\/\/api.w.org\/{rel}","templated":true}]}}