{"id":7238,"date":"2018-10-16T16:21:09","date_gmt":"2018-10-16T12:21:09","guid":{"rendered":"http:\/\/college-adrien-cerneau.ac-reunion.fr\/?page_id=7238"},"modified":"2020-05-17T20:26:01","modified_gmt":"2020-05-17T16:26:01","slug":"parcours-dexcellence","status":"publish","type":"page","link":"https:\/\/etab.ac-reunion.fr\/clg-adrien-cerneau\/parcours-dexcellence\/","title":{"rendered":"Parcours d&rsquo;excellence"},"content":{"rendered":"[et_pb_section fb_built=\u00a0\u00bb1&Prime; _builder_version=\u00a0\u00bb4.4.3&Prime; custom_padding=\u00a0\u00bb2px||0px|||\u00a0\u00bb][et_pb_row _builder_version=\u00a0\u00bb4.4.3&Prime; custom_margin=\u00a0\u00bb|||55px|false|false\u00a0\u00bb custom_padding=\u00a0\u00bb5px||0px||false|false\u00a0\u00bb][et_pb_column type=\u00a0\u00bb4_4&Prime; _builder_version=\u00a0\u00bb4.4.3&Prime;][et_pb_text _builder_version=\u00a0\u00bb4.4.5&Prime; text_font=\u00a0\u00bbAlegreya SC|||on|||||\u00a0\u00bb text_font_size=\u00a0\u00bb30px\u00a0\u00bb text_letter_spacing=\u00a0\u00bb18px\u00a0\u00bb custom_margin=\u00a0\u00bb||2px|||\u00a0\u00bb text_font_size_tablet=\u00a0\u00bb\u00a0\u00bb text_font_size_phone=\u00a0\u00bb20px\u00a0\u00bb text_font_size_last_edited=\u00a0\u00bbon|phone\u00a0\u00bb text_letter_spacing_tablet=\u00a0\u00bb\u00a0\u00bb text_letter_spacing_phone=\u00a0\u00bb0px\u00a0\u00bb text_letter_spacing_last_edited=\u00a0\u00bbon|phone\u00a0\u00bb]\n<p>Parcours d&rsquo;excellence<\/p>\n[\/et_pb_text][et_pb_divider divider_style=\u00a0\u00bbdotted\u00a0\u00bb _builder_version=\u00a0\u00bb4.4.5&Prime; custom_margin=\u00a0\u00bb||-22px|||\u00a0\u00bb][\/et_pb_divider][et_pb_post_nav _builder_version=\u00a0\u00bb4.4.6&Prime; hover_enabled=\u00a0\u00bb0&Prime;][\/et_pb_post_nav][\/et_pb_column][\/et_pb_row][\/et_pb_section][et_pb_section fb_built=\u00a0\u00bb1&Prime; _builder_version=\u00a0\u00bb4.4.5&Prime; custom_padding=\u00a0\u00bb0px||0px|||\u00a0\u00bb][et_pb_row _builder_version=\u00a0\u00bb4.4.5&Prime;][et_pb_column type=\u00a0\u00bb4_4&Prime; _builder_version=\u00a0\u00bb4.4.5&Prime;][et_pb_team_member name=\u00a0\u00bbQu&rsquo;est-ce que le parcours d&rsquo;excellence ?\u00a0\u00bb position=\u00a0\u00bbColl\u00e8ge Adrien Cerneau\u00a0\u00bb image_url=\u00a0\u00bbhttps:\/\/etab.ac-reunion.fr\/clg-adrien-cerneau\/wp-content\/uploads\/sites\/68\/2020\/05\/excellence.jpg\u00a0\u00bb _builder_version=\u00a0\u00bb4.4.5&Prime; header_level=\u00a0\u00bbh1&Prime; position_text_color=\u00a0\u00bb#0c71c3&Prime; body_link_font=\u00a0\u00bb||on||on||||\u00a0\u00bb border_radii_image=\u00a0\u00bbon|7px|7px|7px|7px\u00a0\u00bb]\n<p><span>Le \u00ab\u00a0Parcours d&rsquo;excellence\u00a0\u00bb est un dispositif interminist\u00e9riel<\/span><strong><span>\u00a0<\/span>visant \u00e0 accro\u00eetre l&rsquo;ambition scolaire des jeunes lyc\u00e9ens et coll\u00e9giens issus de milieux sociaux modestes.<\/strong><span>\u00a0L&rsquo; objectif est de\u00a0lever les obstacles psychologiques, sociaux et\/ou culturels qui peuvent freiner l&rsquo;acc\u00e8s des jeunes aux formations de l&rsquo;enseignement sup\u00e9rieur, \u00a0notamment aux fili\u00e8res \u00a0les plus s\u00e9lectives.Le dispositif ne se limite aux seuls \u00e9l\u00e8ves ayant les meilleurs r\u00e9sultats scolaires. L&rsquo;\u00e9quipe veille \u00e0 inciter tous les \u00e9l\u00e8ves, notamment ceux n&rsquo;osant pas le faire spontan\u00e9ment, \u00e0 s&rsquo;y engager.<a href=\"https:\/\/eduscol.education.fr\/cid76305\/cordees-de-la-reussite-et-parcours-d-excellence.html\">source<\/a><\/span><\/p>\n[\/et_pb_team_member][\/et_pb_column][\/et_pb_row][\/et_pb_section][et_pb_section fb_built=\u00a0\u00bb1&Prime; _builder_version=\u00a0\u00bb4.0.6&Prime; custom_padding=\u00a0\u00bb0px||0px|||\u00a0\u00bb][et_pb_row _builder_version=\u00a0\u00bb4.0.6&Prime;][et_pb_column type=\u00a0\u00bb4_4&Prime; _builder_version=\u00a0\u00bb4.0.6&Prime;][et_pb_divider color=\u00a0\u00bb#000000&Prime; _builder_version=\u00a0\u00bb4.4.5&Prime;][\/et_pb_divider][et_pb_blog fullwidth=\u00a0\u00bboff\u00a0\u00bb include_categories=\u00a0\u00bb85&Prime; meta_date=\u00a0\u00bbl j M Y\u00a0\u00bb show_more=\u00a0\u00bbon\u00a0\u00bb show_author=\u00a0\u00bboff\u00a0\u00bb show_categories=\u00a0\u00bboff\u00a0\u00bb show_comments=\u00a0\u00bbon\u00a0\u00bb _builder_version=\u00a0\u00bb4.4.5&Prime; header_level=\u00a0\u00bbh1&Prime; header_font_size=\u00a0\u00bb30px\u00a0\u00bb body_text_color=\u00a0\u00bb#000000&Prime; meta_text_color=\u00a0\u00bb#0c71c3&Prime; read_more_font=\u00a0\u00bb|600||on|||||\u00a0\u00bb read_more_text_color=\u00a0\u00bb#e02b20&Prime; read_more_line_height=\u00a0\u00bb3em\u00a0\u00bb pagination_text_align=\u00a0\u00bbright\u00a0\u00bb header_font_size_tablet=\u00a0\u00bb\u00a0\u00bb header_font_size_phone=\u00a0\u00bb20px\u00a0\u00bb header_font_size_last_edited=\u00a0\u00bbon|phone\u00a0\u00bb border_radii=\u00a0\u00bbon|7px|7px|7px|7px\u00a0\u00bb border_color_all=\u00a0\u00bb#0c71c3&Prime; border_radii_image=\u00a0\u00bbon|7px|7px|7px|7px\u00a0\u00bb][\/et_pb_blog][\/et_pb_column][\/et_pb_row][\/et_pb_section]\n","protected":false},"excerpt":{"rendered":"<p>Parcours d&rsquo;excellenceLe \u00ab\u00a0Parcours d&rsquo;excellence\u00a0\u00bb est un dispositif interminist\u00e9riel\u00a0visant \u00e0 accro\u00eetre l&rsquo;ambition scolaire des jeunes lyc\u00e9ens et coll\u00e9giens issus de milieux sociaux modestes.\u00a0L&rsquo; objectif est de\u00a0lever les obstacles psychologiques, sociaux et\/ou culturels qui peuvent freiner l&rsquo;acc\u00e8s des jeunes aux formations de l&rsquo;enseignement sup\u00e9rieur, \u00a0notamment aux fili\u00e8res \u00a0les plus s\u00e9lectives.Le dispositif ne se limite aux seuls \u00e9l\u00e8ves [&hellip;]<\/p>\n","protected":false},"author":19616,"featured_media":0,"parent":0,"menu_order":0,"comment_status":"closed","ping_status":"closed","template":"","meta":{"_et_pb_use_builder":"on","_et_pb_old_content":"","_et_gb_content_width":"","footnotes":""},"class_list":["post-7238","page","type-page","status-publish","hentry"],"_links":{"self":[{"href":"https:\/\/etab.ac-reunion.fr\/clg-adrien-cerneau\/wp-json\/wp\/v2\/pages\/7238","targetHints":{"allow":["GET"]}}],"collection":[{"href":"https:\/\/etab.ac-reunion.fr\/clg-adrien-cerneau\/wp-json\/wp\/v2\/pages"}],"about":[{"href":"https:\/\/etab.ac-reunion.fr\/clg-adrien-cerneau\/wp-json\/wp\/v2\/types\/page"}],"author":[{"embeddable":true,"href":"https:\/\/etab.ac-reunion.fr\/clg-adrien-cerneau\/wp-json\/wp\/v2\/users\/19616"}],"replies":[{"embeddable":true,"href":"https:\/\/etab.ac-reunion.fr\/clg-adrien-cerneau\/wp-json\/wp\/v2\/comments?post=7238"}],"version-history":[{"count":13,"href":"https:\/\/etab.ac-reunion.fr\/clg-adrien-cerneau\/wp-json\/wp\/v2\/pages\/7238\/revisions"}],"predecessor-version":[{"id":9738,"href":"https:\/\/etab.ac-reunion.fr\/clg-adrien-cerneau\/wp-json\/wp\/v2\/pages\/7238\/revisions\/9738"}],"wp:attachment":[{"href":"https:\/\/etab.ac-reunion.fr\/clg-adrien-cerneau\/wp-json\/wp\/v2\/media?parent=7238"}],"curies":[{"name":"wp","href":"https:\/\/api.w.org\/{rel}","templated":true}]}}