{"id":150,"date":"2013-11-28T06:33:18","date_gmt":"2013-11-28T05:33:18","guid":{"rendered":"http:\/\/college-aime-cesaire-tmp.ac-reunion.fr\/?page_id=150"},"modified":"2014-06-26T09:09:28","modified_gmt":"2014-06-26T05:09:28","slug":"technologie","status":"publish","type":"page","link":"https:\/\/etab.ac-reunion.fr\/clg-aime-cesaire\/enseignements\/technologie\/","title":{"rendered":"Technologie"},"content":{"rendered":"<h3>Pr\u00e9sentation de la Technologie au coll\u00e8ge<\/h3>\n<p>&nbsp;<\/p>\n<p>En Technologie, les \u00e9l\u00e8ves \u00e9tudient les objets techniques de leur environnement proche.<br \/>\nLes programmes privil\u00e9gient l\u2019\u00e9tude des objets et ouvrages techniques, au travers\u00a0:<br \/>\n&#8211; de d\u00e9marches d\u2019investigation<br \/>\n&#8211; de d\u00e9marches de r\u00e9solution de probl\u00e8mes<br \/>\n&#8211; de la d\u00e9marche de projet.<\/p>\n<hr \/>\n<p>&nbsp;<\/p>\n<p>Les \u00e9l\u00e8ves les abordent individuellement et\/ou collectivement \u00e0 partir d\u2019une probl\u00e8me \u00e0 r\u00e9soudre.<br \/>\nAinsi, les \u00e9l\u00e8ves vont \u00eatre amen\u00e9s \u00e0 se poser des questions\u00a0:<br \/>\n&#8211; A quoi \u00e7a sert\u00a0?<br \/>\n&#8211; Comment \u00e7a marche\u00a0?<br \/>\n&#8211; Avec quoi \u00e7a fonctionne\u00a0?<br \/>\n&#8211; Avec quoi c\u2019est fait\u00a0?<br \/>\n&#8211; Comment c\u2019est fait\u00a0?<br \/>\n&#8211; Comment \u00e7a a \u00e9volu\u00e9 dans le temps\u00a0? &#8230;<\/p>\n<hr \/>\n<p>De la 6\u00e8me \u00e0 la 3\u00e8me, chaque programme est structur\u00e9 autour des 6 approches de l\u2019objet technique\u00a0:<br \/>\n&#8211; l\u2019analyse du fonctionnement et la conception<br \/>\n&#8211; les mat\u00e9riaux utilis\u00e9s<br \/>\n&#8211; les \u00e9nergies mises en \u0153uvre<br \/>\n&#8211; l\u2019\u00e9volution de l\u2019objet technique<br \/>\n&#8211; la communication et la gestion de l\u2019information,<br \/>\n&#8211; les processus de r\u00e9alisation.<\/p>\n<hr \/>\n<p>Selon les niveaux, les th\u00e8mes abord\u00e9s changent\u00a0:<br \/>\n&#8211; en 6\u00e8me\u00a0: Les Transports<br \/>\n&#8211; en 5\u00e8me\u00a0: Les Habitats et les Ouvrages d\u2019art<br \/>\n&#8211; en 4\u00e8me\u00a0: La Domotique<br \/>\n&#8211; en 3\u00e8me\u00a0: \u00c9tude d\u2019un projet sur un th\u00e8me choisi par le professeur.<\/p>\n<hr \/>\n<p>&nbsp;<\/p>\n<p>&nbsp;<\/p>\n<a href=\"https:\/\/etab.ac-reunion.fr\/clg-aime-cesaire\/wp-content\/uploads\/sites\/27\/2013\/11\/consignes_generales_en_technologie.pdf\" class=\"su-button su-button-style-default\" style=\"color:#FFFFFF;background-color:#2D89EF;border-color:#246ec0;border-radius:5px\" target=\"_blank\" rel=\"noopener noreferrer\"><span style=\"color:#FFFFFF;padding:0px 16px;font-size:13px;line-height:26px;border-color:#6cadf4;border-radius:5px;text-shadow:none\"> Consignes g\u00e9n\u00e9rales en Technologie<\/span><\/a> \u00a0 \u00a0 \u00a0 \u00a0 <a href=\"https:\/\/etab.ac-reunion.fr\/clg-aime-cesaire\/wp-content\/uploads\/sites\/27\/2013\/11\/comp\u00e9tences-attentudes-par-niveau..pdf\" class=\"su-button su-button-style-default\" style=\"color:#FFFFFF;background-color:#2D89EF;border-color:#246ec0;border-radius:5px\" target=\"_blank\" rel=\"noopener noreferrer\"><span style=\"color:#FFFFFF;padding:0px 16px;font-size:13px;line-height:26px;border-color:#6cadf4;border-radius:5px;text-shadow:none\"> Comp\u00e9tences attendues par niveau<\/span><\/a> \u00a0 \u00a0 \u00a0 \u00a0<a href=\"https:\/\/etab.ac-reunion.fr\/clg-aime-cesaire\/wp-content\/uploads\/sites\/27\/2013\/11\/ProgrammeTechnologieBO.pdf\" class=\"su-button su-button-style-default\" style=\"color:#FFFFFF;background-color:#2D89EF;border-color:#246ec0;border-radius:5px\" target=\"_blank\" rel=\"noopener noreferrer\"><span style=\"color:#FFFFFF;padding:0px 16px;font-size:13px;line-height:26px;border-color:#6cadf4;border-radius:5px;text-shadow:none\"> Programme de Technologie<\/span><\/a>\n<hr \/>\n<p>&nbsp;<\/p>\n","protected":false},"excerpt":{"rendered":"<p>Pr\u00e9sentation de la Technologie au coll\u00e8ge &nbsp; En Technologie, les \u00e9l\u00e8ves \u00e9tudient les objets techniques de leur environnement proche. Les programmes privil\u00e9gient l\u2019\u00e9tude des objets et ouvrages techniques, au travers\u00a0: &#8211; de d\u00e9marches d\u2019investigation &#8211; de d\u00e9marches de r\u00e9solution de probl\u00e8mes &#8211; de la d\u00e9marche de projet. &nbsp; Les \u00e9l\u00e8ves&#8230;<\/p>\n<p> <a class=\"continue-reading-link\" href=\"https:\/\/etab.ac-reunion.fr\/clg-aime-cesaire\/enseignements\/technologie\/\"><span>Lire la suite<\/span><i class=\"crycon-right-dir\"><\/i><\/a> <\/p>\n","protected":false},"author":1,"featured_media":0,"parent":221,"menu_order":0,"comment_status":"closed","ping_status":"open","template":"page-full.php","meta":{"footnotes":""},"class_list":["post-150","page","type-page","status-publish","hentry"],"_links":{"self":[{"href":"https:\/\/etab.ac-reunion.fr\/clg-aime-cesaire\/wp-json\/wp\/v2\/pages\/150","targetHints":{"allow":["GET"]}}],"collection":[{"href":"https:\/\/etab.ac-reunion.fr\/clg-aime-cesaire\/wp-json\/wp\/v2\/pages"}],"about":[{"href":"https:\/\/etab.ac-reunion.fr\/clg-aime-cesaire\/wp-json\/wp\/v2\/types\/page"}],"author":[{"embeddable":true,"href":"https:\/\/etab.ac-reunion.fr\/clg-aime-cesaire\/wp-json\/wp\/v2\/users\/1"}],"replies":[{"embeddable":true,"href":"https:\/\/etab.ac-reunion.fr\/clg-aime-cesaire\/wp-json\/wp\/v2\/comments?post=150"}],"version-history":[{"count":7,"href":"https:\/\/etab.ac-reunion.fr\/clg-aime-cesaire\/wp-json\/wp\/v2\/pages\/150\/revisions"}],"predecessor-version":[{"id":1245,"href":"https:\/\/etab.ac-reunion.fr\/clg-aime-cesaire\/wp-json\/wp\/v2\/pages\/150\/revisions\/1245"}],"up":[{"embeddable":true,"href":"https:\/\/etab.ac-reunion.fr\/clg-aime-cesaire\/wp-json\/wp\/v2\/pages\/221"}],"wp:attachment":[{"href":"https:\/\/etab.ac-reunion.fr\/clg-aime-cesaire\/wp-json\/wp\/v2\/media?parent=150"}],"curies":[{"name":"wp","href":"https:\/\/api.w.org\/{rel}","templated":true}]}}