{"id":174,"date":"2013-11-28T07:18:45","date_gmt":"2013-11-28T06:18:45","guid":{"rendered":"http:\/\/college-aime-cesaire-tmp.ac-reunion.fr\/?page_id=174"},"modified":"2020-12-14T10:51:03","modified_gmt":"2020-12-14T06:51:03","slug":"ressource","status":"publish","type":"page","link":"https:\/\/etab.ac-reunion.fr\/clg-aime-cesaire\/ressource\/","title":{"rendered":"La Ressource"},"content":{"rendered":"<p><strong>Projet 1 : <span style=\"color: #ff9900\">Vid\u00e9o langue des signes\u00a0<\/span><\/strong><\/p>\n<p>A l&rsquo;occasion de la journ\u00e9e de langue des signes, le mercredi 23 septembre nos \u00e9l\u00e8ves ont r\u00e9alis\u00e9s une petite vid\u00e9o que vous pouvez d\u00e9couvrir ci-dessous !\u00a0<\/p>\n\n\n<figure class=\"wp-block-video\"><video height=\"1080\" style=\"aspect-ratio: 1920 \/ 1080;\" width=\"1920\" controls src=\"https:\/\/etab.ac-reunion.fr\/clg-aime-cesaire\/wp-content\/uploads\/sites\/27\/2020\/09\/Journee-de-la-langue-des-signes-4.mp4\" playsinline><\/video><\/figure>\n\n\n\n<p><\/p>\n\n\n\n<p><strong>Projet 2<\/strong> : <strong><span class=\"has-inline-color has-luminous-vivid-orange-color\">Projet SCRATCH des \u00e9l\u00e8ves de la Ressource<\/span><\/strong><\/p>\n\n\n\n<p>Ce projet a \u00e9t\u00e9 r\u00e9alis\u00e9 avec \u00ab\u00a0Scratch\u00a0\u00bb par les \u00e9l\u00e8ves de l&rsquo;UE de la Ressource en technologie et a \u00e9t\u00e9 encadr\u00e9 par leur enseignant Mr.DIJOUX. L&rsquo;id\u00e9e \u00e9tait de mettre en avant l&rsquo;\u00eele de la R\u00e9union et la langue des signes \u00e0 travers la cr\u00e9ation d&rsquo;un \u00ab\u00a0jeu s\u00e9rieux\u00a0\u00bb qui a pris la forme d&rsquo;une carte interactive.Cette animation est disponible via le lien suivant: <\/p>\n\n\n\n<p><strong><a href=\"https:\/\/jrdijoux.wixsite.com\/laressource\/reunion-en-langue-des-signes\">https:\/\/jrdijoux.wixsite.com\/laressource\/reunion-en-langue-des-signes<\/a><\/strong><\/p>\n\n\n\n<figure class=\"wp-block-image size-large\"><img loading=\"lazy\" decoding=\"async\" width=\"1024\" height=\"853\" src=\"https:\/\/etab.ac-reunion.fr\/clg-aime-cesaire\/wp-content\/uploads\/sites\/27\/2020\/12\/CARTE-PRESENTATION-PROJET-SCRATCH-1-1024x853.jpg\" alt=\"\" class=\"wp-image-4802\" srcset=\"https:\/\/etab.ac-reunion.fr\/clg-aime-cesaire\/wp-content\/uploads\/sites\/27\/2020\/12\/CARTE-PRESENTATION-PROJET-SCRATCH-1-1024x853.jpg 1024w, https:\/\/etab.ac-reunion.fr\/clg-aime-cesaire\/wp-content\/uploads\/sites\/27\/2020\/12\/CARTE-PRESENTATION-PROJET-SCRATCH-1-300x250.jpg 300w, https:\/\/etab.ac-reunion.fr\/clg-aime-cesaire\/wp-content\/uploads\/sites\/27\/2020\/12\/CARTE-PRESENTATION-PROJET-SCRATCH-1-768x640.jpg 768w, https:\/\/etab.ac-reunion.fr\/clg-aime-cesaire\/wp-content\/uploads\/sites\/27\/2020\/12\/CARTE-PRESENTATION-PROJET-SCRATCH-1-150x125.jpg 150w, https:\/\/etab.ac-reunion.fr\/clg-aime-cesaire\/wp-content\/uploads\/sites\/27\/2020\/12\/CARTE-PRESENTATION-PROJET-SCRATCH-1.jpg 1200w\" sizes=\"auto, (max-width: 1024px) 100vw, 1024px\" \/><\/figure>\n","protected":false},"excerpt":{"rendered":"<p>Projet 1 : Vid\u00e9o langue des signes\u00a0 A l&rsquo;occasion de la journ\u00e9e de langue des signes, le mercredi 23 septembre nos \u00e9l\u00e8ves ont r\u00e9alis\u00e9s une petite vid\u00e9o que vous pouvez d\u00e9couvrir ci-dessous !\u00a0 Projet 2 : Projet SCRATCH des \u00e9l\u00e8ves de la Ressource Ce projet a \u00e9t\u00e9 r\u00e9alis\u00e9 avec \u00ab\u00a0Scratch\u00a0\u00bb&#8230;<\/p>\n<p> <a class=\"continue-reading-link\" href=\"https:\/\/etab.ac-reunion.fr\/clg-aime-cesaire\/ressource\/\"><span>Lire la suite<\/span><i class=\"crycon-right-dir\"><\/i><\/a> <\/p>\n","protected":false},"author":24348,"featured_media":0,"parent":0,"menu_order":0,"comment_status":"closed","ping_status":"open","template":"","meta":{"footnotes":""},"class_list":["post-174","page","type-page","status-publish","hentry"],"_links":{"self":[{"href":"https:\/\/etab.ac-reunion.fr\/clg-aime-cesaire\/wp-json\/wp\/v2\/pages\/174","targetHints":{"allow":["GET"]}}],"collection":[{"href":"https:\/\/etab.ac-reunion.fr\/clg-aime-cesaire\/wp-json\/wp\/v2\/pages"}],"about":[{"href":"https:\/\/etab.ac-reunion.fr\/clg-aime-cesaire\/wp-json\/wp\/v2\/types\/page"}],"author":[{"embeddable":true,"href":"https:\/\/etab.ac-reunion.fr\/clg-aime-cesaire\/wp-json\/wp\/v2\/users\/24348"}],"replies":[{"embeddable":true,"href":"https:\/\/etab.ac-reunion.fr\/clg-aime-cesaire\/wp-json\/wp\/v2\/comments?post=174"}],"version-history":[{"count":7,"href":"https:\/\/etab.ac-reunion.fr\/clg-aime-cesaire\/wp-json\/wp\/v2\/pages\/174\/revisions"}],"predecessor-version":[{"id":4805,"href":"https:\/\/etab.ac-reunion.fr\/clg-aime-cesaire\/wp-json\/wp\/v2\/pages\/174\/revisions\/4805"}],"wp:attachment":[{"href":"https:\/\/etab.ac-reunion.fr\/clg-aime-cesaire\/wp-json\/wp\/v2\/media?parent=174"}],"curies":[{"name":"wp","href":"https:\/\/api.w.org\/{rel}","templated":true}]}}