{"id":1842,"date":"2015-04-29T08:37:38","date_gmt":"2015-04-29T04:37:38","guid":{"rendered":"http:\/\/college-aime-cesaire.ac-reunion.fr\/?page_id=1842"},"modified":"2020-09-03T16:00:13","modified_gmt":"2020-09-03T12:00:13","slug":"bourses","status":"publish","type":"page","link":"https:\/\/etab.ac-reunion.fr\/clg-aime-cesaire\/bourses\/","title":{"rendered":"Bourses"},"content":{"rendered":"<p>L&rsquo;\u00e9ducation nationale met \u00e0 disposition des parents d&rsquo;\u00e9l\u00e8ves un simulateur en ligne de droit \u00e0 l&rsquo;obtention d&rsquo;une bourse dans le second degr\u00e9. En quelques clics, les parents peuvent d\u00e9sormais savoir s&rsquo;ils sont \u00e9ligibles et obtenir l&rsquo;estimation du montant de la bourse.<\/p>\n<a href=\"http:\/\/www.education.gouv.fr\/cid86486\/bourses-de-college.html&#039;%20target=&#039;blank\" class=\"su-button su-button-style-default\" style=\"color:#FFFFFF;background-color:#2D89EF;border-color:#246ec0;border-radius:5px\" target=\"_blank\" rel=\"noopener noreferrer\"><span style=\"color:#FFFFFF;padding:6px 16px;font-size:13px;line-height:20px;border-color:#6cadf4;border-radius:5px;text-shadow:none\"><i class=\"sui sui-chevron-circle-down\" style=\"font-size:13px;color:#FFFFFF\"><\/i> Simulateur de bourse de coll\u00e8ge <\/span><\/a>\n<a href=\"https:\/\/etab.ac-reunion.fr\/clg-aime-cesaire\/wp-content\/uploads\/sites\/27\/2019\/09\/Flyer-sur-site.pdf\" class=\"su-button su-button-style-default\" style=\"color:#FFFFFF;background-color:#2D89EF;border-color:#246ec0;border-radius:5px\" target=\"_blank\" rel=\"noopener noreferrer\"><span style=\"color:#FFFFFF;padding:6px 16px;font-size:13px;line-height:20px;border-color:#6cadf4;border-radius:5px;text-shadow:none\"><i class=\"sui sui-chevron-circle-down\" style=\"font-size:13px;color:#FFFFFF\"><\/i> FLYER<\/span><\/a>\n<a href=\"https:\/\/etab.ac-reunion.fr\/clg-aime-cesaire\/wp-content\/uploads\/sites\/27\/2019\/09\/V2019-Guide-pour-accompagner-les-parents-bourse-college-.pdf\" class=\"su-button su-button-style-default\" style=\"color:#FFFFFF;background-color:#2D89EF;border-color:#246ec0;border-radius:5px\" target=\"_blank\" rel=\"noopener noreferrer\"><span style=\"color:#FFFFFF;padding:6px 16px;font-size:13px;line-height:20px;border-color:#6cadf4;border-radius:5px;text-shadow:none\"><i class=\"sui sui-chevron-circle-down\" style=\"font-size:13px;color:#FFFFFF\"><\/i> Guide pour accompagner les parents <\/span><\/a>\n<a href=\"https:\/\/etab.ac-reunion.fr\/clg-aime-cesaire\/wp-content\/uploads\/sites\/27\/2019\/09\/Info-aux-parents-2019-2020-1.odt\" class=\"su-button su-button-style-default\" style=\"color:#FFFFFF;background-color:#2D89EF;border-color:#246ec0;border-radius:5px\" target=\"_blank\" rel=\"noopener noreferrer\"><span style=\"color:#FFFFFF;padding:6px 16px;font-size:13px;line-height:20px;border-color:#6cadf4;border-radius:5px;text-shadow:none\"><i class=\"sui sui-chevron-circle-down\" style=\"font-size:13px;color:#FFFFFF\"><\/i> Information aux parents <\/span><\/a>\n\n\n<p>IN<strong>FORMATIONS BOURSES 2020-2021<\/strong> : https:\/\/etab.ac-reunion.fr\/clg-aime-cesaire\/2020\/09\/03\/informations-aux-parents-bourse-college-2020-2021\/ <\/p>\n","protected":false},"excerpt":{"rendered":"<p>L&rsquo;\u00e9ducation nationale met \u00e0 disposition des parents d&rsquo;\u00e9l\u00e8ves un simulateur en ligne de droit \u00e0 l&rsquo;obtention d&rsquo;une bourse dans le second degr\u00e9. En quelques clics, les parents peuvent d\u00e9sormais savoir s&rsquo;ils sont \u00e9ligibles et obtenir l&rsquo;estimation du montant de la bourse. INFORMATIONS BOURSES 2020-2021 : https:\/\/etab.ac-reunion.fr\/clg-aime-cesaire\/2020\/09\/03\/informations-aux-parents-bourse-college-2020-2021\/<\/p>\n<p> <a class=\"continue-reading-link\" href=\"https:\/\/etab.ac-reunion.fr\/clg-aime-cesaire\/bourses\/\"><span>Lire la suite<\/span><i class=\"crycon-right-dir\"><\/i><\/a> <\/p>\n","protected":false},"author":2536,"featured_media":0,"parent":0,"menu_order":0,"comment_status":"closed","ping_status":"closed","template":"","meta":{"footnotes":""},"class_list":["post-1842","page","type-page","status-publish","hentry"],"_links":{"self":[{"href":"https:\/\/etab.ac-reunion.fr\/clg-aime-cesaire\/wp-json\/wp\/v2\/pages\/1842","targetHints":{"allow":["GET"]}}],"collection":[{"href":"https:\/\/etab.ac-reunion.fr\/clg-aime-cesaire\/wp-json\/wp\/v2\/pages"}],"about":[{"href":"https:\/\/etab.ac-reunion.fr\/clg-aime-cesaire\/wp-json\/wp\/v2\/types\/page"}],"author":[{"embeddable":true,"href":"https:\/\/etab.ac-reunion.fr\/clg-aime-cesaire\/wp-json\/wp\/v2\/users\/2536"}],"replies":[{"embeddable":true,"href":"https:\/\/etab.ac-reunion.fr\/clg-aime-cesaire\/wp-json\/wp\/v2\/comments?post=1842"}],"version-history":[{"count":21,"href":"https:\/\/etab.ac-reunion.fr\/clg-aime-cesaire\/wp-json\/wp\/v2\/pages\/1842\/revisions"}],"predecessor-version":[{"id":4524,"href":"https:\/\/etab.ac-reunion.fr\/clg-aime-cesaire\/wp-json\/wp\/v2\/pages\/1842\/revisions\/4524"}],"wp:attachment":[{"href":"https:\/\/etab.ac-reunion.fr\/clg-aime-cesaire\/wp-json\/wp\/v2\/media?parent=1842"}],"curies":[{"name":"wp","href":"https:\/\/api.w.org\/{rel}","templated":true}]}}