{"id":185,"date":"2013-11-28T07:38:44","date_gmt":"2013-11-28T06:38:44","guid":{"rendered":"http:\/\/college-aime-cesaire-tmp.ac-reunion.fr\/?page_id=185"},"modified":"2022-06-10T15:17:27","modified_gmt":"2022-06-10T11:17:27","slug":"a-s-s-r","status":"publish","type":"page","link":"https:\/\/etab.ac-reunion.fr\/clg-aime-cesaire\/a-s-s-r\/","title":{"rendered":"A.S.S.R."},"content":{"rendered":"<p style=\"text-align: justify\">\u00a0Les attestations scolaires de s\u00e9curit\u00e9 routi\u00e8re (ASSR) de 1er et 2\u00e8me niveaux sanctionnent l&rsquo;enseignement, d\u00e9sormais obligatoire, des r\u00e8gles de s\u00e9curit\u00e9 routi\u00e8re. Elles sont d\u00e9livr\u00e9es, apr\u00e8s un \u00a0contr\u00f4le des connaissances th\u00e9oriques de s\u00e9curit\u00e9 routi\u00e8re, pendant le temps scolaire. Ces attestations n&rsquo;autorisent toutefois pas \u00e0 conduire un v\u00e9hicule \u00e0 moteur.<\/p>\n<p style=\"text-align: justify\"><strong>\u00a0Les attestations de s\u00e9curit\u00e9 routi\u00e8re (ASSR1, ASSR2) sont obligatoires pour tous les jeunes n\u00e9s \u00e0 partir du 1er janvier 1988.<\/strong><\/p>\n<p style=\"text-align: justify\">\u00a0L\u2019ASSR1, l\u2019ASSR2 permettent de s\u2019inscrire \u00e0 la formation pratique du brevet de s\u00e9curit\u00e9 routi\u00e8re (BSR) afin de conduire un deux-roues motoris\u00e9.<\/p>\n<p style=\"text-align: justify\">\u00a0L\u2019ASSR2 est obligatoire pour s\u2019inscrire \u00e0 l\u2019\u00e9preuve th\u00e9orique du permis de conduire.<\/p>\n<hr \/>\n<div>\n<h3>ASSR de 1er niveau<\/h3>\n<div>\n<h5><strong>\u00c9l\u00e8ves concern\u00e9s<\/strong><\/h5>\n<p>L&rsquo;\u00e9preuve de l&rsquo;ASSR de 1er niveau est organis\u00e9e :<\/p>\n<ul>\n<li style=\"text-align: justify\">pour les classes de 5\u00e8me et de niveau correspondant,<\/li>\n<li style=\"text-align: justify\">pour les \u00e9l\u00e8ves d&rsquo;autres classes qui atteignent l&rsquo;\u00e2ge de 14 ans au cours de l&rsquo;ann\u00e9e civile.<\/li>\n<li style=\"text-align: justify\">Des \u00e9l\u00e8ves ayant \u00e9chou\u00e9 ou ne relevant pas encore de l\u2019ASSR2 mais d\u00e9sirant pr\u00e9parer le BSR en auto-\u00e9cole.<\/li>\n<\/ul>\n<\/div>\n<div>\n<h5><strong>D\u00e9roulement de l&rsquo;\u00e9preuve<\/strong><\/h5>\n<p style=\"text-align: justify\">L&rsquo;\u00e9preuve se pr\u00e9sente sous la forme de 20 s\u00e9quences vid\u00e9o illustrant des questions \u00e0 choix multiples et n\u00e9cessite d&rsquo;obtenir au moins la note 10\/20.\u00a0Les \u00e9l\u00e8ves ayant obtenu au moins la note de 10\/20 \u00e0 l&rsquo;\u00e9preuve se voient attribuer l&rsquo;ASSR de 1er niveau.\u00a0Un \u00e9l\u00e8ve recal\u00e9 peut se pr\u00e9senter \u00e0 l&rsquo;\u00e9preuve de rattrapage durant la m\u00eame p\u00e9riode s&rsquo;il en fait la demande aupr\u00e8s du chef d&rsquo;\u00e9tablissement.<\/p>\n<hr \/>\n<p style=\"text-align: justify\">\n<\/div>\n<div>\n<h3>ASSR de 2\u00e8me niveau<\/h3>\n<\/div>\n<\/div>\n<div>\n<div>\n<h5><strong>\u00c9l\u00e8ves concern\u00e9s<\/strong><\/h5>\n<p>L&rsquo;\u00e9preuve de l&rsquo;ASSR de 2\u00e8me niveau est organis\u00e9e :<\/p>\n<ul>\n<li style=\"text-align: justify\">pour les classes de 3\u00e8me et de niveau correspondant,<\/li>\n<li style=\"text-align: justify\">pour les\u00a0\u00e9l\u00e8ves d\u2019autres classes qui atteignent l\u2019\u00e2ge de 16 ans au cours de l\u2019ann\u00e9e civile (au plus tard le 31 d\u00e9cembre 2015)<\/li>\n<li style=\"text-align: justify\">pour des \u00e9l\u00e8ves \u00e2g\u00e9s de plus de 16 ans, inscrits dans l&rsquo;\u00e9tablissement scolaire qui n&rsquo;en sont pas titulaires.<\/li>\n<\/ul>\n<\/div>\n<div>\n<h5><strong>D\u00e9roulement de l&rsquo;\u00e9preuve<\/strong><\/h5>\n<p style=\"text-align: justify\">L&rsquo;\u00e9preuve se pr\u00e9sente sous la forme de 20 s\u00e9quences vid\u00e9o illustrant des questions \u00e0 choix multiples et n\u00e9cessite d&rsquo;obtenir au moins la note 10\/20.\u00a0Les \u00e9l\u00e8ves ayant obtenu au moins la note de 10\/20 \u00e0 l&rsquo;\u00e9preuve se voient attribuer l&rsquo;ASSR de 2\u00e8me niveau.\u00a0Un \u00e9l\u00e8ve recal\u00e9 peut se pr\u00e9senter \u00e0 l&rsquo;\u00e9preuve de rattrapage durant la m\u00eame p\u00e9riode s&rsquo;il en fait la demande aupr\u00e8s du chef d&rsquo;\u00e9tablissement.<\/p>\n<\/div>\n<div>\n<h5><strong>Calendrier<\/strong><\/h5>\n<p style=\"text-align: justify\">L&rsquo;\u00e9preuve se d\u00e9roule chaque ann\u00e9e pendant le temps scolaire, au cours d&rsquo;une p\u00e9riode comprise entre le d\u00e9but du 2\u00e8me trimestre et la fin de l&rsquo;ann\u00e9e scolaire.<\/p>\n<hr \/>\n<h3>Pour s&rsquo;entra\u00eener<\/h3>\n<p><strong>Liens pour s\u2019entra\u00eener (pr\u00e9paration et test):\u00a0<a name=\"_GoBack\"><\/a><\/strong><\/p>\n<p style=\"padding-left: 40px\"><a href=\"http:\/\/preparer-assr.education-securite-routiere.fr\/\">http:\/\/preparer-assr.education-secu&#8230;<\/a><br \/>\n<a href=\"http:\/\/www.code3000.net\/bsr-assr-cyclo.php\">http:\/\/www.code3000.net\/bsr-assr-cy&#8230;<\/a><\/p>\n<p><strong>Base de connaissances\u00a0:<\/strong><\/p>\n<p style=\"padding-left: 40px\"><a href=\"http:\/\/eduscol.education.fr\/education-securite-routiere\/spip.php?rubrique16\">http:\/\/eduscol.education.fr\/educati&#8230;<\/a><\/p>\n<p><strong>Annales des \u00e9preuves pr\u00e9c\u00e9dentes\u00a0:<\/strong><\/p>\n<p style=\"padding-left: 40px\"><a href=\"http:\/\/eduscol.education.fr\/education-securite-routiere\/spip.php?mot180\">http:\/\/eduscol.education.fr\/educati&#8230;<\/a><\/p>\n<\/div>\n<\/div>\n<p style=\"text-align: justify\"><a style=\"text-align: center\" href=\"https:\/\/etab.ac-reunion.fr\/clg-aime-cesaire\/wp-content\/uploads\/sites\/27\/2013\/11\/S\u00e9curit\u00e9-routi\u00e8re.jpg\"><img loading=\"lazy\" decoding=\"async\" class=\"wp-image-791 aligncenter\" src=\"https:\/\/etab.ac-reunion.fr\/clg-aime-cesaire\/wp-content\/uploads\/sites\/27\/2013\/11\/S\u00e9curit\u00e9-routi\u00e8re.jpg\" alt=\"S\u00e9curit\u00e9-routi\u00e8re\" width=\"200\" height=\"60\" \/><\/a><\/p>\n","protected":false},"excerpt":{"rendered":"<p>\u00a0Les attestations scolaires de s\u00e9curit\u00e9 routi\u00e8re (ASSR) de 1er et 2\u00e8me niveaux sanctionnent l&rsquo;enseignement, d\u00e9sormais obligatoire, des r\u00e8gles de s\u00e9curit\u00e9 routi\u00e8re. Elles sont d\u00e9livr\u00e9es, apr\u00e8s un \u00a0contr\u00f4le des connaissances th\u00e9oriques de s\u00e9curit\u00e9 routi\u00e8re, pendant le temps scolaire. Ces attestations n&rsquo;autorisent toutefois pas \u00e0 conduire un v\u00e9hicule \u00e0 moteur. \u00a0Les attestations&#8230;<\/p>\n<p> <a class=\"continue-reading-link\" href=\"https:\/\/etab.ac-reunion.fr\/clg-aime-cesaire\/a-s-s-r\/\"><span>Lire la suite<\/span><i class=\"crycon-right-dir\"><\/i><\/a> <\/p>\n","protected":false},"author":2536,"featured_media":0,"parent":0,"menu_order":0,"comment_status":"closed","ping_status":"open","template":"","meta":{"footnotes":""},"class_list":["post-185","page","type-page","status-publish","hentry"],"_links":{"self":[{"href":"https:\/\/etab.ac-reunion.fr\/clg-aime-cesaire\/wp-json\/wp\/v2\/pages\/185","targetHints":{"allow":["GET"]}}],"collection":[{"href":"https:\/\/etab.ac-reunion.fr\/clg-aime-cesaire\/wp-json\/wp\/v2\/pages"}],"about":[{"href":"https:\/\/etab.ac-reunion.fr\/clg-aime-cesaire\/wp-json\/wp\/v2\/types\/page"}],"author":[{"embeddable":true,"href":"https:\/\/etab.ac-reunion.fr\/clg-aime-cesaire\/wp-json\/wp\/v2\/users\/2536"}],"replies":[{"embeddable":true,"href":"https:\/\/etab.ac-reunion.fr\/clg-aime-cesaire\/wp-json\/wp\/v2\/comments?post=185"}],"version-history":[{"count":15,"href":"https:\/\/etab.ac-reunion.fr\/clg-aime-cesaire\/wp-json\/wp\/v2\/pages\/185\/revisions"}],"predecessor-version":[{"id":5542,"href":"https:\/\/etab.ac-reunion.fr\/clg-aime-cesaire\/wp-json\/wp\/v2\/pages\/185\/revisions\/5542"}],"wp:attachment":[{"href":"https:\/\/etab.ac-reunion.fr\/clg-aime-cesaire\/wp-json\/wp\/v2\/media?parent=185"}],"curies":[{"name":"wp","href":"https:\/\/api.w.org\/{rel}","templated":true}]}}