{"id":219,"date":"2013-12-02T11:33:16","date_gmt":"2013-12-02T10:33:16","guid":{"rendered":"http:\/\/college-aime-cesaire-tmp.ac-reunion.fr\/?page_id=219"},"modified":"2020-02-03T11:50:59","modified_gmt":"2020-02-03T07:50:59","slug":"u-n-s-s-2","status":"publish","type":"page","link":"https:\/\/etab.ac-reunion.fr\/clg-aime-cesaire\/u-n-s-s-2\/","title":{"rendered":"E.P.S."},"content":{"rendered":"<h2 style=\"text-align: center\"><\/h2>\n<p><strong>AUX VESTIAIRES\u00a0:<\/strong><\/p>\n<ul>\n<li>Cracher son chewing-gum dans la poubelle<\/li>\n<li>Enlever montre et bijoux<\/li>\n<li>Mettre sa tenue de sport\u00a0\u00a0minimum\u00a0: short, tee-shirt, chaussettes, chaussures (chapeau ou casquette sont vivement recommand\u00e9s pour les s\u00e9ances en ext\u00e9rieur).<\/li>\n<li>Attacher ses cheveux s\u2019ils sont longs ou mi-longs<\/li>\n<li><strong>Pour des raisons de s\u00e9curit\u00e9, le la\u00e7age des chaussures doit permettre au pied d\u2019\u00eatre r\u00e9ellement tenu<\/strong>.<\/li>\n<\/ul>\n<p><strong>PENDANT LE COURS\u00a0:<\/strong><\/p>\n<ul>\n<li>Pour chaque activit\u00e9 se conformer aux r\u00e8gles et aux consignes donn\u00e9es par le professeur.<\/li>\n<li>Respecter les\u00a0\u00a0lieux (chaussures adapt\u00e9es, pas de crachats).<\/li>\n<li>Respecter les autres par un comportement ne les mettant pas en danger (coups de pieds dans un ballon, bousculade, chahut, etc.\u2026) et par une \u00e9coute des consignes ou conseils donn\u00e9s par le professeur.<\/li>\n<li>Tout \u00e9l\u00e8ve se doit de participer \u00e0 la mise en place et au rangement du mat\u00e9riel qu\u2019il doit \u00e9galement respecter pour la s\u00e9curit\u00e9 de tous.<\/li>\n<\/ul>\n<h2>\u00a0\u00a0\u00a0\u00a0\u00a0\u00a0\u00a0\u00a0\u00a0\u00a0\u00a0\u00a0\u00a0\u00a0\u00a0\u00a0\u00a0\u00a0Les d\u00e9gradations volontaires seront factur\u00e9es \u00e0 la famille.<\/h2>\n<p><strong>A LA FIN DU COURS\u00a0:<\/strong><\/p>\n<ul>\n<li>Attendre que le professeur autorise les \u00e9l\u00e8ves \u00e0 regagner les vestiaires dans le calme.<\/li>\n<li>Se changer, v\u00e9rifier que l\u2019on n\u2019a rien oubli\u00e9 ou laiss\u00e9 derri\u00e8re soi (papiers, plastiques, etc.\u2026..).<\/li>\n<li>Attendre \u00a0que le professeur donne l\u2019autorisation de quitter le cours.<\/li>\n<\/ul>\n<h4>\u00a0\u00a0\u00a0\u00a0\u00a0\u00a0\u00a0\u00a0\u00a0\u00a0\u00a0\u00a0\u00a0\u00a0\u00a0\u00a0\u00a0Tout \u00e9l\u00e8ve parti avant cette autorisation sera not\u00e9 absent pour le cours.<\/h4>\n","protected":false},"excerpt":{"rendered":"<p>AUX VESTIAIRES\u00a0: Cracher son chewing-gum dans la poubelle Enlever montre et bijoux Mettre sa tenue de sport\u00a0\u00a0minimum\u00a0: short, tee-shirt, chaussettes, chaussures (chapeau ou casquette sont vivement recommand\u00e9s pour les s\u00e9ances en ext\u00e9rieur). Attacher ses cheveux s\u2019ils sont longs ou mi-longs Pour des raisons de s\u00e9curit\u00e9, le la\u00e7age des chaussures doit&#8230;<\/p>\n<p> <a class=\"continue-reading-link\" href=\"https:\/\/etab.ac-reunion.fr\/clg-aime-cesaire\/u-n-s-s-2\/\"><span>Lire la suite<\/span><i class=\"crycon-right-dir\"><\/i><\/a> <\/p>\n","protected":false},"author":2536,"featured_media":0,"parent":0,"menu_order":0,"comment_status":"closed","ping_status":"open","template":"","meta":{"footnotes":""},"class_list":["post-219","page","type-page","status-publish","hentry"],"_links":{"self":[{"href":"https:\/\/etab.ac-reunion.fr\/clg-aime-cesaire\/wp-json\/wp\/v2\/pages\/219","targetHints":{"allow":["GET"]}}],"collection":[{"href":"https:\/\/etab.ac-reunion.fr\/clg-aime-cesaire\/wp-json\/wp\/v2\/pages"}],"about":[{"href":"https:\/\/etab.ac-reunion.fr\/clg-aime-cesaire\/wp-json\/wp\/v2\/types\/page"}],"author":[{"embeddable":true,"href":"https:\/\/etab.ac-reunion.fr\/clg-aime-cesaire\/wp-json\/wp\/v2\/users\/2536"}],"replies":[{"embeddable":true,"href":"https:\/\/etab.ac-reunion.fr\/clg-aime-cesaire\/wp-json\/wp\/v2\/comments?post=219"}],"version-history":[{"count":9,"href":"https:\/\/etab.ac-reunion.fr\/clg-aime-cesaire\/wp-json\/wp\/v2\/pages\/219\/revisions"}],"predecessor-version":[{"id":4202,"href":"https:\/\/etab.ac-reunion.fr\/clg-aime-cesaire\/wp-json\/wp\/v2\/pages\/219\/revisions\/4202"}],"wp:attachment":[{"href":"https:\/\/etab.ac-reunion.fr\/clg-aime-cesaire\/wp-json\/wp\/v2\/media?parent=219"}],"curies":[{"name":"wp","href":"https:\/\/api.w.org\/{rel}","templated":true}]}}