{"id":4026,"date":"2019-11-26T09:26:42","date_gmt":"2019-11-26T05:26:42","guid":{"rendered":"http:\/\/college-aime-cesaire.ac-reunion.fr\/?page_id=4026"},"modified":"2022-06-07T13:58:45","modified_gmt":"2022-06-07T09:58:45","slug":"resultats-des-competitions","status":"publish","type":"page","link":"https:\/\/etab.ac-reunion.fr\/clg-aime-cesaire\/resultats-des-competitions\/","title":{"rendered":"R\u00e9sultats des comp\u00e9titions"},"content":{"rendered":"<ul class=\"wp-block-latest-posts__list is-grid columns-3 has-dates wp-block-latest-posts\"><li><div class=\"wp-block-latest-posts__featured-image aligncenter\"><a href=\"https:\/\/etab.ac-reunion.fr\/clg-aime-cesaire\/2023\/02\/28\/unss-badminton-15-02-2023\/\" title=\"UNSS BADMINTON - 15\/02\/2023\"><img loading=\"lazy\" decoding=\"async\" width=\"150\" height=\"150\" src=\"https:\/\/etab.ac-reunion.fr\/clg-aime-cesaire\/wp-content\/uploads\/sites\/27\/2023\/02\/20230215_160815_resized-150x150.jpg\" class=\"attachment-thumbnail size-thumbnail wp-post-image\" alt=\"\" style=\"\" \/><\/a><\/div><a class=\"wp-block-latest-posts__post-title\" href=\"https:\/\/etab.ac-reunion.fr\/clg-aime-cesaire\/2023\/02\/28\/unss-badminton-15-02-2023\/\">UNSS BADMINTON &#8211; 15\/02\/2023<\/a><time datetime=\"2023-02-28T11:21:54+04:00\" class=\"wp-block-latest-posts__post-date\">28 f\u00e9vrier 2023<\/time><div class=\"wp-block-latest-posts__post-excerpt\">L\u2019\u00e9quipe du coll\u00e8ge a \u00e9t\u00e9 finaliste du tournoi, le 15 f\u00e9vrier, \u00e0 La Rivi\u00e8re St Louis et elle est qualifi\u00e9e pour les finales du district.Bravo \u00e0 eux pour leur combativit\u00e9 sur le terrain et leur excellent comportement ! Nina Gilardi&#8230;<p> <a class=\"continue-reading-link\" href=\"https:\/\/etab.ac-reunion.fr\/clg-aime-cesaire\/2023\/02\/28\/unss-badminton-15-02-2023\/\"><span>Lire la suite<\/span><i class=\"crycon-right-dir\"><\/i><\/a> <\/p><\/div><\/li>\n<li><div class=\"wp-block-latest-posts__featured-image aligncenter\"><a href=\"https:\/\/etab.ac-reunion.fr\/clg-aime-cesaire\/2023\/02\/07\/unss-badminton-finales-minimes\/\" title=\"UNSS BADMINTON - Finales minimes\"><img loading=\"lazy\" decoding=\"async\" width=\"150\" height=\"150\" src=\"https:\/\/etab.ac-reunion.fr\/clg-aime-cesaire\/wp-content\/uploads\/sites\/27\/2023\/02\/20221207_160812_resized-150x150.jpg\" class=\"attachment-thumbnail size-thumbnail wp-post-image\" alt=\"\" style=\"\" \/><\/a><\/div><a class=\"wp-block-latest-posts__post-title\" href=\"https:\/\/etab.ac-reunion.fr\/clg-aime-cesaire\/2023\/02\/07\/unss-badminton-finales-minimes\/\">UNSS BADMINTON &#8211; Finales minimes<\/a><time datetime=\"2023-02-07T08:48:40+04:00\" class=\"wp-block-latest-posts__post-date\">7 f\u00e9vrier 2023<\/time><div class=\"wp-block-latest-posts__post-excerpt\">Les finales de district du championnat individuel minimes se sont d\u00e9roul\u00e9es le mercredi 7 d\u00e9cembre au coll\u00e8ge du 12\u00e8me. Trois \u00e9l\u00e8ves du coll\u00e8ge \u00e9taient qualifi\u00e9s et ont particip\u00e9 \u00e0 cette comp\u00e9tition : Marcus Barri\u00e8re, Paul Leroy et Mah\u00e9 Lafosse. Malgr\u00e9&#8230;<p> <a class=\"continue-reading-link\" href=\"https:\/\/etab.ac-reunion.fr\/clg-aime-cesaire\/2023\/02\/07\/unss-badminton-finales-minimes\/\"><span>Lire la suite<\/span><i class=\"crycon-right-dir\"><\/i><\/a> <\/p><\/div><\/li>\n<li><div class=\"wp-block-latest-posts__featured-image aligncenter\"><a href=\"https:\/\/etab.ac-reunion.fr\/clg-aime-cesaire\/2022\/12\/12\/cross-academique-unss-2022\/\" title=\"&lt;strong&gt;CROSS ACAD\u00c9MIQUE UNSS 2022&lt;\/strong&gt;\"><img loading=\"lazy\" decoding=\"async\" width=\"150\" height=\"150\" src=\"https:\/\/etab.ac-reunion.fr\/clg-aime-cesaire\/wp-content\/uploads\/sites\/27\/2022\/12\/20221130_123102_resized_2-150x150.jpg\" class=\"attachment-thumbnail size-thumbnail wp-post-image\" alt=\"\" style=\"\" \/><\/a><\/div><a class=\"wp-block-latest-posts__post-title\" href=\"https:\/\/etab.ac-reunion.fr\/clg-aime-cesaire\/2022\/12\/12\/cross-academique-unss-2022\/\"><strong>CROSS ACAD\u00c9MIQUE UNSS 2022<\/strong><\/a><time datetime=\"2022-12-12T11:18:01+04:00\" class=\"wp-block-latest-posts__post-date\">12 d\u00e9cembre 2022<\/time><div class=\"wp-block-latest-posts__post-excerpt\">Le cross acad\u00e9mique UNSS s&rsquo;est d\u00e9roul\u00e9 mercredi 30 novembre 2022 au parc Langevin. Deux \u00e9quipes qui s&rsquo;\u00e9taient illustr\u00e9es et qualifi\u00e9es lors du cross de district y ont particip\u00e9 et repr\u00e9sent\u00e9 notre coll\u00e8ge, une \u00e9quipe benjamine et une \u00e9quipe minime. Ces&#8230;<p> <a class=\"continue-reading-link\" href=\"https:\/\/etab.ac-reunion.fr\/clg-aime-cesaire\/2022\/12\/12\/cross-academique-unss-2022\/\"><span>Lire la suite<\/span><i class=\"crycon-right-dir\"><\/i><\/a> <\/p><\/div><\/li>\n<li><div class=\"wp-block-latest-posts__featured-image aligncenter\"><a href=\"https:\/\/etab.ac-reunion.fr\/clg-aime-cesaire\/2020\/02\/27\/resultats-as-golf\/\" title=\"R\u00c9SULTATS AS GOLF\"><img loading=\"lazy\" decoding=\"async\" width=\"150\" height=\"150\" src=\"https:\/\/etab.ac-reunion.fr\/clg-aime-cesaire\/wp-content\/uploads\/sites\/27\/2020\/02\/foto2-1024x1024-1-150x150.jpg\" class=\"attachment-thumbnail size-thumbnail wp-post-image\" alt=\"\" style=\"\" srcset=\"https:\/\/etab.ac-reunion.fr\/clg-aime-cesaire\/wp-content\/uploads\/sites\/27\/2020\/02\/foto2-1024x1024-1-150x150.jpg 150w, https:\/\/etab.ac-reunion.fr\/clg-aime-cesaire\/wp-content\/uploads\/sites\/27\/2020\/02\/foto2-1024x1024-1-300x300.jpg 300w, https:\/\/etab.ac-reunion.fr\/clg-aime-cesaire\/wp-content\/uploads\/sites\/27\/2020\/02\/foto2-1024x1024-1.jpg 1024w, https:\/\/etab.ac-reunion.fr\/clg-aime-cesaire\/wp-content\/uploads\/sites\/27\/2020\/02\/foto2-1024x1024-1-768x768.jpg 768w\" sizes=\"auto, (max-width: 150px) 100vw, 150px\" \/><\/a><\/div><a class=\"wp-block-latest-posts__post-title\" href=\"https:\/\/etab.ac-reunion.fr\/clg-aime-cesaire\/2020\/02\/27\/resultats-as-golf\/\">R\u00c9SULTATS AS GOLF<\/a><time datetime=\"2020-02-27T14:05:48+04:00\" class=\"wp-block-latest-posts__post-date\">27 f\u00e9vrier 2020<\/time><div class=\"wp-block-latest-posts__post-excerpt\">Bravo aux \u00e9quipes du Coll\u00e8ge Aim\u00e9 C\u00e9saire pour cette 1\u00e8re place au CHAMPIONNAT ACAD\u00c9MIQUE DE GOLF 2020, &nbsp;&nbsp; Bravo \u00e0 vous 6\u2026 Esteban,Camille,C\u00e9dric,Elio,Ya\u00ebl et No\u00e9. Pour cette obtention de titre \u00ab\u00a0De Jeunes Arbitres de District \u00ab\u00a0 Bravo \u00e0 tous les&#8230;<p> <a class=\"continue-reading-link\" href=\"https:\/\/etab.ac-reunion.fr\/clg-aime-cesaire\/2020\/02\/27\/resultats-as-golf\/\"><span>Lire la suite<\/span><i class=\"crycon-right-dir\"><\/i><\/a> <\/p><\/div><\/li>\n<li><div class=\"wp-block-latest-posts__featured-image aligncenter\"><a href=\"https:\/\/etab.ac-reunion.fr\/clg-aime-cesaire\/2019\/11\/18\/resultats-du-cross-doctobre-2019\/\" title=\"R\u00e9sultats du cross d&#039;octobre 2019\"><img loading=\"lazy\" decoding=\"async\" width=\"150\" height=\"150\" src=\"https:\/\/etab.ac-reunion.fr\/clg-aime-cesaire\/wp-content\/uploads\/sites\/27\/2019\/11\/IMG_1329-2-150x150.jpg\" class=\"attachment-thumbnail size-thumbnail wp-post-image\" alt=\"\" style=\"\" srcset=\"https:\/\/etab.ac-reunion.fr\/clg-aime-cesaire\/wp-content\/uploads\/sites\/27\/2019\/11\/IMG_1329-2-150x150.jpg 150w, https:\/\/etab.ac-reunion.fr\/clg-aime-cesaire\/wp-content\/uploads\/sites\/27\/2019\/11\/IMG_1329-2-140x140.jpg 140w, https:\/\/etab.ac-reunion.fr\/clg-aime-cesaire\/wp-content\/uploads\/sites\/27\/2019\/11\/IMG_1329-2-74x74.jpg 74w, https:\/\/etab.ac-reunion.fr\/clg-aime-cesaire\/wp-content\/uploads\/sites\/27\/2019\/11\/IMG_1329-2-184x184.jpg 184w\" sizes=\"auto, (max-width: 150px) 100vw, 150px\" \/><\/a><\/div><a class=\"wp-block-latest-posts__post-title\" href=\"https:\/\/etab.ac-reunion.fr\/clg-aime-cesaire\/2019\/11\/18\/resultats-du-cross-doctobre-2019\/\">R\u00e9sultats du cross d&rsquo;octobre 2019<\/a><time datetime=\"2019-11-18T14:56:24+04:00\" class=\"wp-block-latest-posts__post-date\">18 novembre 2019<\/time><div class=\"wp-block-latest-posts__post-excerpt\">47 \u00e9l\u00e8ves du coll\u00e8ge ont particip\u00e9 mercredi 9 octobre 2019 au cross de district sud \u00e0 Saint-Joseph, sur le joli parcours de Langevin. 2000m pour les benjamines, plus de 3000m pour les minimes gar\u00e7ons, nos \u00e9l\u00e8ves se sont donn\u00e9s \u00e0&#8230;<p> <a class=\"continue-reading-link\" href=\"https:\/\/etab.ac-reunion.fr\/clg-aime-cesaire\/2019\/11\/18\/resultats-du-cross-doctobre-2019\/\"><span>Lire la suite<\/span><i class=\"crycon-right-dir\"><\/i><\/a> <\/p><\/div><\/li>\n<\/ul>\n\n\n<p><\/p>\n","protected":false},"excerpt":{"rendered":"<p> <a class=\"continue-reading-link\" href=\"https:\/\/etab.ac-reunion.fr\/clg-aime-cesaire\/resultats-des-competitions\/\"><span>Lire la suite<\/span><i class=\"crycon-right-dir\"><\/i><\/a> <\/p>\n","protected":false},"author":23231,"featured_media":0,"parent":0,"menu_order":0,"comment_status":"closed","ping_status":"closed","template":"","meta":{"footnotes":""},"class_list":["post-4026","page","type-page","status-publish","hentry"],"_links":{"self":[{"href":"https:\/\/etab.ac-reunion.fr\/clg-aime-cesaire\/wp-json\/wp\/v2\/pages\/4026","targetHints":{"allow":["GET"]}}],"collection":[{"href":"https:\/\/etab.ac-reunion.fr\/clg-aime-cesaire\/wp-json\/wp\/v2\/pages"}],"about":[{"href":"https:\/\/etab.ac-reunion.fr\/clg-aime-cesaire\/wp-json\/wp\/v2\/types\/page"}],"author":[{"embeddable":true,"href":"https:\/\/etab.ac-reunion.fr\/clg-aime-cesaire\/wp-json\/wp\/v2\/users\/23231"}],"replies":[{"embeddable":true,"href":"https:\/\/etab.ac-reunion.fr\/clg-aime-cesaire\/wp-json\/wp\/v2\/comments?post=4026"}],"version-history":[{"count":5,"href":"https:\/\/etab.ac-reunion.fr\/clg-aime-cesaire\/wp-json\/wp\/v2\/pages\/4026\/revisions"}],"predecessor-version":[{"id":5493,"href":"https:\/\/etab.ac-reunion.fr\/clg-aime-cesaire\/wp-json\/wp\/v2\/pages\/4026\/revisions\/5493"}],"wp:attachment":[{"href":"https:\/\/etab.ac-reunion.fr\/clg-aime-cesaire\/wp-json\/wp\/v2\/media?parent=4026"}],"curies":[{"name":"wp","href":"https:\/\/api.w.org\/{rel}","templated":true}]}}