{"id":4615,"date":"2020-09-29T11:04:48","date_gmt":"2020-09-29T07:04:48","guid":{"rendered":"http:\/\/college-aime-cesaire.ac-reunion.fr\/?page_id=4615"},"modified":"2022-06-07T16:24:32","modified_gmt":"2022-06-07T12:24:32","slug":"erasmus-2","status":"publish","type":"page","link":"https:\/\/etab.ac-reunion.fr\/clg-aime-cesaire\/erasmus-2\/","title":{"rendered":"ERASMUS +"},"content":{"rendered":"\n<h2 class=\"wp-block-heading\">Qu&rsquo;est-ce qu&rsquo;Erasmus + ?<\/h2>\n\n\n\n<div style=\"height:27px\" aria-hidden=\"true\" class=\"wp-block-spacer\"><\/div>\n\n\n\n<div class=\"wp-block-image is-style-rounded\"><figure class=\"aligncenter size-full\"><img loading=\"lazy\" decoding=\"async\" width=\"275\" height=\"115\" src=\"https:\/\/etab.ac-reunion.fr\/clg-aime-cesaire\/wp-content\/uploads\/sites\/27\/2022\/05\/logo-erasmus-.png\" alt=\"\" class=\"wp-image-5479\" srcset=\"https:\/\/etab.ac-reunion.fr\/clg-aime-cesaire\/wp-content\/uploads\/sites\/27\/2022\/05\/logo-erasmus-.png 275w, https:\/\/etab.ac-reunion.fr\/clg-aime-cesaire\/wp-content\/uploads\/sites\/27\/2022\/05\/logo-erasmus--150x63.png 150w\" sizes=\"auto, (max-width: 275px) 100vw, 275px\" \/><\/figure><\/div>\n\n\n<p class=\"bodytext\">Le nouveau programme Erasmus+ vise \u00e0 soutenir des actions dans les domaines de l\u2019enseignement, de la formation, de la jeunesse et du sport pour la p\u00e9riode 2021-2027.<\/p>\n<p class=\"bodytext\">Erasmus+ soutient financi\u00e8rement une large gamme d\u2019actions et d\u2019activit\u00e9s dans les domaines de l\u2019enseignement, de la formation, de la jeunesse et du sport.<\/p>\n<p class=\"bodytext\">Le programme vise \u00e0 donner aux \u00e9tudiants, aux stagiaires, au personnel et d&rsquo;une mani\u00e8re g\u00e9n\u00e9rale aux jeunes de moins de 30 ans avec ou sans dipl\u00f4me, la possibilit\u00e9 de s\u00e9journer \u00e0 l\u2019\u00e9tranger pour renforcer leurs comp\u00e9tences et accro\u00eetre leur employabilit\u00e9.<\/p>\n<p class=\"bodytext\">Il aide les organisations \u00e0 travailler dans le cadre de partenariats internationaux et \u00e0 partager les pratiques innovantes dans les domaines de l\u2019\u00e9ducation, de la formation et de la jeunesse. Erasmus+ comporte \u00e9galement une importante dimension internationale notamment dans le domaine de l&rsquo;enseignement sup\u00e9rieur. Cette dimension permet d&rsquo;ouvrir le programme \u00e0 des activit\u00e9s de coop\u00e9ration institutionnelle, de mobilit\u00e9 des jeunes et du personnel et ce, au niveau mondial.&nbsp;<\/p>\n<p>Plus d&rsquo;infos sur : <a href=\"https:\/\/info.erasmusplus.fr\/erasmus\/102-qu-est-ce-qu-erasmus.html\" target=\"_blank\" rel=\"noopener\">https:\/\/info.erasmusplus.fr\/erasmus\/102-qu-est-ce-qu-erasmus.html<\/a><\/p>\n\n\n<div style=\"height:42px\" aria-hidden=\"true\" class=\"wp-block-spacer\"><\/div>\n\n\n\n<hr class=\"wp-block-separator has-text-color has-background has-vivid-cyan-blue-background-color has-vivid-cyan-blue-color is-style-wide\" \/>\n\n\n\n<div style=\"height:28px\" aria-hidden=\"true\" class=\"wp-block-spacer\"><\/div>\n\n\n\n<h4 class=\"has-text-align-center wp-block-heading\">Nos derniers articles<\/h4>\n\n\n\n<p><\/p>\n\n\n\n<div style=\"height:36px\" aria-hidden=\"true\" class=\"wp-block-spacer\"><\/div>\n\n\n<ul class=\"wp-block-latest-posts__list is-grid columns-3 wp-block-latest-posts\"><li><div class=\"wp-block-latest-posts__featured-image aligncenter\"><a href=\"https:\/\/etab.ac-reunion.fr\/clg-aime-cesaire\/2022\/11\/24\/animoto\/\" title=\"&lt;strong&gt;Animoto&lt;\/strong&gt;\"><img loading=\"lazy\" decoding=\"async\" width=\"150\" height=\"150\" src=\"https:\/\/etab.ac-reunion.fr\/clg-aime-cesaire\/wp-content\/uploads\/sites\/27\/2022\/11\/logo-animoto-150x150.jpg\" class=\"attachment-thumbnail size-thumbnail wp-post-image\" alt=\"\" style=\"\" srcset=\"https:\/\/etab.ac-reunion.fr\/clg-aime-cesaire\/wp-content\/uploads\/sites\/27\/2022\/11\/logo-animoto-150x150.jpg 150w, https:\/\/etab.ac-reunion.fr\/clg-aime-cesaire\/wp-content\/uploads\/sites\/27\/2022\/11\/logo-animoto-300x300.jpg 300w, https:\/\/etab.ac-reunion.fr\/clg-aime-cesaire\/wp-content\/uploads\/sites\/27\/2022\/11\/logo-animoto.jpg 525w\" sizes=\"auto, (max-width: 150px) 100vw, 150px\" \/><\/a><\/div><a class=\"wp-block-latest-posts__post-title\" href=\"https:\/\/etab.ac-reunion.fr\/clg-aime-cesaire\/2022\/11\/24\/animoto\/\"><strong>Animoto<\/strong><\/a><div class=\"wp-block-latest-posts__post-excerpt\">Les \u00e9l\u00e8ves participant au projet Erasmus+ WANDER WITH WONDER ont d\u00e9couvert une nouvelle application en septembre 2020, ANIMOTO. A quoi sert Animoto&nbsp;? Animoto est un service de cr\u00e9ation vid\u00e9o bas\u00e9 sur&#8230;<p> <a class=\"continue-reading-link\" href=\"https:\/\/etab.ac-reunion.fr\/clg-aime-cesaire\/2022\/11\/24\/animoto\/\"><span>Lire la suite<\/span><i class=\"crycon-right-dir\"><\/i><\/a> <\/p><\/div><\/li>\n<li><div class=\"wp-block-latest-posts__featured-image aligncenter\"><a href=\"https:\/\/etab.ac-reunion.fr\/clg-aime-cesaire\/2022\/11\/24\/invitation-at-the-town-hall\/\" title=\"Invitation at the Town Hall\"><img loading=\"lazy\" decoding=\"async\" width=\"150\" height=\"150\" src=\"https:\/\/etab.ac-reunion.fr\/clg-aime-cesaire\/wp-content\/uploads\/sites\/27\/2022\/11\/Invitation-at-the-Town-Hall_Reduit-001-150x150.jpg\" class=\"attachment-thumbnail size-thumbnail wp-post-image\" alt=\"\" style=\"\" \/><\/a><\/div><a class=\"wp-block-latest-posts__post-title\" href=\"https:\/\/etab.ac-reunion.fr\/clg-aime-cesaire\/2022\/11\/24\/invitation-at-the-town-hall\/\">Invitation at the Town Hall<\/a><div class=\"wp-block-latest-posts__post-excerpt\">Dans le cadre du projet Erasmus+ WANDER WITH WONDER et lors de la mobilit\u00e9 des \u00e9l\u00e8ves siciliens, lituaniens et estoniens avec leurs enseignants ainsi que la proviseure du lyc\u00e9e sicilien dans&#8230;<p> <a class=\"continue-reading-link\" href=\"https:\/\/etab.ac-reunion.fr\/clg-aime-cesaire\/2022\/11\/24\/invitation-at-the-town-hall\/\"><span>Lire la suite<\/span><i class=\"crycon-right-dir\"><\/i><\/a> <\/p><\/div><\/li>\n<li><div class=\"wp-block-latest-posts__featured-image aligncenter\"><a href=\"https:\/\/etab.ac-reunion.fr\/clg-aime-cesaire\/2022\/11\/24\/mentoring-students\/\" title=\"&lt;strong&gt;Mentoring students&lt;\/strong&gt;\"><img loading=\"lazy\" decoding=\"async\" width=\"150\" height=\"150\" src=\"https:\/\/etab.ac-reunion.fr\/clg-aime-cesaire\/wp-content\/uploads\/sites\/27\/2022\/11\/Mentoring-inclusion-001-150x150.jpg\" class=\"attachment-thumbnail size-thumbnail wp-post-image\" alt=\"\" style=\"\" \/><\/a><\/div><a class=\"wp-block-latest-posts__post-title\" href=\"https:\/\/etab.ac-reunion.fr\/clg-aime-cesaire\/2022\/11\/24\/mentoring-students\/\"><strong>Mentoring students<\/strong><\/a><div class=\"wp-block-latest-posts__post-excerpt\">Pendant le mois d\u2019avril 2021 les \u00e9l\u00e8ves du groupe cible participant au projet Erasmus+ WANDER WITH WONDER d\u00e9cid\u00e8rent de faire du tutorat aupr\u00e8s de leurs camarades de l\u2019unit\u00e9 ULIS afin de&#8230;<p> <a class=\"continue-reading-link\" href=\"https:\/\/etab.ac-reunion.fr\/clg-aime-cesaire\/2022\/11\/24\/mentoring-students\/\"><span>Lire la suite<\/span><i class=\"crycon-right-dir\"><\/i><\/a> <\/p><\/div><\/li>\n<li><div class=\"wp-block-latest-posts__featured-image aligncenter\"><a href=\"https:\/\/etab.ac-reunion.fr\/clg-aime-cesaire\/2022\/11\/21\/video-training-course\/\" title=\"&lt;strong&gt;Video Training Course&lt;\/strong&gt;\"><img loading=\"lazy\" decoding=\"async\" width=\"150\" height=\"150\" src=\"https:\/\/etab.ac-reunion.fr\/clg-aime-cesaire\/wp-content\/uploads\/sites\/27\/2022\/11\/article-video-training-150x150.jpg\" class=\"attachment-thumbnail size-thumbnail wp-post-image\" alt=\"\" style=\"\" \/><\/a><\/div><a class=\"wp-block-latest-posts__post-title\" href=\"https:\/\/etab.ac-reunion.fr\/clg-aime-cesaire\/2022\/11\/21\/video-training-course\/\"><strong>Video Training Course<\/strong><\/a><div class=\"wp-block-latest-posts__post-excerpt\">En octobre 2020, les \u00e9l\u00e8ves du groupe cible participant au projet WANDER WITH WONDER ont pu suivre une formation sur la vid\u00e9o. Comment filmer et monter une courte vid\u00e9o&nbsp;? Cette formation&#8230;<p> <a class=\"continue-reading-link\" href=\"https:\/\/etab.ac-reunion.fr\/clg-aime-cesaire\/2022\/11\/21\/video-training-course\/\"><span>Lire la suite<\/span><i class=\"crycon-right-dir\"><\/i><\/a> <\/p><\/div><\/li>\n<li><div class=\"wp-block-latest-posts__featured-image aligncenter\"><a href=\"https:\/\/etab.ac-reunion.fr\/clg-aime-cesaire\/2022\/11\/21\/travel-diary-trip-to-reunion-island\/\" title=\"&lt;strong&gt;Travel diary: trip to Reunion Island&lt;\/strong&gt;\"><img loading=\"lazy\" decoding=\"async\" width=\"150\" height=\"150\" src=\"https:\/\/etab.ac-reunion.fr\/clg-aime-cesaire\/wp-content\/uploads\/sites\/27\/2022\/11\/Travel-diaries-001-150x150.jpg\" class=\"attachment-thumbnail size-thumbnail wp-post-image\" alt=\"\" style=\"\" \/><\/a><\/div><a class=\"wp-block-latest-posts__post-title\" href=\"https:\/\/etab.ac-reunion.fr\/clg-aime-cesaire\/2022\/11\/21\/travel-diary-trip-to-reunion-island\/\"><strong>Travel diary: trip to Reunion Island<\/strong><\/a><div class=\"wp-block-latest-posts__post-excerpt\">Un programme d\u2019activit\u00e9s journalier a \u00e9t\u00e9 \u00e9tabli pendant la visite de nos partenaires europ\u00e9ens dans le Coll\u00e8ge Aim\u00e9 C\u00e9saire. Ce fut le premier \u00e9change d\u2019\u00e9l\u00e8ves du projet WANDER WITH WONDER et&#8230;<p> <a class=\"continue-reading-link\" href=\"https:\/\/etab.ac-reunion.fr\/clg-aime-cesaire\/2022\/11\/21\/travel-diary-trip-to-reunion-island\/\"><span>Lire la suite<\/span><i class=\"crycon-right-dir\"><\/i><\/a> <\/p><\/div><\/li>\n<\/ul>","protected":false},"excerpt":{"rendered":"<p>Qu&rsquo;est-ce qu&rsquo;Erasmus + ? Le nouveau programme Erasmus+ vise \u00e0 soutenir des actions dans les domaines de l\u2019enseignement, de la formation, de la jeunesse et du sport pour la p\u00e9riode 2021-2027. Erasmus+ soutient financi\u00e8rement une large gamme d\u2019actions et d\u2019activit\u00e9s dans les domaines de l\u2019enseignement, de la formation, de la&#8230;<\/p>\n<p> <a class=\"continue-reading-link\" href=\"https:\/\/etab.ac-reunion.fr\/clg-aime-cesaire\/erasmus-2\/\"><span>Lire la suite<\/span><i class=\"crycon-right-dir\"><\/i><\/a> <\/p>\n","protected":false},"author":24348,"featured_media":0,"parent":0,"menu_order":0,"comment_status":"closed","ping_status":"closed","template":"","meta":{"footnotes":""},"class_list":["post-4615","page","type-page","status-publish","hentry"],"_links":{"self":[{"href":"https:\/\/etab.ac-reunion.fr\/clg-aime-cesaire\/wp-json\/wp\/v2\/pages\/4615","targetHints":{"allow":["GET"]}}],"collection":[{"href":"https:\/\/etab.ac-reunion.fr\/clg-aime-cesaire\/wp-json\/wp\/v2\/pages"}],"about":[{"href":"https:\/\/etab.ac-reunion.fr\/clg-aime-cesaire\/wp-json\/wp\/v2\/types\/page"}],"author":[{"embeddable":true,"href":"https:\/\/etab.ac-reunion.fr\/clg-aime-cesaire\/wp-json\/wp\/v2\/users\/24348"}],"replies":[{"embeddable":true,"href":"https:\/\/etab.ac-reunion.fr\/clg-aime-cesaire\/wp-json\/wp\/v2\/comments?post=4615"}],"version-history":[{"count":11,"href":"https:\/\/etab.ac-reunion.fr\/clg-aime-cesaire\/wp-json\/wp\/v2\/pages\/4615\/revisions"}],"predecessor-version":[{"id":5522,"href":"https:\/\/etab.ac-reunion.fr\/clg-aime-cesaire\/wp-json\/wp\/v2\/pages\/4615\/revisions\/5522"}],"wp:attachment":[{"href":"https:\/\/etab.ac-reunion.fr\/clg-aime-cesaire\/wp-json\/wp\/v2\/media?parent=4615"}],"curies":[{"name":"wp","href":"https:\/\/api.w.org\/{rel}","templated":true}]}}