{"id":5055,"date":"2021-12-13T10:28:47","date_gmt":"2021-12-13T06:28:47","guid":{"rendered":"http:\/\/college-aime-cesaire.ac-reunion.fr\/?page_id=5055"},"modified":"2021-12-16T13:28:32","modified_gmt":"2021-12-16T09:28:32","slug":"contact-2","status":"publish","type":"page","link":"https:\/\/etab.ac-reunion.fr\/clg-aime-cesaire\/contact-2\/","title":{"rendered":"Contact"},"content":{"rendered":"\n<div class=\"wp-block-group\"><div class=\"wp-block-group__inner-container is-layout-flow wp-block-group-is-layout-flow\">\n<ul>\n<li style=\"list-style-type: none\">\n<ul>\n<li style=\"list-style-type: none\">\n<ul>\n<li><strong>ACCUEIL<\/strong> : 0262 71 12 62<\/li>\n<li><strong>VIE SCOLAIRE<\/strong> : 0262 71 82 79<\/li>\n<li><strong>CPE<\/strong> : 0262 71 12 66<\/li>\n<li><strong>INFIRMERIE<\/strong> : 0262 71 82 81<\/li>\n<li><strong>ASSISTANTE SOCIALE<\/strong> : 0262 71 12 69<\/li>\n<li><strong>PSY-EN<\/strong> : 0262 71 82 84<\/li>\n<li><strong>FAX<\/strong> : 0262 59 35 38<\/li>\n<\/ul>\n<\/li>\n<\/ul>\n<\/li>\n<\/ul>\n<p><strong>Adresse e-mail du coll\u00e8ge : <\/strong><a href=\"mailto:ce.9741387p@ac-reunion.fr\">ce.9741387p@ac-reunion.fr<\/a><\/p>\n\n\n\n<hr class=\"wp-block-separator is-style-wide\" \/>\n\n\n\n<h1 class=\"wp-block-heading\">Horaires<\/h1>\n\n\n\n<div class=\"wp-block-group\"><div class=\"wp-block-group__inner-container is-layout-flow wp-block-group-is-layout-flow\">\n<ul>\n<li style=\"list-style-type: none\">\n<ul>\n<li style=\"list-style-type: none\">\n<ul>\n<li style=\"text-align: left\"><strong>Lundi<\/strong> : 7h30 &#8211; 16h30<\/li>\n<li style=\"text-align: left\"><strong>Mardi<\/strong> : 7h30 &#8211; 16h30<\/li>\n<li style=\"text-align: left\"><strong>Mercredi<\/strong> : 7h30 &#8211; 12h&nbsp;<\/li>\n<li style=\"text-align: left\"><strong>Jeudi<\/strong> : 7h30 &#8211; 16h30<\/li>\n<li style=\"text-align: left\"><strong>vendredi<\/strong> : 7h30 &#8211; 16h30<\/li>\n<\/ul>\n<\/li>\n<\/ul>\n<\/li>\n<\/ul>\n<p style=\"text-align: left\"><em>Le mercredi la sortie des classes s\u2019effectue \u00e0 12h00. <br>Les \u00e9l\u00e8ves participant \u00e0 une comp\u00e9tition U.N.S.S. dans l\u2019apr\u00e8s-midi sont invit\u00e9s \u00e0 rester manger (\u00e0 la charge des \u00e9l\u00e8ves car il n\u2019y a pas de demi-pension le mercredi) et patienter jusqu\u2019au d\u00e9but des \u00e9preuves concern\u00e9es.<\/em><\/p>\n<\/div><\/div>\n\n\n\n<hr class=\"wp-block-separator is-style-wide\" \/>\n\n\n\n<h1 class=\"wp-block-heading\">Adresse<\/h1>\n\n\n\n<p>2 RUE DE LA LA\u00cfCITE &#8211; 97427 ETANG-SAL\u00c9<\/p>\n\n\n\n<div class=\"wp-block-image is-style-rounded\"><figure class=\"aligncenter size-large\"><a href=\"https:\/\/www.google.fr\/maps\/place\/Coll%C3%A8ge+Aim%C3%A9+C%C3%A9saire\/@-21.2717941,55.3706646,17z\/data=!3m1!4b1!4m5!3m4!1s0x2182a24f7a352d6b:0xfa1707473a5b9830!8m2!3d-21.2717991!4d55.3728533?shorturl=1\" target=\"_blank\" rel=\"noopener\"><img loading=\"lazy\" decoding=\"async\" width=\"1024\" height=\"614\" src=\"https:\/\/etab.ac-reunion.fr\/clg-aime-cesaire\/wp-content\/uploads\/sites\/27\/2021\/12\/adresse-clg-maps-2-1024x614.png\" alt=\"Cliquez pour obtenir un itin\u00e9raire\" class=\"wp-image-5173\" srcset=\"https:\/\/etab.ac-reunion.fr\/clg-aime-cesaire\/wp-content\/uploads\/sites\/27\/2021\/12\/adresse-clg-maps-2-1024x614.png 1024w, https:\/\/etab.ac-reunion.fr\/clg-aime-cesaire\/wp-content\/uploads\/sites\/27\/2021\/12\/adresse-clg-maps-2-300x180.png 300w, https:\/\/etab.ac-reunion.fr\/clg-aime-cesaire\/wp-content\/uploads\/sites\/27\/2021\/12\/adresse-clg-maps-2-768x460.png 768w, https:\/\/etab.ac-reunion.fr\/clg-aime-cesaire\/wp-content\/uploads\/sites\/27\/2021\/12\/adresse-clg-maps-2-150x90.png 150w, https:\/\/etab.ac-reunion.fr\/clg-aime-cesaire\/wp-content\/uploads\/sites\/27\/2021\/12\/adresse-clg-maps-2.png 1295w\" sizes=\"auto, (max-width: 1024px) 100vw, 1024px\" \/><\/a><\/figure><\/div>\n<\/div><\/div>\n","protected":false},"excerpt":{"rendered":"<p>ACCUEIL : 0262 71 12 62 VIE SCOLAIRE : 0262 71 82 79 CPE : 0262 71 12 66 INFIRMERIE : 0262 71 82 81 ASSISTANTE SOCIALE : 0262 71 12 69 PSY-EN : 0262 71 82 84 FAX : 0262 59 35 38 Adresse e-mail du coll\u00e8ge : ce.9741387p@ac-reunion.fr&#8230;<\/p>\n<p> <a class=\"continue-reading-link\" href=\"https:\/\/etab.ac-reunion.fr\/clg-aime-cesaire\/contact-2\/\"><span>Lire la suite<\/span><i class=\"crycon-right-dir\"><\/i><\/a> <\/p>\n","protected":false},"author":30951,"featured_media":0,"parent":0,"menu_order":0,"comment_status":"closed","ping_status":"closed","template":"","meta":{"footnotes":""},"class_list":["post-5055","page","type-page","status-publish","hentry"],"_links":{"self":[{"href":"https:\/\/etab.ac-reunion.fr\/clg-aime-cesaire\/wp-json\/wp\/v2\/pages\/5055","targetHints":{"allow":["GET"]}}],"collection":[{"href":"https:\/\/etab.ac-reunion.fr\/clg-aime-cesaire\/wp-json\/wp\/v2\/pages"}],"about":[{"href":"https:\/\/etab.ac-reunion.fr\/clg-aime-cesaire\/wp-json\/wp\/v2\/types\/page"}],"author":[{"embeddable":true,"href":"https:\/\/etab.ac-reunion.fr\/clg-aime-cesaire\/wp-json\/wp\/v2\/users\/30951"}],"replies":[{"embeddable":true,"href":"https:\/\/etab.ac-reunion.fr\/clg-aime-cesaire\/wp-json\/wp\/v2\/comments?post=5055"}],"version-history":[{"count":57,"href":"https:\/\/etab.ac-reunion.fr\/clg-aime-cesaire\/wp-json\/wp\/v2\/pages\/5055\/revisions"}],"predecessor-version":[{"id":5178,"href":"https:\/\/etab.ac-reunion.fr\/clg-aime-cesaire\/wp-json\/wp\/v2\/pages\/5055\/revisions\/5178"}],"wp:attachment":[{"href":"https:\/\/etab.ac-reunion.fr\/clg-aime-cesaire\/wp-json\/wp\/v2\/media?parent=5055"}],"curies":[{"name":"wp","href":"https:\/\/api.w.org\/{rel}","templated":true}]}}