{"id":605,"date":"2014-03-26T08:35:33","date_gmt":"2014-03-26T04:35:33","guid":{"rendered":"http:\/\/college-aime-cesaire-tmp.ac-reunion.fr\/?page_id=605"},"modified":"2018-04-18T09:04:49","modified_gmt":"2018-04-18T05:04:49","slug":"informations-generales-2","status":"publish","type":"page","link":"https:\/\/etab.ac-reunion.fr\/clg-aime-cesaire\/les-parents-deleves\/informations-generales-2\/","title":{"rendered":"Informations"},"content":{"rendered":"<p style=\"text-align: justify\"><strong>\u00a0Les parents sont des membres \u00e0 part enti\u00e8re de la communaut\u00e9 \u00e9ducative. Le dialogue avec les enseignants et autres personnels du coll\u00e8ge se doit donc d&rsquo;\u00eatre assur\u00e9 . Ainsi, les repr\u00e9sentants de parents d\u2019\u00e9l\u00e8ves participent aux conseils d\u2019\u00e9cole, de classe et d\u2019administration du coll\u00e8ge. <\/strong><\/p>\n<p style=\"text-align: justify\">La totalit\u00e9 des informations relatives au r\u00f4le des parents au coll\u00e8ge et \u00e0 l\u2019\u00e9lection des repr\u00e9sentants de parents d&rsquo;\u00e9l\u00e8ves sont r\u00e9f\u00e9renc\u00e9es sur <a href=\"http:\/\/www.education.gouv.fr\/cid2659\/les-parents-d-eleves.html#Les_\u00e9lections des repr\u00e9sentants des parents d'\u00e9l\u00e8ves\" target=\"_blank\" rel=\"noopener\">le site de l&rsquo;\u00e9ducation nationnale<\/a>.<\/p>\n<p><a href=\"https:\/\/etab.ac-reunion.fr\/clg-aime-cesaire\/wp-content\/uploads\/sites\/27\/2014\/03\/conseils-aux-parents.jpg\"><img loading=\"lazy\" decoding=\"async\" class=\"size-full wp-image-719 aligncenter\" src=\"https:\/\/etab.ac-reunion.fr\/clg-aime-cesaire\/wp-content\/uploads\/sites\/27\/2014\/03\/conseils-aux-parents.jpg\" alt=\"conseils aux parents\" width=\"505\" height=\"331\" srcset=\"https:\/\/etab.ac-reunion.fr\/clg-aime-cesaire\/wp-content\/uploads\/sites\/27\/2014\/03\/conseils-aux-parents.jpg 505w, https:\/\/etab.ac-reunion.fr\/clg-aime-cesaire\/wp-content\/uploads\/sites\/27\/2014\/03\/conseils-aux-parents-300x196.jpg 300w, https:\/\/etab.ac-reunion.fr\/clg-aime-cesaire\/wp-content\/uploads\/sites\/27\/2014\/03\/conseils-aux-parents-207x136.jpg 207w, https:\/\/etab.ac-reunion.fr\/clg-aime-cesaire\/wp-content\/uploads\/sites\/27\/2014\/03\/conseils-aux-parents-260x170.jpg 260w, https:\/\/etab.ac-reunion.fr\/clg-aime-cesaire\/wp-content\/uploads\/sites\/27\/2014\/03\/conseils-aux-parents-430x283.jpg 430w\" sizes=\"auto, (max-width: 505px) 100vw, 505px\" \/><\/a><\/p>\n<p style=\"text-align: left\"><strong>Les parents d&rsquo;\u00e9l\u00e8ves \u00e9lus au conseil d&rsquo;administration peuvent \u00eatre joints \u00e0 l&rsquo;adresse suivante<\/strong>: <span style=\"text-decoration: underline\">parentsacesaire@laposte.net<\/span><\/p>\n<p style=\"text-align: left\"><span style=\"text-decoration: underline\">Documents annexes:<\/span><\/p>\n<p style=\"text-align: left\"><a href=\"https:\/\/etab.ac-reunion.fr\/clg-aime-cesaire\/wp-content\/uploads\/sites\/27\/2014\/03\/DOSSIER-du-repr\u00e9sentant-des-parents-aux-conseils-de-classe.pdf\" class=\"su-button su-button-style-default\" style=\"color:#FFFFFF;background-color:#2D89EF;border-color:#246ec0;border-radius:5px\" target=\"_blank\" rel=\"noopener noreferrer\"><span style=\"color:#FFFFFF;padding:0px 16px;font-size:13px;line-height:26px;border-color:#6cadf4;border-radius:5px;text-shadow:none\"> Dossier du repr\u00e9sentant des parents d&rsquo;\u00e9l\u00e8ves au conseil de classe<\/span><\/a>\n<a href=\"https:\/\/etab.ac-reunion.fr\/clg-aime-cesaire\/wp-content\/uploads\/sites\/27\/2018\/04\/Fonds_Sociaux_AS-AIME-CESAIRE.pdf\" class=\"su-button su-button-style-default\" style=\"color:#FFFFFF;background-color:#2D89EF;border-color:#246ec0;border-radius:5px\" target=\"_blank\" rel=\"noopener noreferrer\"><span style=\"color:#FFFFFF;padding:0px 16px;font-size:13px;line-height:26px;border-color:#6cadf4;border-radius:5px;text-shadow:none\"> Informations sur les fonds sociaux<\/span><\/a>\n<p>&nbsp;<\/p>\n","protected":false},"excerpt":{"rendered":"<p>\u00a0Les parents sont des membres \u00e0 part enti\u00e8re de la communaut\u00e9 \u00e9ducative. Le dialogue avec les enseignants et autres personnels du coll\u00e8ge se doit donc d&rsquo;\u00eatre assur\u00e9 . Ainsi, les repr\u00e9sentants de parents d\u2019\u00e9l\u00e8ves participent aux conseils d\u2019\u00e9cole, de classe et d\u2019administration du coll\u00e8ge. La totalit\u00e9 des informations relatives au&#8230;<\/p>\n<p> <a class=\"continue-reading-link\" href=\"https:\/\/etab.ac-reunion.fr\/clg-aime-cesaire\/les-parents-deleves\/informations-generales-2\/\"><span>Lire la suite<\/span><i class=\"crycon-right-dir\"><\/i><\/a> <\/p>\n","protected":false},"author":2536,"featured_media":0,"parent":204,"menu_order":0,"comment_status":"closed","ping_status":"open","template":"page-full.php","meta":{"footnotes":""},"class_list":["post-605","page","type-page","status-publish","hentry"],"_links":{"self":[{"href":"https:\/\/etab.ac-reunion.fr\/clg-aime-cesaire\/wp-json\/wp\/v2\/pages\/605","targetHints":{"allow":["GET"]}}],"collection":[{"href":"https:\/\/etab.ac-reunion.fr\/clg-aime-cesaire\/wp-json\/wp\/v2\/pages"}],"about":[{"href":"https:\/\/etab.ac-reunion.fr\/clg-aime-cesaire\/wp-json\/wp\/v2\/types\/page"}],"author":[{"embeddable":true,"href":"https:\/\/etab.ac-reunion.fr\/clg-aime-cesaire\/wp-json\/wp\/v2\/users\/2536"}],"replies":[{"embeddable":true,"href":"https:\/\/etab.ac-reunion.fr\/clg-aime-cesaire\/wp-json\/wp\/v2\/comments?post=605"}],"version-history":[{"count":19,"href":"https:\/\/etab.ac-reunion.fr\/clg-aime-cesaire\/wp-json\/wp\/v2\/pages\/605\/revisions"}],"predecessor-version":[{"id":3410,"href":"https:\/\/etab.ac-reunion.fr\/clg-aime-cesaire\/wp-json\/wp\/v2\/pages\/605\/revisions\/3410"}],"up":[{"embeddable":true,"href":"https:\/\/etab.ac-reunion.fr\/clg-aime-cesaire\/wp-json\/wp\/v2\/pages\/204"}],"wp:attachment":[{"href":"https:\/\/etab.ac-reunion.fr\/clg-aime-cesaire\/wp-json\/wp\/v2\/media?parent=605"}],"curies":[{"name":"wp","href":"https:\/\/api.w.org\/{rel}","templated":true}]}}