{"id":682,"date":"2014-04-02T11:19:24","date_gmt":"2014-04-02T07:19:24","guid":{"rendered":"http:\/\/college-aime-cesaire-tmp.ac-reunion.fr\/?page_id=682"},"modified":"2014-04-02T11:19:57","modified_gmt":"2014-04-02T07:19:57","slug":"epreuve-de-mathematiques","status":"publish","type":"page","link":"https:\/\/etab.ac-reunion.fr\/clg-aime-cesaire\/le-d-n-b\/epreuve-de-mathematiques\/","title":{"rendered":"\u00c9preuve de Math\u00e9matiques"},"content":{"rendered":"<p>Dur\u00e9e de l&rsquo;\u00e9preuve : 2 heures<\/p>\n<p>Le sujet est constitu\u00e9\u00a0<b>de six \u00e0 dix exercices\u00a0<\/b>ind\u00e9pendants. Les exercices correspondent aux exigences du socle commun pour la s\u00e9rie professionnelle et portent sur diff\u00e9rentes parties du programme de troisi\u00e8me pour la s\u00e9rie g\u00e9n\u00e9rale. L&rsquo;ensemble du sujet doit pr\u00e9server un \u00e9quilibre entre les quatre premiers items de la comp\u00e9tence 3 du socle commun de connaissances et de comp\u00e9tences &#8211; Les principaux \u00e9l\u00e9ments de math\u00e9matiques et la culture scientifique et technologique &#8211; appliqu\u00e9s \u00e0 l&rsquo;activit\u00e9 de r\u00e9solution d&rsquo;un probl\u00e8me math\u00e9matique :<\/p>\n<ul>\n<li>rechercher, extraire et organiser l&rsquo;information utile ;<\/li>\n<li>mesurer, calculer, appliquer des consignes ;<\/li>\n<li>mod\u00e9liser, conjecturer, raisonner et d\u00e9montrer ;<\/li>\n<li>argumenter et pr\u00e9senter les r\u00e9sultats \u00e0 l&rsquo;aide d&rsquo;un langage adapt\u00e9.<\/li>\n<\/ul>\n<p>L&rsquo;essentiel de l&rsquo;\u00e9preuve \u00e9value ces capacit\u00e9s.<\/p>\n<p>Un des exercices au moins a pour objet une t\u00e2che non guid\u00e9e, exigeant une prise d&rsquo;initiative de la part du candidat.<\/p>\n<p><b>Notation de l&rsquo;\u00e9preuve<br \/>\n<\/b>L&rsquo;\u00e9preuve est not\u00e9e sur 40 points.<\/p>\n<p>Chaque exercice est not\u00e9 entre 3 et 8 points, le total \u00e9tant de 36 points. La note attribu\u00e9e \u00e0 chaque exercice est indiqu\u00e9e dans le sujet. Par ailleurs, 4 points sont r\u00e9serv\u00e9s \u00e0 la ma\u00eetrise de la langue.<\/p>\n","protected":false},"excerpt":{"rendered":"<p>Dur\u00e9e de l&rsquo;\u00e9preuve : 2 heures Le sujet est constitu\u00e9\u00a0de six \u00e0 dix exercices\u00a0ind\u00e9pendants. Les exercices correspondent aux exigences du socle commun pour la s\u00e9rie professionnelle et portent sur diff\u00e9rentes parties du programme de troisi\u00e8me pour la s\u00e9rie g\u00e9n\u00e9rale. L&rsquo;ensemble du sujet doit pr\u00e9server un \u00e9quilibre entre les quatre premiers&#8230;<\/p>\n<p> <a class=\"continue-reading-link\" href=\"https:\/\/etab.ac-reunion.fr\/clg-aime-cesaire\/le-d-n-b\/epreuve-de-mathematiques\/\"><span>Lire la suite<\/span><i class=\"crycon-right-dir\"><\/i><\/a> <\/p>\n","protected":false},"author":1,"featured_media":0,"parent":75,"menu_order":0,"comment_status":"closed","ping_status":"open","template":"page-full.php","meta":{"footnotes":""},"class_list":["post-682","page","type-page","status-publish","hentry"],"_links":{"self":[{"href":"https:\/\/etab.ac-reunion.fr\/clg-aime-cesaire\/wp-json\/wp\/v2\/pages\/682","targetHints":{"allow":["GET"]}}],"collection":[{"href":"https:\/\/etab.ac-reunion.fr\/clg-aime-cesaire\/wp-json\/wp\/v2\/pages"}],"about":[{"href":"https:\/\/etab.ac-reunion.fr\/clg-aime-cesaire\/wp-json\/wp\/v2\/types\/page"}],"author":[{"embeddable":true,"href":"https:\/\/etab.ac-reunion.fr\/clg-aime-cesaire\/wp-json\/wp\/v2\/users\/1"}],"replies":[{"embeddable":true,"href":"https:\/\/etab.ac-reunion.fr\/clg-aime-cesaire\/wp-json\/wp\/v2\/comments?post=682"}],"version-history":[{"count":2,"href":"https:\/\/etab.ac-reunion.fr\/clg-aime-cesaire\/wp-json\/wp\/v2\/pages\/682\/revisions"}],"predecessor-version":[{"id":684,"href":"https:\/\/etab.ac-reunion.fr\/clg-aime-cesaire\/wp-json\/wp\/v2\/pages\/682\/revisions\/684"}],"up":[{"embeddable":true,"href":"https:\/\/etab.ac-reunion.fr\/clg-aime-cesaire\/wp-json\/wp\/v2\/pages\/75"}],"wp:attachment":[{"href":"https:\/\/etab.ac-reunion.fr\/clg-aime-cesaire\/wp-json\/wp\/v2\/media?parent=682"}],"curies":[{"name":"wp","href":"https:\/\/api.w.org\/{rel}","templated":true}]}}