{"id":685,"date":"2014-04-02T11:21:14","date_gmt":"2014-04-02T07:21:14","guid":{"rendered":"http:\/\/college-aime-cesaire-tmp.ac-reunion.fr\/?page_id=685"},"modified":"2014-04-02T11:22:43","modified_gmt":"2014-04-02T07:22:43","slug":"epreuve-dhistoire-geographie","status":"publish","type":"page","link":"https:\/\/etab.ac-reunion.fr\/clg-aime-cesaire\/le-d-n-b\/epreuve-dhistoire-geographie\/","title":{"rendered":"Epreuve d&rsquo;Histoire \/ G\u00e9ographie"},"content":{"rendered":"<p>Dur\u00e9e de l&rsquo;\u00e9preuve : 2 heures<\/p>\n<p><b>Premi\u00e8re partie : Histoire<br \/>\n<\/b>On attend du candidat :<\/p>\n<ul>\n<li>qu&rsquo;il r\u00e9ponde \u00e0 des questions :<\/li>\n<li>\n<ul>\n<li>portant sur les rep\u00e8res chronologiques inscrits au programme d&rsquo;histoire ;<\/li>\n<li>permettant de v\u00e9rifier la connaissance de notions, d&rsquo;acteurs et de faits historiques essentiels ; ces questions appellent des r\u00e9ponses de longueur in\u00e9gale, et l&rsquo;une d&rsquo;elles peut \u00eatre l&rsquo;objet d&rsquo;un d\u00e9veloppement ;<\/li>\n<\/ul>\n<\/li>\n<\/ul>\n<ul>\n<li>qu&rsquo;il ait la capacit\u00e9 de travailler sur un document en relation avec un th\u00e8me du programme d&rsquo;histoire. Il s&rsquo;agit de l&rsquo;identifier, d&rsquo;en d\u00e9gager le sens, de pr\u00e9lever des informations, et, si on le demande, de porter sur ce document un regard critique en indiquant son int\u00e9r\u00eat ou ses limites. Le candidat est guid\u00e9 par des questions ou des consignes.<\/li>\n<\/ul>\n<p><b>Deuxi\u00e8me partie : G\u00e9ographie<br \/>\n<\/b>On attend du candidat :<\/p>\n<ul>\n<li>qu&rsquo;il localise sur un fond de carte des rep\u00e8res inscrits au programme de g\u00e9ographie ;<\/li>\n<li>qu&rsquo;il r\u00e9ponde \u00e0 des questions permettant de v\u00e9rifier la connaissance de notions, d&rsquo;acteurs et de situations g\u00e9ographiques ; ces questions appellent des r\u00e9ponses de longueur in\u00e9gale, et l&rsquo;une d&rsquo;elles peut \u00eatre l&rsquo;objet d&rsquo;un d\u00e9veloppement ;<\/li>\n<li>qu&rsquo;il ait la capacit\u00e9 de travailler sur un document se rapportant \u00e0 un th\u00e8me du programme de g\u00e9ographie. Il s&rsquo;agit de l&rsquo;identifier, d&rsquo;en d\u00e9gager le sens, de pr\u00e9lever des informations. Le candidat est guid\u00e9 par des questions ou des consignes ;<\/li>\n<li>qu&rsquo;il ait la capacit\u00e9, si on le demande, de r\u00e9aliser une t\u00e2che cartographique simple.<\/li>\n<\/ul>\n<p><b>Troisi\u00e8me partie : \u00c9ducation civique<br \/>\n<\/b>On attend du candidat :<\/p>\n<ul>\n<li>qu&rsquo;il r\u00e9ponde \u00e0 des questions permettant de v\u00e9rifier la connaissance de valeurs, de principes, de notions, d&rsquo;acteurs ;<\/li>\n<li>qu&rsquo;il ait la capacit\u00e9 de travailler sur un document se rapportant \u00e0 un th\u00e8me du programme d&rsquo;\u00e9ducation civique. Il s&rsquo;agit de l&rsquo;identifier, d&rsquo;en d\u00e9gager le sens, en rendant compte du probl\u00e8me politique ou social qu&rsquo;il illustre. Le candidat est guid\u00e9 par des questions ou des consignes.<\/li>\n<\/ul>\n<p><b>Notation de l&rsquo;\u00e9preuve<br \/>\n<\/b>L&rsquo;\u00e9preuve est not\u00e9e sur 40 points.<br \/>\nPremi\u00e8re partie : 13 points<br \/>\nDeuxi\u00e8me partie : 13 points<br \/>\nTroisi\u00e8me partie : 10 points<br \/>\nMa\u00eetrise de la langue : 4 points<\/p>\n<p>&nbsp;<\/p>\n","protected":false},"excerpt":{"rendered":"<p>Dur\u00e9e de l&rsquo;\u00e9preuve : 2 heures Premi\u00e8re partie : Histoire On attend du candidat : qu&rsquo;il r\u00e9ponde \u00e0 des questions : portant sur les rep\u00e8res chronologiques inscrits au programme d&rsquo;histoire ; permettant de v\u00e9rifier la connaissance de notions, d&rsquo;acteurs et de faits historiques essentiels ; ces questions appellent des r\u00e9ponses&#8230;<\/p>\n<p> <a class=\"continue-reading-link\" href=\"https:\/\/etab.ac-reunion.fr\/clg-aime-cesaire\/le-d-n-b\/epreuve-dhistoire-geographie\/\"><span>Lire la suite<\/span><i class=\"crycon-right-dir\"><\/i><\/a> <\/p>\n","protected":false},"author":1,"featured_media":0,"parent":75,"menu_order":0,"comment_status":"closed","ping_status":"open","template":"page-full.php","meta":{"footnotes":""},"class_list":["post-685","page","type-page","status-publish","hentry"],"_links":{"self":[{"href":"https:\/\/etab.ac-reunion.fr\/clg-aime-cesaire\/wp-json\/wp\/v2\/pages\/685","targetHints":{"allow":["GET"]}}],"collection":[{"href":"https:\/\/etab.ac-reunion.fr\/clg-aime-cesaire\/wp-json\/wp\/v2\/pages"}],"about":[{"href":"https:\/\/etab.ac-reunion.fr\/clg-aime-cesaire\/wp-json\/wp\/v2\/types\/page"}],"author":[{"embeddable":true,"href":"https:\/\/etab.ac-reunion.fr\/clg-aime-cesaire\/wp-json\/wp\/v2\/users\/1"}],"replies":[{"embeddable":true,"href":"https:\/\/etab.ac-reunion.fr\/clg-aime-cesaire\/wp-json\/wp\/v2\/comments?post=685"}],"version-history":[{"count":1,"href":"https:\/\/etab.ac-reunion.fr\/clg-aime-cesaire\/wp-json\/wp\/v2\/pages\/685\/revisions"}],"predecessor-version":[{"id":686,"href":"https:\/\/etab.ac-reunion.fr\/clg-aime-cesaire\/wp-json\/wp\/v2\/pages\/685\/revisions\/686"}],"up":[{"embeddable":true,"href":"https:\/\/etab.ac-reunion.fr\/clg-aime-cesaire\/wp-json\/wp\/v2\/pages\/75"}],"wp:attachment":[{"href":"https:\/\/etab.ac-reunion.fr\/clg-aime-cesaire\/wp-json\/wp\/v2\/media?parent=685"}],"curies":[{"name":"wp","href":"https:\/\/api.w.org\/{rel}","templated":true}]}}