{"id":699,"date":"2014-04-09T09:03:01","date_gmt":"2014-04-09T05:03:01","guid":{"rendered":"http:\/\/college-aime-cesaire-tmp.ac-reunion.fr\/?page_id=699"},"modified":"2022-06-07T14:32:33","modified_gmt":"2022-06-07T10:32:33","slug":"informations-inscription","status":"publish","type":"page","link":"https:\/\/etab.ac-reunion.fr\/clg-aime-cesaire\/informations-inscription\/","title":{"rendered":"Informations et inscription"},"content":{"rendered":"<p style=\"text-align: justify\">\u00a0<a href=\"https:\/\/etab.ac-reunion.fr\/clg-aime-cesaire\/wp-content\/uploads\/sites\/27\/2014\/04\/logo-unss.jpg\"><img loading=\"lazy\" decoding=\"async\" class=\"size-full wp-image-705 alignleft\" src=\"https:\/\/etab.ac-reunion.fr\/clg-aime-cesaire\/wp-content\/uploads\/sites\/27\/2014\/04\/logo-unss.jpg\" alt=\"logo unss\" width=\"121\" height=\"160\" \/><\/a>\u00a0 L\u2019<b>Union Nationale du Sport Scolaire<\/b>\u00a0(<b>UNSS<\/b>) est la f\u00e9d\u00e9ration fran\u00e7aise de sport scolaire du \u00a0 \u00a0second degr\u00e9s. Multi-sports, elle est ouverte \u00e0 tous les jeunes coll\u00e9giens. L&rsquo;UNSS cherche \u00e0 mettre \u00a0en avant la valeur \u00e9ducative du sport, afin de d\u00e9velopper la pratique d&rsquo;activit\u00e9s sportives et \u00a0l\u2019apprentissage de la vie associative par les \u00e9l\u00e8ves qui ont adh\u00e9r\u00e9 aux associations sportives du \u00a0second degr\u00e9. Elle organise tout au long de l\u2019ann\u00e9e scolaire des rencontres sportives d\u00e9di\u00e9s aux \u00a0\u00e9l\u00e8ves des coll\u00e8ges. Pour s&rsquo;inscrire, il suffit d&rsquo;imprimer le formulaire qui sera disponible sur cette page d&rsquo;ici quelques jours.<\/p>\n<p style=\"text-align: center\">\u00a0<\/p>\n\n\n<p class=\"has-text-align-center\"><a href=\"https:\/\/etab.ac-reunion.fr\/clg-aime-cesaire\/wp-content\/uploads\/sites\/27\/2018\/08\/inscription-UNSS.pdf\" class=\"su-button su-button-style-default\" style=\"color:#FFFFFF;background-color:#2D89EF;border-color:#246ec0;border-radius:5px\" target=\"_blank\" rel=\"noopener noreferrer\"><span style=\"color:#FFFFFF;padding:0px 16px;font-size:13px;line-height:26px;border-color:#6cadf4;border-radius:5px;text-shadow:none\"> Fiche d&rsquo;inscription \u00e0 l&rsquo;UNSS<\/span><\/a>\n\n\n\n<h5 class=\"wp-block-heading\">PLANNING DES ACTIVIT\u00c9ES<\/h5>\n\n\n\n<div style=\"height:35px\" aria-hidden=\"true\" class=\"wp-block-spacer\"><\/div>\n\n\n\n<p>C&rsquo;est bien \u00e9videment ouvert \u00e0 tous et \u00e0 tous niveaux ! Il faut s&rsquo;inscrire aupr\u00e8s de Mme Bouchaud. Il faut ramener la fiche d&rsquo;inscription remplie par les parents avec les 20\u20ac pour la licence (cela comprend une assurance UNSS, les sorties en bus pour aller en rencontre sportive environ une fois par mois, et un t-shirt UNSS pour ceux qui participeront aux comp\u00e9titions \u00ab\u00a0loisirs\u00a0\u00bb. Avec 20\u20ac, possibilit\u00e9 de cumuler plusieurs activit\u00e9s UNSS !      <\/p>\n\n\n\n<ul class=\"wp-block-list\"><li><strong>UNSS VOLLEY<\/strong>:  Tous les mercredis apr\u00e8s-midi de 12h15 (apr\u00e8s avoir mang\u00e9 un pic-nique rapide dans la cour du coll\u00e8ge, Sandwich ou autre) \u00e0 14h avec Mme Bouchaud<\/li><li><strong>UNSS BADMINTON<\/strong> : en semaine, lundi et mardi \u00e0 12h30 avec Mme Constant <\/li><li><strong>UNSS RANDONNEE<\/strong> : Entrainement le mercredi sur un cr\u00e9neau de 2h (14h30 \u2013 16h30 ou 16h \u2013 18h) dans la for\u00eat d\u2019Etang Sal\u00e9.<\/li><li><strong>UNSS GOLF<\/strong> : Ce n&rsquo;est pas possible de cumuler avec l&rsquo;UNSS Volley-ball ni la randonn\u00e9e car cela se passe \u00e9galement  le mercredi \u00e0 13h30 au golf de Bourbon. <\/li><\/ul>\n","protected":false},"excerpt":{"rendered":"<p>\u00a0\u00a0 L\u2019Union Nationale du Sport Scolaire\u00a0(UNSS) est la f\u00e9d\u00e9ration fran\u00e7aise de sport scolaire du \u00a0 \u00a0second degr\u00e9s. Multi-sports, elle est ouverte \u00e0 tous les jeunes coll\u00e9giens. L&rsquo;UNSS cherche \u00e0 mettre \u00a0en avant la valeur \u00e9ducative du sport, afin de d\u00e9velopper la pratique d&rsquo;activit\u00e9s sportives et \u00a0l\u2019apprentissage de la vie associative&#8230;<\/p>\n<p> <a class=\"continue-reading-link\" href=\"https:\/\/etab.ac-reunion.fr\/clg-aime-cesaire\/informations-inscription\/\"><span>Lire la suite<\/span><i class=\"crycon-right-dir\"><\/i><\/a> <\/p>\n","protected":false},"author":2536,"featured_media":0,"parent":0,"menu_order":0,"comment_status":"closed","ping_status":"open","template":"","meta":{"footnotes":""},"class_list":["post-699","page","type-page","status-publish","hentry"],"_links":{"self":[{"href":"https:\/\/etab.ac-reunion.fr\/clg-aime-cesaire\/wp-json\/wp\/v2\/pages\/699","targetHints":{"allow":["GET"]}}],"collection":[{"href":"https:\/\/etab.ac-reunion.fr\/clg-aime-cesaire\/wp-json\/wp\/v2\/pages"}],"about":[{"href":"https:\/\/etab.ac-reunion.fr\/clg-aime-cesaire\/wp-json\/wp\/v2\/types\/page"}],"author":[{"embeddable":true,"href":"https:\/\/etab.ac-reunion.fr\/clg-aime-cesaire\/wp-json\/wp\/v2\/users\/2536"}],"replies":[{"embeddable":true,"href":"https:\/\/etab.ac-reunion.fr\/clg-aime-cesaire\/wp-json\/wp\/v2\/comments?post=699"}],"version-history":[{"count":17,"href":"https:\/\/etab.ac-reunion.fr\/clg-aime-cesaire\/wp-json\/wp\/v2\/pages\/699\/revisions"}],"predecessor-version":[{"id":5504,"href":"https:\/\/etab.ac-reunion.fr\/clg-aime-cesaire\/wp-json\/wp\/v2\/pages\/699\/revisions\/5504"}],"wp:attachment":[{"href":"https:\/\/etab.ac-reunion.fr\/clg-aime-cesaire\/wp-json\/wp\/v2\/media?parent=699"}],"curies":[{"name":"wp","href":"https:\/\/api.w.org\/{rel}","templated":true}]}}