{"id":75,"date":"2013-11-28T05:22:05","date_gmt":"2013-11-28T04:22:05","guid":{"rendered":"http:\/\/college-aime-cesaire-tmp.ac-reunion.fr\/?page_id=75"},"modified":"2015-08-26T10:23:15","modified_gmt":"2015-08-26T06:23:15","slug":"le-d-n-b","status":"publish","type":"page","link":"https:\/\/etab.ac-reunion.fr\/clg-aime-cesaire\/le-d-n-b\/","title":{"rendered":"Le D.N.B."},"content":{"rendered":"<h2><\/h2>\n<p style=\"text-align: justify\">Le dipl\u00f4me national du brevet\u00a0 atteste la ma\u00eetrise du socle commun et sanctionne la formation acquise au terme du coll\u00e8ge. Il ne conditionne pas l&rsquo;acc\u00e8s \u00e0 une classe sup\u00e9rieure en fin de troisi\u00e8me : les deux d\u00e9cisions, attribution du dipl\u00f4me et orientation, sont dissoci\u00e9es.<\/p>\n<h3><span style=\"text-decoration: underline\">Session normale<\/span><\/h3>\n<ul>\n<li>\u00e0 venir<\/li>\n<\/ul>\n<p>&nbsp;<\/p>\n<h3><span style=\"text-decoration: underline\">Session de remplacement<\/span><\/h3>\n<ul>\n<li>\u00e0 venir<\/li>\n<\/ul>\n<p>&nbsp;<\/p>\n<p><strong><span style=\"text-decoration: underline\">Plus d&rsquo;informations sur les \u00e9preuves:<\/span><\/strong><\/p>\n<p><a href=\"https:\/\/etab.ac-reunion.fr\/clg-aime-cesaire\/?p=680\">\u00c9preuve de Fran\u00e7ais<\/a><\/p>\n<p><a href=\"https:\/\/etab.ac-reunion.fr\/clg-aime-cesaire\/?p=682\">\u00c9preuve de\u00a0Math\u00e9matiques<\/a><\/p>\n<p><a href=\"https:\/\/etab.ac-reunion.fr\/clg-aime-cesaire\/?p=685\">\u00c9preuve d&rsquo;Histoire \/ G\u00e9ographie<\/a><\/p>\n<p>&nbsp;<\/p>\n","protected":false},"excerpt":{"rendered":"<p>Le dipl\u00f4me national du brevet\u00a0 atteste la ma\u00eetrise du socle commun et sanctionne la formation acquise au terme du coll\u00e8ge. Il ne conditionne pas l&rsquo;acc\u00e8s \u00e0 une classe sup\u00e9rieure en fin de troisi\u00e8me : les deux d\u00e9cisions, attribution du dipl\u00f4me et orientation, sont dissoci\u00e9es. Session normale \u00e0 venir &nbsp; Session&#8230;<\/p>\n<p> <a class=\"continue-reading-link\" href=\"https:\/\/etab.ac-reunion.fr\/clg-aime-cesaire\/le-d-n-b\/\"><span>Lire la suite<\/span><i class=\"crycon-right-dir\"><\/i><\/a> <\/p>\n","protected":false},"author":1,"featured_media":0,"parent":0,"menu_order":0,"comment_status":"closed","ping_status":"open","template":"page-full.php","meta":{"footnotes":""},"class_list":["post-75","page","type-page","status-publish","hentry"],"_links":{"self":[{"href":"https:\/\/etab.ac-reunion.fr\/clg-aime-cesaire\/wp-json\/wp\/v2\/pages\/75","targetHints":{"allow":["GET"]}}],"collection":[{"href":"https:\/\/etab.ac-reunion.fr\/clg-aime-cesaire\/wp-json\/wp\/v2\/pages"}],"about":[{"href":"https:\/\/etab.ac-reunion.fr\/clg-aime-cesaire\/wp-json\/wp\/v2\/types\/page"}],"author":[{"embeddable":true,"href":"https:\/\/etab.ac-reunion.fr\/clg-aime-cesaire\/wp-json\/wp\/v2\/users\/1"}],"replies":[{"embeddable":true,"href":"https:\/\/etab.ac-reunion.fr\/clg-aime-cesaire\/wp-json\/wp\/v2\/comments?post=75"}],"version-history":[{"count":13,"href":"https:\/\/etab.ac-reunion.fr\/clg-aime-cesaire\/wp-json\/wp\/v2\/pages\/75\/revisions"}],"predecessor-version":[{"id":2105,"href":"https:\/\/etab.ac-reunion.fr\/clg-aime-cesaire\/wp-json\/wp\/v2\/pages\/75\/revisions\/2105"}],"wp:attachment":[{"href":"https:\/\/etab.ac-reunion.fr\/clg-aime-cesaire\/wp-json\/wp\/v2\/media?parent=75"}],"curies":[{"name":"wp","href":"https:\/\/api.w.org\/{rel}","templated":true}]}}