{"id":851,"date":"2014-04-24T14:16:32","date_gmt":"2014-04-24T10:16:32","guid":{"rendered":"http:\/\/college-aime-cesaire-tmp.ac-reunion.fr\/?page_id=851"},"modified":"2022-06-07T14:37:13","modified_gmt":"2022-06-07T10:37:13","slug":"u-n-s-s","status":"publish","type":"page","link":"https:\/\/etab.ac-reunion.fr\/clg-aime-cesaire\/u-n-s-s\/","title":{"rendered":"U.N.S.S."},"content":{"rendered":"\n<h4 class=\"wp-block-heading\">INFORMATIONS \/ INSCRIPTIONS<\/h4>\n\n\n\n<div class=\"wp-block-image\"><figure class=\"alignleft\"><a href=\"https:\/\/etab.ac-reunion.fr\/clg-aime-cesaire\/wp-content\/uploads\/sites\/27\/2014\/04\/logo-unss.jpg\"><img loading=\"lazy\" decoding=\"async\" width=\"121\" height=\"160\" src=\"https:\/\/etab.ac-reunion.fr\/clg-aime-cesaire\/wp-content\/uploads\/sites\/27\/2014\/04\/logo-unss.jpg\" alt=\"logo unss\" class=\"wp-image-705\" \/><\/a><\/figure><\/div>\n\n\n\n<p>&nbsp;&nbsp; L\u2019<strong>Union Nationale du Sport Scolaire<\/strong>&nbsp;(<strong>UNSS<\/strong>) est la f\u00e9d\u00e9ration fran\u00e7aise de sport scolaire du &nbsp; &nbsp;second degr\u00e9s.&nbsp;Multi-sports, elle est ouverte \u00e0 tous les jeunes coll\u00e9giens.&nbsp;L&rsquo;UNSS&nbsp;cherche \u00e0 mettre &nbsp;en avant la valeur \u00e9ducative du sport, afin de d\u00e9velopper la pratique d&rsquo;activit\u00e9s sportives&nbsp;et &nbsp;l\u2019apprentissage de la vie associative par les \u00e9l\u00e8ves qui ont adh\u00e9r\u00e9 aux associations sportives&nbsp;du &nbsp;second degr\u00e9. Elle&nbsp;organise tout au long de l\u2019ann\u00e9e scolaire des rencontres sportives d\u00e9di\u00e9s aux &nbsp;\u00e9l\u00e8ves des coll\u00e8ges. Pour s&rsquo;inscrire, il suffit d&rsquo;imprimer le formulaire qui sera disponible sur cette page d&rsquo;ici quelques jours.<\/p>\n\n\n<p style=\"text-align: center\"><a href=\"https:\/\/etab.ac-reunion.fr\/clg-aime-cesaire\/wp-content\/uploads\/sites\/27\/2018\/08\/inscription-UNSS.pdf\" class=\"su-button su-button-style-default\" style=\"color:#FFFFFF;background-color:#2D89EF;border-color:#246ec0;border-radius:5px\" target=\"_blank\" rel=\"noopener noreferrer\"><span style=\"color:#FFFFFF;padding:0px 16px;font-size:13px;line-height:26px;border-color:#6cadf4;border-radius:5px;text-shadow:none\"> Fiche d&rsquo;inscription \u00e0 l&rsquo;UNSS<\/span><\/a>\n\n\n<div style=\"height:57px\" aria-hidden=\"true\" class=\"wp-block-spacer\"><\/div>\n\n\n\n<h4 class=\"wp-block-heading\">PLANNING DES ACTIVIT\u00c9ES<\/h4>\n\n\n\n<p>C&rsquo;est bien \u00e9videment ouvert \u00e0 tous et \u00e0 tous niveaux ! Il faut s&rsquo;inscrire aupr\u00e8s de Mme Bouchaud. Il faut ramener la fiche d&rsquo;inscription remplie par les parents avec les 20\u20ac pour la licence (cela comprend une assurance UNSS, les sorties en bus pour aller en rencontre sportive environ une fois par mois, et un t-shirt UNSS pour ceux qui participeront aux comp\u00e9titions \u00ab\u00a0loisirs\u00a0\u00bb. Avec 20\u20ac, possibilit\u00e9 de cumuler plusieurs activit\u00e9s UNSS !      <\/p>\n\n\n\n<ul class=\"wp-block-list\"><li><strong>UNSS VOLLEY<\/strong>:  Tous les mercredis apr\u00e8s-midi de 12h15 (apr\u00e8s avoir mang\u00e9 un pic-nique rapide dans la cour du coll\u00e8ge, Sandwich ou autre) \u00e0 14h avec Mme Bouchaud<\/li><li><strong>UNSS BADMINTON<\/strong> : en semaine, lundi et mardi \u00e0 12h30 avec Mme Constant <\/li><li><strong>UNSS RANDONNEE<\/strong> : Entrainement le mercredi sur un cr\u00e9neau de 2h (14h30 \u2013 16h30 ou 16h \u2013 18h) dans la for\u00eat d\u2019Etang Sal\u00e9.<\/li><li><strong>UNSS GOLF<\/strong> : Ce n&rsquo;est pas possible de cumuler avec l&rsquo;UNSS Volley-ball ni la randonn\u00e9e car cela se passe \u00e9galement  le mercredi \u00e0 13h30 au golf de Bourbon. <\/li><\/ul>\n","protected":false},"excerpt":{"rendered":"<p>INFORMATIONS \/ INSCRIPTIONS &nbsp;&nbsp; L\u2019Union Nationale du Sport Scolaire&nbsp;(UNSS) est la f\u00e9d\u00e9ration fran\u00e7aise de sport scolaire du &nbsp; &nbsp;second degr\u00e9s.&nbsp;Multi-sports, elle est ouverte \u00e0 tous les jeunes coll\u00e9giens.&nbsp;L&rsquo;UNSS&nbsp;cherche \u00e0 mettre &nbsp;en avant la valeur \u00e9ducative du sport, afin de d\u00e9velopper la pratique d&rsquo;activit\u00e9s sportives&nbsp;et &nbsp;l\u2019apprentissage de la vie associative par&#8230;<\/p>\n<p> <a class=\"continue-reading-link\" href=\"https:\/\/etab.ac-reunion.fr\/clg-aime-cesaire\/u-n-s-s\/\"><span>Lire la suite<\/span><i class=\"crycon-right-dir\"><\/i><\/a> <\/p>\n","protected":false},"author":1,"featured_media":0,"parent":0,"menu_order":0,"comment_status":"closed","ping_status":"open","template":"","meta":{"footnotes":""},"class_list":["post-851","page","type-page","status-publish","hentry"],"_links":{"self":[{"href":"https:\/\/etab.ac-reunion.fr\/clg-aime-cesaire\/wp-json\/wp\/v2\/pages\/851","targetHints":{"allow":["GET"]}}],"collection":[{"href":"https:\/\/etab.ac-reunion.fr\/clg-aime-cesaire\/wp-json\/wp\/v2\/pages"}],"about":[{"href":"https:\/\/etab.ac-reunion.fr\/clg-aime-cesaire\/wp-json\/wp\/v2\/types\/page"}],"author":[{"embeddable":true,"href":"https:\/\/etab.ac-reunion.fr\/clg-aime-cesaire\/wp-json\/wp\/v2\/users\/1"}],"replies":[{"embeddable":true,"href":"https:\/\/etab.ac-reunion.fr\/clg-aime-cesaire\/wp-json\/wp\/v2\/comments?post=851"}],"version-history":[{"count":2,"href":"https:\/\/etab.ac-reunion.fr\/clg-aime-cesaire\/wp-json\/wp\/v2\/pages\/851\/revisions"}],"predecessor-version":[{"id":5498,"href":"https:\/\/etab.ac-reunion.fr\/clg-aime-cesaire\/wp-json\/wp\/v2\/pages\/851\/revisions\/5498"}],"wp:attachment":[{"href":"https:\/\/etab.ac-reunion.fr\/clg-aime-cesaire\/wp-json\/wp\/v2\/media?parent=851"}],"curies":[{"name":"wp","href":"https:\/\/api.w.org\/{rel}","templated":true}]}}