{"id":6811,"date":"2023-09-07T10:36:17","date_gmt":"2023-09-07T06:36:17","guid":{"rendered":"https:\/\/etab.ac-reunion.fr\/clg-albert-lougnon\/?page_id=6811"},"modified":"2023-09-07T10:49:03","modified_gmt":"2023-09-07T06:49:03","slug":"eleves-2","status":"publish","type":"page","link":"https:\/\/etab.ac-reunion.fr\/clg-albert-lougnon\/eleves-2","title":{"rendered":"\u00c9l\u00e8ves"},"content":{"rendered":"\n<h3 class=\"wp-block-heading\">Tutoriel Pronote<\/h3>\n\n\n\n<div class=\"wp-block-columns is-layout-flex wp-container-core-columns-is-layout-9d6595d7 wp-block-columns-is-layout-flex\">\n<div class=\"wp-block-column is-layout-flow wp-block-column-is-layout-flow\" style=\"flex-basis:66.66%\">\n<p><strong>Installer Pronote sur son portable (T\u00e9l\u00e9phone)<\/strong><\/p>\n\n\n\n<p><strong>Mes QCM dans Pronote<\/strong><\/p>\n<\/div>\n\n\n\n<div class=\"wp-block-column is-layout-flow wp-block-column-is-layout-flow\" style=\"flex-basis:33.33%\"><div class=\"wp-block-image\">\n<figure class=\"aligncenter size-large\"><a href=\"https:\/\/etab.ac-reunion.fr\/clg-albert-lougnon\/wp-content\/uploads\/sites\/81\/2020\/03\/Pronote-sur-mon-t\u00e9l\u00e9phone.pdf\"><img loading=\"lazy\" decoding=\"async\" width=\"100\" height=\"56\" src=\"https:\/\/etab.ac-reunion.fr\/clg-albert-lougnon\/wp-content\/uploads\/sites\/81\/2020\/03\/pdf-e1585227045558.png\" alt=\"T\u00e9l\u00e9chargement\" class=\"wp-image-5032\" \/><\/a><\/figure>\n<\/div>\n\n<div class=\"wp-block-image\">\n<figure class=\"aligncenter size-large\"><a href=\"https:\/\/etab.ac-reunion.fr\/clg-albert-lougnon\/wp-content\/uploads\/sites\/81\/2020\/03\/mes-QCM-eleve-Dans-Pronote.pdf\"><img loading=\"lazy\" decoding=\"async\" width=\"100\" height=\"56\" src=\"https:\/\/etab.ac-reunion.fr\/clg-albert-lougnon\/wp-content\/uploads\/sites\/81\/2020\/03\/pdf-e1585227045558.png\" alt=\"T\u00e9l\u00e9chargement\" class=\"wp-image-5032\" \/><\/a><\/figure>\n<\/div><\/div>\n<\/div>\n\n\n\n<h3 class=\"wp-block-heading\">Tutoriel Pydyo<\/h3>\n\n\n\n<div class=\"wp-block-columns is-layout-flex wp-container-core-columns-is-layout-9d6595d7 wp-block-columns-is-layout-flex\">\n<div class=\"wp-block-column is-layout-flow wp-block-column-is-layout-flow\">\n<p><strong>R\u00e9cup\u00e9rer un devoir et le restituer<\/strong> <\/p>\n<\/div>\n\n\n\n<div class=\"wp-block-column is-layout-flow wp-block-column-is-layout-flow\"><div class=\"wp-block-image\">\n<figure class=\"aligncenter size-large\"><a href=\"https:\/\/etab.ac-reunion.fr\/clg-albert-lougnon\/wp-content\/uploads\/sites\/81\/2020\/03\/Tuto-Pydio-El\u00e8ves-et-profs.pdf\"><img loading=\"lazy\" decoding=\"async\" width=\"100\" height=\"56\" src=\"https:\/\/etab.ac-reunion.fr\/clg-albert-lougnon\/wp-content\/uploads\/sites\/81\/2020\/03\/pdf-e1585227045558.png\" alt=\"T\u00e9l\u00e9chargement\" class=\"wp-image-5032\" \/><\/a><\/figure>\n<\/div><\/div>\n\n\n\n<div class=\"wp-block-column is-layout-flow wp-block-column-is-layout-flow\"><div class=\"wp-block-image\">\n<figure class=\"aligncenter size-large\"><a href=\"https:\/\/www.dailymotion.com\/video\/x3ijfhf\"><img loading=\"lazy\" decoding=\"async\" width=\"60\" height=\"60\" src=\"https:\/\/etab.ac-reunion.fr\/clg-albert-lougnon\/wp-content\/uploads\/sites\/81\/2020\/03\/video-1-e1585228767662.png\" alt=\"\" class=\"wp-image-5058\" \/><\/a><\/figure>\n<\/div><\/div>\n<\/div>\n\n\n\n<h3 class=\"wp-block-heading\">Tutoriel M\u00e9tice<\/h3>\n\n\n\n<p><em>Se connecter avec votre nom d&rsquo;utilisateur et mot de passe que vous utilisez au coll\u00e8ge<\/em><\/p>\n\n\n\n<div class=\"wp-block-columns is-layout-flex wp-container-core-columns-is-layout-9d6595d7 wp-block-columns-is-layout-flex\">\n<div class=\"wp-block-column is-layout-flow wp-block-column-is-layout-flow\" style=\"flex-basis:66.66%\">\n<p><strong>Acc\u00e9der \u00e0 Pronote<\/strong><\/p>\n<\/div>\n\n\n\n<div class=\"wp-block-column is-layout-flow wp-block-column-is-layout-flow\" style=\"flex-basis:33.33%\"><div class=\"wp-block-image\">\n<figure class=\"aligncenter size-large\"><a href=\"https:\/\/portail.college-albertlougnon.ac-reunion.fr\/pronote\"><img loading=\"lazy\" decoding=\"async\" width=\"60\" height=\"60\" src=\"https:\/\/etab.ac-reunion.fr\/clg-albert-lougnon\/wp-content\/uploads\/sites\/81\/2020\/03\/internet-e1585234222461.jpg\" alt=\"\" class=\"wp-image-5104\" \/><\/a><\/figure>\n<\/div><\/div>\n<\/div>\n\n\n\n<div class=\"wp-block-columns is-layout-flex wp-container-core-columns-is-layout-9d6595d7 wp-block-columns-is-layout-flex\">\n<div class=\"wp-block-column is-layout-flow wp-block-column-is-layout-flow\" style=\"flex-basis:66.66%\">\n<p><strong>Acc\u00e9der \u00e0 la messagerie p\u00e9dagogique<\/strong><\/p>\n<\/div>\n\n\n\n<div class=\"wp-block-column is-layout-flow wp-block-column-is-layout-flow\" style=\"flex-basis:33.33%\"><div class=\"wp-block-image\">\n<figure class=\"aligncenter size-large\"><a href=\"https:\/\/portail.college-albertlougnon.ac-reunion.fr\/roundcube\"><img loading=\"lazy\" decoding=\"async\" width=\"60\" height=\"60\" src=\"https:\/\/etab.ac-reunion.fr\/clg-albert-lougnon\/wp-content\/uploads\/sites\/81\/2020\/03\/internet-e1585234222461.jpg\" alt=\"\" class=\"wp-image-5104\" \/><\/a><\/figure>\n<\/div><\/div>\n<\/div>\n\n\n\n<p><\/p>\n","protected":false},"excerpt":{"rendered":"<p> <a class=\"continue-reading-link\" href=\"https:\/\/etab.ac-reunion.fr\/clg-albert-lougnon\/eleves-2\"><span><\/span><i class=\"crycon-right-dir\"><\/i><\/a> <\/p>\n","protected":false},"author":12823,"featured_media":0,"parent":0,"menu_order":0,"comment_status":"closed","ping_status":"closed","template":"","meta":{"footnotes":""},"class_list":["post-6811","page","type-page","status-publish","hentry"],"_links":{"self":[{"href":"https:\/\/etab.ac-reunion.fr\/clg-albert-lougnon\/wp-json\/wp\/v2\/pages\/6811","targetHints":{"allow":["GET"]}}],"collection":[{"href":"https:\/\/etab.ac-reunion.fr\/clg-albert-lougnon\/wp-json\/wp\/v2\/pages"}],"about":[{"href":"https:\/\/etab.ac-reunion.fr\/clg-albert-lougnon\/wp-json\/wp\/v2\/types\/page"}],"author":[{"embeddable":true,"href":"https:\/\/etab.ac-reunion.fr\/clg-albert-lougnon\/wp-json\/wp\/v2\/users\/12823"}],"replies":[{"embeddable":true,"href":"https:\/\/etab.ac-reunion.fr\/clg-albert-lougnon\/wp-json\/wp\/v2\/comments?post=6811"}],"version-history":[{"count":5,"href":"https:\/\/etab.ac-reunion.fr\/clg-albert-lougnon\/wp-json\/wp\/v2\/pages\/6811\/revisions"}],"predecessor-version":[{"id":6822,"href":"https:\/\/etab.ac-reunion.fr\/clg-albert-lougnon\/wp-json\/wp\/v2\/pages\/6811\/revisions\/6822"}],"wp:attachment":[{"href":"https:\/\/etab.ac-reunion.fr\/clg-albert-lougnon\/wp-json\/wp\/v2\/media?parent=6811"}],"curies":[{"name":"wp","href":"https:\/\/api.w.org\/{rel}","templated":true}]}}