{"id":184,"date":"2015-07-03T07:31:32","date_gmt":"2015-07-03T06:31:32","guid":{"rendered":"http:\/\/college-alsace-corre-tmp.ac-reunion.fr\/?page_id=184"},"modified":"2024-10-10T17:54:48","modified_gmt":"2024-10-10T13:54:48","slug":"mentions-legales","status":"publish","type":"page","link":"https:\/\/etab.ac-reunion.fr\/clg-alsace-corre\/mentions-legales\/","title":{"rendered":"Mentions l\u00e9gales"},"content":{"rendered":"<p><b>Responsables \u00e9ditoriaux :<\/b><\/p>\n<p>Madame Debouzy Fabienne, principale du coll\u00e8ge Alsace Corr\u00e9.<\/p>\n<p>Madame Rabah Isabelle, principale adjointe.<\/p>\n<p>Les responsables \u00e9ditoriaux se r\u00e9servent le droit de modification ou de suppression du contenu de ces pages.<\/p>\n<p><b>Outil de gestion de contenus :<\/b><\/p>\n<p>WordPress de l&rsquo;acad\u00e9mie de La R\u00e9union.<\/p>\n<p><b>Droits de reproduction : <\/b><\/p>\n<p>La copie ou reproduction du contenu du site <a href=\"https:\/\/etab.ac-reunion.fr\/clg-alsace-corre\">https:\/\/etab.ac-reunion.fr\/clg-alsace-corre<\/a> ne peut \u00eatre interdit, \u00e0 condition que le copiste cite la source et qu&rsquo;il les utilise \u00e0 des fins <b>non \u00e9conomiques et non commerciales <\/b>(cf.<a class=\"external-link-new-window\" title=\"Ouvre un lien externe dans une nouvelle fen\u00eatre\" href=\"http:\/\/www.legifrance.gouv.fr\/affichCodeArticle.do;jsessionid=A3FC65245B60BE23918D24BABE420BF6.tpdjo04v_2?idArticle=LEGIARTI000027683084&amp;cidTexte=LEGITEXT000006069414&amp;dateTexte=20131216\" target=\"_blank\" rel=\"noopener\"> http:\/\/www.legifrance.gouv.fr Article L122-5<\/a>).<\/p>\n<div id=\"secondary\">\n<div id=\"secondaryContent\">\n<div id=\"c365\" class=\"csc-default\">\n<div class=\"secondaryContentSection\">\n<div id=\"c338\" class=\"csc-default\">\n<p class=\"align-justify\"><div class=\"su-tabs su-tabs-style-default su-tabs-mobile-stack\" data-active=\"1\" data-scroll-offset=\"0\" data-anchor-in-url=\"no\"><div class=\"su-tabs-nav\"><span class=\"\" data-url=\"\" data-target=\"blank\" tabindex=\"0\" role=\"button\">Adresse<\/span><span class=\"\" data-url=\"\" data-target=\"blank\" tabindex=\"0\" role=\"button\">Secr\u00e9tariat administration<\/span><span class=\"\" data-url=\"\" data-target=\"blank\" tabindex=\"0\" role=\"button\">Secr\u00e9tariat gestion<\/span><\/div><div class=\"su-tabs-panes\"><div class=\"su-tabs-pane su-u-clearfix su-u-trim\" data-title=\"Adresse\">\n<p class=\"align-justify\">14 Rue des \u00e9coles<\/p>\n<p class=\"align-justify\">97413 Cilaos &#8211; La R\u00e9union<\/div>\n<div class=\"su-tabs-pane su-u-clearfix su-u-trim\" data-title=\"Secr\u00e9tariat administration\">\n<p class=\"align-center\">T\u00e9l. : 0262 31 70 75<\/p>\n<p class=\"align-center\">Fax : 0262 31 82 48<\/p>\n<p class=\"align-center\">E-mail : <a>ce.9740096L@ac-reunion.fr<\/a><\/p>\n<p class=\"align-justify\"><\/div>\n<div class=\"su-tabs-pane su-u-clearfix su-u-trim\" data-title=\"Secr\u00e9tariat gestion\">\n<p class=\"align-center\">T\u00e9l. : 0262 31 70 55<\/p>\n<p class=\"align-center\">Fax : 0262 31 69 09<\/p>\n<p class=\"align-center\">E-mail : <a title=\"Ouvre un lien externe dans une nouvelle fen\u00eatre\">gestion.9740096L@ac-reunion.fr<\/a><\/p>\n<p class=\"align-justify\"><\/div><\/div><\/div>\n<\/div>\n<\/div>\n<\/div>\n<\/div>\n<\/div>\n","protected":false},"excerpt":{"rendered":"<p>Responsables \u00e9ditoriaux : Madame Debouzy Fabienne, principale du coll\u00e8ge Alsace Corr\u00e9. Madame Rabah Isabelle, principale adjointe. Les responsables \u00e9ditoriaux se r\u00e9servent le droit de modification ou de suppression du contenu [&hellip;]<\/p>\n","protected":false},"author":8019,"featured_media":0,"parent":0,"menu_order":0,"comment_status":"closed","ping_status":"closed","template":"","meta":{"_et_pb_use_builder":"","_et_pb_old_content":"","_et_gb_content_width":"","footnotes":""},"class_list":["post-184","page","type-page","status-publish","hentry"],"_links":{"self":[{"href":"https:\/\/etab.ac-reunion.fr\/clg-alsace-corre\/wp-json\/wp\/v2\/pages\/184","targetHints":{"allow":["GET"]}}],"collection":[{"href":"https:\/\/etab.ac-reunion.fr\/clg-alsace-corre\/wp-json\/wp\/v2\/pages"}],"about":[{"href":"https:\/\/etab.ac-reunion.fr\/clg-alsace-corre\/wp-json\/wp\/v2\/types\/page"}],"author":[{"embeddable":true,"href":"https:\/\/etab.ac-reunion.fr\/clg-alsace-corre\/wp-json\/wp\/v2\/users\/8019"}],"replies":[{"embeddable":true,"href":"https:\/\/etab.ac-reunion.fr\/clg-alsace-corre\/wp-json\/wp\/v2\/comments?post=184"}],"version-history":[{"count":14,"href":"https:\/\/etab.ac-reunion.fr\/clg-alsace-corre\/wp-json\/wp\/v2\/pages\/184\/revisions"}],"predecessor-version":[{"id":4760,"href":"https:\/\/etab.ac-reunion.fr\/clg-alsace-corre\/wp-json\/wp\/v2\/pages\/184\/revisions\/4760"}],"wp:attachment":[{"href":"https:\/\/etab.ac-reunion.fr\/clg-alsace-corre\/wp-json\/wp\/v2\/media?parent=184"}],"curies":[{"name":"wp","href":"https:\/\/api.w.org\/{rel}","templated":true}]}}