{"id":2174,"date":"2022-09-02T11:40:54","date_gmt":"2022-09-02T07:40:54","guid":{"rendered":"https:\/\/etab.ac-reunion.fr\/clg-alsace-corre\/?page_id=2174"},"modified":"2024-10-07T14:17:58","modified_gmt":"2024-10-07T10:17:58","slug":"compte-educonnect","status":"publish","type":"page","link":"https:\/\/etab.ac-reunion.fr\/clg-alsace-corre\/compte-educonnect\/","title":{"rendered":"Compte Educonnect"},"content":{"rendered":"\n<p>Nous avons donn\u00e9 \u00e0 vos enfants en d\u00e9but d&rsquo;ann\u00e9e une feuille avec un identifiant et un mot de passe provisoire afin d\u2019acc\u00e9der \u00e0 <a href=\"https:\/\/educonnect.education.gouv.fr\/\" target=\"_blank\" rel=\"noreferrer noopener\">votre compte Educonnect<\/a> pour le suivi de la scolarit\u00e9 de votre enfant ( LSU, PRONOTE, BOURSE,&#8230; )<\/p>\n\n\n\n<p>Pour cr\u00e9er votre compte Educonnect suivait le tutoriel qui correspond \u00e0 votre statut. Le compte Educonnect pour les \u00e9l\u00e8ves est accessible pour les 3\u00e8me.<\/p>\n\n\n\n<p>En cas de soucis, n&rsquo;h\u00e9siter pas \u00e0 appeler le coll\u00e8ge et demander l&rsquo;informaticien. Il vous aidera \u00e0 cr\u00e9er votre compte.<\/p>\n\n\n\n<figure class=\"wp-block-embed aligncenter is-type-wp-embed is-provider-genially wp-block-embed-genially\"><div class=\"wp-block-embed__wrapper\">\n<iframe class=\"wp-embedded-content\" sandbox=\"allow-scripts\" security=\"restricted\" title=\"Educonnect - Coll\u00e8ge Alsace corr\u00e9\" frameborder='0' width='1200' height='675' src='https:\/\/view.genially.com\/633ab4e8c475600018478b4b#?secret=d1OBlrx8AX' data-secret='d1OBlrx8AX' scrolling='yes'><\/iframe>\n<\/div><\/figure>\n","protected":false},"excerpt":{"rendered":"<p>Nous avons donn\u00e9 \u00e0 vos enfants en d\u00e9but d&rsquo;ann\u00e9e une feuille avec un identifiant et un mot de passe provisoire afin d\u2019acc\u00e9der \u00e0 votre compte Educonnect pour le suivi de [&hellip;]<\/p>\n","protected":false},"author":31029,"featured_media":0,"parent":0,"menu_order":0,"comment_status":"closed","ping_status":"closed","template":"","meta":{"_et_pb_use_builder":"","_et_pb_old_content":"","_et_gb_content_width":"","footnotes":""},"class_list":["post-2174","page","type-page","status-publish","hentry"],"_links":{"self":[{"href":"https:\/\/etab.ac-reunion.fr\/clg-alsace-corre\/wp-json\/wp\/v2\/pages\/2174","targetHints":{"allow":["GET"]}}],"collection":[{"href":"https:\/\/etab.ac-reunion.fr\/clg-alsace-corre\/wp-json\/wp\/v2\/pages"}],"about":[{"href":"https:\/\/etab.ac-reunion.fr\/clg-alsace-corre\/wp-json\/wp\/v2\/types\/page"}],"author":[{"embeddable":true,"href":"https:\/\/etab.ac-reunion.fr\/clg-alsace-corre\/wp-json\/wp\/v2\/users\/31029"}],"replies":[{"embeddable":true,"href":"https:\/\/etab.ac-reunion.fr\/clg-alsace-corre\/wp-json\/wp\/v2\/comments?post=2174"}],"version-history":[{"count":11,"href":"https:\/\/etab.ac-reunion.fr\/clg-alsace-corre\/wp-json\/wp\/v2\/pages\/2174\/revisions"}],"predecessor-version":[{"id":4340,"href":"https:\/\/etab.ac-reunion.fr\/clg-alsace-corre\/wp-json\/wp\/v2\/pages\/2174\/revisions\/4340"}],"wp:attachment":[{"href":"https:\/\/etab.ac-reunion.fr\/clg-alsace-corre\/wp-json\/wp\/v2\/media?parent=2174"}],"curies":[{"name":"wp","href":"https:\/\/api.w.org\/{rel}","templated":true}]}}