{"id":5084,"date":"2025-04-18T11:12:57","date_gmt":"2025-04-18T07:12:57","guid":{"rendered":"https:\/\/etab.ac-reunion.fr\/clg-alsace-corre\/?page_id=5084"},"modified":"2026-01-30T08:53:04","modified_gmt":"2026-01-30T04:53:04","slug":"services-numeriques","status":"publish","type":"page","link":"https:\/\/etab.ac-reunion.fr\/clg-alsace-corre\/services-numeriques\/","title":{"rendered":"Services num\u00e9riques"},"content":{"rendered":"\n<p class=\"has-background\" style=\"background:linear-gradient(340deg,rgb(202,248,128) 0%,rgb(113,206,126) 100%);font-size:24px\"><strong>\u00c9l\u00e8ves&nbsp;: acc\u00e9der aux services fournis par l\u2019\u00e9tablissement<\/strong><\/p>\n\n\n\n<p><\/p>\n\n\n\n<div class=\"wp-block-columns is-layout-flex wp-container-core-columns-is-layout-9d6595d7 wp-block-columns-is-layout-flex\">\n<div class=\"wp-block-column is-vertically-aligned-center is-layout-flow wp-block-column-is-layout-flow\">\n<div class=\"wp-block-columns is-layout-flex wp-container-core-columns-is-layout-9d6595d7 wp-block-columns-is-layout-flex\">\n<div class=\"wp-block-column is-layout-flow wp-block-column-is-layout-flow\">\n<figure class=\"wp-block-image size-full is-resized\"><a href=\"https:\/\/sso.ac-reunion.fr\/login?service=https%3A%2F%2Fhubole.ac-reunion.fr%2Fedispatcher%2Fng%2Fhub\" target=\"_blank\" rel=\" noreferrer noopener\"><img loading=\"lazy\" decoding=\"async\" width=\"164\" height=\"42\" src=\"https:\/\/etab.ac-reunion.fr\/clg-alsace-corre\/wp-content\/uploads\/sites\/128\/2025\/05\/metice.png\" alt=\"\" class=\"wp-image-5421\" style=\"width:269px;height:auto\" \/><\/a><\/figure>\n<\/div>\n\n\n\n<div class=\"wp-block-column is-layout-flow wp-block-column-is-layout-flow\">\n<figure class=\"wp-block-image size-full\"><a href=\"https:\/\/educonnect.education.gouv.fr\/idp\/profile\/SAML2\/Redirect\/SSO?execution=e1s2\" target=\"_blank\" rel=\" noreferrer noopener\"><img loading=\"lazy\" decoding=\"async\" width=\"344\" height=\"104\" src=\"https:\/\/etab.ac-reunion.fr\/clg-alsace-corre\/wp-content\/uploads\/sites\/128\/2025\/04\/logoEduconnect-2.png\" alt=\"\" class=\"wp-image-5090\" srcset=\"https:\/\/etab.ac-reunion.fr\/clg-alsace-corre\/wp-content\/uploads\/sites\/128\/2025\/04\/logoEduconnect-2.png 344w, https:\/\/etab.ac-reunion.fr\/clg-alsace-corre\/wp-content\/uploads\/sites\/128\/2025\/04\/logoEduconnect-2-300x91.png 300w\" sizes=\"(max-width: 344px) 100vw, 344px\" \/><\/a><\/figure>\n<\/div>\n<\/div>\n<\/div>\n\n\n\n<div class=\"wp-block-column is-vertically-aligned-center is-layout-flow wp-block-column-is-layout-flow\">\n<div class=\"wp-block-columns is-layout-flex wp-container-core-columns-is-layout-9d6595d7 wp-block-columns-is-layout-flex\">\n<div class=\"wp-block-column is-vertically-aligned-center is-layout-flow wp-block-column-is-layout-flow\">\n<figure class=\"wp-block-image size-full is-resized\"><a href=\"https:\/\/9740096l.index-education.net\/pronote\/?login=true\" target=\"_blank\" rel=\" noreferrer noopener\"><img loading=\"lazy\" decoding=\"async\" width=\"106\" height=\"34\" src=\"https:\/\/etab.ac-reunion.fr\/clg-alsace-corre\/wp-content\/uploads\/sites\/128\/2025\/04\/pronote.png\" alt=\"\" class=\"wp-image-5087\" style=\"width:249px;height:auto\" \/><\/a><\/figure>\n<\/div>\n\n\n\n<div class=\"wp-block-column is-vertically-aligned-center is-layout-flow wp-block-column-is-layout-flow\">\n<figure class=\"wp-block-image size-large\"><a href=\"https:\/\/educonnect.education.gouv.fr\/idp\/profile\/SAML2\/POST\/SSO?execution=e1s2\" target=\"_blank\" rel=\" noreferrer noopener\"><img loading=\"lazy\" decoding=\"async\" width=\"1024\" height=\"683\" src=\"https:\/\/etab.ac-reunion.fr\/clg-alsace-corre\/wp-content\/uploads\/sites\/128\/2025\/04\/AVENIRS-1024x683.png\" alt=\"\" class=\"wp-image-5088\" srcset=\"https:\/\/etab.ac-reunion.fr\/clg-alsace-corre\/wp-content\/uploads\/sites\/128\/2025\/04\/AVENIRS-1024x683.png 1024w, https:\/\/etab.ac-reunion.fr\/clg-alsace-corre\/wp-content\/uploads\/sites\/128\/2025\/04\/AVENIRS-300x200.png 300w, https:\/\/etab.ac-reunion.fr\/clg-alsace-corre\/wp-content\/uploads\/sites\/128\/2025\/04\/AVENIRS-768x512.png 768w, https:\/\/etab.ac-reunion.fr\/clg-alsace-corre\/wp-content\/uploads\/sites\/128\/2025\/04\/AVENIRS-321x214.png 321w, https:\/\/etab.ac-reunion.fr\/clg-alsace-corre\/wp-content\/uploads\/sites\/128\/2025\/04\/AVENIRS-140x94.png 140w, https:\/\/etab.ac-reunion.fr\/clg-alsace-corre\/wp-content\/uploads\/sites\/128\/2025\/04\/AVENIRS.png 1200w\" sizes=\"(max-width: 1024px) 100vw, 1024px\" \/><\/a><\/figure>\n<\/div>\n<\/div>\n<\/div>\n<\/div>\n\n\n\n<p><\/p>\n\n\n\n<p class=\"has-background\" style=\"background:linear-gradient(162deg,rgb(255,245,203) 0%,rgb(182,227,212) 50%,rgb(51,167,181) 100%);font-size:24px\"><strong>Parents&nbsp;: acc\u00e9der aux services fournis par l\u2019\u00e9tablissement<\/strong><\/p>\n\n\n\n<p><\/p>\n\n\n\n<div class=\"wp-block-columns is-layout-flex wp-container-core-columns-is-layout-9d6595d7 wp-block-columns-is-layout-flex\">\n<div class=\"wp-block-column is-vertically-aligned-center is-layout-flow wp-block-column-is-layout-flow\">\n<figure class=\"wp-block-image size-full\"><a href=\"https:\/\/educonnect.education.gouv.fr\/idp\/profile\/SAML2\/Redirect\/SSO?execution=e1s2\" target=\"_blank\" rel=\" noreferrer noopener\"><img loading=\"lazy\" decoding=\"async\" width=\"344\" height=\"104\" src=\"https:\/\/etab.ac-reunion.fr\/clg-alsace-corre\/wp-content\/uploads\/sites\/128\/2025\/04\/logoEduconnect-2.png\" alt=\"\" class=\"wp-image-5090\" srcset=\"https:\/\/etab.ac-reunion.fr\/clg-alsace-corre\/wp-content\/uploads\/sites\/128\/2025\/04\/logoEduconnect-2.png 344w, https:\/\/etab.ac-reunion.fr\/clg-alsace-corre\/wp-content\/uploads\/sites\/128\/2025\/04\/logoEduconnect-2-300x91.png 300w\" sizes=\"(max-width: 344px) 100vw, 344px\" \/><\/a><\/figure>\n<\/div>\n\n\n\n<div class=\"wp-block-column is-vertically-aligned-center is-layout-flow wp-block-column-is-layout-flow\">\n<figure class=\"wp-block-image size-full is-resized\"><a href=\"https:\/\/9740096l.index-education.net\/pronote\/?login=true\" target=\"_blank\" rel=\" noreferrer noopener\"><img loading=\"lazy\" decoding=\"async\" width=\"106\" height=\"34\" src=\"https:\/\/etab.ac-reunion.fr\/clg-alsace-corre\/wp-content\/uploads\/sites\/128\/2025\/04\/pronote.png\" alt=\"\" class=\"wp-image-5087\" style=\"width:315px;height:auto\" \/><\/a><\/figure>\n<\/div>\n\n\n\n<div class=\"wp-block-column is-layout-flow wp-block-column-is-layout-flow\">\n<figure class=\"wp-block-image size-large\"><a href=\"https:\/\/www.onisep.fr\/avenir-s\/je-suis-parent\" target=\"_blank\" rel=\" noreferrer noopener\"><img loading=\"lazy\" decoding=\"async\" width=\"1024\" height=\"683\" src=\"https:\/\/etab.ac-reunion.fr\/clg-alsace-corre\/wp-content\/uploads\/sites\/128\/2025\/04\/AVENIRS-1024x683.png\" alt=\"\" class=\"wp-image-5088\" srcset=\"https:\/\/etab.ac-reunion.fr\/clg-alsace-corre\/wp-content\/uploads\/sites\/128\/2025\/04\/AVENIRS-1024x683.png 1024w, https:\/\/etab.ac-reunion.fr\/clg-alsace-corre\/wp-content\/uploads\/sites\/128\/2025\/04\/AVENIRS-300x200.png 300w, https:\/\/etab.ac-reunion.fr\/clg-alsace-corre\/wp-content\/uploads\/sites\/128\/2025\/04\/AVENIRS-768x512.png 768w, https:\/\/etab.ac-reunion.fr\/clg-alsace-corre\/wp-content\/uploads\/sites\/128\/2025\/04\/AVENIRS-321x214.png 321w, https:\/\/etab.ac-reunion.fr\/clg-alsace-corre\/wp-content\/uploads\/sites\/128\/2025\/04\/AVENIRS-140x94.png 140w, https:\/\/etab.ac-reunion.fr\/clg-alsace-corre\/wp-content\/uploads\/sites\/128\/2025\/04\/AVENIRS.png 1200w\" sizes=\"(max-width: 1024px) 100vw, 1024px\" \/><\/a><\/figure>\n<\/div>\n<\/div>\n\n\n\n<p><\/p>\n\n\n\n<p class=\"has-background\" style=\"background:linear-gradient(29deg,rgb(202,248,128) 0%,rgb(113,206,126) 100%);font-size:24px\"><strong>Personnels&nbsp;: acc\u00e9der aux services fournis par l\u2019\u00e9tablissement<\/strong><\/p>\n\n\n\n<p><\/p>\n\n\n\n<div class=\"wp-block-columns is-layout-flex wp-container-core-columns-is-layout-9d6595d7 wp-block-columns-is-layout-flex\">\n<div class=\"wp-block-column is-layout-flow wp-block-column-is-layout-flow\">\n<div class=\"wp-block-columns is-layout-flex wp-container-core-columns-is-layout-9d6595d7 wp-block-columns-is-layout-flex\">\n<div class=\"wp-block-column is-vertically-aligned-center is-layout-flow wp-block-column-is-layout-flow\">\n<figure class=\"wp-block-image size-full is-resized\"><a href=\"https:\/\/sso.ac-reunion.fr\/login?service=https%3A%2F%2Fhubole.ac-reunion.fr%2Fedispatcher%2Fng%2Fhub\" target=\"_blank\" rel=\" noreferrer noopener\"><img loading=\"lazy\" decoding=\"async\" width=\"164\" height=\"42\" src=\"https:\/\/etab.ac-reunion.fr\/clg-alsace-corre\/wp-content\/uploads\/sites\/128\/2025\/05\/metice.png\" alt=\"\" class=\"wp-image-5421\" style=\"width:269px;height:auto\" \/><\/a><\/figure>\n<\/div>\n\n\n\n<div class=\"wp-block-column is-vertically-aligned-center is-layout-flow wp-block-column-is-layout-flow\">\n<figure class=\"wp-block-image aligncenter size-full is-resized\"><a href=\"https:\/\/portail.apps.education.fr\/signin\" target=\"_blank\" rel=\" noreferrer noopener\"><img loading=\"lazy\" decoding=\"async\" width=\"150\" height=\"100\" src=\"https:\/\/etab.ac-reunion.fr\/clg-alsace-corre\/wp-content\/uploads\/sites\/128\/2025\/04\/apps-education.jpg\" alt=\"\" class=\"wp-image-5095\" style=\"width:269px;height:auto\" srcset=\"https:\/\/etab.ac-reunion.fr\/clg-alsace-corre\/wp-content\/uploads\/sites\/128\/2025\/04\/apps-education.jpg 150w, https:\/\/etab.ac-reunion.fr\/clg-alsace-corre\/wp-content\/uploads\/sites\/128\/2025\/04\/apps-education-140x94.jpg 140w\" sizes=\"(max-width: 150px) 100vw, 150px\" \/><\/a><\/figure>\n<\/div>\n<\/div>\n<\/div>\n\n\n\n<div class=\"wp-block-column is-vertically-aligned-center is-layout-flow wp-block-column-is-layout-flow\">\n<div class=\"wp-block-columns is-layout-flex wp-container-core-columns-is-layout-9d6595d7 wp-block-columns-is-layout-flex\">\n<div class=\"wp-block-column is-vertically-aligned-center is-layout-flow wp-block-column-is-layout-flow\">\n<figure class=\"wp-block-image size-full is-resized\"><a href=\"https:\/\/9740096l.index-education.net\/pronote\/?login=true\" target=\"_blank\" rel=\" noreferrer noopener\"><img loading=\"lazy\" decoding=\"async\" width=\"106\" height=\"34\" src=\"https:\/\/etab.ac-reunion.fr\/clg-alsace-corre\/wp-content\/uploads\/sites\/128\/2025\/04\/pronote.png\" alt=\"\" class=\"wp-image-5087\" style=\"width:249px;height:auto\" \/><\/a><\/figure>\n<\/div>\n\n\n\n<div class=\"wp-block-column is-layout-flow wp-block-column-is-layout-flow\">\n<figure class=\"wp-block-image size-large\"><a href=\"https:\/\/www.onisep.fr\/avenir-s\" target=\"_blank\" rel=\" noreferrer noopener\"><img loading=\"lazy\" decoding=\"async\" width=\"1024\" height=\"683\" src=\"https:\/\/etab.ac-reunion.fr\/clg-alsace-corre\/wp-content\/uploads\/sites\/128\/2025\/04\/AVENIRS-1024x683.png\" alt=\"\" class=\"wp-image-5088\" srcset=\"https:\/\/etab.ac-reunion.fr\/clg-alsace-corre\/wp-content\/uploads\/sites\/128\/2025\/04\/AVENIRS-1024x683.png 1024w, https:\/\/etab.ac-reunion.fr\/clg-alsace-corre\/wp-content\/uploads\/sites\/128\/2025\/04\/AVENIRS-300x200.png 300w, https:\/\/etab.ac-reunion.fr\/clg-alsace-corre\/wp-content\/uploads\/sites\/128\/2025\/04\/AVENIRS-768x512.png 768w, https:\/\/etab.ac-reunion.fr\/clg-alsace-corre\/wp-content\/uploads\/sites\/128\/2025\/04\/AVENIRS-321x214.png 321w, https:\/\/etab.ac-reunion.fr\/clg-alsace-corre\/wp-content\/uploads\/sites\/128\/2025\/04\/AVENIRS-140x94.png 140w, https:\/\/etab.ac-reunion.fr\/clg-alsace-corre\/wp-content\/uploads\/sites\/128\/2025\/04\/AVENIRS.png 1200w\" sizes=\"(max-width: 1024px) 100vw, 1024px\" \/><\/a><\/figure>\n<\/div>\n<\/div>\n<\/div>\n<\/div>\n\n\n\n<p><\/p>\n\n\n\n<p class=\"has-pale-ocean-gradient-background has-background\" style=\"font-size:22px\"><strong>Personnels r\u00e9f\u00e9rent num\u00e9rique&nbsp;: acc\u00e9der aux services fournis par l\u2019\u00e9tablissement<\/strong><\/p>\n\n\n\n<p><\/p>\n\n\n\n<div class=\"wp-block-columns is-layout-flex wp-container-core-columns-is-layout-9d6595d7 wp-block-columns-is-layout-flex\">\n<div class=\"wp-block-column is-layout-flow wp-block-column-is-layout-flow\">\n<div class=\"wp-block-columns are-vertically-aligned-center is-layout-flex wp-container-core-columns-is-layout-9d6595d7 wp-block-columns-is-layout-flex\">\n<div class=\"wp-block-column is-vertically-aligned-center is-layout-flow wp-block-column-is-layout-flow\">\n<figure class=\"wp-block-image size-full is-resized\"><a href=\"https:\/\/sso.ac-reunion.fr\/login?service=https%3A%2F%2Fhubole.ac-reunion.fr%2Fedispatcher%2Fng%2Fhub\" target=\"_blank\" rel=\" noreferrer noopener\"><img loading=\"lazy\" decoding=\"async\" width=\"164\" height=\"42\" src=\"https:\/\/etab.ac-reunion.fr\/clg-alsace-corre\/wp-content\/uploads\/sites\/128\/2025\/05\/metice.png\" alt=\"\" class=\"wp-image-5421\" style=\"width:269px;height:auto\" \/><\/a><\/figure>\n<\/div>\n\n\n\n<div class=\"wp-block-column is-vertically-aligned-center is-layout-flow wp-block-column-is-layout-flow\">\n<figure class=\"wp-block-image aligncenter size-full is-resized\"><a href=\"https:\/\/portail.apps.education.fr\/signin\" target=\"_blank\" rel=\" noreferrer noopener\"><img loading=\"lazy\" decoding=\"async\" width=\"150\" height=\"100\" src=\"https:\/\/etab.ac-reunion.fr\/clg-alsace-corre\/wp-content\/uploads\/sites\/128\/2025\/04\/apps-education.jpg\" alt=\"\" class=\"wp-image-5095\" style=\"width:269px;height:auto\" srcset=\"https:\/\/etab.ac-reunion.fr\/clg-alsace-corre\/wp-content\/uploads\/sites\/128\/2025\/04\/apps-education.jpg 150w, https:\/\/etab.ac-reunion.fr\/clg-alsace-corre\/wp-content\/uploads\/sites\/128\/2025\/04\/apps-education-140x94.jpg 140w\" sizes=\"(max-width: 150px) 100vw, 150px\" \/><\/a><\/figure>\n<\/div>\n<\/div>\n<\/div>\n\n\n\n<div class=\"wp-block-column is-vertically-aligned-center is-layout-flow wp-block-column-is-layout-flow\">\n<div class=\"wp-block-columns is-layout-flex wp-container-core-columns-is-layout-9d6595d7 wp-block-columns-is-layout-flex\">\n<div class=\"wp-block-column is-vertically-aligned-center is-layout-flow wp-block-column-is-layout-flow\">\n<figure class=\"wp-block-image size-full is-resized\"><a href=\"https:\/\/9740096l.index-education.net\/pronote\/?login=true\" target=\"_blank\" rel=\" noreferrer noopener\"><img loading=\"lazy\" decoding=\"async\" width=\"106\" height=\"34\" src=\"https:\/\/etab.ac-reunion.fr\/clg-alsace-corre\/wp-content\/uploads\/sites\/128\/2025\/04\/pronote.png\" alt=\"\" class=\"wp-image-5087\" style=\"width:249px;height:auto\" \/><\/a><\/figure>\n<\/div>\n\n\n\n<div class=\"wp-block-column is-vertically-aligned-center is-layout-flow wp-block-column-is-layout-flow\">\n<figure class=\"wp-block-image size-full\"><a href=\"https:\/\/orga.pix.fr\/connexion\" target=\"_blank\" rel=\" noreferrer noopener\"><img loading=\"lazy\" decoding=\"async\" width=\"675\" height=\"380\" src=\"https:\/\/etab.ac-reunion.fr\/clg-alsace-corre\/wp-content\/uploads\/sites\/128\/2025\/02\/logo-pix2.png\" alt=\"\" class=\"wp-image-5040\" srcset=\"https:\/\/etab.ac-reunion.fr\/clg-alsace-corre\/wp-content\/uploads\/sites\/128\/2025\/02\/logo-pix2.png 675w, https:\/\/etab.ac-reunion.fr\/clg-alsace-corre\/wp-content\/uploads\/sites\/128\/2025\/02\/logo-pix2-355x200.png 355w, https:\/\/etab.ac-reunion.fr\/clg-alsace-corre\/wp-content\/uploads\/sites\/128\/2025\/02\/logo-pix2-634x357.png 634w, https:\/\/etab.ac-reunion.fr\/clg-alsace-corre\/wp-content\/uploads\/sites\/128\/2025\/02\/logo-pix2-300x169.png 300w, https:\/\/etab.ac-reunion.fr\/clg-alsace-corre\/wp-content\/uploads\/sites\/128\/2025\/02\/logo-pix2-150x84.png 150w\" sizes=\"(max-width: 675px) 100vw, 675px\" \/><\/a><\/figure>\n<\/div>\n<\/div>\n<\/div>\n<\/div>\n\n\n\n<p><\/p>\n","protected":false},"excerpt":{"rendered":"<p>\u00c9l\u00e8ves&nbsp;: acc\u00e9der aux services fournis par l\u2019\u00e9tablissement Parents&nbsp;: acc\u00e9der aux services fournis par l\u2019\u00e9tablissement Personnels&nbsp;: acc\u00e9der aux services fournis par l\u2019\u00e9tablissement Personnels r\u00e9f\u00e9rent num\u00e9rique&nbsp;: acc\u00e9der aux services fournis par l\u2019\u00e9tablissement<\/p>\n","protected":false},"author":31029,"featured_media":5100,"parent":0,"menu_order":0,"comment_status":"closed","ping_status":"closed","template":"","meta":{"_et_pb_use_builder":"","_et_pb_old_content":"","_et_gb_content_width":"","footnotes":""},"class_list":["post-5084","page","type-page","status-publish","has-post-thumbnail","hentry"],"_links":{"self":[{"href":"https:\/\/etab.ac-reunion.fr\/clg-alsace-corre\/wp-json\/wp\/v2\/pages\/5084","targetHints":{"allow":["GET"]}}],"collection":[{"href":"https:\/\/etab.ac-reunion.fr\/clg-alsace-corre\/wp-json\/wp\/v2\/pages"}],"about":[{"href":"https:\/\/etab.ac-reunion.fr\/clg-alsace-corre\/wp-json\/wp\/v2\/types\/page"}],"author":[{"embeddable":true,"href":"https:\/\/etab.ac-reunion.fr\/clg-alsace-corre\/wp-json\/wp\/v2\/users\/31029"}],"replies":[{"embeddable":true,"href":"https:\/\/etab.ac-reunion.fr\/clg-alsace-corre\/wp-json\/wp\/v2\/comments?post=5084"}],"version-history":[{"count":31,"href":"https:\/\/etab.ac-reunion.fr\/clg-alsace-corre\/wp-json\/wp\/v2\/pages\/5084\/revisions"}],"predecessor-version":[{"id":6017,"href":"https:\/\/etab.ac-reunion.fr\/clg-alsace-corre\/wp-json\/wp\/v2\/pages\/5084\/revisions\/6017"}],"wp:featuredmedia":[{"embeddable":true,"href":"https:\/\/etab.ac-reunion.fr\/clg-alsace-corre\/wp-json\/wp\/v2\/media\/5100"}],"wp:attachment":[{"href":"https:\/\/etab.ac-reunion.fr\/clg-alsace-corre\/wp-json\/wp\/v2\/media?parent=5084"}],"curies":[{"name":"wp","href":"https:\/\/api.w.org\/{rel}","templated":true}]}}