{"id":61,"date":"2015-07-02T07:21:35","date_gmt":"2015-07-02T06:21:35","guid":{"rendered":"http:\/\/college-alsace-corre-tmp.ac-reunion.fr\/?page_id=61"},"modified":"2024-12-03T14:01:41","modified_gmt":"2024-12-03T10:01:41","slug":"la-carte-de-formation","status":"publish","type":"page","link":"https:\/\/etab.ac-reunion.fr\/clg-alsace-corre\/le-college\/la-carte-de-formation\/","title":{"rendered":"La carte de formation"},"content":{"rendered":"<p>La carte de formation est ambitieuse, elle offre une diversit\u00e9 de parcours de la sixi\u00e8me bi langue allemand\/anglais \u00e0 la troisi\u00e8me pr\u00e9pa-m\u00e9tiers.<\/p>\n<p>Des options sont aussi propos\u00e9es\u00a0:<\/p>\n<ul>\n<li>En quatri\u00e8me les \u00e9l\u00e8ves peuvent choisir de faire une section europ\u00e9enne Anglais et pour la LV2 ils ont le choix entre l\u2019allemand et l\u2019espagnol.<\/li>\n<li>\n<p class=\"western\">Enfin en troisi\u00e8me ils peuvent s\u2019inscrire en <strong><a href=\"https:\/\/www.onisep.fr\/ressources\/univers-formation\/formations\/Colleges\/classe-de-troisieme-prepa-metiers\">3eme PREPA &#8211; METIERS<\/a>.<\/strong><\/p>\n<\/li>\n<\/ul>\n<p>Le coll\u00e8ge compte aussi une <a href=\"https:\/\/etab.ac-reunion.fr\/clg-alsace-corre\/ulis\/\">ULIS<\/a> 1 (troubles cognitifs), dont les \u00e9l\u00e8ves sont int\u00e9gr\u00e9s au sein de classes pour un certain nombre de mati\u00e8res.<\/p>\n","protected":false},"excerpt":{"rendered":"<p>La carte de formation est ambitieuse, elle offre une diversit\u00e9 de parcours de la sixi\u00e8me bi langue allemand\/anglais \u00e0 la troisi\u00e8me pr\u00e9pa-m\u00e9tiers. Des options sont aussi propos\u00e9es\u00a0: En quatri\u00e8me les [&hellip;]<\/p>\n","protected":false},"author":31029,"featured_media":0,"parent":2,"menu_order":0,"comment_status":"closed","ping_status":"closed","template":"","meta":{"_et_pb_use_builder":"","_et_pb_old_content":"","_et_gb_content_width":"","footnotes":""},"class_list":["post-61","page","type-page","status-publish","hentry"],"_links":{"self":[{"href":"https:\/\/etab.ac-reunion.fr\/clg-alsace-corre\/wp-json\/wp\/v2\/pages\/61","targetHints":{"allow":["GET"]}}],"collection":[{"href":"https:\/\/etab.ac-reunion.fr\/clg-alsace-corre\/wp-json\/wp\/v2\/pages"}],"about":[{"href":"https:\/\/etab.ac-reunion.fr\/clg-alsace-corre\/wp-json\/wp\/v2\/types\/page"}],"author":[{"embeddable":true,"href":"https:\/\/etab.ac-reunion.fr\/clg-alsace-corre\/wp-json\/wp\/v2\/users\/31029"}],"replies":[{"embeddable":true,"href":"https:\/\/etab.ac-reunion.fr\/clg-alsace-corre\/wp-json\/wp\/v2\/comments?post=61"}],"version-history":[{"count":10,"href":"https:\/\/etab.ac-reunion.fr\/clg-alsace-corre\/wp-json\/wp\/v2\/pages\/61\/revisions"}],"predecessor-version":[{"id":4830,"href":"https:\/\/etab.ac-reunion.fr\/clg-alsace-corre\/wp-json\/wp\/v2\/pages\/61\/revisions\/4830"}],"up":[{"embeddable":true,"href":"https:\/\/etab.ac-reunion.fr\/clg-alsace-corre\/wp-json\/wp\/v2\/pages\/2"}],"wp:attachment":[{"href":"https:\/\/etab.ac-reunion.fr\/clg-alsace-corre\/wp-json\/wp\/v2\/media?parent=61"}],"curies":[{"name":"wp","href":"https:\/\/api.w.org\/{rel}","templated":true}]}}