{"id":6418,"date":"2026-04-13T17:18:30","date_gmt":"2026-04-13T13:18:30","guid":{"rendered":"https:\/\/etab.ac-reunion.fr\/clg-alsace-corre\/?page_id=6418"},"modified":"2026-04-13T23:14:16","modified_gmt":"2026-04-13T19:14:16","slug":"test-nouvelle-page-accueil","status":"publish","type":"page","link":"https:\/\/etab.ac-reunion.fr\/clg-alsace-corre\/test-nouvelle-page-accueil\/","title":{"rendered":"Test Nouvelle Page Accueil"},"content":{"rendered":"[et_pb_section fb_built=\u00a0\u00bb1&Prime; _builder_version=\u00a0\u00bb4.27.6&Prime; _module_preset=\u00a0\u00bbdefault\u00a0\u00bb custom_padding=\u00a0\u00bb||64px|||\u00a0\u00bb global_colors_info=\u00a0\u00bb{}\u00a0\u00bb][et_pb_row column_structure=\u00a0\u00bb1_3,2_3&Prime; _builder_version=\u00a0\u00bb4.27.6&Prime; _module_preset=\u00a0\u00bbdefault\u00a0\u00bb global_colors_info=\u00a0\u00bb{}\u00a0\u00bb][et_pb_column type=\u00a0\u00bb1_3&Prime; _builder_version=\u00a0\u00bb4.27.6&Prime; _module_preset=\u00a0\u00bbdefault\u00a0\u00bb global_colors_info=\u00a0\u00bb{}\u00a0\u00bb][et_pb_gallery _builder_version=\u00a0\u00bb4.27.6&Prime; _module_preset=\u00a0\u00bbdefault\u00a0\u00bb fullwidth=\u00a0\u00bbon\u00a0\u00bb gallery_ids=\u00a0\u00bb6421,4707,1336,1518&Prime; hover_enabled=\u00a0\u00bb0&Prime; sticky_enabled=\u00a0\u00bb0&Prime;][\/et_pb_gallery][\/et_pb_column][et_pb_column type=\u00a0\u00bb2_3&Prime; _builder_version=\u00a0\u00bb4.27.6&Prime; _module_preset=\u00a0\u00bbdefault\u00a0\u00bb global_colors_info=\u00a0\u00bb{}\u00a0\u00bb][et_pb_text _builder_version=\u00a0\u00bb4.27.6&Prime; _module_preset=\u00a0\u00bbdefault\u00a0\u00bb inline_fonts=\u00a0\u00bbGeorgia\u00a0\u00bb global_colors_info=\u00a0\u00bb{}\u00a0\u00bb]\n<p class=\"has-small-font-size\">\n<p class=\"has-small-font-size\">\n<p class=\"has-small-font-size\">\n<p class=\"has-small-font-size\"><span style=\"font-weight: normal;font-family: Georgia\"><strong>Le Coll\u00e8ge\u00a0<a href=\"https:\/\/etab.ac-reunion.fr\/clg-alsace-corre\/qui-est-alsace-corre\/\" target=\"_blank\" rel=\"noreferrer noopener\">Alsace Corr\u00e9<\/a>\u00a0est un \u00e9tablissement de l\u2019\u00c9ducation Prioritaire (Rep). Situ\u00e9 dans la commune de\u00a0<a href=\"https:\/\/fr.wikipedia.org\/wiki\/Cilaos\" target=\"_blank\" rel=\"noreferrer noopener\">Cilaos<\/a>, le r\u00e9seau est g\u00e9r\u00e9 depuis la circonscription de Saint Louis pour le primaire et \u00e0 Cilaos pour le secondaire.<\/strong><\/span><\/p>\n<p class=\"has-small-font-size\"><span style=\"font-family: Georgia;font-weight: normal\"><strong>Plac\u00e9 au centre de cette caldeira, le coll\u00e8ge accueille tous les \u00e9l\u00e8ves de la circonscription, venant des \u00e9coles du centre du village et des \u00e9carts de Palmiste Rouge, de Mare S\u00e8che, de Bras Sec et d\u2019Ilet \u00e0 Cordes.<\/strong><\/span><\/p>\n<p class=\"has-small-font-size\"><span style=\"font-family: Georgia;font-weight: normal\"><strong>C\u2019est un petit \u00e9tablissement qui compte 280 \u00e9l\u00e8ves, r\u00e9partis dans les 12 divisions dont une section sportive RAID et\u00a0<a href=\"https:\/\/etab.ac-reunion.fr\/clg-alsace-corre\/classes-chaap\/\">une section CHAAP<\/a>\u00a0( Classe \u00e0 Horaire Adapt\u00e9e Art Plastique )<\/strong><\/span><\/p>\n[\/et_pb_text][\/et_pb_column][\/et_pb_row][et_pb_row _builder_version=\u00a0\u00bb4.27.6&Prime; _module_preset=\u00a0\u00bbdefault\u00a0\u00bb][et_pb_column _builder_version=\u00a0\u00bb4.27.6&Prime; _module_preset=\u00a0\u00bbdefault\u00a0\u00bb type=\u00a0\u00bb4_4&Prime;][et_pb_text _builder_version=\u00a0\u00bb4.27.6&Prime; _module_preset=\u00a0\u00bbdefault\u00a0\u00bb scroll_horizontal_motion_enable=\u00a0\u00bbon\u00a0\u00bb motion_trigger_start=\u00a0\u00bbtop\u00a0\u00bb hover_enabled=\u00a0\u00bb0&Prime; sticky_enabled=\u00a0\u00bb0&Prime; scroll_fade=\u00a0\u00bb0|50|50|100|0|100|100%\u00a0\u00bb]\n<p>TST<\/p>\n[\/et_pb_text][\/et_pb_column][\/et_pb_row][et_pb_row column_structure=\u00a0\u00bb1_4,1_4,1_4,1_4&Prime; _builder_version=\u00a0\u00bb4.27.6&Prime; _module_preset=\u00a0\u00bbdefault\u00a0\u00bb global_colors_info=\u00a0\u00bb{}\u00a0\u00bb][et_pb_column type=\u00a0\u00bb1_4&Prime; _builder_version=\u00a0\u00bb4.27.6&Prime; _module_preset=\u00a0\u00bbdefault\u00a0\u00bb global_colors_info=\u00a0\u00bb{}\u00a0\u00bb][et_pb_image src=\u00a0\u00bbhttps:\/\/etab.ac-reunion.fr\/clg-alsace-corre\/wp-content\/uploads\/sites\/128\/2025\/07\/logo-information-200X200.png\u00a0\u00bb title_text=\u00a0\u00bblogo information-200X200&Prime; _builder_version=\u00a0\u00bb4.27.6&Prime; _module_preset=\u00a0\u00bbdefault\u00a0\u00bb width=\u00a0\u00bb60%\u00a0\u00bb module_alignment=\u00a0\u00bbcenter\u00a0\u00bb global_colors_info=\u00a0\u00bb{}\u00a0\u00bb][\/et_pb_image][\/et_pb_column][et_pb_column type=\u00a0\u00bb1_4&Prime; _builder_version=\u00a0\u00bb4.27.6&Prime; _module_preset=\u00a0\u00bbdefault\u00a0\u00bb global_colors_info=\u00a0\u00bb{}\u00a0\u00bb][et_pb_image src=\u00a0\u00bbhttps:\/\/etab.ac-reunion.fr\/clg-alsace-corre\/wp-content\/uploads\/sites\/128\/2024\/12\/Orientation-150&#215;150-1.png\u00a0\u00bb title_text=\u00a0\u00bbOrientation 150&#215;150&Prime; _builder_version=\u00a0\u00bb4.27.6&Prime; _module_preset=\u00a0\u00bbdefault\u00a0\u00bb width=\u00a0\u00bb60%\u00a0\u00bb module_alignment=\u00a0\u00bbcenter\u00a0\u00bb global_colors_info=\u00a0\u00bb{}\u00a0\u00bb][\/et_pb_image][\/et_pb_column][et_pb_column type=\u00a0\u00bb1_4&Prime; _builder_version=\u00a0\u00bb4.27.6&Prime; _module_preset=\u00a0\u00bbdefault\u00a0\u00bb global_colors_info=\u00a0\u00bb{}\u00a0\u00bb][\/et_pb_column][et_pb_column type=\u00a0\u00bb1_4&Prime; _builder_version=\u00a0\u00bb4.27.6&Prime; _module_preset=\u00a0\u00bbdefault\u00a0\u00bb global_colors_info=\u00a0\u00bb{}\u00a0\u00bb][\/et_pb_column][\/et_pb_row][et_pb_row column_structure=\u00a0\u00bb1_4,1_4,1_4,1_4&Prime; _builder_version=\u00a0\u00bb4.27.6&Prime; _module_preset=\u00a0\u00bbdefault\u00a0\u00bb global_colors_info=\u00a0\u00bb{}\u00a0\u00bb][et_pb_column type=\u00a0\u00bb1_4&Prime; _builder_version=\u00a0\u00bb4.27.6&Prime; _module_preset=\u00a0\u00bbdefault\u00a0\u00bb global_colors_info=\u00a0\u00bb{}\u00a0\u00bb][et_pb_slider _builder_version=\u00a0\u00bb4.27.6&Prime; _module_preset=\u00a0\u00bbdefault\u00a0\u00bb button_alignment=\u00a0\u00bbcenter\u00a0\u00bb width=\u00a0\u00bb100%\u00a0\u00bb max_width=\u00a0\u00bb100%\u00a0\u00bb module_alignment=\u00a0\u00bbcenter\u00a0\u00bb content_max_width=\u00a0\u00bb100%\u00a0\u00bb min_height=\u00a0\u00bb1000px\u00a0\u00bb height=\u00a0\u00bb360px\u00a0\u00bb global_colors_info=\u00a0\u00bb{}\u00a0\u00bb][et_pb_slide heading=\u00a0\u00bbFOURNITURES SCOLAIRES\u00a0\u00bb button_link=\u00a0\u00bb@ET-DC@eyJkeW5hbWljIjp0cnVlLCJjb250ZW50IjoicG9zdF9saW5rX3VybF9wb3N0Iiwic2V0dGluZ3MiOnsicG9zdF9pZCI6IjM2MjYiLCJlbmFibGVfaHRtbCI6Im9mZiJ9fQ==@\u00a0\u00bb _builder_version=\u00a0\u00bb4.27.6&Prime; _dynamic_attributes=\u00a0\u00bbbutton_link\u00a0\u00bb _module_preset=\u00a0\u00bbdefault\u00a0\u00bb global_colors_info=\u00a0\u00bb{}\u00a0\u00bb sticky_transition=\u00a0\u00bbon\u00a0\u00bb]\n<p><a href=\"https:\/\/etab.ac-reunion.fr\/clg-alsace-corre\/wp-content\/uploads\/sites\/128\/2025\/06\/Logo-fournitures-scolaires.png\"><img loading=\"lazy\" decoding=\"async\" src=\"https:\/\/etab.ac-reunion.fr\/clg-alsace-corre\/wp-content\/uploads\/sites\/128\/2025\/06\/Logo-fournitures-scolaires-300x300.png\" width=\"300\" height=\"300\" alt=\"\" class=\"wp-image-5501 aligncenter size-medium\" srcset=\"https:\/\/etab.ac-reunion.fr\/clg-alsace-corre\/wp-content\/uploads\/sites\/128\/2025\/06\/Logo-fournitures-scolaires-300x300.png 300w, https:\/\/etab.ac-reunion.fr\/clg-alsace-corre\/wp-content\/uploads\/sites\/128\/2025\/06\/Logo-fournitures-scolaires-150x150.png 150w, https:\/\/etab.ac-reunion.fr\/clg-alsace-corre\/wp-content\/uploads\/sites\/128\/2025\/06\/Logo-fournitures-scolaires-185x185.png 185w, https:\/\/etab.ac-reunion.fr\/clg-alsace-corre\/wp-content\/uploads\/sites\/128\/2025\/06\/Logo-fournitures-scolaires-90x90.png 90w, https:\/\/etab.ac-reunion.fr\/clg-alsace-corre\/wp-content\/uploads\/sites\/128\/2025\/06\/Logo-fournitures-scolaires-25x25.png 25w, https:\/\/etab.ac-reunion.fr\/clg-alsace-corre\/wp-content\/uploads\/sites\/128\/2025\/06\/Logo-fournitures-scolaires-184x184.png 184w, https:\/\/etab.ac-reunion.fr\/clg-alsace-corre\/wp-content\/uploads\/sites\/128\/2025\/06\/Logo-fournitures-scolaires.png 809w\" sizes=\"(max-width: 300px) 100vw, 300px\" \/><\/a><\/p>\n[\/et_pb_slide][et_pb_slide heading=\u00a0\u00bbFERMETURE SERVICE GESTION\u00a0\u00bb _builder_version=\u00a0\u00bb4.27.6&Prime; _dynamic_attributes=\u00a0\u00bblink_option_url\u00a0\u00bb _module_preset=\u00a0\u00bbdefault\u00a0\u00bb link_option_url=\u00a0\u00bb@ET-DC@eyJkeW5hbWljIjp0cnVlLCJjb250ZW50IjoicG9zdF9saW5rX3VybF9wb3N0Iiwic2V0dGluZ3MiOnsicG9zdF9pZCI6IjU5OTUiLCJlbmFibGVfaHRtbCI6Im9mZiJ9fQ==@\u00a0\u00bb global_colors_info=\u00a0\u00bb{}\u00a0\u00bb sticky_transition=\u00a0\u00bbon\u00a0\u00bb]<a href=\"https:\/\/etab.ac-reunion.fr\/clg-alsace-corre\/wp-content\/uploads\/sites\/128\/2025\/11\/gestion.jpg\"><img loading=\"lazy\" decoding=\"async\" src=\"https:\/\/etab.ac-reunion.fr\/clg-alsace-corre\/wp-content\/uploads\/sites\/128\/2025\/11\/gestion.jpg\" width=\"225\" height=\"225\" alt=\"\" class=\"wp-image-5653 aligncenter size-full\" srcset=\"https:\/\/etab.ac-reunion.fr\/clg-alsace-corre\/wp-content\/uploads\/sites\/128\/2025\/11\/gestion.jpg 225w, https:\/\/etab.ac-reunion.fr\/clg-alsace-corre\/wp-content\/uploads\/sites\/128\/2025\/11\/gestion-150x150.jpg 150w, https:\/\/etab.ac-reunion.fr\/clg-alsace-corre\/wp-content\/uploads\/sites\/128\/2025\/11\/gestion-185x185.jpg 185w, https:\/\/etab.ac-reunion.fr\/clg-alsace-corre\/wp-content\/uploads\/sites\/128\/2025\/11\/gestion-90x90.jpg 90w, https:\/\/etab.ac-reunion.fr\/clg-alsace-corre\/wp-content\/uploads\/sites\/128\/2025\/11\/gestion-25x25.jpg 25w, https:\/\/etab.ac-reunion.fr\/clg-alsace-corre\/wp-content\/uploads\/sites\/128\/2025\/11\/gestion-184x184.jpg 184w\" sizes=\"(max-width: 225px) 100vw, 225px\" \/><\/a>[\/et_pb_slide][\/et_pb_slider][\/et_pb_column][et_pb_column type=\u00a0\u00bb1_4&Prime; _builder_version=\u00a0\u00bb4.27.6&Prime; _module_preset=\u00a0\u00bbdefault\u00a0\u00bb global_colors_info=\u00a0\u00bb{}\u00a0\u00bb][\/et_pb_column][et_pb_column type=\u00a0\u00bb1_4&Prime; _builder_version=\u00a0\u00bb4.27.6&Prime; _module_preset=\u00a0\u00bbdefault\u00a0\u00bb global_colors_info=\u00a0\u00bb{}\u00a0\u00bb][\/et_pb_column][et_pb_column type=\u00a0\u00bb1_4&Prime; _builder_version=\u00a0\u00bb4.27.6&Prime; _module_preset=\u00a0\u00bbdefault\u00a0\u00bb global_colors_info=\u00a0\u00bb{}\u00a0\u00bb][\/et_pb_column][\/et_pb_row][\/et_pb_section]\n","protected":false},"excerpt":{"rendered":"<p>Le Coll\u00e8ge\u00a0Alsace Corr\u00e9\u00a0est un \u00e9tablissement de l\u2019\u00c9ducation Prioritaire (Rep). Situ\u00e9 dans la commune de\u00a0Cilaos, le r\u00e9seau est g\u00e9r\u00e9 depuis la circonscription de Saint Louis pour le primaire et \u00e0 Cilaos [&hellip;]<\/p>\n","protected":false},"author":31029,"featured_media":0,"parent":0,"menu_order":0,"comment_status":"closed","ping_status":"closed","template":"","meta":{"_et_pb_use_builder":"on","_et_pb_old_content":"","_et_gb_content_width":"","footnotes":""},"class_list":["post-6418","page","type-page","status-publish","hentry"],"_links":{"self":[{"href":"https:\/\/etab.ac-reunion.fr\/clg-alsace-corre\/wp-json\/wp\/v2\/pages\/6418","targetHints":{"allow":["GET"]}}],"collection":[{"href":"https:\/\/etab.ac-reunion.fr\/clg-alsace-corre\/wp-json\/wp\/v2\/pages"}],"about":[{"href":"https:\/\/etab.ac-reunion.fr\/clg-alsace-corre\/wp-json\/wp\/v2\/types\/page"}],"author":[{"embeddable":true,"href":"https:\/\/etab.ac-reunion.fr\/clg-alsace-corre\/wp-json\/wp\/v2\/users\/31029"}],"replies":[{"embeddable":true,"href":"https:\/\/etab.ac-reunion.fr\/clg-alsace-corre\/wp-json\/wp\/v2\/comments?post=6418"}],"version-history":[{"count":15,"href":"https:\/\/etab.ac-reunion.fr\/clg-alsace-corre\/wp-json\/wp\/v2\/pages\/6418\/revisions"}],"predecessor-version":[{"id":6456,"href":"https:\/\/etab.ac-reunion.fr\/clg-alsace-corre\/wp-json\/wp\/v2\/pages\/6418\/revisions\/6456"}],"wp:attachment":[{"href":"https:\/\/etab.ac-reunion.fr\/clg-alsace-corre\/wp-json\/wp\/v2\/media?parent=6418"}],"curies":[{"name":"wp","href":"https:\/\/api.w.org\/{rel}","templated":true}]}}