{"id":4582,"date":"2020-05-16T06:04:28","date_gmt":"2020-05-16T02:04:28","guid":{"rendered":"http:\/\/college-bouvet-tmp.ac-reunion.fr\/?page_id=4582"},"modified":"2020-09-07T10:51:00","modified_gmt":"2020-09-07T06:51:00","slug":"eps","status":"publish","type":"page","link":"https:\/\/etab.ac-reunion.fr\/clg-amiral-bouvet\/les-disciplines\/eps\/","title":{"rendered":"EPS"},"content":{"rendered":"[et_pb_section fb_built=\u00a0\u00bb1&Prime; _builder_version=\u00a0\u00bb4.4.6&Prime;][et_pb_row column_structure=\u00a0\u00bb1_2,1_2&Prime; _builder_version=\u00a0\u00bb4.6.1&Prime; custom_padding=\u00a0\u00bb||14px|||\u00a0\u00bb hover_enabled=\u00a0\u00bb0&Prime; sticky_enabled=\u00a0\u00bb0&Prime; min_height=\u00a0\u00bb215px\u00a0\u00bb width=\u00a0\u00bb57.8%\u00a0\u00bb][et_pb_column type=\u00a0\u00bb1_2&Prime; _builder_version=\u00a0\u00bb4.4.6&Prime;][et_pb_text _builder_version=\u00a0\u00bb4.4.6&Prime; min_height=\u00a0\u00bb41px\u00a0\u00bb custom_margin=\u00a0\u00bb66px|||||\u00a0\u00bb custom_padding=\u00a0\u00bb||0px|||\u00a0\u00bb]\n<h2><strong><span style=\"color: #ff0000\">E<\/span><span style=\"color: #000000\">ducation <span style=\"color: #ff0000\">P<\/span>hysique et <span style=\"color: #ff0000\">S<\/span>portive<\/span><\/strong><\/h2>\n[\/et_pb_text][\/et_pb_column][et_pb_column type=\u00a0\u00bb1_2&Prime; _builder_version=\u00a0\u00bb4.4.6&Prime;][et_pb_image src=\u00a0\u00bbhttps:\/\/etab.ac-reunion.fr\/clg-amiral-bouvet\/wp-content\/uploads\/sites\/47\/2020\/05\/sport.jpg\u00a0\u00bb title_text=\u00a0\u00bbsport\u00a0\u00bb _builder_version=\u00a0\u00bb4.6.1&Prime; custom_margin=\u00a0\u00bb-3px|-6px||||\u00a0\u00bb hover_enabled=\u00a0\u00bb0&Prime; border_radii=\u00a0\u00bbon|11px|11px|11px|11px\u00a0\u00bb align=\u00a0\u00bbcenter\u00a0\u00bb sticky_enabled=\u00a0\u00bb0&Prime; custom_padding=\u00a0\u00bb|0px|4px|||\u00a0\u00bb][\/et_pb_image][\/et_pb_column][\/et_pb_row][et_pb_row _builder_version=\u00a0\u00bb4.6.1&Prime; hover_enabled=\u00a0\u00bb0&Prime; sticky_enabled=\u00a0\u00bb0&Prime;][et_pb_column type=\u00a0\u00bb4_4&Prime; _builder_version=\u00a0\u00bb4.4.6&Prime;][et_pb_text _builder_version=\u00a0\u00bb4.4.6&Prime;]\n<p><span style=\"color: #000000\">Tous les coll\u00e9giens re\u00e7oivent un <strong>enseignement obligatoire d\u2019\u00e9ducation physique et sportive (<abbr title=\"\u00c9ducation physique et sportive\">EPS<\/abbr>) hebdomadaire<\/strong>. Son volume horaire est de 4 heures en classe de sixi\u00e8me et\u00a0de 3 heures dans les autres niveaux de classe. L\u2019EPS est <strong>\u00e9valu\u00e9e au dipl\u00f4me national du brevet (<abbr title=\"Dipl\u00f4me national du brevet\">DNB<\/abbr>)<\/strong> en contr\u00f4le continu.<\/span><\/p>\n<p><span style=\"color: #000000\">Les coll\u00e9giens peuvent pratiquer des activit\u00e9s vari\u00e9es\u00a0: 26 activit\u00e9s physiques, sportives et artistiques (APSA) sont d\u00e9finies au niveau national. Des APSA acad\u00e9miques ou locales peuvent aussi \u00eatre propos\u00e9es.<\/span><br \/><span style=\"color: #000000\"> Une mention particuli\u00e8re est faite au \u00ab\u00a0savoir-nager\u00a0\u00bb, ma\u00eetrise du milieu aquatique \u00e0 acqu\u00e9rir et valider par tous dans le cadre du socle commun.<\/span><\/p>\n<p><span style=\"color: #000000\">L\u2019<abbr title=\"\u00c9ducation physique et sportive\">EPS<\/abbr> aide filles et gar\u00e7ons \u00e0 acqu\u00e9rir de nouveaux rep\u00e8res sur eux et sur les autres, de nouveaux pouvoirs moteurs et gagner en efficacit\u00e9. Les adolescents apprennent \u00e0\u00a0:<\/span><\/p>\n<ul>\n<li><span style=\"color: #000000\">respecter la r\u00e8gle<\/span><\/li>\n<li><span style=\"color: #000000\">s\u2019engager dans une d\u00e9marche de projet<\/span><\/li>\n<li><span style=\"color: #000000\">prendre des responsabilit\u00e9s<\/span><\/li>\n<li><span style=\"color: #000000\">se conna\u00eetre et se pr\u00e9server<\/span><\/li>\n<\/ul>\n[\/et_pb_text][\/et_pb_column][\/et_pb_row][\/et_pb_section]\n","protected":false},"excerpt":{"rendered":"<p>Education Physique et SportiveTous les coll\u00e9giens re\u00e7oivent un enseignement obligatoire d\u2019\u00e9ducation physique et sportive (EPS) hebdomadaire. Son volume horaire est de 4 heures en classe de sixi\u00e8me et\u00a0de 3 heures dans les autres niveaux de classe. L\u2019EPS est \u00e9valu\u00e9e au dipl\u00f4me national du brevet (DNB) en contr\u00f4le continu. Les coll\u00e9giens peuvent pratiquer des activit\u00e9s vari\u00e9es\u00a0: [&hellip;]<\/p>\n","protected":false},"author":23746,"featured_media":0,"parent":5518,"menu_order":0,"comment_status":"closed","ping_status":"closed","template":"","meta":{"_et_pb_use_builder":"on","_et_pb_old_content":"","_et_gb_content_width":"","footnotes":""},"class_list":["post-4582","page","type-page","status-publish","hentry"],"_links":{"self":[{"href":"https:\/\/etab.ac-reunion.fr\/clg-amiral-bouvet\/wp-json\/wp\/v2\/pages\/4582","targetHints":{"allow":["GET"]}}],"collection":[{"href":"https:\/\/etab.ac-reunion.fr\/clg-amiral-bouvet\/wp-json\/wp\/v2\/pages"}],"about":[{"href":"https:\/\/etab.ac-reunion.fr\/clg-amiral-bouvet\/wp-json\/wp\/v2\/types\/page"}],"author":[{"embeddable":true,"href":"https:\/\/etab.ac-reunion.fr\/clg-amiral-bouvet\/wp-json\/wp\/v2\/users\/23746"}],"replies":[{"embeddable":true,"href":"https:\/\/etab.ac-reunion.fr\/clg-amiral-bouvet\/wp-json\/wp\/v2\/comments?post=4582"}],"version-history":[{"count":8,"href":"https:\/\/etab.ac-reunion.fr\/clg-amiral-bouvet\/wp-json\/wp\/v2\/pages\/4582\/revisions"}],"predecessor-version":[{"id":7746,"href":"https:\/\/etab.ac-reunion.fr\/clg-amiral-bouvet\/wp-json\/wp\/v2\/pages\/4582\/revisions\/7746"}],"up":[{"embeddable":true,"href":"https:\/\/etab.ac-reunion.fr\/clg-amiral-bouvet\/wp-json\/wp\/v2\/pages\/5518"}],"wp:attachment":[{"href":"https:\/\/etab.ac-reunion.fr\/clg-amiral-bouvet\/wp-json\/wp\/v2\/media?parent=4582"}],"curies":[{"name":"wp","href":"https:\/\/api.w.org\/{rel}","templated":true}]}}