{"id":4872,"date":"2015-06-30T11:07:50","date_gmt":"2015-06-30T07:07:50","guid":{"rendered":"http:\/\/college-bouvet-tmp.ac-reunion.fr\/?page_id=4872"},"modified":"2025-08-13T13:41:26","modified_gmt":"2025-08-13T09:41:26","slug":"projet-detablissement","status":"publish","type":"page","link":"https:\/\/etab.ac-reunion.fr\/clg-amiral-bouvet\/le-college\/projet-detablissement\/","title":{"rendered":"Projet d&rsquo;\u00e9tablissement"},"content":{"rendered":"[et_pb_section fb_built=\u00a0\u00bb1&Prime; admin_label=\u00a0\u00bbsection\u00a0\u00bb _builder_version=\u00a0\u00bb4.16&Prime; global_colors_info=\u00a0\u00bb{}\u00a0\u00bb][et_pb_row admin_label=\u00a0\u00bbrow\u00a0\u00bb _builder_version=\u00a0\u00bb4.16&Prime; background_size=\u00a0\u00bbinitial\u00a0\u00bb background_position=\u00a0\u00bbtop_left\u00a0\u00bb background_repeat=\u00a0\u00bbrepeat\u00a0\u00bb global_colors_info=\u00a0\u00bb{}\u00a0\u00bb][et_pb_column type=\u00a0\u00bb4_4&Prime; _builder_version=\u00a0\u00bb4.16&Prime; custom_padding=\u00a0\u00bb|||\u00a0\u00bb global_colors_info=\u00a0\u00bb{}\u00a0\u00bb custom_padding__hover=\u00a0\u00bb|||\u00a0\u00bb][et_pb_text admin_label=\u00a0\u00bbText\u00a0\u00bb _builder_version=\u00a0\u00bb4.17.0&Prime; background_size=\u00a0\u00bbinitial\u00a0\u00bb background_position=\u00a0\u00bbtop_left\u00a0\u00bb background_repeat=\u00a0\u00bbrepeat\u00a0\u00bb custom_padding=\u00a0\u00bb||0px|||\u00a0\u00bb global_colors_info=\u00a0\u00bb{}\u00a0\u00bb]\n<h3><i>Le coll\u00e8ge A. P. Bouvet a d\u00e9fini en coh\u00e9rence avec le projet strat\u00e9gique acad\u00e9mique 3 grands axes p\u00e9dagogiques et \u00e9ducatifs pour la p\u00e9riode 2022-2026, visant \u00e0 la r\u00e9ussite et \u00e0 l&rsquo;\u00e9panouissement de tous les \u00e9l\u00e8ves.<\/i><\/h3>\n[\/et_pb_text][et_pb_image src=\u00a0\u00bbhttps:\/\/etab.ac-reunion.fr\/clg-amiral-bouvet\/wp-content\/uploads\/sites\/47\/2022\/04\/Projet-etablissement.png\u00a0\u00bb title_text=\u00a0\u00bbProjet \u00e9tablissement\u00a0\u00bb align=\u00a0\u00bbcenter\u00a0\u00bb _builder_version=\u00a0\u00bb4.17.0&Prime; _module_preset=\u00a0\u00bbdefault\u00a0\u00bb global_colors_info=\u00a0\u00bb{}\u00a0\u00bb][\/et_pb_image][\/et_pb_column][\/et_pb_row][\/et_pb_section]\n","protected":false},"excerpt":{"rendered":"<p>Le coll\u00e8ge A. P. Bouvet a d\u00e9fini en coh\u00e9rence avec le projet strat\u00e9gique acad\u00e9mique 3 grands axes p\u00e9dagogiques et \u00e9ducatifs pour la p\u00e9riode 2022-2026, visant \u00e0 la r\u00e9ussite et \u00e0 l&rsquo;\u00e9panouissement de tous les \u00e9l\u00e8ves.<\/p>\n","protected":false},"author":429,"featured_media":0,"parent":5439,"menu_order":0,"comment_status":"closed","ping_status":"closed","template":"","meta":{"_et_pb_use_builder":"on","_et_pb_old_content":"Le Projet d\u2019Etablissement 2011-2014 du Coll\u00e8ge Amiral Bouvet est disponible en t\u00e9l\u00e9chargement ci-dessous, au format pdf, pour consultation, impression ou sauvegarde:\r\n\r\n<a href=\"https:\/\/etab.ac-reunion.fr\/clg-amiral-bouvet\/wp-content\/uploads\/sites\/47\/2015\/06\/clg-bouvet-reunion-projet-etablissement.pdf\">T\u00e9l\u00e9charger le Projet d\u2019Etablissement 2011-2014<\/a>","_et_gb_content_width":"","footnotes":""},"class_list":["post-4872","page","type-page","status-publish","hentry"],"_links":{"self":[{"href":"https:\/\/etab.ac-reunion.fr\/clg-amiral-bouvet\/wp-json\/wp\/v2\/pages\/4872","targetHints":{"allow":["GET"]}}],"collection":[{"href":"https:\/\/etab.ac-reunion.fr\/clg-amiral-bouvet\/wp-json\/wp\/v2\/pages"}],"about":[{"href":"https:\/\/etab.ac-reunion.fr\/clg-amiral-bouvet\/wp-json\/wp\/v2\/types\/page"}],"author":[{"embeddable":true,"href":"https:\/\/etab.ac-reunion.fr\/clg-amiral-bouvet\/wp-json\/wp\/v2\/users\/429"}],"replies":[{"embeddable":true,"href":"https:\/\/etab.ac-reunion.fr\/clg-amiral-bouvet\/wp-json\/wp\/v2\/comments?post=4872"}],"version-history":[{"count":5,"href":"https:\/\/etab.ac-reunion.fr\/clg-amiral-bouvet\/wp-json\/wp\/v2\/pages\/4872\/revisions"}],"predecessor-version":[{"id":9363,"href":"https:\/\/etab.ac-reunion.fr\/clg-amiral-bouvet\/wp-json\/wp\/v2\/pages\/4872\/revisions\/9363"}],"up":[{"embeddable":true,"href":"https:\/\/etab.ac-reunion.fr\/clg-amiral-bouvet\/wp-json\/wp\/v2\/pages\/5439"}],"wp:attachment":[{"href":"https:\/\/etab.ac-reunion.fr\/clg-amiral-bouvet\/wp-json\/wp\/v2\/media?parent=4872"}],"curies":[{"name":"wp","href":"https:\/\/api.w.org\/{rel}","templated":true}]}}