{"id":5490,"date":"2016-12-13T13:53:05","date_gmt":"2016-12-13T09:53:05","guid":{"rendered":"http:\/\/college-amiral-bouvet.ac-reunion.fr\/?page_id=5490"},"modified":"2026-02-26T13:55:32","modified_gmt":"2026-02-26T09:55:32","slug":"vie-scolaire","status":"publish","type":"page","link":"https:\/\/etab.ac-reunion.fr\/clg-amiral-bouvet\/vie-au-college\/vie-scolaire\/","title":{"rendered":"Vie scolaire"},"content":{"rendered":"[et_pb_section fb_built=\u00a0\u00bb1&Prime; admin_label=\u00a0\u00bbsection\u00a0\u00bb _builder_version=\u00a0\u00bb4.16&Prime; min_height=\u00a0\u00bb295.6px\u00a0\u00bb global_colors_info=\u00a0\u00bb{}\u00a0\u00bb][et_pb_row admin_label=\u00a0\u00bbrow\u00a0\u00bb _builder_version=\u00a0\u00bb4.16&Prime; background_size=\u00a0\u00bbinitial\u00a0\u00bb background_position=\u00a0\u00bbtop_left\u00a0\u00bb background_repeat=\u00a0\u00bbrepeat\u00a0\u00bb min_height=\u00a0\u00bb115.6px\u00a0\u00bb global_colors_info=\u00a0\u00bb{}\u00a0\u00bb][et_pb_column type=\u00a0\u00bb4_4&Prime; _builder_version=\u00a0\u00bb4.16&Prime; custom_padding=\u00a0\u00bb|||\u00a0\u00bb global_colors_info=\u00a0\u00bb{}\u00a0\u00bb custom_padding__hover=\u00a0\u00bb|||\u00a0\u00bb][et_pb_post_title meta=\u00a0\u00bboff\u00a0\u00bb image_height=\u00a0\u00bb975px\u00a0\u00bb _builder_version=\u00a0\u00bb4.27.5&Prime; _module_preset=\u00a0\u00bbdefault\u00a0\u00bb title_font=\u00a0\u00bb||on|||on|||\u00a0\u00bb title_text_align=\u00a0\u00bbcenter\u00a0\u00bb title_text_color=\u00a0\u00bb#E02B20&Prime; title_font_size=\u00a0\u00bb60px\u00a0\u00bb title_line_height=\u00a0\u00bb1.4em\u00a0\u00bb text_orientation=\u00a0\u00bbcenter\u00a0\u00bb module_alignment=\u00a0\u00bbcenter\u00a0\u00bb hover_enabled=\u00a0\u00bb0&Prime; global_colors_info=\u00a0\u00bb{}\u00a0\u00bb text_shadow_style=\u00a0\u00bbpreset2&Prime; sticky_enabled=\u00a0\u00bb0&Prime;][\/et_pb_post_title][\/et_pb_column][\/et_pb_row][\/et_pb_section][et_pb_section fb_built=\u00a0\u00bb1&Prime; _builder_version=\u00a0\u00bb4.27.4&Prime; _module_preset=\u00a0\u00bbdefault\u00a0\u00bb global_colors_info=\u00a0\u00bb{}\u00a0\u00bb][et_pb_row column_structure=\u00a0\u00bb2_5,3_5&Prime; _builder_version=\u00a0\u00bb4.27.4&Prime; _module_preset=\u00a0\u00bbdefault\u00a0\u00bb global_colors_info=\u00a0\u00bb{}\u00a0\u00bb][et_pb_column type=\u00a0\u00bb2_5&Prime; _builder_version=\u00a0\u00bb4.27.4&Prime; _module_preset=\u00a0\u00bbdefault\u00a0\u00bb global_colors_info=\u00a0\u00bb{}\u00a0\u00bb][et_pb_image src=\u00a0\u00bbhttps:\/\/etab.ac-reunion.fr\/clg-amiral-bouvet\/wp-content\/uploads\/sites\/47\/2026\/02\/Vie-Scolaire-scaled.jpg\u00a0\u00bb title_text=\u00a0\u00bbVie Scolaire\u00a0\u00bb _builder_version=\u00a0\u00bb4.27.5&Prime; _module_preset=\u00a0\u00bbdefault\u00a0\u00bb global_colors_info=\u00a0\u00bb{}\u00a0\u00bb][\/et_pb_image][\/et_pb_column][et_pb_column type=\u00a0\u00bb3_5&Prime; _builder_version=\u00a0\u00bb4.27.4&Prime; _module_preset=\u00a0\u00bbdefault\u00a0\u00bb global_colors_info=\u00a0\u00bb{}\u00a0\u00bb][et_pb_text content_tablet=\u00a0\u00bb\u00a0\u00bb content_phone=\u00a0\u00bb\u00a0\u00bb content_last_edited=\u00a0\u00bbon|desktop\u00a0\u00bb _builder_version=\u00a0\u00bb4.27.4&Prime; _module_preset=\u00a0\u00bbdefault\u00a0\u00bb global_colors_info=\u00a0\u00bb{}\u00a0\u00bb]\n<p>&nbsp;<\/p>\n<p>&nbsp;<\/p>\n<p>&nbsp;<\/p>\n<p>La <strong>Vie Scolaire<\/strong>, c\u2019est le service qui accompagne les \u00e9l\u00e8ves tout au long de la journ\u00e9e, en dehors des cours. On y g\u00e8re les absences, les retards, les permanences, mais surtout le quotidien des \u00e9l\u00e8ves au coll\u00e8ge.<\/p>\n<p>Les <strong>assistants d\u2019\u00e9ducation<\/strong> <span style=\"text-decoration: underline\"><strong>(AED)<\/strong><\/span> sont pr\u00e9sents au quotidien sur le terrain : dans la cour, les couloirs, en permanence ou lors des entr\u00e9es et sorties. Ils veillent au bon d\u00e9roulement de la journ\u00e9e, \u00e0 la s\u00e9curit\u00e9 de tous et restent disponibles pour \u00e9couter, accompagner ou orienter les \u00e9l\u00e8ves lorsque cela est n\u00e9cessaire.<br \/>Chaque AED est \u00e9galement r\u00e9f\u00e9rent de certaines classes, afin d\u2019assurer un suivi plus proche : <strong>Audrey<\/strong> (603, 503, 303), <strong>\u00c9lisabeth<\/strong> (403), <strong>Fr\u00e9d\u00e9ric<\/strong> (505, 405, 301), <strong>Kimberley<\/strong> (402, 302), <strong>Laurianne<\/strong> (604, 404), <strong>Lo\u00efc<\/strong> (501, 401, 305), <strong>Natidja<\/strong> (601, 602, 502) et <strong>Ursula<\/strong> (605, 504, 304). Tous participent activement \u00e0 l\u2019accompagnement des \u00e9l\u00e8ves et \u00e0 la vie quotidienne du coll\u00e8ge.\u00a0<\/p>\n<p>Les <strong data-start=\"117\" data-end=\"161\">conseillers principaux d\u2019\u00e9ducation <span style=\"text-decoration: underline\">(CPE)<\/span><\/strong> assurent le suivi des \u00e9l\u00e8ves et coordonnent l\u2019ensemble de la Vie scolaire. Ils travaillent en lien avec les familles, les enseignants et les diff\u00e9rents services du coll\u00e8ge afin d\u2019accompagner chaque \u00e9l\u00e8ve au mieux.<br data-start=\"375\" data-end=\"378\" \/>Au sein de l\u2019\u00e9tablissement, <strong data-start=\"406\" data-end=\"420\">Mme Robert<\/strong> est en charge des niveaux <strong data-start=\"447\" data-end=\"459\" data-is-only-node=\"\">6\u1d49 et 4\u1d49<\/strong>, tandis que <strong data-start=\"472\" data-end=\"486\">Mme Nourry<\/strong> assure le suivi des niveaux <strong data-start=\"515\" data-end=\"527\">5\u1d49 et 3\u1d49<\/strong>.<\/p>\n<p>La Vie scolaire, c\u2019est avant tout une pr\u00e9sence quotidienne, un cadre rassurant et un espace d\u2019\u00e9change, pour permettre aux \u00e9l\u00e8ves d\u2019\u00e9voluer dans un climat serein et respectueux.<\/p>\n[\/et_pb_text][\/et_pb_column][\/et_pb_row][et_pb_row column_structure=\u00a0\u00bb1_3,1_3,1_3&Prime; _builder_version=\u00a0\u00bb4.27.4&Prime; _module_preset=\u00a0\u00bbdefault\u00a0\u00bb global_colors_info=\u00a0\u00bb{}\u00a0\u00bb][et_pb_column type=\u00a0\u00bb1_3&Prime; _builder_version=\u00a0\u00bb4.27.4&Prime; _module_preset=\u00a0\u00bbdefault\u00a0\u00bb global_colors_info=\u00a0\u00bb{}\u00a0\u00bb][et_pb_text _builder_version=\u00a0\u00bb4.27.4&Prime; _module_preset=\u00a0\u00bbdefault\u00a0\u00bb global_colors_info=\u00a0\u00bb{}\u00a0\u00bb][\/et_pb_text][\/et_pb_column][et_pb_column type=\u00a0\u00bb1_3&Prime; _builder_version=\u00a0\u00bb4.27.4&Prime; _module_preset=\u00a0\u00bbdefault\u00a0\u00bb global_colors_info=\u00a0\u00bb{}\u00a0\u00bb][\/et_pb_column][et_pb_column type=\u00a0\u00bb1_3&Prime; _builder_version=\u00a0\u00bb4.27.4&Prime; _module_preset=\u00a0\u00bbdefault\u00a0\u00bb global_colors_info=\u00a0\u00bb{}\u00a0\u00bb][\/et_pb_column][\/et_pb_row][\/et_pb_section]\n","protected":false},"excerpt":{"rendered":"<p>&nbsp; &nbsp; &nbsp; La Vie Scolaire, c\u2019est le service qui accompagne les \u00e9l\u00e8ves tout au long de la journ\u00e9e, en dehors des cours. On y g\u00e8re les absences, les retards, les permanences, mais surtout le quotidien des \u00e9l\u00e8ves au coll\u00e8ge. Les assistants d\u2019\u00e9ducation (AED) sont pr\u00e9sents au quotidien sur le terrain : dans la cour, [&hellip;]<\/p>\n","protected":false},"author":11699,"featured_media":0,"parent":5433,"menu_order":0,"comment_status":"closed","ping_status":"closed","template":"","meta":{"_et_pb_use_builder":"on","_et_pb_old_content":"","_et_gb_content_width":"","footnotes":""},"class_list":["post-5490","page","type-page","status-publish","hentry"],"_links":{"self":[{"href":"https:\/\/etab.ac-reunion.fr\/clg-amiral-bouvet\/wp-json\/wp\/v2\/pages\/5490","targetHints":{"allow":["GET"]}}],"collection":[{"href":"https:\/\/etab.ac-reunion.fr\/clg-amiral-bouvet\/wp-json\/wp\/v2\/pages"}],"about":[{"href":"https:\/\/etab.ac-reunion.fr\/clg-amiral-bouvet\/wp-json\/wp\/v2\/types\/page"}],"author":[{"embeddable":true,"href":"https:\/\/etab.ac-reunion.fr\/clg-amiral-bouvet\/wp-json\/wp\/v2\/users\/11699"}],"replies":[{"embeddable":true,"href":"https:\/\/etab.ac-reunion.fr\/clg-amiral-bouvet\/wp-json\/wp\/v2\/comments?post=5490"}],"version-history":[{"count":8,"href":"https:\/\/etab.ac-reunion.fr\/clg-amiral-bouvet\/wp-json\/wp\/v2\/pages\/5490\/revisions"}],"predecessor-version":[{"id":9789,"href":"https:\/\/etab.ac-reunion.fr\/clg-amiral-bouvet\/wp-json\/wp\/v2\/pages\/5490\/revisions\/9789"}],"up":[{"embeddable":true,"href":"https:\/\/etab.ac-reunion.fr\/clg-amiral-bouvet\/wp-json\/wp\/v2\/pages\/5433"}],"wp:attachment":[{"href":"https:\/\/etab.ac-reunion.fr\/clg-amiral-bouvet\/wp-json\/wp\/v2\/media?parent=5490"}],"curies":[{"name":"wp","href":"https:\/\/api.w.org\/{rel}","templated":true}]}}