{"id":6270,"date":"2018-03-28T11:37:41","date_gmt":"2018-03-28T07:37:41","guid":{"rendered":"http:\/\/college-amiral-bouvet.ac-reunion.fr\/?page_id=6270"},"modified":"2024-10-28T11:53:02","modified_gmt":"2024-10-28T07:53:02","slug":"bulletin-de-rentree-2","status":"publish","type":"page","link":"https:\/\/etab.ac-reunion.fr\/clg-amiral-bouvet\/le-college\/bulletin-de-rentree-2\/","title":{"rendered":"Le mot du principal"},"content":{"rendered":"[et_pb_section fb_built=\u00a0\u00bb1&Prime; _builder_version=\u00a0\u00bb4.16&Prime; _module_preset=\u00a0\u00bbdefault\u00a0\u00bb custom_padding=\u00a0\u00bb42px||136px|||\u00a0\u00bb global_colors_info=\u00a0\u00bb{}\u00a0\u00bb][et_pb_row use_custom_gutter=\u00a0\u00bbon\u00a0\u00bb _builder_version=\u00a0\u00bb4.16&Prime; _module_preset=\u00a0\u00bbdefault\u00a0\u00bb width=\u00a0\u00bb100%\u00a0\u00bb max_width=\u00a0\u00bb2560px\u00a0\u00bb max_width_tablet=\u00a0\u00bb\u00a0\u00bb max_width_phone=\u00a0\u00bb\u00a0\u00bb max_width_last_edited=\u00a0\u00bbon|desktop\u00a0\u00bb custom_margin=\u00a0\u00bb0px||||false|false\u00a0\u00bb custom_padding=\u00a0\u00bb61px||0px||false|false\u00a0\u00bb global_colors_info=\u00a0\u00bb{}\u00a0\u00bb][et_pb_column type=\u00a0\u00bb4_4&Prime; _builder_version=\u00a0\u00bb4.16&Prime; _module_preset=\u00a0\u00bbdefault\u00a0\u00bb global_colors_info=\u00a0\u00bb{}\u00a0\u00bb][et_pb_text _builder_version=\u00a0\u00bb4.27.2&Prime; _module_preset=\u00a0\u00bbdefault\u00a0\u00bb hover_enabled=\u00a0\u00bb0&Prime; sticky_enabled=\u00a0\u00bb0&Prime; width=\u00a0\u00bb93%\u00a0\u00bb max_width=\u00a0\u00bb92%\u00a0\u00bb module_alignment=\u00a0\u00bbcenter\u00a0\u00bb]\n<p style=\"text-align: justify\"><span style=\"font-size: large;color: #000000\">Chers \u00e9l\u00e8ves, parents, membres de l\u2019\u00e9quipe \u00e9ducative et visiteurs,<\/span><\/p>\n<p style=\"text-align: justify\"><span style=\"font-size: large;color: #000000\">C\u2019est avec enthousiasme et engagement que je vous adresse ces quelques mots en tant que nouvelle direction du Coll\u00e8ge Amiral Bouvet de Saint-Beno\u00eet. Ce site a \u00e9t\u00e9 con\u00e7u pour \u00eatre un point d\u2019information central, pratique et accessible \u00e0 tous, et pour refl\u00e9ter l\u2019esprit qui anime notre \u00e9tablissement.<\/span><\/p>\n<p style=\"text-align: justify\"><span style=\"font-size: large;color: #000000\">Notre coll\u00e8ge se veut un lieu de r\u00e9ussite, d\u2019\u00e9panouissement et de respect, o\u00f9 chaque \u00e9l\u00e8ve peut construire son avenir en d\u00e9veloppant ses comp\u00e9tences et en affirmant ses valeurs. Nous avons \u00e0 c\u0153ur de cultiver un climat scolaire bienveillant et stimulant, o\u00f9 chacun a la possibilit\u00e9 de s\u2019exprimer et de s\u2019investir pleinement. Les valeurs d\u2019ouverture, de citoyennet\u00e9 et d\u2019engagement guident notre mission, et nous \u0153uvrons ensemble pour soutenir chaque \u00e9l\u00e8ve sur le chemin de la r\u00e9ussite scolaire et personnelle.<\/span><\/p>\n<p style=\"text-align: justify\"><span style=\"font-size: large;color: #000000\">\u00c0 travers ce site, vous pourrez d\u00e9couvrir les actualit\u00e9s, projets, et \u00e9v\u00e9nements qui rythment la vie de notre coll\u00e8ge. Des informations pratiques y seront r\u00e9guli\u00e8rement mises \u00e0 jour pour accompagner au mieux les familles et les \u00e9l\u00e8ves, et renforcer les liens entre l\u2019\u00e9tablissement et les familles.<\/span><\/p>\n<p style=\"text-align: justify\"><span style=\"font-size: large;color: #000000\">Nous vous invitons \u00e0 explorer les rubriques et \u00e0 vous saisir de cet outil pour rester connect\u00e9s \u00e0 la vie du coll\u00e8ge. L\u2019\u00e9ducation est un effort collectif, et nous serons heureux de travailler avec vous pour faire de chaque ann\u00e9e scolaire une \u00e9tape enrichissante et porteuse d\u2019avenir.<\/span><\/p>\n<p style=\"text-align: justify\"><span style=\"font-size: large;color: #000000\">Merci pour votre confiance et votre engagement \u00e0 nos c\u00f4t\u00e9s.<\/span><\/p>\n[\/et_pb_text][\/et_pb_column][\/et_pb_row][et_pb_row _builder_version=\u00a0\u00bb4.27.2&Prime; _module_preset=\u00a0\u00bbdefault\u00a0\u00bb][et_pb_column _builder_version=\u00a0\u00bb4.27.2&Prime; _module_preset=\u00a0\u00bbdefault\u00a0\u00bb type=\u00a0\u00bb4_4&Prime;][et_pb_image src=\u00a0\u00bbhttps:\/\/etab.ac-reunion.fr\/clg-amiral-bouvet\/wp-content\/uploads\/sites\/47\/2024\/10\/logo-principal.png\u00a0\u00bb _builder_version=\u00a0\u00bb4.27.2&Prime; _module_preset=\u00a0\u00bbdefault\u00a0\u00bb title_text=\u00a0\u00bblogo principal\u00a0\u00bb align=\u00a0\u00bbright\u00a0\u00bb hover_enabled=\u00a0\u00bb0&Prime; sticky_enabled=\u00a0\u00bb0&Prime;][\/et_pb_image][\/et_pb_column][\/et_pb_row][\/et_pb_section]\n","protected":false},"excerpt":{"rendered":"<p>Chers \u00e9l\u00e8ves, parents, membres de l\u2019\u00e9quipe \u00e9ducative et visiteurs, C\u2019est avec enthousiasme et engagement que je vous adresse ces quelques mots en tant que nouvelle direction du Coll\u00e8ge Amiral Bouvet de Saint-Beno\u00eet. Ce site a \u00e9t\u00e9 con\u00e7u pour \u00eatre un point d\u2019information central, pratique et accessible \u00e0 tous, et pour refl\u00e9ter l\u2019esprit qui anime notre [&hellip;]<\/p>\n","protected":false},"author":11699,"featured_media":0,"parent":5439,"menu_order":1,"comment_status":"closed","ping_status":"closed","template":"","meta":{"_et_pb_use_builder":"on","_et_pb_old_content":"","_et_gb_content_width":"","footnotes":""},"class_list":["post-6270","page","type-page","status-publish","hentry"],"_links":{"self":[{"href":"https:\/\/etab.ac-reunion.fr\/clg-amiral-bouvet\/wp-json\/wp\/v2\/pages\/6270","targetHints":{"allow":["GET"]}}],"collection":[{"href":"https:\/\/etab.ac-reunion.fr\/clg-amiral-bouvet\/wp-json\/wp\/v2\/pages"}],"about":[{"href":"https:\/\/etab.ac-reunion.fr\/clg-amiral-bouvet\/wp-json\/wp\/v2\/types\/page"}],"author":[{"embeddable":true,"href":"https:\/\/etab.ac-reunion.fr\/clg-amiral-bouvet\/wp-json\/wp\/v2\/users\/11699"}],"replies":[{"embeddable":true,"href":"https:\/\/etab.ac-reunion.fr\/clg-amiral-bouvet\/wp-json\/wp\/v2\/comments?post=6270"}],"version-history":[{"count":7,"href":"https:\/\/etab.ac-reunion.fr\/clg-amiral-bouvet\/wp-json\/wp\/v2\/pages\/6270\/revisions"}],"predecessor-version":[{"id":9549,"href":"https:\/\/etab.ac-reunion.fr\/clg-amiral-bouvet\/wp-json\/wp\/v2\/pages\/6270\/revisions\/9549"}],"up":[{"embeddable":true,"href":"https:\/\/etab.ac-reunion.fr\/clg-amiral-bouvet\/wp-json\/wp\/v2\/pages\/5439"}],"wp:attachment":[{"href":"https:\/\/etab.ac-reunion.fr\/clg-amiral-bouvet\/wp-json\/wp\/v2\/media?parent=6270"}],"curies":[{"name":"wp","href":"https:\/\/api.w.org\/{rel}","templated":true}]}}