{"id":7675,"date":"2020-09-06T21:47:16","date_gmt":"2020-09-06T17:47:16","guid":{"rendered":"http:\/\/college-amiral-bouvet.ac-reunion.fr\/?page_id=7675"},"modified":"2025-11-28T14:56:36","modified_gmt":"2025-11-28T10:56:36","slug":"allemand","status":"publish","type":"page","link":"https:\/\/etab.ac-reunion.fr\/clg-amiral-bouvet\/les-disciplines\/allemand\/","title":{"rendered":"Allemand"},"content":{"rendered":"[et_pb_section fb_built=\u00a0\u00bb1&Prime; _builder_version=\u00a0\u00bb4.16&Prime; _module_preset=\u00a0\u00bbdefault\u00a0\u00bb custom_padding=\u00a0\u00bb53px|||||\u00a0\u00bb global_colors_info=\u00a0\u00bb{}\u00a0\u00bb][et_pb_row _builder_version=\u00a0\u00bb4.27.4&Prime; _module_preset=\u00a0\u00bbdefault\u00a0\u00bb width=\u00a0\u00bb58.1%\u00a0\u00bb global_colors_info=\u00a0\u00bb{}\u00a0\u00bb][et_pb_column type=\u00a0\u00bb4_4&Prime; _builder_version=\u00a0\u00bb4.16&Prime; _module_preset=\u00a0\u00bbdefault\u00a0\u00bb global_colors_info=\u00a0\u00bb{}\u00a0\u00bb][et_pb_text content_tablet=\u00a0\u00bb<\/p>\n<p><strong>\ud83c\udde9\ud83c\uddea Au Coll\u00e8ge Amiral Pierre Bouvet \ud83c\udde9\ud83c\uddea <\/strong><\/p>\n<p>\u00a0\u00bb content_phone=\u00a0\u00bb<\/p>\n<p><strong>\ud83c\udde9\ud83c\uddea Au Coll\u00e8ge Amiral Pierre Bouvet \ud83c\udde9\ud83c\uddea <\/strong><\/p>\n<p>\u00a0\u00bb content_last_edited=\u00a0\u00bbon|desktop\u00a0\u00bb _builder_version=\u00a0\u00bb4.27.4&Prime; _module_preset=\u00a0\u00bbdefault\u00a0\u00bb text_font_size=\u00a0\u00bb25px\u00a0\u00bb text_font_size_tablet=\u00a0\u00bb25px\u00a0\u00bb text_font_size_phone=\u00a0\u00bb17px\u00a0\u00bb text_font_size_last_edited=\u00a0\u00bbon|phone\u00a0\u00bb global_colors_info=\u00a0\u00bb{}\u00a0\u00bb]\n<p style=\"text-align: center\"><strong>\ud83c\udde9\ud83c\uddea Au Coll\u00e8ge Amiral Pierre Bouvet \ud83c\udde9\ud83c\uddea <\/strong><\/p>\n[\/et_pb_text][et_pb_image src=\u00a0\u00bbhttps:\/\/etab.ac-reunion.fr\/clg-amiral-bouvet\/wp-content\/uploads\/sites\/47\/2025\/11\/Test-JB.jpg\u00a0\u00bb title_text=\u00a0\u00bbTest JB\u00a0\u00bb align=\u00a0\u00bbcenter\u00a0\u00bb src_tablet=\u00a0\u00bbhttps:\/\/etab.ac-reunion.fr\/clg-amiral-bouvet\/wp-content\/uploads\/sites\/47\/2025\/11\/Test-JB.jpg\u00a0\u00bb src_phone=\u00a0\u00bbhttps:\/\/etab.ac-reunion.fr\/clg-amiral-bouvet\/wp-content\/uploads\/sites\/47\/2025\/11\/Test-JB.jpg\u00a0\u00bb src_last_edited=\u00a0\u00bbon|tablet\u00a0\u00bb _builder_version=\u00a0\u00bb4.27.4&Prime; _module_preset=\u00a0\u00bbdefault\u00a0\u00bb width=\u00a0\u00bb97%\u00a0\u00bb custom_margin=\u00a0\u00bb|319px||||\u00a0\u00bb custom_padding=\u00a0\u00bb0px|2px||||\u00a0\u00bb hover_enabled=\u00a0\u00bb0&Prime; global_colors_info=\u00a0\u00bb{}\u00a0\u00bb min_height=\u00a0\u00bb368px\u00a0\u00bb max_width=\u00a0\u00bb100%\u00a0\u00bb module_alignment=\u00a0\u00bbcenter\u00a0\u00bb height=\u00a0\u00bb613px\u00a0\u00bb sticky_enabled=\u00a0\u00bb0&Prime; width_last_edited=\u00a0\u00bbon|desktop\u00a0\u00bb width_tablet=\u00a0\u00bb100%\u00a0\u00bb height_last_edited=\u00a0\u00bbon|tablet\u00a0\u00bb width_phone=\u00a0\u00bb100%\u00a0\u00bb height_tablet=\u00a0\u00bb613px\u00a0\u00bb height_phone=\u00a0\u00bb613px\u00a0\u00bb][\/et_pb_image][\/et_pb_column][\/et_pb_row][et_pb_row _builder_version=\u00a0\u00bb4.27.4&Prime; _module_preset=\u00a0\u00bbdefault\u00a0\u00bb global_colors_info=\u00a0\u00bb{}\u00a0\u00bb][et_pb_column type=\u00a0\u00bb4_4&Prime; _builder_version=\u00a0\u00bb4.27.4&Prime; _module_preset=\u00a0\u00bbdefault\u00a0\u00bb global_colors_info=\u00a0\u00bb{}\u00a0\u00bb][\/et_pb_column][\/et_pb_row][et_pb_row _builder_version=\u00a0\u00bb4.16&Prime; _module_preset=\u00a0\u00bbdefault\u00a0\u00bb width=\u00a0\u00bb88.9%\u00a0\u00bb custom_padding=\u00a0\u00bb||3px|||\u00a0\u00bb global_colors_info=\u00a0\u00bb{}\u00a0\u00bb][et_pb_column type=\u00a0\u00bb4_4&Prime; _builder_version=\u00a0\u00bb4.16&Prime; _module_preset=\u00a0\u00bbdefault\u00a0\u00bb global_colors_info=\u00a0\u00bb{}\u00a0\u00bb][et_pb_text _builder_version=\u00a0\u00bb4.16&Prime; _module_preset=\u00a0\u00bbdefault\u00a0\u00bb module_alignment=\u00a0\u00bbcenter\u00a0\u00bb custom_padding=\u00a0\u00bb||9px|4px||\u00a0\u00bb global_colors_info=\u00a0\u00bb{}\u00a0\u00bb width=\u00a0\u00bb90.8%\u00a0\u00bb]\n<p style=\"margin-bottom: 0cm;text-align: justify\" align=\"justify\"><span style=\"font-size: large;color: #000000\">L\u2019apprentissage de l\u2019allemand au Coll\u00e8ge Amiral Bouvet se fait d\u00e8s la sixi\u00e8me, \u00e0 raison de 2 heures par semaine et de 2,5 heures \u00e0 partir de la cinqui\u00e8me. <\/span><span style=\"font-size: large;color: #000000\">Jusqu&rsquo;\u00e0 la troisi\u00e8me, les \u00e9l\u00e8ves font connaissance avec la langue, la culture germanophone et acqui\u00e8rent des comp\u00e9tences aussi bien \u00e0 l&rsquo;oral qu&rsquo;\u00e0 l&rsquo;\u00e9crit.<\/span><\/p>\n[\/et_pb_text][\/et_pb_column][\/et_pb_row][et_pb_row _builder_version=\u00a0\u00bb4.16&Prime; _module_preset=\u00a0\u00bbdefault\u00a0\u00bb min_height=\u00a0\u00bb38px\u00a0\u00bb custom_margin=\u00a0\u00bb-2px|auto|-34px|auto||\u00a0\u00bb global_colors_info=\u00a0\u00bb{}\u00a0\u00bb][et_pb_column type=\u00a0\u00bb4_4&Prime; _builder_version=\u00a0\u00bb4.16&Prime; _module_preset=\u00a0\u00bbdefault\u00a0\u00bb global_colors_info=\u00a0\u00bb{}\u00a0\u00bb][et_pb_image src=\u00a0\u00bbhttps:\/\/etab.ac-reunion.fr\/clg-amiral-bouvet\/wp-content\/uploads\/sites\/47\/2025\/11\/b94046fc-e8b7-4a44-a5e0-37e8e1f7556f.webp\u00a0\u00bb title_text=\u00a0\u00bbb94046fc-e8b7-4a44-a5e0-37e8e1f7556f\u00a0\u00bb align=\u00a0\u00bbcenter\u00a0\u00bb _builder_version=\u00a0\u00bb4.27.4&Prime; _module_preset=\u00a0\u00bbdefault\u00a0\u00bb hover_enabled=\u00a0\u00bb0&Prime; global_colors_info=\u00a0\u00bb{}\u00a0\u00bb src_last_edited=\u00a0\u00bbon|desktop\u00a0\u00bb sticky_enabled=\u00a0\u00bb0&Prime; height=\u00a0\u00bb196px\u00a0\u00bb module_alignment=\u00a0\u00bbcenter\u00a0\u00bb module_alignment_last_edited=\u00a0\u00bbon|phone\u00a0\u00bb src_tablet=\u00a0\u00bbhttps:\/\/etab.ac-reunion.fr\/clg-amiral-bouvet\/wp-content\/uploads\/sites\/47\/2025\/11\/b94046fc-e8b7-4a44-a5e0-37e8e1f7556f.webp\u00a0\u00bb src_phone=\u00a0\u00bbhttps:\/\/etab.ac-reunion.fr\/clg-amiral-bouvet\/wp-content\/uploads\/sites\/47\/2025\/11\/b94046fc-e8b7-4a44-a5e0-37e8e1f7556f.webp\u00a0\u00bb module_alignment_tablet=\u00a0\u00bbcenter\u00a0\u00bb module_alignment_phone=\u00a0\u00bbcenter\u00a0\u00bb][\/et_pb_image][\/et_pb_column][\/et_pb_row][et_pb_row _builder_version=\u00a0\u00bb4.16&Prime; _module_preset=\u00a0\u00bbdefault\u00a0\u00bb min_height=\u00a0\u00bb420px\u00a0\u00bb custom_padding=\u00a0\u00bb1px|||||\u00a0\u00bb global_colors_info=\u00a0\u00bb{}\u00a0\u00bb][et_pb_column type=\u00a0\u00bb4_4&Prime; _builder_version=\u00a0\u00bb4.16&Prime; _module_preset=\u00a0\u00bbdefault\u00a0\u00bb global_colors_info=\u00a0\u00bb{}\u00a0\u00bb][et_pb_text _builder_version=\u00a0\u00bb4.16&Prime; _module_preset=\u00a0\u00bbdefault\u00a0\u00bb custom_padding=\u00a0\u00bb||0px|||\u00a0\u00bb global_colors_info=\u00a0\u00bb{}\u00a0\u00bb inline_fonts=\u00a0\u00bbABeeZee\u00a0\u00bb]\n<p style=\"text-decoration: none\" align=\"center\"><span style=\"font-size: large\"><i><b>Voici quelques informations relatives \u00e0 la langue allemande\u00a0:<\/b><\/i><\/span><\/p>\n<h1 data-start=\"146\" data-end=\"412\"><span style=\"font-family: inherit;font-weight: normal;font-size: large;color: #000000\">L\u2019allemand a la r\u00e9putation d\u2019\u00eatre difficile, mais cette id\u00e9e n\u2019est plus fond\u00e9e. Gr\u00e2ce \u00e0 des activit\u00e9s ludiques, les \u00e9l\u00e8ves constatent qu\u2019ils comprennent d\u00e9j\u00e0 beaucoup de mots proches du fran\u00e7ais et de l\u2019anglais, et que l\u2019apprentissage peut \u00eatre agr\u00e9able et motivant.<\/span><\/h1>\n<h1 data-start=\"414\" data-end=\"442\"><span style=\"font-family: inherit;font-weight: normal;font-size: large;color: #000000\">\ud83c\udde9\ud83c\uddea L\u2019allemand, c\u2019est :<\/span><\/h1>\n<ul data-start=\"443\" data-end=\"1298\">\n<li data-start=\"443\" data-end=\"579\">\n<h1 data-start=\"445\" data-end=\"579\"><span style=\"font-family: inherit;font-weight: normal;font-size: large;color: #000000\"><strong data-start=\"445\" data-end=\"495\">La langue la plus parl\u00e9e de l\u2019Union europ\u00e9enne<\/strong> : plus de 100 millions de locuteurs, une vraie langue de communication en Europe.<\/span><\/h1>\n<\/li>\n<li data-start=\"580\" data-end=\"746\">\n<h1 data-start=\"582\" data-end=\"746\"><span style=\"font-family: inherit;font-weight: normal;font-size: large;color: #000000\"><strong data-start=\"582\" data-end=\"608\">Un atout pour l\u2019avenir<\/strong> : de nombreuses entreprises recherchent des candidats parlant allemand, et beaucoup de postes restent vacants faute de profils adapt\u00e9s.<\/span><\/h1>\n<\/li>\n<li data-start=\"747\" data-end=\"862\">\n<h1 data-start=\"749\" data-end=\"862\"><span style=\"font-family: inherit;font-weight: normal;font-size: large;color: #000000\"><strong data-start=\"749\" data-end=\"804\">Une excellente base pour apprendre d\u2019autres langues<\/strong>, notamment l\u2019anglais, gr\u00e2ce \u00e0 sa logique et sa rigueur.<\/span><\/h1>\n<\/li>\n<li data-start=\"863\" data-end=\"1029\">\n<h1 data-start=\"865\" data-end=\"1029\"><span style=\"font-family: inherit;font-weight: normal;font-size: large;color: #000000\"><strong data-start=\"865\" data-end=\"898\">Un passeport pour la mobilit\u00e9<\/strong> : programmes d\u2019\u00e9changes, s\u00e9jours gratuits, bourses, doubles dipl\u00f4mes franco-allemands\u2026 des opportunit\u00e9s uniques pour les \u00e9l\u00e8ves.<\/span><\/h1>\n<\/li>\n<li data-start=\"1030\" data-end=\"1298\">\n<h1 data-start=\"1032\" data-end=\"1298\"><span style=\"font-family: inherit;font-weight: normal;font-size: large;color: #000000\"><strong data-start=\"1032\" data-end=\"1066\">Un lien direct avec La R\u00e9union<\/strong> : les Allemands sont de grands voyageurs et repr\u00e9sentent <strong data-start=\"1124\" data-end=\"1174\">les premiers touristes \u00e9trangers sur notre \u00eele<\/strong> ! Apprendre l\u2019allemand peut m\u00eame ouvrir des portes dans le tourisme, l\u2019accueil, la communication ou les \u00e9changes culturels.<\/span><\/h1>\n<\/li>\n<\/ul>\n<h1><span style=\"font-family: inherit;font-weight: normal;font-size: large;color: #000000\"><\/span><\/h1>\n<h1><span style=\"font-family: inherit;font-weight: normal;font-size: large;color: #000000\"><span style=\"font-size: small\"><span style=\"font-size: large\">Pour davantage d\u2019information, n\u2019h\u00e9sitez pas \u00e0 contacter <span style=\"text-decoration: underline\"><strong>Monsieur Mussard<\/strong><\/span>, le prof d\u2019allemand !\u00a0<\/span><\/span><\/span><\/h1>\n<p>&nbsp;<\/p>\n[\/et_pb_text][\/et_pb_column][\/et_pb_row][et_pb_row _builder_version=\u00a0\u00bb4.16&Prime; _module_preset=\u00a0\u00bbdefault\u00a0\u00bb min_height=\u00a0\u00bb88px\u00a0\u00bb custom_margin=\u00a0\u00bb|auto|-11px|auto||\u00a0\u00bb custom_padding=\u00a0\u00bb0px||0px|||\u00a0\u00bb global_colors_info=\u00a0\u00bb{}\u00a0\u00bb][et_pb_column type=\u00a0\u00bb4_4&Prime; _builder_version=\u00a0\u00bb4.16&Prime; _module_preset=\u00a0\u00bbdefault\u00a0\u00bb global_colors_info=\u00a0\u00bb{}\u00a0\u00bb][et_pb_image src=\u00a0\u00bbhttps:\/\/etab.ac-reunion.fr\/clg-amiral-bouvet\/wp-content\/uploads\/sites\/47\/2025\/11\/big-waving-realistic-national-colorful-600nw-2342733685.webp\u00a0\u00bb title_text=\u00a0\u00bbbig-waving-realistic-national-colorful-600nw-2342733685&Prime; align=\u00a0\u00bbcenter\u00a0\u00bb _builder_version=\u00a0\u00bb4.27.4&Prime; _module_preset=\u00a0\u00bbdefault\u00a0\u00bb hover_enabled=\u00a0\u00bb0&Prime; global_colors_info=\u00a0\u00bb{}\u00a0\u00bb width=\u00a0\u00bb100%\u00a0\u00bb width__hover_enabled=\u00a0\u00bboff|desktop\u00a0\u00bb width_last_edited=\u00a0\u00bbon|desktop\u00a0\u00bb max_width=\u00a0\u00bb100%\u00a0\u00bb height=\u00a0\u00bb275px\u00a0\u00bb height_last_edited=\u00a0\u00bbon|phone\u00a0\u00bb sticky_enabled=\u00a0\u00bb0&Prime; height_tablet=\u00a0\u00bb240px\u00a0\u00bb height_phone=\u00a0\u00bb151px\u00a0\u00bb width_tablet=\u00a0\u00bb100%\u00a0\u00bb width_phone=\u00a0\u00bb100%\u00a0\u00bb][\/et_pb_image][\/et_pb_column][\/et_pb_row][et_pb_row _builder_version=\u00a0\u00bb4.16&Prime; _module_preset=\u00a0\u00bbdefault\u00a0\u00bb global_colors_info=\u00a0\u00bb{}\u00a0\u00bb][et_pb_column type=\u00a0\u00bb4_4&Prime; _builder_version=\u00a0\u00bb4.16&Prime; _module_preset=\u00a0\u00bbdefault\u00a0\u00bb global_colors_info=\u00a0\u00bb{}\u00a0\u00bb][\/et_pb_column][\/et_pb_row][et_pb_row _builder_version=\u00a0\u00bb4.16&Prime; _module_preset=\u00a0\u00bbdefault\u00a0\u00bb global_colors_info=\u00a0\u00bb{}\u00a0\u00bb][et_pb_column type=\u00a0\u00bb4_4&Prime; _builder_version=\u00a0\u00bb4.16&Prime; _module_preset=\u00a0\u00bbdefault\u00a0\u00bb global_colors_info=\u00a0\u00bb{}\u00a0\u00bb][\/et_pb_column][\/et_pb_row][\/et_pb_section][et_pb_section fb_built=\u00a0\u00bb1&Prime; _builder_version=\u00a0\u00bb4.27.4&Prime; _module_preset=\u00a0\u00bbdefault\u00a0\u00bb global_colors_info=\u00a0\u00bb{}\u00a0\u00bb][\/et_pb_section]\n","protected":false},"excerpt":{"rendered":"<p>\ud83c\udde9\ud83c\uddea Au Coll\u00e8ge Amiral Pierre Bouvet \ud83c\udde9\ud83c\uddea L\u2019apprentissage de l\u2019allemand au Coll\u00e8ge Amiral Bouvet se fait d\u00e8s la sixi\u00e8me, \u00e0 raison de 2 heures par semaine et de 2,5 heures \u00e0 partir de la cinqui\u00e8me. Jusqu&rsquo;\u00e0 la troisi\u00e8me, les \u00e9l\u00e8ves font connaissance avec la langue, la culture germanophone et acqui\u00e8rent des comp\u00e9tences aussi bien \u00e0 [&hellip;]<\/p>\n","protected":false},"author":23746,"featured_media":0,"parent":5518,"menu_order":0,"comment_status":"closed","ping_status":"closed","template":"","meta":{"_et_pb_use_builder":"on","_et_pb_old_content":"","_et_gb_content_width":"","footnotes":""},"class_list":["post-7675","page","type-page","status-publish","hentry"],"_links":{"self":[{"href":"https:\/\/etab.ac-reunion.fr\/clg-amiral-bouvet\/wp-json\/wp\/v2\/pages\/7675","targetHints":{"allow":["GET"]}}],"collection":[{"href":"https:\/\/etab.ac-reunion.fr\/clg-amiral-bouvet\/wp-json\/wp\/v2\/pages"}],"about":[{"href":"https:\/\/etab.ac-reunion.fr\/clg-amiral-bouvet\/wp-json\/wp\/v2\/types\/page"}],"author":[{"embeddable":true,"href":"https:\/\/etab.ac-reunion.fr\/clg-amiral-bouvet\/wp-json\/wp\/v2\/users\/23746"}],"replies":[{"embeddable":true,"href":"https:\/\/etab.ac-reunion.fr\/clg-amiral-bouvet\/wp-json\/wp\/v2\/comments?post=7675"}],"version-history":[{"count":6,"href":"https:\/\/etab.ac-reunion.fr\/clg-amiral-bouvet\/wp-json\/wp\/v2\/pages\/7675\/revisions"}],"predecessor-version":[{"id":9594,"href":"https:\/\/etab.ac-reunion.fr\/clg-amiral-bouvet\/wp-json\/wp\/v2\/pages\/7675\/revisions\/9594"}],"up":[{"embeddable":true,"href":"https:\/\/etab.ac-reunion.fr\/clg-amiral-bouvet\/wp-json\/wp\/v2\/pages\/5518"}],"wp:attachment":[{"href":"https:\/\/etab.ac-reunion.fr\/clg-amiral-bouvet\/wp-json\/wp\/v2\/media?parent=7675"}],"curies":[{"name":"wp","href":"https:\/\/api.w.org\/{rel}","templated":true}]}}