{"id":7806,"date":"2020-09-08T21:49:55","date_gmt":"2020-09-08T17:49:55","guid":{"rendered":"http:\/\/college-amiral-bouvet.ac-reunion.fr\/?page_id=7806"},"modified":"2020-09-08T21:51:52","modified_gmt":"2020-09-08T17:51:52","slug":"sciences-physiques-et-chimiques","status":"publish","type":"page","link":"https:\/\/etab.ac-reunion.fr\/clg-amiral-bouvet\/sciences-physiques-et-chimiques\/","title":{"rendered":"Sciences Physiques et Chimiques"},"content":{"rendered":"[et_pb_section fb_built=\u00a0\u00bb1&Prime; _builder_version=\u00a0\u00bb4.6.1&Prime; _module_preset=\u00a0\u00bbdefault\u00a0\u00bb custom_padding=\u00a0\u00bb51px|||||\u00a0\u00bb][et_pb_row use_custom_gutter=\u00a0\u00bbon\u00a0\u00bb _builder_version=\u00a0\u00bb4.6.1&Prime; _module_preset=\u00a0\u00bbdefault\u00a0\u00bb width=\u00a0\u00bb100%\u00a0\u00bb max_width=\u00a0\u00bb2560px\u00a0\u00bb max_width_tablet=\u00a0\u00bb\u00a0\u00bb max_width_phone=\u00a0\u00bb\u00a0\u00bb max_width_last_edited=\u00a0\u00bbon|tablet\u00a0\u00bb custom_padding=\u00a0\u00bb0px||6px|||\u00a0\u00bb][et_pb_column type=\u00a0\u00bb4_4&Prime; _builder_version=\u00a0\u00bb4.6.1&Prime; _module_preset=\u00a0\u00bbdefault\u00a0\u00bb][et_pb_text _builder_version=\u00a0\u00bb4.6.1&Prime; _module_preset=\u00a0\u00bbdefault\u00a0\u00bb background_color=\u00a0\u00bb#fff347&Prime; module_alignment=\u00a0\u00bbcenter\u00a0\u00bb module_alignment_tablet=\u00a0\u00bbcenter\u00a0\u00bb module_alignment_phone=\u00a0\u00bbcenter\u00a0\u00bb module_alignment_last_edited=\u00a0\u00bbon|phone\u00a0\u00bb]\n<p class=\"Standard\" style=\"text-align: center\" align=\"center\"><span style=\"font-size: x-large;color: #000000\">Les Sciences Physiques et Chimiques<\/span><\/p>\n<p class=\"Standard\" style=\"text-align: center\" align=\"center\"><b><span style=\"font-size: large\">Comprendre le monde qui nous entoure<\/span><\/b><\/p>\n[\/et_pb_text][\/et_pb_column][\/et_pb_row][et_pb_row use_custom_gutter=\u00a0\u00bbon\u00a0\u00bb gutter_width=\u00a0\u00bb1&Prime; make_equal=\u00a0\u00bbon\u00a0\u00bb _builder_version=\u00a0\u00bb4.6.1&Prime; _module_preset=\u00a0\u00bbdefault\u00a0\u00bb min_height=\u00a0\u00bb240px\u00a0\u00bb custom_padding=\u00a0\u00bb7px||0px|||\u00a0\u00bb module_alignment_tablet=\u00a0\u00bbcenter\u00a0\u00bb module_alignment_phone=\u00a0\u00bbcenter\u00a0\u00bb module_alignment_last_edited=\u00a0\u00bbon|phone\u00a0\u00bb][et_pb_column type=\u00a0\u00bb4_4&Prime; _builder_version=\u00a0\u00bb4.6.1&Prime; _module_preset=\u00a0\u00bbdefault\u00a0\u00bb][et_pb_image src=\u00a0\u00bbhttps:\/\/etab.ac-reunion.fr\/clg-amiral-bouvet\/wp-content\/uploads\/sites\/47\/2020\/09\/image-1-1.jpg\u00a0\u00bb title_text=\u00a0\u00bbimage 1&Prime; align=\u00a0\u00bbcenter\u00a0\u00bb align_tablet=\u00a0\u00bbcenter\u00a0\u00bb align_phone=\u00a0\u00bbcenter\u00a0\u00bb align_last_edited=\u00a0\u00bbon|phone\u00a0\u00bb _builder_version=\u00a0\u00bb4.6.1&Prime; _module_preset=\u00a0\u00bbdefault\u00a0\u00bb width=\u00a0\u00bb15%\u00a0\u00bb width_tablet=\u00a0\u00bb38%\u00a0\u00bb width_phone=\u00a0\u00bb\u00a0\u00bb width_last_edited=\u00a0\u00bbon|phone\u00a0\u00bb module_alignment=\u00a0\u00bbcenter\u00a0\u00bb custom_padding=\u00a0\u00bb|5px||||\u00a0\u00bb module_alignment_tablet=\u00a0\u00bbcenter\u00a0\u00bb module_alignment_phone=\u00a0\u00bbcenter\u00a0\u00bb module_alignment_last_edited=\u00a0\u00bbon|phone\u00a0\u00bb][\/et_pb_image][\/et_pb_column][\/et_pb_row][et_pb_row make_equal=\u00a0\u00bbon\u00a0\u00bb _builder_version=\u00a0\u00bb4.6.1&Prime; _module_preset=\u00a0\u00bbdefault\u00a0\u00bb max_height=\u00a0\u00bb1000px\u00a0\u00bb custom_padding=\u00a0\u00bb1px||3px|||\u00a0\u00bb module_alignment_tablet=\u00a0\u00bbcenter\u00a0\u00bb module_alignment_phone=\u00a0\u00bbcenter\u00a0\u00bb module_alignment_last_edited=\u00a0\u00bbon|phone\u00a0\u00bb][et_pb_column type=\u00a0\u00bb4_4&Prime; _builder_version=\u00a0\u00bb4.6.1&Prime; _module_preset=\u00a0\u00bbdefault\u00a0\u00bb][et_pb_text _builder_version=\u00a0\u00bb4.6.1&Prime; _module_preset=\u00a0\u00bbdefault\u00a0\u00bb module_alignment=\u00a0\u00bbcenter\u00a0\u00bb min_height=\u00a0\u00bb208px\u00a0\u00bb custom_margin=\u00a0\u00bb-1px|||||\u00a0\u00bb module_alignment_tablet=\u00a0\u00bbcenter\u00a0\u00bb module_alignment_phone=\u00a0\u00bbcenter\u00a0\u00bb module_alignment_last_edited=\u00a0\u00bbon|phone\u00a0\u00bb]\n<h4><span style=\"color: #000000\">Nous abordons tout au long des 4 ann\u00e9es de coll\u00e8ge des th\u00e8mes aussi vari\u00e9s que la <strong>mati\u00e8re<\/strong>, l&rsquo;<strong>\u00e9lectricit\u00e9<\/strong>, le <strong>mouvement<\/strong>, les <strong>signaux<\/strong> et l&rsquo;<strong>\u00e9nergie<\/strong>.<\/span><\/h4>\n<h4><span style=\"color: #000000\">Avec 1,5 heures d&rsquo;enseignement par semaine, les comp\u00e9tences suivantes sont d\u00e9velopp\u00e9es\u00a0:<\/span><\/h4>\n<ul>\n<li>\n<h4><span style=\"color: #000000\">la curiosit\u00e9 de savoir \u201c comment \u00e7a marche\u201d,<\/span><\/h4>\n<\/li>\n<li>\n<h4><span style=\"color: #000000\">l&rsquo;activit\u00e9 exp\u00e9rimentale,<\/span><\/h4>\n<\/li>\n<li>\n<h4><span style=\"color: #000000\">l&rsquo;interpr\u00e9tation,<\/span><\/h4>\n<\/li>\n<li>\n<h4><span style=\"color: #000000\">le raisonnement scientifique.<\/span><\/h4>\n<\/li>\n<\/ul>\n<h4><span style=\"color: #000000\">Une \u00e9preuve du DNB \u00e0 la fin du cycle 4 \u00e9value les comp\u00e9tences acquises.<\/span><\/h4>\n[\/et_pb_text][\/et_pb_column][\/et_pb_row][et_pb_row _builder_version=\u00a0\u00bb4.6.1&Prime; _module_preset=\u00a0\u00bbdefault\u00a0\u00bb][et_pb_column type=\u00a0\u00bb4_4&Prime; _builder_version=\u00a0\u00bb4.6.1&Prime; _module_preset=\u00a0\u00bbdefault\u00a0\u00bb][et_pb_image src=\u00a0\u00bbhttps:\/\/etab.ac-reunion.fr\/clg-amiral-bouvet\/wp-content\/uploads\/sites\/47\/2020\/09\/image-2.jpg\u00a0\u00bb title_text=\u00a0\u00bbimage 2&Prime; align=\u00a0\u00bbcenter\u00a0\u00bb align_tablet=\u00a0\u00bbcenter\u00a0\u00bb align_phone=\u00a0\u00bbcenter\u00a0\u00bb align_last_edited=\u00a0\u00bbon|phone\u00a0\u00bb _builder_version=\u00a0\u00bb4.6.1&Prime; _module_preset=\u00a0\u00bbdefault\u00a0\u00bb module_alignment=\u00a0\u00bbcenter\u00a0\u00bb][\/et_pb_image][\/et_pb_column][\/et_pb_row][et_pb_row _builder_version=\u00a0\u00bb4.6.1&Prime; _module_preset=\u00a0\u00bbdefault\u00a0\u00bb][et_pb_column type=\u00a0\u00bb4_4&Prime; _builder_version=\u00a0\u00bb4.6.1&Prime; _module_preset=\u00a0\u00bbdefault\u00a0\u00bb][et_pb_text _builder_version=\u00a0\u00bb4.6.1&Prime; _module_preset=\u00a0\u00bbdefault\u00a0\u00bb module_alignment=\u00a0\u00bbcenter\u00a0\u00bb module_alignment_tablet=\u00a0\u00bbcenter\u00a0\u00bb module_alignment_phone=\u00a0\u00bbcenter\u00a0\u00bb module_alignment_last_edited=\u00a0\u00bbon|phone\u00a0\u00bb]\n<h4 style=\"text-align: justify\"><span style=\"color: #000000\">Gr\u00e2ce \u00e0 cette interaction \u201cexp\u00e9rimental &#8211; th\u00e9orie\u201d, l&rsquo;\u00e9l\u00e8ve vient \u00e0 se poser des questions et porte un regard critique et nouveau sur les d\u00e9fis qui nous attendent en ce d\u00e9but de XXI\u00e8me si\u00e8cle. Il devient acteur du monde qui l&rsquo;entoure. Nous pensons par exemple au changement climatique.<\/span><\/h4>\n<h4 style=\"text-align: justify\"><span style=\"color: #000000\">\u00a0<\/span><\/h4>\n<h4 style=\"text-align: justify\"><span style=\"color: #000000\">\u00a0Un \u00e9l\u00e8ve de sixi\u00e8me, hier, me soumettait une question qui me trotte encore en t\u00eate\u00a0: pourquoi ma main n&rsquo;arrive-t-elle pas \u00e0 traverser cette table devant moi\u00a0? Pourriez-vous peut-\u00eatre m&rsquo;aider \u00e0 r\u00e9pondre\u00a0?<\/span><\/h4>\n[\/et_pb_text][\/et_pb_column][\/et_pb_row][\/et_pb_section]\n","protected":false},"excerpt":{"rendered":"<p>Les Sciences Physiques et Chimiques Comprendre le monde qui nous entoureNous abordons tout au long des 4 ann\u00e9es de coll\u00e8ge des th\u00e8mes aussi vari\u00e9s que la mati\u00e8re, l&rsquo;\u00e9lectricit\u00e9, le mouvement, les signaux et l&rsquo;\u00e9nergie. Avec 1,5 heures d&rsquo;enseignement par semaine, les comp\u00e9tences suivantes sont d\u00e9velopp\u00e9es\u00a0: la curiosit\u00e9 de savoir \u201c comment \u00e7a marche\u201d, l&rsquo;activit\u00e9 exp\u00e9rimentale, [&hellip;]<\/p>\n","protected":false},"author":23746,"featured_media":0,"parent":0,"menu_order":0,"comment_status":"closed","ping_status":"closed","template":"","meta":{"_et_pb_use_builder":"on","_et_pb_old_content":"","_et_gb_content_width":"","footnotes":""},"class_list":["post-7806","page","type-page","status-publish","hentry"],"_links":{"self":[{"href":"https:\/\/etab.ac-reunion.fr\/clg-amiral-bouvet\/wp-json\/wp\/v2\/pages\/7806","targetHints":{"allow":["GET"]}}],"collection":[{"href":"https:\/\/etab.ac-reunion.fr\/clg-amiral-bouvet\/wp-json\/wp\/v2\/pages"}],"about":[{"href":"https:\/\/etab.ac-reunion.fr\/clg-amiral-bouvet\/wp-json\/wp\/v2\/types\/page"}],"author":[{"embeddable":true,"href":"https:\/\/etab.ac-reunion.fr\/clg-amiral-bouvet\/wp-json\/wp\/v2\/users\/23746"}],"replies":[{"embeddable":true,"href":"https:\/\/etab.ac-reunion.fr\/clg-amiral-bouvet\/wp-json\/wp\/v2\/comments?post=7806"}],"version-history":[{"count":4,"href":"https:\/\/etab.ac-reunion.fr\/clg-amiral-bouvet\/wp-json\/wp\/v2\/pages\/7806\/revisions"}],"predecessor-version":[{"id":7816,"href":"https:\/\/etab.ac-reunion.fr\/clg-amiral-bouvet\/wp-json\/wp\/v2\/pages\/7806\/revisions\/7816"}],"wp:attachment":[{"href":"https:\/\/etab.ac-reunion.fr\/clg-amiral-bouvet\/wp-json\/wp\/v2\/media?parent=7806"}],"curies":[{"name":"wp","href":"https:\/\/api.w.org\/{rel}","templated":true}]}}