{"id":7905,"date":"2020-09-20T20:39:06","date_gmt":"2020-09-20T16:39:06","guid":{"rendered":"http:\/\/college-amiral-bouvet.ac-reunion.fr\/?page_id=7905"},"modified":"2020-09-20T20:39:07","modified_gmt":"2020-09-20T16:39:07","slug":"devoirs-faits","status":"publish","type":"page","link":"https:\/\/etab.ac-reunion.fr\/clg-amiral-bouvet\/devoirs-faits\/","title":{"rendered":"Devoirs Faits"},"content":{"rendered":"[et_pb_section fb_built=\u00a0\u00bb1&Prime; _builder_version=\u00a0\u00bb4.6.3&Prime; _module_preset=\u00a0\u00bbdefault\u00a0\u00bb][et_pb_row _builder_version=\u00a0\u00bb4.6.3&Prime; _module_preset=\u00a0\u00bbdefault\u00a0\u00bb use_custom_gutter=\u00a0\u00bbon\u00a0\u00bb width=\u00a0\u00bb100%\u00a0\u00bb width_last_edited=\u00a0\u00bbon|desktop\u00a0\u00bb hover_enabled=\u00a0\u00bb0&Prime; sticky_enabled=\u00a0\u00bb0&Prime; max_width=\u00a0\u00bb2560px\u00a0\u00bb][et_pb_column _builder_version=\u00a0\u00bb4.6.3&Prime; _module_preset=\u00a0\u00bbdefault\u00a0\u00bb type=\u00a0\u00bb4_4&Prime;][et_pb_text _builder_version=\u00a0\u00bb4.6.3&Prime; _module_preset=\u00a0\u00bbdefault\u00a0\u00bb text_letter_spacing=\u00a0\u00bb4px\u00a0\u00bb background_color=\u00a0\u00bb#d6d6d6&Prime; module_alignment=\u00a0\u00bbcenter\u00a0\u00bb module_alignment_last_edited=\u00a0\u00bbon|tablet\u00a0\u00bb hover_enabled=\u00a0\u00bb0&Prime; sticky_enabled=\u00a0\u00bb0&Prime; custom_padding=\u00a0\u00bb12px||6px||false|false\u00a0\u00bb module_alignment_phone=\u00a0\u00bbcenter\u00a0\u00bb module_alignment_tablet=\u00a0\u00bbcenter\u00a0\u00bb]\n<h1 style=\"text-align: center\"><span style=\"color: #ff9900\"><strong>DEVOIRS FAITS<\/strong><\/span><\/h1>\n[\/et_pb_text][\/et_pb_column][\/et_pb_row][et_pb_row _builder_version=\u00a0\u00bb4.6.3&Prime; _module_preset=\u00a0\u00bbdefault\u00a0\u00bb column_structure=\u00a0\u00bb1_3,1_3,1_3&Prime; width=\u00a0\u00bb94%\u00a0\u00bb hover_enabled=\u00a0\u00bb0&Prime; sticky_enabled=\u00a0\u00bb0&Prime; module_alignment=\u00a0\u00bbcenter\u00a0\u00bb][et_pb_column _builder_version=\u00a0\u00bb4.6.3&Prime; _module_preset=\u00a0\u00bbdefault\u00a0\u00bb type=\u00a0\u00bb1_3&Prime;][et_pb_image src=\u00a0\u00bbhttps:\/\/etab.ac-reunion.fr\/clg-amiral-bouvet\/wp-content\/uploads\/sites\/47\/2020\/09\/image-1-4.jpg\u00a0\u00bb _builder_version=\u00a0\u00bb4.6.3&Prime; _module_preset=\u00a0\u00bbdefault\u00a0\u00bb title_text=\u00a0\u00bbimage 1&Prime; align_last_edited=\u00a0\u00bbon|desktop\u00a0\u00bb hover_enabled=\u00a0\u00bb0&Prime; sticky_enabled=\u00a0\u00bb0&Prime; border_radii=\u00a0\u00bbon|6px|6px|6px|6px\u00a0\u00bb box_shadow_style=\u00a0\u00bbpreset1&Prime;][\/et_pb_image][\/et_pb_column][et_pb_column _builder_version=\u00a0\u00bb4.6.3&Prime; _module_preset=\u00a0\u00bbdefault\u00a0\u00bb type=\u00a0\u00bb1_3&Prime;][et_pb_text _builder_version=\u00a0\u00bb4.6.3&Prime; _module_preset=\u00a0\u00bbdefault\u00a0\u00bb hover_enabled=\u00a0\u00bb0&Prime; sticky_enabled=\u00a0\u00bb0&Prime; module_alignment=\u00a0\u00bbcenter\u00a0\u00bb max_width=\u00a0\u00bb100%\u00a0\u00bb text_orientation=\u00a0\u00bbcenter\u00a0\u00bb text_orientation_last_edited=\u00a0\u00bbon|desktop\u00a0\u00bb]\n<h3 style=\"margin-bottom: 0cm;line-height: 100%;text-align: justify\" align=\"center\"><span style=\"color: #2a6099\"><i><b><span style=\"color: #ff9900\"><\/span><\/b><\/i><\/span><\/h3>\n<h3 style=\"margin-bottom: 0cm;line-height: 100%;text-align: justify\" align=\"center\"><span style=\"color: #2a6099\"><i><b><span style=\"color: #ff9900\"><\/span><\/b><\/i><\/span><\/h3>\n<h3 style=\"margin-bottom: 0cm;line-height: 100%;text-align: justify\" align=\"center\"><span style=\"color: #2a6099\"><i><b><span style=\"color: #ff9900\"><\/span><\/b><\/i><\/span><\/h3>\n<h3 style=\"margin-bottom: 0cm;line-height: 100%;text-align: justify\" align=\"center\"><span style=\"color: #2a6099\"><i><b><span style=\"color: #ff9900\"><\/span><\/b><\/i><\/span><\/h3>\n<h3 style=\"margin-bottom: 0cm;line-height: 100%;text-align: justify\" align=\"center\"><span style=\"color: #2a6099\"><i><b><span style=\"color: #ff9900\"><\/span><\/b><\/i><\/span><\/h3>\n<h3 style=\"margin-bottom: 0cm;line-height: 100%;text-align: justify\" align=\"center\"><span style=\"color: #2a6099\"><i><b><span style=\"color: #ff9900\">DEVOIRS FAITS<\/span> est un dispositif mis en place dans tous les coll\u00e8ges depuis la rentr\u00e9e 2017.<\/b><\/i><\/span><\/h3>\n<p><span style=\"color: #2a6099\"><i><b><\/b><\/i><\/span><\/p>\n<p><span style=\"color: #2a6099\"><i><b><\/b><\/i><\/span><\/p>\n<h3 style=\"margin-bottom: 0cm;line-height: 100%;text-align: justify\" align=\"center\"><span style=\"color: #2a6099\"><i><b>Il permet, de la 6\u00e8me \u00e0 la 3\u00e8me, d\u2019aider \u00e0 la r\u00e9alisation des devoirs,\u00a0 <\/b><\/i><\/span><span style=\"color: #2a6099\"><i><b>l\u2019apprentissage des le\u00e7ons \u00e0 travers divers outils m\u00e9thodologique et p\u00e9dagogique <\/b><\/i><\/span><span style=\"color: #2a6099\"><i><b>dans toutes les mati\u00e8res.<\/b><\/i><\/span><\/h3>\n<p><span style=\"color: #2a6099\"><i><b><\/b><\/i><\/span><\/p>\n<p><span style=\"color: #2a6099\"><i><b><\/b><\/i><\/span><\/p>\n<p><span style=\"color: #2a6099\"><i><b><\/b><\/i><\/span><\/p>\n<h3 style=\"margin-bottom: 0cm;line-height: 100%;text-align: justify\" align=\"center\"><span style=\"color: #2a6099\"><i><b>Il permet \u00e9galement de pr\u00e9parer les \u00e9l\u00e8ves de 4\u00e8me au Devoir Commun et\u00a0 <\/b><\/i><\/span><span style=\"color: #2a6099\"><i><b>les 3\u00e8me au DNB ainsi qu&rsquo;aux \u00e9preuves \u00e9crites.<\/b><\/i><\/span><\/h3>\n[\/et_pb_text][\/et_pb_column][et_pb_column _builder_version=\u00a0\u00bb4.6.3&Prime; _module_preset=\u00a0\u00bbdefault\u00a0\u00bb type=\u00a0\u00bb1_3&Prime;][et_pb_image src=\u00a0\u00bbhttps:\/\/etab.ac-reunion.fr\/clg-amiral-bouvet\/wp-content\/uploads\/sites\/47\/2020\/09\/image-2-2.jpg\u00a0\u00bb _builder_version=\u00a0\u00bb4.6.3&Prime; _module_preset=\u00a0\u00bbdefault\u00a0\u00bb title_text=\u00a0\u00bbimage 2&Prime; align_last_edited=\u00a0\u00bbon|desktop\u00a0\u00bb hover_enabled=\u00a0\u00bb0&Prime; sticky_enabled=\u00a0\u00bb0&Prime; border_radii=\u00a0\u00bbon|6px|6px|6px|6px\u00a0\u00bb box_shadow_style=\u00a0\u00bbpreset1&Prime; align=\u00a0\u00bbcenter\u00a0\u00bb align_tablet=\u00a0\u00bbcenter\u00a0\u00bb height=\u00a0\u00bb262px\u00a0\u00bb module_alignment=\u00a0\u00bbcenter\u00a0\u00bb align_phone=\u00a0\u00bbcenter\u00a0\u00bb][\/et_pb_image][\/et_pb_column][\/et_pb_row][et_pb_row _builder_version=\u00a0\u00bb4.6.3&Prime; _module_preset=\u00a0\u00bbdefault\u00a0\u00bb column_structure=\u00a0\u00bb1_3,1_3,1_3&Prime; width=\u00a0\u00bb94%\u00a0\u00bb hover_enabled=\u00a0\u00bb0&Prime; sticky_enabled=\u00a0\u00bb0&Prime; module_alignment=\u00a0\u00bbcenter\u00a0\u00bb][et_pb_column _builder_version=\u00a0\u00bb4.6.3&Prime; _module_preset=\u00a0\u00bbdefault\u00a0\u00bb type=\u00a0\u00bb1_3&Prime;][et_pb_image src=\u00a0\u00bbhttps:\/\/etab.ac-reunion.fr\/clg-amiral-bouvet\/wp-content\/uploads\/sites\/47\/2020\/09\/image-3-1.jpg\u00a0\u00bb _builder_version=\u00a0\u00bb4.6.3&Prime; _module_preset=\u00a0\u00bbdefault\u00a0\u00bb title_text=\u00a0\u00bbimage 3&Prime; align_last_edited=\u00a0\u00bbon|phone\u00a0\u00bb hover_enabled=\u00a0\u00bb0&Prime; sticky_enabled=\u00a0\u00bb0&Prime; border_radii=\u00a0\u00bbon|6px|6px|6px|6px\u00a0\u00bb box_shadow_style=\u00a0\u00bbpreset1&Prime; max_width=\u00a0\u00bb92%\u00a0\u00bb height=\u00a0\u00bb248px\u00a0\u00bb custom_margin=\u00a0\u00bb45px|||||\u00a0\u00bb align=\u00a0\u00bbcenter\u00a0\u00bb][\/et_pb_image][\/et_pb_column][et_pb_column _builder_version=\u00a0\u00bb4.6.3&Prime; _module_preset=\u00a0\u00bbdefault\u00a0\u00bb type=\u00a0\u00bb1_3&Prime;][et_pb_text _builder_version=\u00a0\u00bb4.6.3&Prime; _module_preset=\u00a0\u00bbdefault\u00a0\u00bb hover_enabled=\u00a0\u00bb0&Prime; sticky_enabled=\u00a0\u00bb0&Prime; module_alignment=\u00a0\u00bbcenter\u00a0\u00bb max_width=\u00a0\u00bb100%\u00a0\u00bb text_orientation=\u00a0\u00bbcenter\u00a0\u00bb text_orientation_last_edited=\u00a0\u00bbon|desktop\u00a0\u00bb]\n<h3 style=\"margin-bottom: 0cm;line-height: 100%;text-align: justify\" align=\"center\"><span style=\"color: #2a6099\"><b>En <span style=\"color: #ff9900\">DEVOIRS FAITS<\/span>, <\/b><\/span><\/h3>\n<h3 style=\"margin-bottom: 0cm;line-height: 100%;text-align: justify\" align=\"center\"><span style=\"color: #2a6099\"><b>on <\/b><\/span><span style=\"color: #2a6099\"><b>demande de l\u2019aide, <\/b><\/span><\/h3>\n<h3 style=\"margin-bottom: 0cm;line-height: 100%;text-align: justify\" align=\"center\"><span style=\"color: #2a6099\"><b>r\u00e9vise,<\/b><\/span><\/h3>\n<h3 style=\"margin-bottom: 0cm;line-height: 100%;text-align: justify\" align=\"center\">pr\u00e9pare des <span style=\"color: #2a6099\"><b>fiches de r\u00e9visions<\/b><\/span> \u00e0 chaque fin de chapitre,<\/h3>\n<h3 style=\"margin-bottom: 0cm;line-height: 100%;text-align: justify\" align=\"center\">demande \u00e0 me <span style=\"color: #2a6099\"><b>faire r\u00e9citer mes le\u00e7ons<\/b><\/span><span style=\"color: #2a6099\"> <\/span>si besoin,<\/h3>\n<h3 style=\"margin-bottom: 0cm;line-height: 100%;text-align: justify\" align=\"center\">fais mes devoirs avec la pr\u00e9sence de l\u2019aidant,<\/h3>\n<h3 style=\"margin-bottom: 0cm;line-height: 100%;text-align: justify\" align=\"center\"><\/h3>\n<h3 style=\"margin-bottom: 0cm;line-height: 100%;text-align: justify\" align=\"center\">utilise les manuels qui sont mis \u00e0 disposition pour <span style=\"color: #2a6099\"><b>gagner en autonomie<\/b><\/span><span style=\"color: #2a6099\"> <\/span>et du temps,<\/h3>\n<h3 style=\"margin-bottom: 0cm;line-height: 100%;text-align: justify\" align=\"center\">utilise les <span style=\"color: #2a6099\"><b>fiches techniques<\/b><\/span> des mati\u00e8res affich\u00e9s,<\/h3>\n<h3 style=\"margin-bottom: 0cm;line-height: 100%;text-align: justify\" align=\"center\">participe aux diff\u00e9rentes <span style=\"color: #2a6099\"><b>activit\u00e9s p\u00e9dagogique ludique <\/b><\/span>pour apprendre diff\u00e9remment,<\/h3>\n<h3 style=\"margin-bottom: 0cm;line-height: 100%;text-align: justify\" align=\"center\"><span style=\"color: #2a6099\"><b>partage ses connaissances et<br \/> <\/b><\/span><\/h3>\n<h3 style=\"margin-bottom: 0cm;line-height: 100%;text-align: justify\" align=\"center\"><span style=\"color: #2a6099\"><b>aide le(s) camarade(s) en difficult\u00e9.<\/b><\/span><\/h3>\n[\/et_pb_text][\/et_pb_column][et_pb_column _builder_version=\u00a0\u00bb4.6.3&Prime; _module_preset=\u00a0\u00bbdefault\u00a0\u00bb type=\u00a0\u00bb1_3&Prime;][et_pb_image src=\u00a0\u00bbhttps:\/\/etab.ac-reunion.fr\/clg-amiral-bouvet\/wp-content\/uploads\/sites\/47\/2020\/09\/image-4-1.jpg\u00a0\u00bb _builder_version=\u00a0\u00bb4.6.3&Prime; _module_preset=\u00a0\u00bbdefault\u00a0\u00bb title_text=\u00a0\u00bbimage 4&Prime; align_last_edited=\u00a0\u00bbon|desktop\u00a0\u00bb hover_enabled=\u00a0\u00bb0&Prime; sticky_enabled=\u00a0\u00bb0&Prime; border_radii=\u00a0\u00bbon|6px|6px|6px|6px\u00a0\u00bb box_shadow_style=\u00a0\u00bbpreset1&Prime; align=\u00a0\u00bbcenter\u00a0\u00bb align_tablet=\u00a0\u00bbcenter\u00a0\u00bb height=\u00a0\u00bb262px\u00a0\u00bb module_alignment=\u00a0\u00bbcenter\u00a0\u00bb align_phone=\u00a0\u00bbcenter\u00a0\u00bb custom_margin=\u00a0\u00bb53px|||||\u00a0\u00bb][\/et_pb_image][\/et_pb_column][\/et_pb_row][et_pb_row _builder_version=\u00a0\u00bb4.6.3&Prime; _module_preset=\u00a0\u00bbdefault\u00a0\u00bb column_structure=\u00a0\u00bb1_3,1_3,1_3&Prime; width=\u00a0\u00bb94%\u00a0\u00bb hover_enabled=\u00a0\u00bb0&Prime; sticky_enabled=\u00a0\u00bb0&Prime; module_alignment=\u00a0\u00bbcenter\u00a0\u00bb][et_pb_column _builder_version=\u00a0\u00bb4.6.3&Prime; _module_preset=\u00a0\u00bbdefault\u00a0\u00bb type=\u00a0\u00bb1_3&Prime;][et_pb_image src=\u00a0\u00bbhttps:\/\/etab.ac-reunion.fr\/clg-amiral-bouvet\/wp-content\/uploads\/sites\/47\/2020\/09\/image-5.jpg\u00a0\u00bb _builder_version=\u00a0\u00bb4.6.3&Prime; _module_preset=\u00a0\u00bbdefault\u00a0\u00bb title_text=\u00a0\u00bbimage 5&Prime; align_last_edited=\u00a0\u00bbon|phone\u00a0\u00bb hover_enabled=\u00a0\u00bb0&Prime; sticky_enabled=\u00a0\u00bb0&Prime; border_radii=\u00a0\u00bbon|6px|6px|6px|6px\u00a0\u00bb box_shadow_style=\u00a0\u00bbpreset1&Prime; max_width=\u00a0\u00bb92%\u00a0\u00bb height=\u00a0\u00bb248px\u00a0\u00bb custom_margin=\u00a0\u00bb45px|||||\u00a0\u00bb align=\u00a0\u00bbcenter\u00a0\u00bb][\/et_pb_image][\/et_pb_column][et_pb_column _builder_version=\u00a0\u00bb4.6.3&Prime; _module_preset=\u00a0\u00bbdefault\u00a0\u00bb type=\u00a0\u00bb1_3&Prime;][et_pb_text _builder_version=\u00a0\u00bb4.6.3&Prime; _module_preset=\u00a0\u00bbdefault\u00a0\u00bb hover_enabled=\u00a0\u00bb0&Prime; sticky_enabled=\u00a0\u00bb0&Prime; module_alignment=\u00a0\u00bbcenter\u00a0\u00bb max_width=\u00a0\u00bb100%\u00a0\u00bb text_orientation=\u00a0\u00bbcenter\u00a0\u00bb text_orientation_last_edited=\u00a0\u00bbon|desktop\u00a0\u00bb]\n<h3 style=\"margin-bottom: 0cm;line-height: 100%;text-align: justify\" align=\"center\"><span style=\"color: #2a6099\"><b><\/b><\/span><\/h3>\n<h3 style=\"margin-bottom: 0cm;line-height: 100%;text-align: justify\" align=\"center\"><span style=\"color: #2a6099\"><b><\/b><\/span><\/h3>\n<h3 style=\"margin-bottom: 0cm;line-height: 100%;text-align: justify\" align=\"center\"><span style=\"color: #2a6099\"><b><\/b><\/span><\/h3>\n<h3 style=\"margin-bottom: 0cm;line-height: 100%;text-align: justify\" align=\"center\"><span style=\"color: #2a6099\"><b><\/b><\/span><\/h3>\n<h3 style=\"margin-bottom: 0cm;line-height: 100%;text-align: justify\" align=\"center\"><span style=\"color: #2a6099\"><b><\/b><\/span><\/h3>\n<h3 style=\"margin-bottom: 0cm;line-height: 100%;text-align: justify\" align=\"center\"><span style=\"color: #2a6099\"><b><\/b><\/span><\/h3>\n<h3 style=\"margin-bottom: 0cm;line-height: 100%;text-align: justify\" align=\"center\"><span style=\"color: #2a6099\"><b><\/b><\/span><\/h3>\n<h3 style=\"margin-bottom: 0cm;line-height: 100%;text-align: justify\" align=\"center\"><span style=\"color: #2a6099\"><b><\/b><\/span><\/h3>\n<h3 style=\"margin-bottom: 0cm;line-height: 100%;text-align: justify\" align=\"center\"><span style=\"color: #2a6099\"><b><\/b><\/span><\/h3>\n<h3 style=\"margin-bottom: 0cm;line-height: 100%;text-align: justify\" align=\"center\"><span style=\"color: #2a6099\"><b>En <span style=\"color: #ff9900\">DEVOIRS FAITS<\/span>, on peut \u00e9galement :<br \/><\/b><\/span><\/h3>\n<h3 style=\"margin-bottom: 0cm;line-height: 100%;text-align: justify\" align=\"center\"><\/h3>\n<h3 style=\"margin-bottom: 0cm;line-height: 100%;text-align: justify\" align=\"center\">participer \u00e0 des activit\u00e9s sur <span style=\"color: #2a6099\"><b>l\u2019\u00e9cologie et le <\/b><\/span><span style=\"color: #2a6099\"><b>d\u00e9veloppement<\/b><\/span><span style=\"color: #2a6099\"><b> durable,<\/b><\/span><\/h3>\n<h3 style=\"margin-bottom: 0cm;line-height: 100%;text-align: justify\" align=\"center\">participer \u00e0 l\u2019am\u00e9nagement de la salle d\u2019\u00e9tude pour<\/h3>\n<h3 style=\"margin-bottom: 0cm;line-height: 100%;text-align: justify\" align=\"center\"><span style=\"color: #2a6099\"><b>r\u00e9ussir son ann\u00e9e scolaire et travailler dans un cadre convivial.<\/b><\/span><\/h3>\n[\/et_pb_text][\/et_pb_column][et_pb_column _builder_version=\u00a0\u00bb4.6.3&Prime; _module_preset=\u00a0\u00bbdefault\u00a0\u00bb type=\u00a0\u00bb1_3&Prime;][et_pb_image src=\u00a0\u00bbhttps:\/\/etab.ac-reunion.fr\/clg-amiral-bouvet\/wp-content\/uploads\/sites\/47\/2020\/09\/image-6.png\u00a0\u00bb _builder_version=\u00a0\u00bb4.6.3&Prime; _module_preset=\u00a0\u00bbdefault\u00a0\u00bb title_text=\u00a0\u00bbimage 6&Prime; align_last_edited=\u00a0\u00bbon|desktop\u00a0\u00bb hover_enabled=\u00a0\u00bb0&Prime; sticky_enabled=\u00a0\u00bb0&Prime; border_radii=\u00a0\u00bbon|6px|6px|6px|6px\u00a0\u00bb box_shadow_style=\u00a0\u00bbpreset1&Prime; align=\u00a0\u00bbcenter\u00a0\u00bb align_tablet=\u00a0\u00bbcenter\u00a0\u00bb height=\u00a0\u00bb262px\u00a0\u00bb module_alignment=\u00a0\u00bbcenter\u00a0\u00bb align_phone=\u00a0\u00bbcenter\u00a0\u00bb custom_margin=\u00a0\u00bb53px|||||\u00a0\u00bb][\/et_pb_image][\/et_pb_column][\/et_pb_row][\/et_pb_section]\n","protected":false},"excerpt":{"rendered":"<p>DEVOIRS FAITS DEVOIRS FAITS est un dispositif mis en place dans tous les coll\u00e8ges depuis la rentr\u00e9e 2017. Il permet, de la 6\u00e8me \u00e0 la 3\u00e8me, d\u2019aider \u00e0 la r\u00e9alisation des devoirs,\u00a0 l\u2019apprentissage des le\u00e7ons \u00e0 travers divers outils m\u00e9thodologique et p\u00e9dagogique dans toutes les mati\u00e8res. Il permet \u00e9galement de pr\u00e9parer les \u00e9l\u00e8ves de 4\u00e8me [&hellip;]<\/p>\n","protected":false},"author":23746,"featured_media":0,"parent":0,"menu_order":0,"comment_status":"closed","ping_status":"closed","template":"","meta":{"_et_pb_use_builder":"on","_et_pb_old_content":"","_et_gb_content_width":"","footnotes":""},"class_list":["post-7905","page","type-page","status-publish","hentry"],"_links":{"self":[{"href":"https:\/\/etab.ac-reunion.fr\/clg-amiral-bouvet\/wp-json\/wp\/v2\/pages\/7905","targetHints":{"allow":["GET"]}}],"collection":[{"href":"https:\/\/etab.ac-reunion.fr\/clg-amiral-bouvet\/wp-json\/wp\/v2\/pages"}],"about":[{"href":"https:\/\/etab.ac-reunion.fr\/clg-amiral-bouvet\/wp-json\/wp\/v2\/types\/page"}],"author":[{"embeddable":true,"href":"https:\/\/etab.ac-reunion.fr\/clg-amiral-bouvet\/wp-json\/wp\/v2\/users\/23746"}],"replies":[{"embeddable":true,"href":"https:\/\/etab.ac-reunion.fr\/clg-amiral-bouvet\/wp-json\/wp\/v2\/comments?post=7905"}],"version-history":[{"count":3,"href":"https:\/\/etab.ac-reunion.fr\/clg-amiral-bouvet\/wp-json\/wp\/v2\/pages\/7905\/revisions"}],"predecessor-version":[{"id":7916,"href":"https:\/\/etab.ac-reunion.fr\/clg-amiral-bouvet\/wp-json\/wp\/v2\/pages\/7905\/revisions\/7916"}],"wp:attachment":[{"href":"https:\/\/etab.ac-reunion.fr\/clg-amiral-bouvet\/wp-json\/wp\/v2\/media?parent=7905"}],"curies":[{"name":"wp","href":"https:\/\/api.w.org\/{rel}","templated":true}]}}