{"id":7933,"date":"2020-09-22T07:17:43","date_gmt":"2020-09-22T03:17:43","guid":{"rendered":"http:\/\/college-amiral-bouvet.ac-reunion.fr\/?page_id=7933"},"modified":"2020-09-22T07:17:49","modified_gmt":"2020-09-22T03:17:49","slug":"lvr-kreol","status":"publish","type":"page","link":"https:\/\/etab.ac-reunion.fr\/clg-amiral-bouvet\/lvr-kreol\/","title":{"rendered":"LVR : kr\u00e9ol"},"content":{"rendered":"[et_pb_section fb_built=\u00a0\u00bb1&Prime; _builder_version=\u00a0\u00bb4.6.3&Prime; _module_preset=\u00a0\u00bbdefault\u00a0\u00bb][et_pb_row _builder_version=\u00a0\u00bb4.6.3&Prime; _module_preset=\u00a0\u00bbdefault\u00a0\u00bb use_custom_gutter=\u00a0\u00bbon\u00a0\u00bb width=\u00a0\u00bb100%\u00a0\u00bb max_width=\u00a0\u00bb2560px\u00a0\u00bb module_alignment=\u00a0\u00bbcenter\u00a0\u00bb module_alignment_last_edited=\u00a0\u00bbon|desktop\u00a0\u00bb hover_enabled=\u00a0\u00bb0&Prime; sticky_enabled=\u00a0\u00bb0&Prime;][et_pb_column _builder_version=\u00a0\u00bb4.6.3&Prime; _module_preset=\u00a0\u00bbdefault\u00a0\u00bb type=\u00a0\u00bb4_4&Prime;][et_pb_text _builder_version=\u00a0\u00bb4.6.3&Prime; _module_preset=\u00a0\u00bbdefault\u00a0\u00bb background_color=\u00a0\u00bb#d6d6d6&Prime; custom_padding=\u00a0\u00bb22px||22px||false|false\u00a0\u00bb module_alignment=\u00a0\u00bbcenter\u00a0\u00bb width=\u00a0\u00bb100%\u00a0\u00bb max_width=\u00a0\u00bb100%\u00a0\u00bb hover_enabled=\u00a0\u00bb0&Prime; sticky_enabled=\u00a0\u00bb0&Prime;]\n<h1 style=\"text-align: center\"><span style=\"color: #ff0000\"><strong>LVR : Kr\u00e9ol<\/strong><\/span><\/h1>\n<h6 style=\"text-align: center\">Langues Vivantes R\u00e9gionnales<\/h6>\n[\/et_pb_text][\/et_pb_column][\/et_pb_row][et_pb_row _builder_version=\u00a0\u00bb4.6.3&Prime; _module_preset=\u00a0\u00bbdefault\u00a0\u00bb custom_padding=\u00a0\u00bb49px||50px|||\u00a0\u00bb][et_pb_column _builder_version=\u00a0\u00bb4.6.3&Prime; _module_preset=\u00a0\u00bbdefault\u00a0\u00bb type=\u00a0\u00bb4_4&Prime;][et_pb_text _builder_version=\u00a0\u00bb4.6.3&Prime; _module_preset=\u00a0\u00bbdefault\u00a0\u00bb module_alignment=\u00a0\u00bbcenter\u00a0\u00bb hover_enabled=\u00a0\u00bb0&Prime; sticky_enabled=\u00a0\u00bb0&Prime;]\n<h3 style=\"margin-bottom: 0cm;line-height: 100%\" align=\"center\"><span style=\"color: #ff0000\"><span style=\"font-family: Comic Sans MS, cursive\">Pr\u00e9sentation de la mati\u00e8re Langues Vivantes R\u00e9gionales (LVR)<\/span><\/span><\/h3>\n<h4 style=\"margin-bottom: 0cm;line-height: 100%\" align=\"justify\"><\/h4>\n<h4 style=\"margin-bottom: 0cm;line-height: 100%;text-align: center\" align=\"justify\"><span style=\"font-family: Comic Sans MS, cursive\">Cette mati\u00e8re est une option dont le choix se fait en 6\u00e8me. Ainsi, \u00e0 partir de la 5\u00e8me et jusqu\u2019en 3\u00e8me les \u00e9l\u00e8ves \u00e9tudient cet enseignement optionnel au coll\u00e8ge.<\/span><\/h4>\n<h4 style=\"margin-bottom: 0cm;line-height: 100%;text-align: center\" align=\"justify\"><span style=\"font-family: Comic Sans MS, cursive\">Ils peuvent poursuivre cet enseignement au lyc\u00e9e A. Bouvet.<\/span><\/h4>\n<h4 style=\"margin-bottom: 0cm;line-height: 100%;text-align: center\" align=\"justify\"><span style=\"font-family: Comic Sans MS, cursive\">Au coll\u00e8ge, son volume horaire est d\u20191 heure en 5\u00e8me et de 2 heures en 4\u00e8me et en 3\u00e8me par semaine. <\/span><\/h4>\n<h4 style=\"margin-bottom: 0cm;line-height: 100%;text-align: center\" align=\"justify\"><span style=\"font-family: Comic Sans MS, cursive\">Les \u00e9l\u00e8ves de LVR sont \u00e9valu\u00e9s toute l\u2019ann\u00e9e scolaire sur les m\u00eames comp\u00e9tences que les Langues Vivantes.<\/span><\/h4>\n<h4 style=\"margin-bottom: 0cm;line-height: 100%;text-align: center\" align=\"justify\"><span style=\"font-family: Comic Sans MS, cursive\">Les 3\u00e8mes peuvent passer l\u2019oral du Brevet des Coll\u00e8ges sur leur Parcours Artistique et Culturel dans cette mati\u00e8re.<\/span><\/h4>\n[\/et_pb_text][\/et_pb_column][\/et_pb_row][et_pb_row _builder_version=\u00a0\u00bb4.6.3&Prime; _module_preset=\u00a0\u00bbdefault\u00a0\u00bb column_structure=\u00a0\u00bb1_2,1_2&Prime; use_custom_gutter=\u00a0\u00bbon\u00a0\u00bb gutter_width=\u00a0\u00bb1&Prime; module_alignment=\u00a0\u00bbcenter\u00a0\u00bb hover_enabled=\u00a0\u00bb0&Prime; sticky_enabled=\u00a0\u00bb0&Prime;][et_pb_column _builder_version=\u00a0\u00bb4.6.3&Prime; _module_preset=\u00a0\u00bbdefault\u00a0\u00bb type=\u00a0\u00bb1_2&Prime;][et_pb_image src=\u00a0\u00bbhttps:\/\/etab.ac-reunion.fr\/clg-amiral-bouvet\/wp-content\/uploads\/sites\/47\/2020\/09\/Affiche-seminn-kreol-2019-CDI-scaled.jpg\u00a0\u00bb _builder_version=\u00a0\u00bb4.6.3&Prime; _module_preset=\u00a0\u00bbdefault\u00a0\u00bb title_text=\u00a0\u00bbAffiche seminn kr\u00e9ol 2019 CDI\u00a0\u00bb border_radii=\u00a0\u00bbon|6px|6px|6px|6px\u00a0\u00bb box_shadow_style=\u00a0\u00bbpreset1&Prime; align=\u00a0\u00bbcenter\u00a0\u00bb min_height=\u00a0\u00bb210px\u00a0\u00bb height=\u00a0\u00bb300px\u00a0\u00bb min_height_last_edited=\u00a0\u00bbon|desktop\u00a0\u00bb hover_enabled=\u00a0\u00bb0&Prime; sticky_enabled=\u00a0\u00bb0&Prime; module_alignment=\u00a0\u00bbcenter\u00a0\u00bb width=\u00a0\u00bb60.4%\u00a0\u00bb][\/et_pb_image][\/et_pb_column][et_pb_column _builder_version=\u00a0\u00bb4.6.3&Prime; _module_preset=\u00a0\u00bbdefault\u00a0\u00bb type=\u00a0\u00bb1_2&Prime;][et_pb_image src=\u00a0\u00bbhttps:\/\/etab.ac-reunion.fr\/clg-amiral-bouvet\/wp-content\/uploads\/sites\/47\/2020\/09\/Carnet-de-voyage-Seychelles-scaled.jpg\u00a0\u00bb _builder_version=\u00a0\u00bb4.6.3&Prime; _module_preset=\u00a0\u00bbdefault\u00a0\u00bb title_text=\u00a0\u00bbCarnet de voyage Seychelles\u00a0\u00bb border_radii=\u00a0\u00bbon|6px|6px|6px|6px\u00a0\u00bb box_shadow_style=\u00a0\u00bbpreset1&Prime; align=\u00a0\u00bbcenter\u00a0\u00bb module_alignment=\u00a0\u00bbcenter\u00a0\u00bb width=\u00a0\u00bb74%\u00a0\u00bb max_width=\u00a0\u00bb75%\u00a0\u00bb width_last_edited=\u00a0\u00bbon|desktop\u00a0\u00bb hover_enabled=\u00a0\u00bb0&Prime; sticky_enabled=\u00a0\u00bb0&Prime; custom_margin=\u00a0\u00bb5px||||false|false\u00a0\u00bb custom_margin_last_edited=\u00a0\u00bbon|desktop\u00a0\u00bb][\/et_pb_image][\/et_pb_column][\/et_pb_row][et_pb_row _builder_version=\u00a0\u00bb4.6.3&Prime; _module_preset=\u00a0\u00bbdefault\u00a0\u00bb custom_padding=\u00a0\u00bb52px||50px|||\u00a0\u00bb][et_pb_column _builder_version=\u00a0\u00bb4.6.3&Prime; _module_preset=\u00a0\u00bbdefault\u00a0\u00bb type=\u00a0\u00bb4_4&Prime;][et_pb_text _builder_version=\u00a0\u00bb4.6.3&Prime; _module_preset=\u00a0\u00bbdefault\u00a0\u00bb module_alignment=\u00a0\u00bbcenter\u00a0\u00bb hover_enabled=\u00a0\u00bb0&Prime; sticky_enabled=\u00a0\u00bb0&Prime;]\n<h3 style=\"margin-bottom: 0cm;line-height: 100%\" align=\"center\"><span style=\"color: #ff0000\"><span style=\"font-family: Comic Sans MS, cursive\">Que fait-on en LVR\u00a0? <br \/><\/span><\/span><\/h3>\n<p><span style=\"color: #ff0000\"><span style=\"font-family: Comic Sans MS, cursive\"><\/span><\/span><\/p>\n<p><span style=\"color: #ff0000\"><span style=\"font-family: Comic Sans MS, cursive\"><\/span><\/span><\/p>\n<p><span style=\"color: #ff0000\"><span style=\"font-family: Comic Sans MS, cursive\"><\/span><\/span><\/p>\n<h4 style=\"margin-bottom: 0cm;line-height: 100%;text-align: center\" align=\"justify\"><span style=\"font-family: Comic Sans MS, cursive\">Dans une approche actionnelle, le professeur de LVR, Mme Fran\u00e7oise, t\u00e2chera d\u2019aborder les diverses facettes de cet enseignement au niveau culturel, litt\u00e9raire et linguistique.<\/span><\/h4>\n<h4 style=\"margin-bottom: 0cm;line-height: 100%;text-align: center\" align=\"justify\"><span style=\"font-family: Comic Sans MS, cursive\">Les s\u00e9quences auront un th\u00e8me et souvent pour t\u00e2che finale une action telle qu\u2019une exposition, un spectacle de musique, th\u00e9\u00e2tre ou contes afin de rendre l\u2019\u00e9l\u00e8ve acteur de son apprentissage.<\/span><\/h4>\n<h4 style=\"margin-bottom: 0cm;line-height: 100%;text-align: center\" align=\"justify\"><span style=\"font-family: Comic Sans MS, cursive\">Les temps forts du calendrier sont la semaine cr\u00e9ole, les comm\u00e9morations de l\u2019abolition de l\u2019esclavage, la journ\u00e9e des langues maternelles, les f\u00eates de fin d\u2019ann\u00e9e scolaires&#8230;<\/span><\/h4>\n<h4 style=\"margin-bottom: 0cm;line-height: 100%;text-align: center\" align=\"justify\"><span style=\"font-family: Comic Sans MS, cursive\">Le partenariat avec les artistes, associations locales apportent aux \u00e9l\u00e8ves de LVR un enrichissement culturel et humain ind\u00e9niable.<\/span><\/h4>\n<h4 style=\"margin-bottom: 0cm;line-height: 100%;text-align: center\" align=\"justify\"><\/h4>\n<h4 style=\"margin-bottom: 0cm;line-height: 100%;text-align: center\" align=\"justify\"><span style=\"font-family: Comic Sans MS, cursive\">Pour plus d\u2019informations, aller sur le \u00ab\u00a0Blog kr\u00e9ol\u00a0\u00bb\u00a0: en tant que parent ou \u00e9l\u00e8ve connectez-vous sur votre espace m\u00e9tice, section blog.<br \/><\/span><\/h4>\n[\/et_pb_text][\/et_pb_column][\/et_pb_row][et_pb_row _builder_version=\u00a0\u00bb4.6.3&Prime; _module_preset=\u00a0\u00bbdefault\u00a0\u00bb][et_pb_column _builder_version=\u00a0\u00bb4.6.3&Prime; _module_preset=\u00a0\u00bbdefault\u00a0\u00bb type=\u00a0\u00bb4_4&Prime;][et_pb_image src=\u00a0\u00bbhttps:\/\/etab.ac-reunion.fr\/clg-amiral-bouvet\/wp-content\/uploads\/sites\/47\/2020\/09\/drapeau-La-Renion.jpg\u00a0\u00bb _builder_version=\u00a0\u00bb4.6.3&Prime; _module_preset=\u00a0\u00bbdefault\u00a0\u00bb title_text=\u00a0\u00bbdrapeau La R\u00e9nion\u00a0\u00bb align=\u00a0\u00bbcenter\u00a0\u00bb align_last_edited=\u00a0\u00bbon|desktop\u00a0\u00bb hover_enabled=\u00a0\u00bb0&Prime; sticky_enabled=\u00a0\u00bb0&Prime; module_alignment=\u00a0\u00bbcenter\u00a0\u00bb min_height=\u00a0\u00bb224px\u00a0\u00bb max_height=\u00a0\u00bb548px\u00a0\u00bb height=\u00a0\u00bb229px\u00a0\u00bb][\/et_pb_image][\/et_pb_column][\/et_pb_row][\/et_pb_section]\n","protected":false},"excerpt":{"rendered":"<p>LVR : Kr\u00e9ol Langues Vivantes R\u00e9gionnales Pr\u00e9sentation de la mati\u00e8re Langues Vivantes R\u00e9gionales (LVR) Cette mati\u00e8re est une option dont le choix se fait en 6\u00e8me. Ainsi, \u00e0 partir de la 5\u00e8me et jusqu\u2019en 3\u00e8me les \u00e9l\u00e8ves \u00e9tudient cet enseignement optionnel au coll\u00e8ge. Ils peuvent poursuivre cet enseignement au lyc\u00e9e A. Bouvet. Au coll\u00e8ge, son [&hellip;]<\/p>\n","protected":false},"author":23746,"featured_media":0,"parent":0,"menu_order":0,"comment_status":"closed","ping_status":"closed","template":"","meta":{"_et_pb_use_builder":"on","_et_pb_old_content":"","_et_gb_content_width":"","footnotes":""},"class_list":["post-7933","page","type-page","status-publish","hentry"],"_links":{"self":[{"href":"https:\/\/etab.ac-reunion.fr\/clg-amiral-bouvet\/wp-json\/wp\/v2\/pages\/7933","targetHints":{"allow":["GET"]}}],"collection":[{"href":"https:\/\/etab.ac-reunion.fr\/clg-amiral-bouvet\/wp-json\/wp\/v2\/pages"}],"about":[{"href":"https:\/\/etab.ac-reunion.fr\/clg-amiral-bouvet\/wp-json\/wp\/v2\/types\/page"}],"author":[{"embeddable":true,"href":"https:\/\/etab.ac-reunion.fr\/clg-amiral-bouvet\/wp-json\/wp\/v2\/users\/23746"}],"replies":[{"embeddable":true,"href":"https:\/\/etab.ac-reunion.fr\/clg-amiral-bouvet\/wp-json\/wp\/v2\/comments?post=7933"}],"version-history":[{"count":2,"href":"https:\/\/etab.ac-reunion.fr\/clg-amiral-bouvet\/wp-json\/wp\/v2\/pages\/7933\/revisions"}],"predecessor-version":[{"id":7939,"href":"https:\/\/etab.ac-reunion.fr\/clg-amiral-bouvet\/wp-json\/wp\/v2\/pages\/7933\/revisions\/7939"}],"wp:attachment":[{"href":"https:\/\/etab.ac-reunion.fr\/clg-amiral-bouvet\/wp-json\/wp\/v2\/media?parent=7933"}],"curies":[{"name":"wp","href":"https:\/\/api.w.org\/{rel}","templated":true}]}}